{"id":2478,"date":"2017-12-30T21:03:23","date_gmt":"2017-12-30T21:03:23","guid":{"rendered":"http:\/\/biblian.is\/biblian\/dan%c2%92el-11-kafli\/"},"modified":"2024-06-26T23:22:02","modified_gmt":"2024-06-26T23:22:02","slug":"daniel-11-kafli","status":"publish","type":"page","link":"https:\/\/biblian.is\/biblian\/daniel-11-kafli\/","title":{"rendered":"Dan\u00edel 11. kafli"},"content":{"rendered":"<p><a name=\"1\"><span class=\"versanumer_2007\">1<\/span><\/a> \u00c1 fyrsta \u00e1ri Dar\u00edusar hins med\u00edska t\u00f3k \u00e9g m\u00e9r st\u00f6\u00f0u til a\u00f0 efla hann og styrkja. <\/p>\n<h3 class=\"millifyrirsogn_2007\">Konungar S\u00fdrlands og Egyptalands<\/h3>\n<p><a name=\"2\"><span class=\"versanumer_2007\">2<\/span><\/a> Og n\u00fa mun \u00e9g segja \u00fe\u00e9r hi\u00f0 sanna: \u00der\u00edr konungar munu enn komast til valda \u00ed Pers\u00edu og ver\u00f0ur hinn fj\u00f3r\u00f0i \u00fe\u00f3 mun au\u00f0ugri en allir hinir. Me\u00f0 valdi \u00fev\u00ed sem au\u00f0ur hans f\u00e6rir honum mun hann egna alla gegn r\u00edki Grikkja. <br \/> <a name=\"3\"><span class=\"versanumer_2007\">3<\/span><\/a> \u00de\u00e1 mun herkonungur koma fram, au\u00f0ugur a\u00f0 l\u00f6ndum, og l\u00e1ta allt ganga a\u00f0 ge\u00f0\u00fe\u00f3tta s\u00ednum. <a name=\"4\"><span class=\"versanumer_2007\">4<\/span><\/a> En eftir a\u00f0 hann er kominn fram mun konungsr\u00edki hans sundrast og tv\u00edstrast me\u00f0 fj\u00f3rum h\u00f6fu\u00f0vindum himins. Ekki mun \u00fea\u00f0 ganga til erfingja hans og ekki ver\u00f0ur veldi \u00feess sl\u00edkt sem hann r\u00e9\u00f0 \u00fev\u00ed a\u00f0 \u00fea\u00f0 mun sundrast og falla \u00ed hendur \u00f6\u00f0rum en \u00feeim. <br \/> <a name=\"5\"><span class=\"versanumer_2007\">5<\/span><\/a> En konungur su\u00f0ursins mun eflast a\u00f0 m\u00e6tti. \u00de\u00f3 mun einn h\u00f6f\u00f0ingja hans yfirbuga hann, svipta hann v\u00f6ldum og eignast v\u00ed\u00f0lent r\u00edki. <br \/> <a name=\"6\"><span class=\"versanumer_2007\">6<\/span><\/a> Nokkrum \u00e1rum s\u00ed\u00f0ar munu \u00feeir m\u00e6gjast. D\u00f3ttir konungs su\u00f0ursins mun koma til konungs nor\u00f0ursins til a\u00f0 sta\u00f0festa \u00feann s\u00e1ttm\u00e1la en m\u00e6tti s\u00ednum mun h\u00fan ekki halda og m\u00e1ttur hans mun einnig dv\u00edna. H\u00fan ver\u00f0ur framseld me\u00f0 fylgdarli\u00f0i s\u00ednu, f\u00f6\u00f0ur og eiginmanni. <br \/>\u00c1 \u00feessum t\u00edma <a name=\"7\"><span class=\"versanumer_2007\">7<\/span><\/a> mun spretta fram kvistur af \u00e6tt hennar. Hann mun halda gegn hernum og komast inn \u00ed virki konungsins \u00ed nor\u00f0ri. \u00dear mun hann berjast vi\u00f0 menn og yfirbuga \u00fe\u00e1. <a name=\"8\"><span class=\"versanumer_2007\">8<\/span><\/a> Gu\u00f0i \u00feeirra mun hann einnig taka, steyptu l\u00edkneskin \u00feeirra og hin d\u00fdrm\u00e6tu gull- og silfurker mun hann flytja me\u00f0 s\u00e9r til Egyptalands sem herfang. Um nokkurra \u00e1ra skei\u00f0 mun hann l\u00e1ta konung nor\u00f0ursins \u00ed fri\u00f0i <a name=\"9\"><span class=\"versanumer_2007\">9<\/span><\/a> en hann mun s\u00ed\u00f0ar r\u00e1\u00f0ast inn \u00ed r\u00edki konungsins \u00ed su\u00f0ri og halda \u00fe\u00f3 aftur heim til r\u00edkis s\u00edns. <a name=\"10\"><span class=\"versanumer_2007\">10<\/span><\/a> Synir hans munu heyja str\u00ed\u00f0 og draga saman afar mikinn li\u00f0safla. Og hann mun \u00e6\u00f0a fram og fara yfir sem fl\u00f3\u00f0bylgja og heyja enn str\u00ed\u00f0 allt a\u00f0 h\u00f6fu\u00f0virki s\u00ednu. <br \/> <a name=\"11\"><span class=\"versanumer_2007\">11<\/span><\/a> \u00de\u00e1 mun konungur su\u00f0ursins fyllast heift og halda til orrustu vi\u00f0 hann, vi\u00f0 konung nor\u00f0ursins. Hann mun safna a\u00f0 s\u00e9r miklu li\u00f0i en allt li\u00f0 hans mun komast undir vald hins. <a name=\"12\"><span class=\"versanumer_2007\">12<\/span><\/a> Ofurdramb mun gr\u00edpa hann \u00feegar li\u00f0i\u00f0 ver\u00f0ur numi\u00f0 burt. Hann mun ver\u00f0a tug\u00fe\u00fasundum a\u00f0 fj\u00f6rtj\u00f3ni en \u00fe\u00f3 ekki fara me\u00f0 sigur af h\u00f3lmi. <br \/> <a name=\"13\"><span class=\"versanumer_2007\">13<\/span><\/a> \u00de\u00e1 mun konungur nor\u00f0ursins draga saman li\u00f0safla, enn fj\u00f6lmennari en hinn fyrri. A\u00f0 nokkrum t\u00edma li\u00f0num, f\u00e1um \u00e1rum s\u00ed\u00f0ar, mun hann halda af sta\u00f0 me\u00f0 mikinn her og mikinn v\u00edgb\u00fana\u00f0. <br \/> <a name=\"14\"><span class=\"versanumer_2007\">14<\/span><\/a> Um \u00fe\u00e6r mundir munu margir sn\u00faast gegn konungi su\u00f0ursins og ofr\u00edkisfullir samlandar \u00fe\u00ednir munu beita s\u00e9r fyrir \u00fev\u00ed a\u00f0 s\u00fdnin gangi eftir en \u00fea\u00f0 mun \u00feeim ekki takast. <a name=\"15\"><span class=\"versanumer_2007\">15<\/span><\/a> Konungur nor\u00f0ursins mun halda fram f\u00f6r sinni, hla\u00f0a virkisveggi og vinna virkisborg en herir su\u00f0ursins munu ekki f\u00e1 r\u00f6nd vi\u00f0 reist, jafnvel \u00farvalsli\u00f0i\u00f0 f\u00e6r \u00fe\u00e1 engum v\u00f6rnum vi\u00f0 komi\u00f0. <a name=\"16\"><span class=\"versanumer_2007\">16<\/span><\/a> Og \u00e1r\u00e1sarma\u00f0urinn mun fara a\u00f0 ge\u00f0\u00fe\u00f3tta s\u00ednum \u00fev\u00ed a\u00f0 enginn f\u00e6r sta\u00f0ist hann. Hann mun n\u00e1 f\u00f3tfestu \u00ed landinu fagra og hafa ey\u00f0ingu \u00feess \u00ed hendi s\u00e9r. <a name=\"17\"><span class=\"versanumer_2007\">17<\/span><\/a> Hann mun einbeita s\u00e9r a\u00f0 \u00fev\u00ed a\u00f0 r\u00e1\u00f0ast a\u00f0 \u00f6llum virkisborgum um allt r\u00edki hins. En til a\u00f0 ey\u00f0a \u00fev\u00ed mun hann gera vi\u00f0 hann s\u00e1ttm\u00e1la og gifta honum d\u00f3ttur s\u00edna. En \u00feetta mun ekki takast og ekkert mun af \u00fev\u00ed hlj\u00f3tast. <a name=\"18\"><span class=\"versanumer_2007\">18<\/span><\/a> Hann mun \u00fe\u00e1 sn\u00faa s\u00e9r a\u00f0 eyjunum og vinna margar en erindreki nokkur mun binda enda \u00e1 offors hans og l\u00e1ta \u00fea\u00f0 koma yfir hann sj\u00e1lfan.                                                                                                                                                                                                                                                                                                                                                                                                                                                                                                                     <a name=\"19\"><span class=\"versanumer_2007\">19<\/span><\/a> Hann mun \u00fe\u00e1 halda aftur til virkisborga lands s\u00edns en hrasa og falla og a\u00f0 engu ver\u00f0a. <br \/> <a name=\"20\"><span class=\"versanumer_2007\">20<\/span><\/a> \u00cd sta\u00f0 hans kemur annar og mun s\u00e1 senda emb\u00e6ttismann til skattheimtu, konungi til d\u00fdr\u00f0ar, en a\u00f0 f\u00e1um d\u00f6gum li\u00f0num ver\u00f0ur honum tort\u00edmt, \u00fe\u00f3 hvorki \u00ed rei\u00f0i n\u00e9 v\u00edgaferlum. <\/p>\n<h3 class=\"millifyrirsogn_2007\">Hinn illi konungur S\u00fdrlands<\/h3>\n<p><a name=\"21\"><span class=\"versanumer_2007\">21<\/span><\/a> Sess hans mun skipa fyrirlitlegur ma\u00f0ur \u00e1n konungstignar. Hann mun koma \u00f6llum a\u00f0 \u00f3v\u00f6rum og n\u00e1 konungsr\u00edkinu me\u00f0 l\u00e6v\u00edsi. <a name=\"22\"><span class=\"versanumer_2007\">22<\/span><\/a> Hann mun yfirbuga og brj\u00f3ta \u00e1 bak aftur herflokka sem fl\u00e6\u00f0a yfir, einnig h\u00f6f\u00f0ingja s\u00e1ttm\u00e1lans.                                                                                                                                                                                                                                                                                                                                                                                                                                                                                                                     <a name=\"23\"><span class=\"versanumer_2007\">23<\/span><\/a> Og hverju sinni, sem menn bindast s\u00e1ttm\u00e1lum vi\u00f0 hann, mun hann beita br\u00f6g\u00f0um, og v\u00f6ldum mun hann n\u00e1 me\u00f0 fulltingi f\u00e1menns herflokks. <a name=\"24\"><span class=\"versanumer_2007\">24<\/span><\/a> Hann mun r\u00e1\u00f0ast a\u00f0 \u00f3v\u00f6rum inn \u00ed au\u00f0s\u00e6lustu h\u00e9ru\u00f0 og gera \u00fea\u00f0 sem hvorki fa\u00f0ir hans n\u00e9 forfe\u00f0ur ger\u00f0u \u00e1\u00f0ur, flytja r\u00edkulegar gjafir herfangs, stolins fj\u00e1r og au\u00f0\u00e6fa. Hann mun r\u00e1\u00f0gera herna\u00f0 gegn virkisborgum en \u00fe\u00f3 a\u00f0eins um skamma hr\u00ed\u00f0. <br \/> <a name=\"25\"><span class=\"versanumer_2007\">25<\/span><\/a> S\u00ed\u00f0an mun hann beina \u00fer\u00f3tti s\u00ednum og kjarki me\u00f0 miklum li\u00f0safla gegn konungi su\u00f0ursins. Konungur su\u00f0ursins mun heyja str\u00ed\u00f0 og tefla gegn honum miklum og illv\u00edgum her en b\u00ed\u00f0a \u00fe\u00f3 l\u00e6gri hlut \u00fev\u00ed a\u00f0 v\u00e9labr\u00f6g\u00f0um ver\u00f0ur beitt gegn honum. <a name=\"26\"><span class=\"versanumer_2007\">26<\/span><\/a> M\u00f6tunautar hans munu ver\u00f0a honum a\u00f0 falli. Her hans ver\u00f0ur yfirbuga\u00f0ur og mannfalli\u00f0 miki\u00f0. <a name=\"27\"><span class=\"versanumer_2007\">27<\/span><\/a> B\u00e1\u00f0ir munu konungarnir hafa illt \u00ed hyggju. \u00deeir munu sn\u00e6\u00f0a saman en r\u00e6\u00f0ast \u00fe\u00f3 vi\u00f0 af fl\u00e1ttskap. Ekkert mun af \u00fev\u00ed hlj\u00f3tast \u00fev\u00ed a\u00f0 enn er \u00feeim anna\u00f0 fyrirhuga\u00f0. <a name=\"28\"><span class=\"versanumer_2007\">28<\/span><\/a> Hann mun sn\u00faa aftur til lands s\u00edns me\u00f0 mikinn au\u00f0 og hyggja \u00e1 v\u00e9lr\u00e1\u00f0 gegn hinum heilaga s\u00e1ttm\u00e1la. Og er hann hefur fari\u00f0 a\u00f0 ge\u00f0\u00fe\u00f3tta s\u00ednum mun hann hverfa aftur til heimalands s\u00edns. <br \/> <a name=\"29\"><span class=\"versanumer_2007\">29<\/span><\/a> \u00c1 settum t\u00edma mun hann aftur r\u00e1\u00f0ast gegn Su\u00f0urlandinu en s\u00fa f\u00f6r ver\u00f0ur ekki sem hin fyrri <a name=\"30\"><span class=\"versanumer_2007\">30<\/span><\/a> \u00fev\u00ed a\u00f0 skip Kitta<span class=\"nedan_mal\" title=\" Kittar: R\u00f3mverjar.\">[<\/span> munu koma \u00e1 m\u00f3ti honum og hann mun l\u00e1ta hugfallast og halda heimlei\u00f0is og sn\u00faa rei\u00f0i sinni gegn hinum heilaga s\u00e1ttm\u00e1la og l\u00e1ta hann kenna \u00e1 henni. S\u00ed\u00f0an mun hann hverfa heim aftur og reynast vilhallur \u00feeim sem hafa yfirgefi\u00f0 s\u00e1ttm\u00e1lann. <br \/> <a name=\"31\"><span class=\"versanumer_2007\">31<\/span><\/a> Hann mun draga saman li\u00f0safla, vanhelga helgid\u00f3minn og v\u00edgi\u00f0, afnema hina daglegu f\u00f3rn en reisa \u00fear vi\u00f0urstygg\u00f0 ey\u00f0ingarinnar. <a name=\"32\"><span class=\"versanumer_2007\">32<\/span><\/a> Mj\u00fakm\u00e1ll og smja\u00f0randi ver\u00f0ur hann vi\u00f0 \u00fe\u00e1 sem fremja illt gegn s\u00e1ttm\u00e1lanum en \u00feeir munu standa st\u00f6\u00f0ugir sem s\u00fdna hollustu Gu\u00f0i s\u00ednum. <a name=\"33\"><span class=\"versanumer_2007\">33<\/span><\/a> Hinir hyggnu me\u00f0al \u00fej\u00f3\u00f0arinnar munu veita m\u00f6rgum skilning en um skei\u00f0 munu \u00feeir falla fyrir sver\u00f0i og eldi og \u00feola \u00fatleg\u00f0 og eignamissi. <a name=\"34\"><span class=\"versanumer_2007\">34<\/span><\/a> Eftir \u00feann \u00f3sigur mun f\u00e1tt berast \u00feeim til hj\u00e1lpar og margir fl\u00e6r\u00f0armenn munu ganga til li\u00f0s vi\u00f0 \u00fe\u00e1. <a name=\"35\"><span class=\"versanumer_2007\">35<\/span><\/a> Sumir hyggindamannanna munu falla svo a\u00f0 \u00feeir ver\u00f0i sk\u00edr\u00f0ir, hreinsa\u00f0ir og \u00feoli raunir allt til endalokanna \u00fev\u00ed a\u00f0 enn dregst undan hin \u00e1setta stund. <br \/> <a name=\"36\"><span class=\"versanumer_2007\">36<\/span><\/a> Konungurinn mun fara a\u00f0 ge\u00f0\u00fe\u00f3tta s\u00ednum, hreykja s\u00e9r, skipa s\u00e9r ofar \u00f6llum gu\u00f0um og m\u00e6la g\u00edfuryr\u00f0i gegn Gu\u00f0i gu\u00f0anna. Og allt mun sn\u00faast honum \u00ed hag uns rei\u00f0in er \u00e1 enda en \u00fe\u00e1 mun koma fram \u00fea\u00f0 sem fyrr var \u00e1kve\u00f0i\u00f0. <a name=\"37\"><span class=\"versanumer_2007\">37<\/span><\/a> Hann mun hvorki vir\u00f0a gu\u00f0 forfe\u00f0ra sinna n\u00e9 \u00feann gu\u00f0 sem er konum k\u00e6r. Hann mun engan gu\u00f0 vir\u00f0a en hreykja s\u00e9r yfir allt. <a name=\"38\"><span class=\"versanumer_2007\">38<\/span><\/a> En hann mun \u00feess \u00ed sta\u00f0 d\u00fdrka gu\u00f0 v\u00edggir\u00f0inganna og hei\u00f0ra me\u00f0 gulli og silfri, d\u00fdrum steinum og hvers kyns ver\u00f0m\u00e6tum, gu\u00f0 sem forfe\u00f0ur hans \u00feekktu ekki. <a name=\"39\"><span class=\"versanumer_2007\">39<\/span><\/a> Me\u00f0 fulltingi framandi gu\u00f0s mun hann verja hin rammger\u00f0u v\u00edgi og s\u00e6md mun hann veita \u00feeim sem vi\u00f0urkenna hann, f\u00e1 \u00feeim mannaforr\u00e1\u00f0 yfir m\u00f6rgum og \u00fathluta \u00feeim landi a\u00f0 launum. <\/p>\n<h3 class=\"millifyrirsogn_2007\">Endalokin og upprisan<\/h3>\n<p><a name=\"40\"><span class=\"versanumer_2007\">40<\/span><\/a> A\u00f0 endalokum mun konungur su\u00f0ursins sn\u00faast gegn honum en konungur nor\u00f0ursins mun r\u00e1\u00f0ast \u00e1 hann me\u00f0 herv\u00f6gnum, riddurum og miklum skipaflota, brj\u00f3tast inn \u00ed l\u00f6ndin og geysast yfir \u00feau eins og fl\u00f3\u00f0bylgja. <a name=\"41\"><span class=\"versanumer_2007\">41<\/span><\/a> Hann mun einnig r\u00e1\u00f0ast inn \u00ed landi\u00f0 fagra. Mannfall ver\u00f0ur miki\u00f0 en \u00feessir munu \u00fe\u00f3 ganga honum \u00far greipum: Ed\u00f3m\u00edtar, M\u00f3ab\u00edtar og meiri hluti Amm\u00f3nsni\u00f0ja. <a name=\"42\"><span class=\"versanumer_2007\">42<\/span><\/a> Hann mun sl\u00e1 eign sinni \u00e1 l\u00f6ndin, jafnvel Egyptaland mun ekki bjargast. <a name=\"43\"><span class=\"versanumer_2007\">43<\/span><\/a> Hann mun koma h\u00f6ndum yfir gull- og silfursj\u00f3\u00f0ina og \u00f6ll d\u00fdrindi Egyptalands, og L\u00edb\u00edumenn og E\u00fe\u00ed\u00f3p\u00edumenn munu fylgja honum. <a name=\"44\"><span class=\"versanumer_2007\">44<\/span><\/a> \u00de\u00e1 munu fr\u00e9ttir a\u00f0 austan og nor\u00f0an skj\u00f3ta honum skelk \u00ed bringu, hann mun halda til v\u00edgaferla \u00ed mikilli br\u00e6\u00f0i og ey\u00f0a og tort\u00edma m\u00f6rgum. <a name=\"45\"><span class=\"versanumer_2007\">45<\/span><\/a> Hann mun sl\u00e1 upp konungstjaldi s\u00ednu milli hafsins og hins fagra heilaga fjalls en \u00fe\u00e1 mun hann m\u00e6ta \u00f6rl\u00f6gum s\u00ednum og enginn ver\u00f0ur til hj\u00e1lpar. <\/p>\n","protected":false},"excerpt":{"rendered":"<p>1 \u00c1 fyrsta \u00e1ri Dar\u00edusar hins med\u00edska t\u00f3k \u00e9g m\u00e9r st\u00f6\u00f0u til a\u00f0 efla hann og styrkja. Konungar S\u00fdrlands og Egyptalands 2 Og n\u00fa mun \u00e9g segja \u00fe\u00e9r hi\u00f0 sanna: \u00der\u00edr konungar munu enn komast til valda \u00ed Pers\u00edu og ver\u00f0ur hinn fj\u00f3r\u00f0i \u00fe\u00f3 mun au\u00f0ugri en allir hinir. Me\u00f0 valdi \u00fev\u00ed sem au\u00f0ur hans f\u00e6rir honum mun hann egna alla gegn r\u00edki Grikkja. 3 \u00de\u00e1 mun herkonungur koma fram, au\u00f0ugur a\u00f0 l\u00f6ndum, og l\u00e1ta allt ganga a\u00f0 ge\u00f0\u00fe\u00f3tta s\u00ednum. 4 En eftir a\u00f0 hann er kominn fram mun konungsr\u00edki hans sundrast og tv\u00edstrast me\u00f0 fj\u00f3rum h\u00f6fu\u00f0vindum himins. Ekki mun <a href=\"https:\/\/biblian.is\/biblian\/daniel-11-kafli\/\"> [&#8230;]<\/a><\/p>\n","protected":false},"author":1,"featured_media":0,"parent":0,"menu_order":0,"comment_status":"open","ping_status":"open","template":"bibliukaflar_NT.php","meta":{"footnotes":""},"class_list":["post-2478","page","type-page","status-publish","hentry"],"_links":{"self":[{"href":"https:\/\/biblian.is\/biblian\/wp-json\/wp\/v2\/pages\/2478","targetHints":{"allow":["GET"]}}],"collection":[{"href":"https:\/\/biblian.is\/biblian\/wp-json\/wp\/v2\/pages"}],"about":[{"href":"https:\/\/biblian.is\/biblian\/wp-json\/wp\/v2\/types\/page"}],"author":[{"embeddable":true,"href":"https:\/\/biblian.is\/biblian\/wp-json\/wp\/v2\/users\/1"}],"replies":[{"embeddable":true,"href":"https:\/\/biblian.is\/biblian\/wp-json\/wp\/v2\/comments?post=2478"}],"version-history":[{"count":0,"href":"https:\/\/biblian.is\/biblian\/wp-json\/wp\/v2\/pages\/2478\/revisions"}],"wp:attachment":[{"href":"https:\/\/biblian.is\/biblian\/wp-json\/wp\/v2\/media?parent=2478"}],"curies":[{"name":"wp","href":"https:\/\/api.w.org\/{rel}","templated":true}]}}