{"id":2477,"date":"2017-12-30T21:03:18","date_gmt":"2017-12-30T21:03:18","guid":{"rendered":"http:\/\/biblian.is\/biblian\/dan%c2%92el-10-kafli\/"},"modified":"2024-06-26T23:22:02","modified_gmt":"2024-06-26T23:22:02","slug":"daniel-10-kafli","status":"publish","type":"page","link":"https:\/\/biblian.is\/biblian\/daniel-10-kafli\/","title":{"rendered":"Dan\u00edel 10. kafli"},"content":{"rendered":"<h3 class=\"millifyrirsogn_2007\"> Vitrun Dan\u00edels vi\u00f0 T\u00edgrisflj\u00f3t<\/h3>\n<p><a name=\"1\"><span class=\"versanumer_2007\">1<\/span><\/a> \u00c1 \u00feri\u00f0ja \u00e1ri K\u00fdrusar Persakonungs barst Dan\u00edel, sem kalla\u00f0ur var Beltsasar, vitrun. Vitrunin var s\u00f6nn en afar torskilin. Skilning \u00e1 henni f\u00e9kk hann \u00ed s\u00fdn. <br \/> <a name=\"2\"><span class=\"versanumer_2007\">2<\/span><\/a> \u00c1 \u00feeim t\u00edma syrg\u00f0i \u00e9g, Dan\u00edel, \u00ed \u00ferj\u00e1r vikur, <a name=\"3\"><span class=\"versanumer_2007\">3<\/span><\/a> \u00e9g neytti engrar g\u00f3ms\u00e6trar f\u00e6\u00f0u og lag\u00f0i m\u00e9r hvorki kj\u00f6t n\u00e9 v\u00edn til munns. \u00c9g smur\u00f0i mig ekki fyrr en vikurnar \u00ferj\u00e1r voru li\u00f0nar. <br \/> <a name=\"4\"><span class=\"versanumer_2007\">4<\/span><\/a> \u00c1 tuttugasta og fj\u00f3r\u00f0a degi hins fyrsta m\u00e1na\u00f0ar var \u00e9g staddur \u00e1 bakka \u00e1rinnar miklu, T\u00edgris, <a name=\"5\"><span class=\"versanumer_2007\">5<\/span><\/a> og \u00e9g leit upp og s\u00e1 l\u00ednkl\u00e6ddan mann og voru lendar hans gyrtar sk\u00edragulli. <a name=\"6\"><span class=\"versanumer_2007\">6<\/span><\/a> L\u00edkami hans var sem ber\u00fdlsteinn, andlit hans lj\u00f3ma\u00f0i sem elding, augu hans voru sem logandi blys, handleggir hans og leggir l\u00edkt og \u00far f\u00e1gu\u00f0um eir og r\u00f6dd hans hlj\u00f3ma\u00f0i sem gn\u00fdr af mikilli mann\u00fer\u00f6ng. <br \/> <a name=\"7\"><span class=\"versanumer_2007\">7<\/span><\/a> \u00c9g, Dan\u00edel, s\u00e1 \u00feessa s\u00fdn einn. Mennirnir sem me\u00f0 m\u00e9r voru s\u00e1u s\u00fdnina ekki en \u00fe\u00f3 greip \u00fe\u00e1 mikil skelfing svo a\u00f0 \u00feeir fl\u00fd\u00f0u \u00ed felur. <a name=\"8\"><span class=\"versanumer_2007\">8<\/span><\/a> \u00c9g var \u00fev\u00ed einn um a\u00f0 sj\u00e1 \u00feessa miklu s\u00fdn. \u00c9g var m\u00e1ttvana, n\u00e1f\u00f6lur og magn\u00ferota og t\u00f3kst ekki a\u00f0 safna kr\u00f6ftum. <a name=\"9\"><span class=\"versanumer_2007\">9<\/span><\/a> \u00c9g heyr\u00f0i hann tala og me\u00f0an \u00e9g hlusta\u00f0i \u00e1 hann seig \u00e1 mig dj\u00fapur svefn svo a\u00f0 \u00e9g f\u00e9ll fram \u00e1 \u00e1sj\u00f3nu m\u00edna \u00e1 j\u00f6r\u00f0inni. <br \/> <a name=\"10\"><span class=\"versanumer_2007\">10<\/span><\/a> \u00de\u00e1 snart h\u00f6nd vi\u00f0 m\u00e9r og reisti mig \u00f3styrkan \u00e1 fj\u00f3ra f\u00e6tur. <a name=\"11\"><span class=\"versanumer_2007\">11<\/span><\/a> Og hann sag\u00f0i vi\u00f0 mig: \u201eDan\u00edel, \u00fe\u00fa sem ert \u00e1stm\u00f6gur, taktu eftir \u00fev\u00ed sem \u00e9g segi \u00fe\u00e9r og stattu \u00e1 f\u00e6tur \u00fev\u00ed a\u00f0 til \u00fe\u00edn er \u00e9g sendur.\u201c Og er hann sag\u00f0i \u00feetta st\u00f3\u00f0 \u00e9g upp og skalf \u00e1 beinunum. <a name=\"12\"><span class=\"versanumer_2007\">12<\/span><\/a> En hann sag\u00f0i vi\u00f0 mig: \u201e\u00d3ttastu ekki, Dan\u00edel, \u00fev\u00ed a\u00f0 fr\u00e1 \u00feeim degi sem \u00fe\u00fa fyrst \u00e1kva\u00f0st a\u00f0 leita skilnings og au\u00f0m\u00fdkja \u00feig fyrir Gu\u00f0i \u00fe\u00ednum hefur \u00fe\u00fa veri\u00f0 b\u00e6nheyr\u00f0ur og vegna b\u00e6nar \u00feinnar er \u00e9g kominn. <a name=\"13\"><span class=\"versanumer_2007\">13<\/span><\/a> H\u00f6f\u00f0ingi Persaveldis veitti m\u00e9r vi\u00f0n\u00e1m \u00ed tuttugu og einn dag en n\u00fa hefur M\u00edkael, fremstur h\u00f6f\u00f0ingjanna, komi\u00f0 m\u00e9r til hj\u00e1lpar eftir a\u00f0 konungar Persa t\u00f6f\u00f0u f\u00f6r m\u00edna. <a name=\"14\"><span class=\"versanumer_2007\">14<\/span><\/a> \u00dev\u00ed er \u00e9g kominn til a\u00f0 veita \u00fe\u00e9r skilning \u00e1 \u00fev\u00ed sem koma mun yfir \u00fej\u00f3\u00f0 \u00fe\u00edna \u00e1 \u00f3komnum d\u00f6gum af \u00fev\u00ed a\u00f0 enn er \u00feetta s\u00fdn um \u00fe\u00e1 daga.\u201c <br \/> <a name=\"15\"><span class=\"versanumer_2007\">15<\/span><\/a> \u00c9g var ni\u00f0url\u00fatur og \u00feag\u00f0i me\u00f0an hann m\u00e6lti \u00feessum or\u00f0um til m\u00edn. <a name=\"16\"><span class=\"versanumer_2007\">16<\/span><\/a> Einhver, \u00e1\u00feekkur manni, snart \u00fe\u00e1 varir m\u00ednar og \u00e9g opna\u00f0i munninn, t\u00f3k til m\u00e1ls og sag\u00f0i vi\u00f0 \u00feann sem st\u00f3\u00f0 frammi fyrir m\u00e9r: \u201eHerra minn, vegna \u00feessarar s\u00fdnar kvelst \u00e9g og f\u00e6 ekki eflt m\u00e9r \u00fer\u00f3tt. <a name=\"17\"><span class=\"versanumer_2007\">17<\/span><\/a> Hvernig g\u00e6ti \u00feessi \u00fej\u00f3nn herra m\u00edns tala\u00f0 vi\u00f0 herra minn n\u00fa \u00feegar \u00e9g er \u00ferotinn a\u00f0 kr\u00f6ftum og kjarkur minn horfinn?\u201c <br \/> <a name=\"18\"><span class=\"versanumer_2007\">18<\/span><\/a> S\u00e1 sem l\u00edktist manni snerti mig \u00fe\u00e1 aftur og styrkti mig. <a name=\"19\"><span class=\"versanumer_2007\">19<\/span><\/a> Hann sag\u00f0i: \u201e\u00d3ttastu hvergi, \u00e1stm\u00f6gur, allt mun ganga \u00fe\u00e9r \u00ed hag. Vertu hughraustur. Vertu hughraustur.\u201c \u00c9g styrktist vi\u00f0 er hann tala\u00f0i vi\u00f0 mig og sag\u00f0i: \u201eTala\u00f0u, herra, \u00fev\u00ed a\u00f0 \u00fe\u00fa hefur veitt m\u00e9r styrk.\u201c <br \/> <a name=\"20\"><span class=\"versanumer_2007\">20<\/span><\/a> \u00de\u00e1 spur\u00f0i hann: \u201eVeistu hv\u00ed \u00e9g er kominn til \u00fe\u00edn? N\u00fa ver\u00f0 \u00e9g a\u00f0 sn\u00faa aftur til a\u00f0 berjast vi\u00f0 Persakonung. Og \u00feegar \u00e9g fer mun lei\u00f0togi Grikkja koma. <a name=\"21\"><span class=\"versanumer_2007\">21<\/span><\/a> Enginn mun hj\u00e1lpa m\u00e9r gegn \u00feeim nema lei\u00f0togi \u00feinn, M\u00edkael. En \u00fea\u00f0 sem skr\u00e1\u00f0 er \u00ed b\u00f3k sannleikans mun \u00e9g tj\u00e1 \u00fe\u00e9r: <\/p>\n","protected":false},"excerpt":{"rendered":"<p>Vitrun Dan\u00edels vi\u00f0 T\u00edgrisflj\u00f3t 1 \u00c1 \u00feri\u00f0ja \u00e1ri K\u00fdrusar Persakonungs barst Dan\u00edel, sem kalla\u00f0ur var Beltsasar, vitrun. Vitrunin var s\u00f6nn en afar torskilin. Skilning \u00e1 henni f\u00e9kk hann \u00ed s\u00fdn. 2 \u00c1 \u00feeim t\u00edma syrg\u00f0i \u00e9g, Dan\u00edel, \u00ed \u00ferj\u00e1r vikur, 3 \u00e9g neytti engrar g\u00f3ms\u00e6trar f\u00e6\u00f0u og lag\u00f0i m\u00e9r hvorki kj\u00f6t n\u00e9 v\u00edn til munns. \u00c9g smur\u00f0i mig ekki fyrr en vikurnar \u00ferj\u00e1r voru li\u00f0nar. 4 \u00c1 tuttugasta og fj\u00f3r\u00f0a degi hins fyrsta m\u00e1na\u00f0ar var \u00e9g staddur \u00e1 bakka \u00e1rinnar miklu, T\u00edgris, 5 og \u00e9g leit upp og s\u00e1 l\u00ednkl\u00e6ddan mann og voru lendar hans gyrtar sk\u00edragulli. 6 L\u00edkami hans <a href=\"https:\/\/biblian.is\/biblian\/daniel-10-kafli\/\"> [&#8230;]<\/a><\/p>\n","protected":false},"author":1,"featured_media":0,"parent":0,"menu_order":0,"comment_status":"open","ping_status":"open","template":"bibliukaflar_NT.php","meta":{"footnotes":""},"class_list":["post-2477","page","type-page","status-publish","hentry"],"_links":{"self":[{"href":"https:\/\/biblian.is\/biblian\/wp-json\/wp\/v2\/pages\/2477","targetHints":{"allow":["GET"]}}],"collection":[{"href":"https:\/\/biblian.is\/biblian\/wp-json\/wp\/v2\/pages"}],"about":[{"href":"https:\/\/biblian.is\/biblian\/wp-json\/wp\/v2\/types\/page"}],"author":[{"embeddable":true,"href":"https:\/\/biblian.is\/biblian\/wp-json\/wp\/v2\/users\/1"}],"replies":[{"embeddable":true,"href":"https:\/\/biblian.is\/biblian\/wp-json\/wp\/v2\/comments?post=2477"}],"version-history":[{"count":0,"href":"https:\/\/biblian.is\/biblian\/wp-json\/wp\/v2\/pages\/2477\/revisions"}],"wp:attachment":[{"href":"https:\/\/biblian.is\/biblian\/wp-json\/wp\/v2\/media?parent=2477"}],"curies":[{"name":"wp","href":"https:\/\/api.w.org\/{rel}","templated":true}]}}