{"id":2476,"date":"2017-12-30T21:03:18","date_gmt":"2017-12-30T21:03:18","guid":{"rendered":"http:\/\/biblian.is\/biblian\/dan%c2%92el-9-kafli\/"},"modified":"2024-06-26T23:22:05","modified_gmt":"2024-06-26T23:22:05","slug":"daniel-9-kafli","status":"publish","type":"page","link":"https:\/\/biblian.is\/biblian\/daniel-9-kafli\/","title":{"rendered":"Dan\u00edel 9. kafli"},"content":{"rendered":"<h3 class=\"millifyrirsogn_2007\"> Dan\u00edel bi\u00f0ur fyrir \u00fej\u00f3\u00f0inni<\/h3>\n<p><a name=\"1\"><span class=\"versanumer_2007\">1<\/span><\/a> \u00c1 fyrsta \u00e1ri Dar\u00edusar, sem var sonur Xerxesar,<span class=\"nedan_mal\" title=\" Ashaverus \u00ed frumtexta.\">[<\/span> med\u00edskur a\u00f0 \u00e6tt og or\u00f0inn konungur \u00ed r\u00edki Kaldea, <a name=\"2\"><span class=\"versanumer_2007\">2<\/span><\/a> \u00e1 fyrsta stj\u00f3rnar\u00e1ri hans leita\u00f0i \u00e9g, Dan\u00edel, \u00ed ritningunum a\u00f0 \u00fev\u00ed hve m\u00f6rg \u00e1r Jer\u00fasalem skyldi liggja \u00ed r\u00fastum samkv\u00e6mt or\u00f0i Drottins, sem vitra\u00f0ist Jerem\u00eda sp\u00e1manni, og reyndust \u00feau sj\u00f6t\u00edu. <br \/> <a name=\"3\"><span class=\"versanumer_2007\">3<\/span><\/a> \u00de\u00e1 sneri \u00e9g \u00e1sj\u00f3nu minni til Drottins Gu\u00f0s \u00ed b\u00e6n og \u00e1kalli og fasta\u00f0i \u00ed sekk og \u00f6sku. <a name=\"4\"><span class=\"versanumer_2007\">4<\/span><\/a> \u00c9g ba\u00f0 til Drottins, Gu\u00f0s m\u00edns, og ger\u00f0i \u00feessa j\u00e1tningu: <br \/>\u201e\u00d3, Drottinn, mikli og \u00f3gurlegi Gu\u00f0, sem heldur s\u00e1ttm\u00e1lann dyggilega vi\u00f0 \u00fe\u00e1 sem elska hann og var\u00f0veita bo\u00f0or\u00f0 hans. <a name=\"5\"><span class=\"versanumer_2007\">5<\/span><\/a> V\u00e9r h\u00f6fum syndga\u00f0, v\u00e9r h\u00f6fum fari\u00f0 villir vegar, v\u00e9r h\u00f6fum breytt illa, veri\u00f0 m\u00f3t\u00fer\u00f3afullir og viki\u00f0 fr\u00e1 bo\u00f0or\u00f0um \u00fe\u00ednum og fyrirm\u00e6lum. <a name=\"6\"><span class=\"versanumer_2007\">6<\/span><\/a> V\u00e9r h\u00f6fum ekki hl\u00fdtt \u00e1 \u00fej\u00f3na \u00fe\u00edna, sp\u00e1mennina, sem t\u00f6lu\u00f0u \u00ed \u00fe\u00ednu nafni til konunga vorra, h\u00f6f\u00f0ingja og fe\u00f0ra og landsl\u00fd\u00f0sins alls. <a name=\"7\"><span class=\"versanumer_2007\">7<\/span><\/a> \u00deitt er r\u00e9ttl\u00e6ti\u00f0, Drottinn, en v\u00e9r berum sm\u00e1n vora allt til \u00feessa dags, J\u00fadamenn, Jer\u00fasalemb\u00faar og \u00f6ll \u00cdsraels\u00fej\u00f3\u00f0 n\u00e6r og fj\u00e6r, \u00ed \u00f6llum l\u00f6ndum sem \u00fe\u00fa hefur gert \u00fe\u00e1 \u00fatl\u00e6ga til vegna misgj\u00f6r\u00f0a \u00feeirra vi\u00f0 \u00feig. <br \/> <a name=\"8\"><span class=\"versanumer_2007\">8<\/span><\/a> \u00d3, Drottinn, sm\u00e1nin er vor, konunga vorra, h\u00f6f\u00f0ingja og fe\u00f0ra \u00fev\u00ed a\u00f0 v\u00e9r h\u00f6fum syndga\u00f0 gegn \u00fe\u00e9r. <br \/> <a name=\"9\"><span class=\"versanumer_2007\">9<\/span><\/a> Hj\u00e1 Drottni, Gu\u00f0i vorum, er miskunn og fyrirgefning en v\u00e9r h\u00f6fum s\u00fdnt honum m\u00f3t\u00fer\u00f3a <a name=\"10\"><span class=\"versanumer_2007\">10<\/span><\/a> og ekki hl\u00fdtt Drottni, Gu\u00f0i vorum, og breytt eftir bo\u00f0or\u00f0um hans sem hann ger\u00f0i oss lj\u00f3s fyrir munn \u00fej\u00f3na sinna, sp\u00e1mannanna. <a name=\"11\"><span class=\"versanumer_2007\">11<\/span><\/a> \u00d6ll \u00cdsraels\u00fej\u00f3\u00f0 hefur broti\u00f0 l\u00f6gm\u00e1l \u00feitt, villst af lei\u00f0 og \u00f3hl\u00fd\u00f0nast \u00fe\u00e9r svo a\u00f0 allar b\u00f6lvanir og ei\u00f0ar, sem skr\u00e1\u00f0ir eru \u00ed l\u00f6gm\u00e1li M\u00f3se, \u00fej\u00f3ns Gu\u00f0s, hafa komi\u00f0 yfir oss \u00fev\u00ed a\u00f0 v\u00e9r h\u00f6fum syndga\u00f0 gegn honum. <a name=\"12\"><span class=\"versanumer_2007\">12<\/span><\/a> Hann efndi or\u00f0 s\u00edn sem hann haf\u00f0i h\u00f3ta\u00f0 oss og lei\u00f0togunum sem stj\u00f3rnu\u00f0u oss, a\u00f0 hann skyldi senda yfir oss mikla \u00f3g\u00e6fu svo a\u00f0 hvergi undir himninum hafa sl\u00edk \u00f3sk\u00f6p or\u00f0i\u00f0 sem \u00ed Jer\u00fasalem. <a name=\"13\"><span class=\"versanumer_2007\">13<\/span><\/a> \u00d6ll \u00feau \u00f3sk\u00f6p, sem skr\u00e1\u00f0 eru \u00ed l\u00f6gm\u00e1li M\u00f3se, eru komin yfir oss. Og ekki h\u00f6fum v\u00e9r fri\u00f0m\u00e6lst vi\u00f0 Drottin, Gu\u00f0 vorn, me\u00f0 \u00fev\u00ed a\u00f0 hverfa fr\u00e1 misgj\u00f6r\u00f0um og \u00f6\u00f0last visku af \u00fe\u00ednum sannleika. <a name=\"14\"><span class=\"versanumer_2007\">14<\/span><\/a> \u00dev\u00ed einsetti Drottinn s\u00e9r a\u00f0 l\u00e1ta \u00f3g\u00e6funa koma yfir oss \u00fev\u00ed a\u00f0 Drottinn, Gu\u00f0 vor, hefur unni\u00f0 \u00f6ll s\u00edn verk af r\u00e9ttl\u00e6ti en v\u00e9r h\u00f6fum \u00f3hl\u00fd\u00f0nast honum. <br \/> <a name=\"15\"><span class=\"versanumer_2007\">15<\/span><\/a> Drottinn, Gu\u00f0 vor, sem leiddir \u00fej\u00f3\u00f0 \u00fe\u00edna fr\u00e1 Egyptalandi me\u00f0 m\u00e1ttugum armi og ert af \u00feeim s\u00f6kum nafntoga\u00f0ur allt til \u00feessa dags, v\u00e9r h\u00f6fum syndga\u00f0, v\u00e9r h\u00f6fum breytt illa. <a name=\"16\"><span class=\"versanumer_2007\">16<\/span><\/a> \u00d3, Drottinn, ger\u00f0u eins og s\u00e6mir \u00feinni r\u00edkulegu n\u00e1\u00f0, sn\u00fa\u00f0u heift \u00feinni og rei\u00f0i fr\u00e1 borg \u00feinni Jer\u00fasalem, \u00fe\u00ednu helga fjalli, \u00fev\u00ed a\u00f0 vegna synda vorra og misgj\u00f6r\u00f0a fe\u00f0ra vorra er Jer\u00fasalem og \u00fej\u00f3\u00f0 \u00fe\u00edn or\u00f0in a\u00f0 athl\u00e6gi allra grann\u00fej\u00f3\u00f0a vorra. <br \/> <a name=\"17\"><span class=\"versanumer_2007\">17<\/span><\/a> Heyr\u00f0u n\u00fa, Gu\u00f0 vor, b\u00e6n \u00fej\u00f3ns \u00fe\u00edns og gr\u00e1tbei\u00f0ni hans og l\u00e1ttu \u00e1sj\u00f3nu \u00fe\u00edna l\u00fdsa yfir hinn yfirgefna helgid\u00f3m \u00feinn sj\u00e1lfs \u00fe\u00edn vegna. <a name=\"18\"><span class=\"versanumer_2007\">18<\/span><\/a> Legg\u00f0u vi\u00f0 hlustir, Gu\u00f0 minn, og hl\u00fdddu \u00e1, lj\u00faktu upp augum \u00fe\u00ednum og l\u00edttu umkomuleysi vort og borgarinnar sem vi\u00f0 \u00feig er kennd. V\u00e9r bi\u00f0jum \u00feig \u00ed au\u00f0m\u00fdkt, ekki vegna ver\u00f0skuldunar vor sj\u00e1lfra, heldur \u00ed trausti mikillar miskunnar \u00feinnar. <br \/> <a name=\"19\"><span class=\"versanumer_2007\">19<\/span><\/a> Drottinn, heyr. Drottinn, fyrirgef. Drottinn, hygg a\u00f0 og framkv\u00e6m. Tef eigi fyrir sj\u00e1lfs \u00fe\u00edn sakir, Gu\u00f0 minn, \u00fev\u00ed a\u00f0 eftir \u00fe\u00ednu nafni er borg \u00fe\u00edn nefnd og l\u00fd\u00f0ur \u00feinn.\u201c<\/p>\n<h3 class=\"millifyrirsogn_2007\">Vikurnar sj\u00f6t\u00edu<\/h3>\n<p><a name=\"20\"><span class=\"versanumer_2007\">20<\/span><\/a> Me\u00f0an \u00e9g tala\u00f0i, ba\u00f0st fyrir og j\u00e1ta\u00f0i synd m\u00edna og synd \u00fej\u00f3\u00f0ar minnar, \u00cdsraels, og bar b\u00e6n m\u00edna fram fyrir Drottin, Gu\u00f0 minn, fyrir hinu heilaga fjalli hans, <a name=\"21\"><span class=\"versanumer_2007\">21<\/span><\/a> me\u00f0an \u00e9g var a\u00f0 bi\u00f0jast fyrir h\u00f3f ma\u00f0urinn Gabr\u00edel sig til flugs en hann haf\u00f0i \u00e9g \u00e1\u00f0ur s\u00e9\u00f0 \u00ed s\u00fdninni. Hann kom til m\u00edn um kv\u00f6ldf\u00f3rnart\u00edma. <a name=\"22\"><span class=\"versanumer_2007\">22<\/span><\/a> Hann fr\u00e6ddi mig og sag\u00f0i: <br \/>\u201eDan\u00edel, hinga\u00f0 er \u00e9g kominn til a\u00f0 veita \u00fe\u00e9r gl\u00f6ggan skilning. <a name=\"23\"><span class=\"versanumer_2007\">23<\/span><\/a> \u00deegar \u00fe\u00fa byrja\u00f0ir b\u00e6nir \u00fe\u00ednar barst or\u00f0 og \u00e9g er h\u00e9r til a\u00f0 greina \u00fe\u00e9r fr\u00e1 \u00fev\u00ed enda n\u00fdtur \u00fe\u00fa n\u00e1\u00f0ar. Hygg\u00f0u \u00fev\u00ed a\u00f0 or\u00f0inu og \u00f6\u00f0lastu skilning \u00e1 s\u00fdninni. <a name=\"24\"><span class=\"versanumer_2007\">24<\/span><\/a> Sj\u00f6t\u00edu vikur eru \u00fatm\u00e6ldar \u00fej\u00f3\u00f0 \u00feinni og hinni heil\u00f6gu borg \u00feinni \u00fear til m\u00e6lir misgj\u00f6r\u00f0a \u00feinna er fullur og syndirnar afpl\u00e1na\u00f0ar, \u00fear til fri\u00f0\u00fe\u00e6gt ver\u00f0ur fyrir rangl\u00e6ti\u00f0 og eil\u00edft r\u00e9ttl\u00e6ti kemst \u00e1, s\u00fdnir sp\u00e1mannanna r\u00e6tast og hi\u00f0 h\u00e1heilaga hl\u00fdtur smurningu. <a name=\"25\"><span class=\"versanumer_2007\">25<\/span><\/a> Vita skaltu og skilja a\u00f0 fr\u00e1 \u00fev\u00ed a\u00f0 or\u00f0 barst um endurreisn og endurbyggingu Jer\u00fasalem, allt til komu hins smur\u00f0a, l\u00ed\u00f0a sj\u00f6 vikur og \u00e1 sext\u00edu og tveim vikum ver\u00f0ur h\u00fan endurreist, torg hennar og s\u00edki. \u00dea\u00f0 ver\u00f0ur erfi\u00f0ur t\u00edmi. <a name=\"26\"><span class=\"versanumer_2007\">26<\/span><\/a> A\u00f0 \u00feessum sext\u00edu og tveimur vikum li\u00f0num mun hinn smur\u00f0i afm\u00e1\u00f0ur me\u00f0 \u00f6llu. Her lei\u00f0toga nokkurs, sem koma skal, mun ey\u00f0a borginni og helgid\u00f3mnum en hann mun farast \u00ed fl\u00f3\u00f0i. Tort\u00edming er fyrirhugu\u00f0 uns herna\u00f0inum l\u00fdkur. <a name=\"27\"><span class=\"versanumer_2007\">27<\/span><\/a> Hann mun gera traustan s\u00e1ttm\u00e1la vi\u00f0 marga \u00ed eina viku, fr\u00e1 mi\u00f0ri viku mun hann afnema sl\u00e1turf\u00f3rn og matf\u00f3rn. Vi\u00f0 horn altarisins ver\u00f0ur vi\u00f0urstygg\u00f0 ey\u00f0ingarinnar uns hin fyrirhuga\u00f0a tort\u00edming steypist yfir vi\u00f0urstygg\u00f0ina.\u201c<\/p>\n","protected":false},"excerpt":{"rendered":"<p>Dan\u00edel bi\u00f0ur fyrir \u00fej\u00f3\u00f0inni 1 \u00c1 fyrsta \u00e1ri Dar\u00edusar, sem var sonur Xerxesar,[ med\u00edskur a\u00f0 \u00e6tt og or\u00f0inn konungur \u00ed r\u00edki Kaldea, 2 \u00e1 fyrsta stj\u00f3rnar\u00e1ri hans leita\u00f0i \u00e9g, Dan\u00edel, \u00ed ritningunum a\u00f0 \u00fev\u00ed hve m\u00f6rg \u00e1r Jer\u00fasalem skyldi liggja \u00ed r\u00fastum samkv\u00e6mt or\u00f0i Drottins, sem vitra\u00f0ist Jerem\u00eda sp\u00e1manni, og reyndust \u00feau sj\u00f6t\u00edu. 3 \u00de\u00e1 sneri \u00e9g \u00e1sj\u00f3nu minni til Drottins Gu\u00f0s \u00ed b\u00e6n og \u00e1kalli og fasta\u00f0i \u00ed sekk og \u00f6sku. 4 \u00c9g ba\u00f0 til Drottins, Gu\u00f0s m\u00edns, og ger\u00f0i \u00feessa j\u00e1tningu: \u201e\u00d3, Drottinn, mikli og \u00f3gurlegi Gu\u00f0, sem heldur s\u00e1ttm\u00e1lann dyggilega vi\u00f0 \u00fe\u00e1 sem elska hann og var\u00f0veita <a href=\"https:\/\/biblian.is\/biblian\/daniel-9-kafli\/\"> [&#8230;]<\/a><\/p>\n","protected":false},"author":1,"featured_media":0,"parent":0,"menu_order":0,"comment_status":"open","ping_status":"open","template":"bibliukaflar_NT.php","meta":{"footnotes":""},"class_list":["post-2476","page","type-page","status-publish","hentry"],"_links":{"self":[{"href":"https:\/\/biblian.is\/biblian\/wp-json\/wp\/v2\/pages\/2476","targetHints":{"allow":["GET"]}}],"collection":[{"href":"https:\/\/biblian.is\/biblian\/wp-json\/wp\/v2\/pages"}],"about":[{"href":"https:\/\/biblian.is\/biblian\/wp-json\/wp\/v2\/types\/page"}],"author":[{"embeddable":true,"href":"https:\/\/biblian.is\/biblian\/wp-json\/wp\/v2\/users\/1"}],"replies":[{"embeddable":true,"href":"https:\/\/biblian.is\/biblian\/wp-json\/wp\/v2\/comments?post=2476"}],"version-history":[{"count":0,"href":"https:\/\/biblian.is\/biblian\/wp-json\/wp\/v2\/pages\/2476\/revisions"}],"wp:attachment":[{"href":"https:\/\/biblian.is\/biblian\/wp-json\/wp\/v2\/media?parent=2476"}],"curies":[{"name":"wp","href":"https:\/\/api.w.org\/{rel}","templated":true}]}}