{"id":2475,"date":"2017-12-30T21:03:18","date_gmt":"2017-12-30T21:03:18","guid":{"rendered":"http:\/\/biblian.is\/biblian\/dan%c2%92el-8-kafli\/"},"modified":"2024-06-26T23:22:05","modified_gmt":"2024-06-26T23:22:05","slug":"daniel-8-kafli","status":"publish","type":"page","link":"https:\/\/biblian.is\/biblian\/daniel-8-kafli\/","title":{"rendered":"Dan\u00edel 8. kafli"},"content":{"rendered":"<h3 class=\"millifyrirsogn_2007\"> \u00d6nnur s\u00fdn: Hr\u00faturinn og geithafurinn<\/h3>\n<p><a name=\"1\"><span class=\"versanumer_2007\">1<\/span><\/a> \u00c1 \u00feri\u00f0ja stj\u00f3rnar\u00e1ri Belsassars konungs birtist m\u00e9r, Dan\u00edel, enn s\u00fdn eftir hina fyrri. <a name=\"2\"><span class=\"versanumer_2007\">2<\/span><\/a> Er \u00e9g s\u00e1 s\u00fdnina var \u00e9g staddur \u00ed virkisborginni S\u00fasa \u00ed Elamh\u00e9ra\u00f0i og virtist m\u00e9r \u00ed s\u00fdninni sem \u00e9g v\u00e6ri staddur vi\u00f0 flj\u00f3ti\u00f0 \u00dala\u00ed. <a name=\"3\"><span class=\"versanumer_2007\">3<\/span><\/a> \u00c9g leit upp og s\u00e1 \u00fe\u00e1 hr\u00fat standa milli m\u00edn og flj\u00f3tsins. Tv\u00edhyrndur var hann og b\u00e6\u00f0i hornin h\u00e1. Var anna\u00f0 horni\u00f0 h\u00e6rra en hitt og haf\u00f0i \u00fe\u00f3 vaxi\u00f0 fram s\u00ed\u00f0ar. <a name=\"4\"><span class=\"versanumer_2007\">4<\/span><\/a> \u00c9g s\u00e1 a\u00f0 hr\u00faturinn stanga\u00f0i \u00ed vestur, nor\u00f0ur og su\u00f0ur. Engin skepna f\u00e9kk veitt honum vi\u00f0n\u00e1m og enginn var s\u00e1 a\u00f0 frelsa\u00f0 g\u00e6ti nokkurn undan valdi hans. Og hann f\u00f3r s\u00ednu fram og \u00f3x honum m\u00e1ttur. <br \/> <a name=\"5\"><span class=\"versanumer_2007\">5<\/span><\/a> Me\u00f0an \u00e9g horf\u00f0i \u00e1 birtist geithafur \u00far vestri og barst hann yfir j\u00f6r\u00f0ina alla \u00e1n \u00feess a\u00f0 snerta hana. S\u00e1 hafur haf\u00f0i horn miki\u00f0 milli augna. <a name=\"6\"><span class=\"versanumer_2007\">6<\/span><\/a> Hann stefndi \u00e1 tv\u00edhyrnda hr\u00fatinn sem \u00e9g haf\u00f0i s\u00e9\u00f0 standa milli m\u00edn og \u00e1rinnar og rann \u00e1 hann af miklum ofsa. <a name=\"7\"><span class=\"versanumer_2007\">7<\/span><\/a> \u00c9g s\u00e1 hann renna \u00e1 hr\u00fatinn og hamast gegn honum af miklu offorsi. Hann stanga\u00f0i hr\u00fatinn og braut b\u00e6\u00f0i horn hans en hr\u00faturinn megna\u00f0i ekki a\u00f0 veita honum vi\u00f0n\u00e1m. Hann slengdi honum til jar\u00f0ar og tr\u00f3\u00f0 hann undir og enginn var til a\u00f0 frelsa hr\u00fatinn undan valdi hans.<br \/> <a name=\"8\"><span class=\"versanumer_2007\">8<\/span><\/a> Geithafrinum \u00f3x mj\u00f6g \u00e1smegin en er hann m\u00e1tti s\u00edn sem mest brotna\u00f0i horni\u00f0 mikla. \u00cd sta\u00f0 \u00feess uxu fram fj\u00f6gur st\u00f3r horn m\u00f3t h\u00f6fu\u00f0\u00e1ttunum fj\u00f3rum. <br \/> <a name=\"9\"><span class=\"versanumer_2007\">9<\/span><\/a> Af einu \u00feeirra spratt enn l\u00edti\u00f0 horn og \u00f3x st\u00f3rum \u00ed \u00e1tt til su\u00f0urs, nor\u00f0urs og landsins fagra. <a name=\"10\"><span class=\"versanumer_2007\">10<\/span><\/a> \u00dea\u00f0 \u00f3x og n\u00e1\u00f0i til herskara himnanna, varpa\u00f0i til jar\u00f0ar nokkru af herskaranum og stj\u00f6rnunum og tr\u00f3\u00f0 undir f\u00e6ti. <a name=\"11\"><span class=\"versanumer_2007\">11<\/span><\/a> \u00dea\u00f0 atti jafnvel kappi vi\u00f0 h\u00f6f\u00f0ingja herskarans \u00feannig a\u00f0 hin daglega f\u00f3rn var afnumin og hinn helgi dvalarsta\u00f0ur hans yfirgefinn. <a name=\"12\"><span class=\"versanumer_2007\">12<\/span><\/a> Herskara var stefnt gegn hinni daglegu f\u00f3rn, horni\u00f0 varpa\u00f0i sannleikanum til jar\u00f0ar og haf\u00f0i \u00e1rangur \u00ed hverju verki. <br \/> <a name=\"13\"><span class=\"versanumer_2007\">13<\/span><\/a> \u00de\u00e1 heyr\u00f0i \u00e9g \u00e1 m\u00e1l heilagrar veru og \u00f6nnur heil\u00f6g vera spur\u00f0i vi\u00f0m\u00e6landa sinn: \u201eHve lengi mun svo ver\u00f0a sem s\u00fdnin bo\u00f0ar a\u00f0 hin daglega f\u00f3rn ver\u00f0i afnumin vegna misgj\u00f6r\u00f0a, helgid\u00f3murinn yfirgefinn og herskarinn f\u00f3tum tro\u00f0inn?\u201c <a name=\"14\"><span class=\"versanumer_2007\">14<\/span><\/a> Hann svara\u00f0i m\u00e9r: \u201eTv\u00f6 \u00fe\u00fasund og \u00ferj\u00fa hundru\u00f0 kv\u00f6ld og morgna. \u00de\u00e1 ver\u00f0ur helgid\u00f3murinn hreinn \u00e1 n\u00fd.\u201c <\/p>\n<h3 class=\"millifyrirsogn_2007\">Gabr\u00edel t\u00falkar s\u00fdnina<\/h3>\n<p><a name=\"15\"><span class=\"versanumer_2007\">15<\/span><\/a> \u00deegar \u00e9g, Dan\u00edel, var a\u00f0 vir\u00f0a fyrir m\u00e9r s\u00fdnina og leitast vi\u00f0 a\u00f0 skilja hana birtist m\u00e9r einhver sem var \u00ed mannsmynd. <a name=\"16\"><span class=\"versanumer_2007\">16<\/span><\/a> Og \u00e9g heyr\u00f0i mannsr\u00f6dd \u00far \u00dala\u00edflj\u00f3ti sem kalla\u00f0i: \u201eGabr\u00edel, \u00fatsk\u00fdr\u00f0u s\u00fdnina fyrir \u00feessum manni.\u201c <a name=\"17\"><span class=\"versanumer_2007\">17<\/span><\/a> Hann gekk til m\u00edn \u00fear sem \u00e9g st\u00f3\u00f0 og \u00feegar hann kom skelfdist \u00e9g og f\u00e9ll \u00e1 gr\u00fafu. En hann sag\u00f0i vi\u00f0 mig: \u201eSkildu \u00fea\u00f0, mannsbarn, a\u00f0 \u00feessi s\u00fdn var\u00f0ar s\u00ed\u00f0ustu t\u00edma.\u201c <a name=\"18\"><span class=\"versanumer_2007\">18<\/span><\/a> Og me\u00f0an hann tala\u00f0i vi\u00f0 mig kom yfir mig dj\u00fapur svefn \u00fear sem \u00e9g l\u00e1 \u00e1 gr\u00fafu \u00e1 j\u00f6r\u00f0inni. \u00de\u00e1 snerti hann mig og reisti mig \u00e1 f\u00e6tur <a name=\"19\"><span class=\"versanumer_2007\">19<\/span><\/a> og sag\u00f0i: \u201eN\u00fa greini \u00e9g \u00fe\u00e9r fr\u00e1 \u00fev\u00ed sem ver\u00f0a mun er rei\u00f0inni linnir \u00fev\u00ed a\u00f0 s\u00fdnin var\u00f0ar s\u00ed\u00f0ustu t\u00edma. <br \/> <a name=\"20\"><span class=\"versanumer_2007\">20<\/span><\/a> Tv\u00edhyrndi hr\u00faturinn, sem \u00fe\u00fa s\u00e1st, t\u00e1knar konungana \u00ed Med\u00edu og Pers\u00edu <a name=\"21\"><span class=\"versanumer_2007\">21<\/span><\/a> en hafurinn, \u00fea\u00f0 er geithafurinn, merkir konung Javans<span class=\"nedan_mal\" title=\" \u00de.e. Grikklands.\">[<\/span> og st\u00f3ra horni\u00f0 milli augna hans t\u00e1knar fyrsta konunginn. <a name=\"22\"><span class=\"versanumer_2007\">22<\/span><\/a> \u00dea\u00f0 brotna\u00f0i en fj\u00f6gur uxu fram \u00ed \u00feess sta\u00f0. \u00deetta \u00fe\u00fd\u00f0ir a\u00f0 fj\u00f6gur konungsr\u00edki munu hefjast af \u00fej\u00f3\u00f0inni en ekki erfa m\u00e1tt hennar. <br \/> <a name=\"23\"><span class=\"versanumer_2007\">23<\/span><\/a> \u00deegar konungsr\u00edkin taka enda og m\u00e6lir misgj\u00f6r\u00f0anna er fylltur mun illur konungur og l\u00e6v\u00eds hefjast til valda. <a name=\"24\"><span class=\"versanumer_2007\">24<\/span><\/a> Og vald hans ver\u00f0ur miki\u00f0 og \u00fe\u00f3 ekki af eigin rammleik. Mikill ska\u00f0valdur ver\u00f0ur hann, \u00f6ll verk hans munu ganga honum a\u00f0 \u00f3skum. Hann mun tort\u00edma b\u00e6\u00f0i valdh\u00f6fum og \u00fej\u00f3\u00f0 hinna heil\u00f6gu. <a name=\"25\"><span class=\"versanumer_2007\">25<\/span><\/a> Sl\u00e6g\u00f0 hans mun tryggja v\u00e9labr\u00f6g\u00f0um hans framgang. Hann mun hyggja \u00e1 st\u00f3rr\u00e6\u00f0i og steypa m\u00f6rgum \u00ed gl\u00f6tun er \u00feeir ugga ekki a\u00f0 s\u00e9r. Hann mun jafnvel etja kappi vi\u00f0 h\u00f6f\u00f0ingja h\u00f6f\u00f0ingjanna. En honum ver\u00f0ur steypt og \u00e1n \u00feess a\u00f0 menn komi n\u00e6rri. <br \/> <a name=\"26\"><span class=\"versanumer_2007\">26<\/span><\/a> Og satt er \u00fea\u00f0 sem sagt var \u00ed s\u00fdninni um kv\u00f6ld og morgna. En \u00feeirri s\u00fdn skaltu leyna \u00fev\u00ed a\u00f0 enn er langt \u00ed a\u00f0 h\u00fan komi fram.\u201c <br \/> <a name=\"27\"><span class=\"versanumer_2007\">27<\/span><\/a> M\u00e9r, Dan\u00edel, var mj\u00f6g brug\u00f0i\u00f0 og var \u00e9g m\u00e1ttvana \u00ed marga daga. \u00de\u00e1 reis \u00e9g upp og sinnti erindum konungs. En s\u00fdnin olli m\u00e9r hugarangri og enginn kunni sk\u00fdringu \u00e1 henni.<\/p>\n","protected":false},"excerpt":{"rendered":"<p>\u00d6nnur s\u00fdn: Hr\u00faturinn og geithafurinn 1 \u00c1 \u00feri\u00f0ja stj\u00f3rnar\u00e1ri Belsassars konungs birtist m\u00e9r, Dan\u00edel, enn s\u00fdn eftir hina fyrri. 2 Er \u00e9g s\u00e1 s\u00fdnina var \u00e9g staddur \u00ed virkisborginni S\u00fasa \u00ed Elamh\u00e9ra\u00f0i og virtist m\u00e9r \u00ed s\u00fdninni sem \u00e9g v\u00e6ri staddur vi\u00f0 flj\u00f3ti\u00f0 \u00dala\u00ed. 3 \u00c9g leit upp og s\u00e1 \u00fe\u00e1 hr\u00fat standa milli m\u00edn og flj\u00f3tsins. Tv\u00edhyrndur var hann og b\u00e6\u00f0i hornin h\u00e1. Var anna\u00f0 horni\u00f0 h\u00e6rra en hitt og haf\u00f0i \u00fe\u00f3 vaxi\u00f0 fram s\u00ed\u00f0ar. 4 \u00c9g s\u00e1 a\u00f0 hr\u00faturinn stanga\u00f0i \u00ed vestur, nor\u00f0ur og su\u00f0ur. Engin skepna f\u00e9kk veitt honum vi\u00f0n\u00e1m og enginn var s\u00e1 a\u00f0 frelsa\u00f0 g\u00e6ti <a href=\"https:\/\/biblian.is\/biblian\/daniel-8-kafli\/\"> [&#8230;]<\/a><\/p>\n","protected":false},"author":1,"featured_media":0,"parent":0,"menu_order":0,"comment_status":"open","ping_status":"open","template":"bibliukaflar_NT.php","meta":{"footnotes":""},"class_list":["post-2475","page","type-page","status-publish","hentry"],"_links":{"self":[{"href":"https:\/\/biblian.is\/biblian\/wp-json\/wp\/v2\/pages\/2475","targetHints":{"allow":["GET"]}}],"collection":[{"href":"https:\/\/biblian.is\/biblian\/wp-json\/wp\/v2\/pages"}],"about":[{"href":"https:\/\/biblian.is\/biblian\/wp-json\/wp\/v2\/types\/page"}],"author":[{"embeddable":true,"href":"https:\/\/biblian.is\/biblian\/wp-json\/wp\/v2\/users\/1"}],"replies":[{"embeddable":true,"href":"https:\/\/biblian.is\/biblian\/wp-json\/wp\/v2\/comments?post=2475"}],"version-history":[{"count":0,"href":"https:\/\/biblian.is\/biblian\/wp-json\/wp\/v2\/pages\/2475\/revisions"}],"wp:attachment":[{"href":"https:\/\/biblian.is\/biblian\/wp-json\/wp\/v2\/media?parent=2475"}],"curies":[{"name":"wp","href":"https:\/\/api.w.org\/{rel}","templated":true}]}}