{"id":2474,"date":"2017-12-30T21:03:18","date_gmt":"2017-12-30T21:03:18","guid":{"rendered":"http:\/\/biblian.is\/biblian\/dan%c2%92el-7-kafli\/"},"modified":"2024-06-26T23:22:04","modified_gmt":"2024-06-26T23:22:04","slug":"daniel-7-kafli","status":"publish","type":"page","link":"https:\/\/biblian.is\/biblian\/daniel-7-kafli\/","title":{"rendered":"Dan\u00edel 7. kafli"},"content":{"rendered":"<h2 class=\"millifyrirsogn_2007\">S\u00fdnir Dan\u00edels <\/h2>\n<h3 class=\"millifyrirsogn_2007\">Fyrsta s\u00fdn: D\u00fdrin fj\u00f6gur<\/h3>\n<p><a name=\"1\"><span class=\"versanumer_2007\">1<\/span><\/a> \u00c1 fyrsta stj\u00f3rnar\u00e1ri Belsassars konungs \u00ed Bab\u00fdlon dreymdi Dan\u00edel draum \u00ed rekkju sinni og s\u00e1 s\u00fdnir. Hann skr\u00e1\u00f0i s\u00ed\u00f0an drauminn og \u00ed upphafi fr\u00e1sagnarinnar <a name=\"2\"><span class=\"versanumer_2007\">2<\/span><\/a> greinir Dan\u00edel svo fr\u00e1: <br \/>\u00cd n\u00e6turs\u00fdn minni s\u00e1 \u00e9g hvernig himinvindarnir fj\u00f3rir \u00fdf\u00f0u hafi\u00f0 mikla. <a name=\"3\"><span class=\"versanumer_2007\">3<\/span><\/a> Og fj\u00f6gur st\u00f3r d\u00fdr komu upp \u00far hafinu, hvert \u00f6\u00f0ru \u00f3l\u00edkt. <a name=\"4\"><span class=\"versanumer_2007\">4<\/span><\/a> Fyrsta d\u00fdri\u00f0 var eins og lj\u00f3n en haf\u00f0i arnarv\u00e6ngi. Me\u00f0an \u00e9g horf\u00f0i \u00e1 \u00fea\u00f0 t\u00e6ttust v\u00e6ngir \u00feess af \u00fev\u00ed, \u00fev\u00ed var lyft upp og \u00fea\u00f0 reist \u00e1 f\u00e6tur eins og ma\u00f0ur v\u00e6ri og \u00fev\u00ed var fengi\u00f0 mannshjarta. <br \/> <a name=\"5\"><span class=\"versanumer_2007\">5<\/span><\/a> Og anna\u00f0 d\u00fdr s\u00e1 \u00e9g og annars h\u00e1ttar. \u00dea\u00f0 var eins og bjarnd\u00fdr, reis upp \u00e1 a\u00f0ra hli\u00f0 og bar \u00ferj\u00fa rifbein \u00ed kjafti s\u00e9r milli tannanna.<span class=\"nedan_mal\" title=\" \u00d6nnur hugsanleg \u00fe\u00fd\u00f0ing: \u2026 bar \u00ferj\u00e1r v\u00edgtennur. \">[<\/span> Og \u00fev\u00ed var skipa\u00f0: \u201eStattu upp og \u00e9ttu firn af kj\u00f6ti.\u201c <br \/> <a name=\"6\"><span class=\"versanumer_2007\">6<\/span><\/a> Eftir \u00feetta s\u00e1 \u00e9g enn eitt d\u00fdr, \u00e1\u00feekkt hl\u00e9bar\u00f0a, en \u00e1 s\u00ed\u00f0um \u00feess voru fj\u00f3rir fuglsv\u00e6ngir. \u00deetta d\u00fdr haf\u00f0i fj\u00f6gur h\u00f6fu\u00f0 og \u00fev\u00ed voru fengin v\u00f6ld. <br \/> <a name=\"7\"><span class=\"versanumer_2007\">7<\/span><\/a> Og enn s\u00e1 \u00e9g \u00ed n\u00e6turs\u00fdn minni fj\u00f3r\u00f0a d\u00fdri\u00f0, hr\u00e6\u00f0ilegt, \u00f3gnvekjandi og afar m\u00e1ttugt. \u00dea\u00f0 haf\u00f0i j\u00e1rntennur, h\u00e1ma\u00f0i \u00ed sig og bruddi og tra\u00f0ka\u00f0i undir f\u00f3tum \u00fea\u00f0 sem \u00fea\u00f0 leif\u00f0i. \u00dea\u00f0 var \u00f3l\u00edkt \u00f6llum fyrri d\u00fdrunum og var me\u00f0 t\u00edu horn. <br \/> <a name=\"8\"><span class=\"versanumer_2007\">8<\/span><\/a> \u00deegar \u00e9g virti fyrir m\u00e9r hornin s\u00e1 \u00e9g anna\u00f0 horn og sm\u00e6rra spretta fram me\u00f0al \u00feeirra og voru \u00ferj\u00fa af fyrri hornunum rifin upp til a\u00f0 r\u00fdma fyrir \u00fev\u00ed. \u00c1 \u00feessu horni voru augu, l\u00edk mannsaugum, og munnur sem m\u00e6lti g\u00edfuryr\u00f0i. <br \/> <span class=\"ljodatexti\"> <a name=\"9\"><span class=\"versanumer_ljod\">9<\/span><\/a>Me\u00f0an \u00e9g horf\u00f0i \u00e1 <br \/>var h\u00e1s\u00e6tum komi\u00f0 fyrir <br \/>og Hinn aldni t\u00f3k s\u00e9r s\u00e6ti. <br \/>Kl\u00e6\u00f0i hans voru mjallahv\u00edt <br \/>og h\u00f6fu\u00f0h\u00e1r hans sem hrein ull. <br \/>H\u00e1s\u00e6ti hans var eldslogi <br \/>og hj\u00f3lin undir \u00fev\u00ed logandi b\u00e1l. <br \/> <\/span> <span class=\"ljodatexti\"> <a name=\"10\"><span class=\"versanumer_ljod\">10<\/span><\/a>Eldur streymdi fr\u00e1 honum,<br \/>\u00fe\u00fasundir \u00fe\u00fasunda \u00fej\u00f3nu\u00f0u honum, <br \/>tug\u00fe\u00fasundir tug\u00fe\u00fasunda st\u00f3\u00f0u frammi fyrir honum. <br \/>R\u00e9ttur var settur <br \/>og b\u00f3kum flett upp. <\/span> <br \/> <a name=\"11\"><span class=\"versanumer_2007\">11<\/span><\/a> Enn horf\u00f0i \u00e9g \u00e1 vegna g\u00edfuryr\u00f0anna h\u00e1v\u00e6ru sem horni\u00f0 m\u00e6lti og var d\u00fdri\u00f0 drepi\u00f0 a\u00f0 m\u00e9r \u00e1sj\u00e1andi, l\u00edkama \u00feess eytt og \u00fev\u00ed varpa\u00f0 \u00e1 eld. <br \/> <a name=\"12\"><span class=\"versanumer_2007\">12<\/span><\/a> Hin d\u00fdrin voru einnig svipt valdi s\u00ednu en l\u00edfi \u00feeirra var enn \u00feyrmt til \u00e1kve\u00f0ins t\u00edma og stundar. <br \/> <span class=\"ljodatexti\"> <a name=\"13\"><span class=\"versanumer_ljod\">13<\/span><\/a>\u00c9g horf\u00f0i \u00e1 \u00ed n\u00e6turs\u00fdnum <br \/>og s\u00e1 \u00fe\u00e1 einhvern koma \u00e1 sk\u00fdjum himins,<br \/>\u00e1\u00feekkan mannssyni.<br \/>Hann kom til Hins aldna <br \/>og var leiddur fyrir hann. <br \/> <\/span> <span class=\"ljodatexti\"> <a name=\"14\"><span class=\"versanumer_ljod\">14<\/span><\/a>Honum var fali\u00f0 valdi\u00f0, <br \/>tignin og konungd\u00e6mi\u00f0 <br \/>og allir menn, \u00fej\u00f3\u00f0ir og tungur <br \/>skyldu l\u00fata honum. <br \/>Veldi hans er eil\u00edft <br \/>og l\u00ed\u00f0ur aldrei undir lok, <br \/>\u00e1 konungd\u00e6mi hans ver\u00f0ur enginn endir. <\/span> <\/p>\n<h3 class=\"millifyrirsogn_2007\">T\u00falkun s\u00fdnarinnar<\/h3>\n<p><a name=\"15\"><span class=\"versanumer_2007\">15<\/span><\/a> M\u00e9r, Dan\u00edel, var mj\u00f6g brug\u00f0i\u00f0 vi\u00f0 \u00feetta og st\u00f3\u00f0 \u00f3gn af s\u00fdnunum sem fyrir mig bar. <a name=\"16\"><span class=\"versanumer_2007\">16<\/span><\/a> \u00c9g gekk \u00fe\u00e1 til eins \u00feeirra sem \u00fearna st\u00f3\u00f0u og spur\u00f0i hva\u00f0 allt \u00feetta merkti \u00ed raun. Hann svara\u00f0i og \u00fatsk\u00fdr\u00f0i \u00feessa hluti \u00feannig fyrir m\u00e9r: <br \/> <a name=\"17\"><span class=\"versanumer_2007\">17<\/span><\/a> \u201e\u00deessi st\u00f3ru d\u00fdr, fj\u00f6gur a\u00f0 t\u00f6lu, merkja fj\u00f6gur konungd\u00e6mi sem koma munu fram \u00e1 j\u00f6r\u00f0inni <a name=\"18\"><span class=\"versanumer_2007\">18<\/span><\/a> en s\u00ed\u00f0an munu hinir heil\u00f6gu Hins \u00e6\u00f0sta hlj\u00f3ta konungsvaldi\u00f0 og halda konungd\u00e6minu a\u00f0 eil\u00edfu og um aldir alda.\u201c <br \/> <a name=\"19\"><span class=\"versanumer_2007\">19<\/span><\/a> S\u00ed\u00f0an \u00f3ska\u00f0i \u00e9g gleggri vitneskju um fj\u00f3r\u00f0a d\u00fdri\u00f0 sem \u00f3l\u00edkt var hinum d\u00fdrunum, \u00f3gn\u00ferungi\u00f0 me\u00f0 j\u00e1rntennur og eirkl\u00e6r og \u00e1t og bruddi og tra\u00f0ka\u00f0i undir f\u00f3tum \u00fea\u00f0 sem \u00fea\u00f0 leif\u00f0i, <a name=\"20\"><span class=\"versanumer_2007\">20<\/span><\/a> og eins um hornin t\u00edu \u00e1 h\u00f6f\u00f0i \u00feess; um n\u00fdja horni\u00f0 sem spratt fram og hin \u00ferj\u00fa sem f\u00e9llu af til a\u00f0 r\u00fdma fyrir \u00fev\u00ed, horni\u00f0 sem haf\u00f0i augu og munn, m\u00e6lti g\u00edfuryr\u00f0i og var meira \u00e1s\u00fdndum en hin. <a name=\"21\"><span class=\"versanumer_2007\">21<\/span><\/a> \u00c9g s\u00e1 hvernig \u00feetta horn h\u00e1\u00f0i str\u00ed\u00f0 vi\u00f0 hina heil\u00f6gu og haf\u00f0i betur <a name=\"22\"><span class=\"versanumer_2007\">22<\/span><\/a> uns Hinn aldni kom og d\u00f3mur f\u00e9ll \u00ed hag hinum heil\u00f6gu Hins \u00e6\u00f0sta og s\u00e1 t\u00edmi kom a\u00f0 hinir heil\u00f6gu hlutu konungd\u00e6mi\u00f0. <br \/> <a name=\"23\"><span class=\"versanumer_2007\">23<\/span><\/a> \u00deessu svara\u00f0i hann: \u201eFj\u00f3r\u00f0a d\u00fdri\u00f0 merkir a\u00f0 fj\u00f3r\u00f0a konungsr\u00edki\u00f0 mun koma fram \u00e1 j\u00f6r\u00f0inni og mun \u00fea\u00f0 ver\u00f0a \u00f3l\u00edkt \u00f6llum fyrri konungsr\u00edkjunum. \u00dea\u00f0 mun svelgja \u00ed sig \u00f6ll l\u00f6nd, tra\u00f0ka \u00e1 \u00feeim og tro\u00f0a \u00feau sundur. <a name=\"24\"><span class=\"versanumer_2007\">24<\/span><\/a> Hornin t\u00edu merkja a\u00f0 \u00ed \u00feessu r\u00edki munu koma fram t\u00edu konungar en annar konungur mun hefjast til valda eftir \u00fe\u00e1. Hann ver\u00f0ur \u00f3l\u00edkur hinum fyrri og mun steypa \u00feremur konungum \u00far sessi. <a name=\"25\"><span class=\"versanumer_2007\">25<\/span><\/a> Hann mun sn\u00faa or\u00f0um s\u00ednum gegn Hinum \u00e6\u00f0sta, k\u00faga hina heil\u00f6gu Hins \u00e6\u00f0sta, r\u00e1\u00f0gera a\u00f0 breyta helgit\u00ed\u00f0um og l\u00f6gum og \u00feeir ver\u00f0a seldir \u00ed hendur honum um eina t\u00ed\u00f0, tv\u00e6r t\u00ed\u00f0ir og h\u00e1lfa t\u00ed\u00f0.<span class=\"nedan_mal\" title=\" T\u00ed\u00f0 merkir h\u00e9r eitt \u00e1r.\">[<\/span> <a name=\"26\"><span class=\"versanumer_2007\">26<\/span><\/a> En r\u00e9ttur ver\u00f0ur settur og fr\u00e1 honum tekin v\u00f6ldin, afm\u00e1\u00f0 og a\u00f0 engu ger\u00f0. <a name=\"27\"><span class=\"versanumer_2007\">27<\/span><\/a> En konungsveldi, vald og tign allra konungsr\u00edkja undir himninum ver\u00f0ur fengi\u00f0 hinum heil\u00f6gu Hins \u00e6\u00f0sta. Konungd\u00e6mi \u00feeirra ver\u00f0ur eil\u00edft konungd\u00e6mi og \u00fev\u00ed munu \u00f6ll r\u00edki \u00fej\u00f3na og hl\u00fd\u00f0a.\u201c <br \/> <a name=\"28\"><span class=\"versanumer_2007\">28<\/span><\/a> H\u00e9r l\u00fdkur fr\u00e1s\u00f6gninni. M\u00e9r, Dan\u00edel, var\u00f0 afar \u00f3r\u00f3tt \u00ed huga og \u00e9g br\u00e1 litum, en var\u00f0veitti \u00feetta \u00ed hjarta m\u00ednu. <\/p>\n","protected":false},"excerpt":{"rendered":"<p>S\u00fdnir Dan\u00edels Fyrsta s\u00fdn: D\u00fdrin fj\u00f6gur 1 \u00c1 fyrsta stj\u00f3rnar\u00e1ri Belsassars konungs \u00ed Bab\u00fdlon dreymdi Dan\u00edel draum \u00ed rekkju sinni og s\u00e1 s\u00fdnir. Hann skr\u00e1\u00f0i s\u00ed\u00f0an drauminn og \u00ed upphafi fr\u00e1sagnarinnar 2 greinir Dan\u00edel svo fr\u00e1: \u00cd n\u00e6turs\u00fdn minni s\u00e1 \u00e9g hvernig himinvindarnir fj\u00f3rir \u00fdf\u00f0u hafi\u00f0 mikla. 3 Og fj\u00f6gur st\u00f3r d\u00fdr komu upp \u00far hafinu, hvert \u00f6\u00f0ru \u00f3l\u00edkt. 4 Fyrsta d\u00fdri\u00f0 var eins og lj\u00f3n en haf\u00f0i arnarv\u00e6ngi. Me\u00f0an \u00e9g horf\u00f0i \u00e1 \u00fea\u00f0 t\u00e6ttust v\u00e6ngir \u00feess af \u00fev\u00ed, \u00fev\u00ed var lyft upp og \u00fea\u00f0 reist \u00e1 f\u00e6tur eins og ma\u00f0ur v\u00e6ri og \u00fev\u00ed var fengi\u00f0 mannshjarta. 5 Og anna\u00f0 <a href=\"https:\/\/biblian.is\/biblian\/daniel-7-kafli\/\"> [&#8230;]<\/a><\/p>\n","protected":false},"author":1,"featured_media":0,"parent":0,"menu_order":0,"comment_status":"open","ping_status":"open","template":"bibliukaflar_NT.php","meta":{"footnotes":""},"class_list":["post-2474","page","type-page","status-publish","hentry"],"_links":{"self":[{"href":"https:\/\/biblian.is\/biblian\/wp-json\/wp\/v2\/pages\/2474","targetHints":{"allow":["GET"]}}],"collection":[{"href":"https:\/\/biblian.is\/biblian\/wp-json\/wp\/v2\/pages"}],"about":[{"href":"https:\/\/biblian.is\/biblian\/wp-json\/wp\/v2\/types\/page"}],"author":[{"embeddable":true,"href":"https:\/\/biblian.is\/biblian\/wp-json\/wp\/v2\/users\/1"}],"replies":[{"embeddable":true,"href":"https:\/\/biblian.is\/biblian\/wp-json\/wp\/v2\/comments?post=2474"}],"version-history":[{"count":0,"href":"https:\/\/biblian.is\/biblian\/wp-json\/wp\/v2\/pages\/2474\/revisions"}],"wp:attachment":[{"href":"https:\/\/biblian.is\/biblian\/wp-json\/wp\/v2\/media?parent=2474"}],"curies":[{"name":"wp","href":"https:\/\/api.w.org\/{rel}","templated":true}]}}