{"id":2473,"date":"2017-12-30T21:03:18","date_gmt":"2017-12-30T21:03:18","guid":{"rendered":"http:\/\/biblian.is\/biblian\/dan%c2%92el-6-kafli\/"},"modified":"2024-06-26T23:22:04","modified_gmt":"2024-06-26T23:22:04","slug":"daniel-6-kafli","status":"publish","type":"page","link":"https:\/\/biblian.is\/biblian\/daniel-6-kafli\/","title":{"rendered":"Dan\u00edel 6. kafli"},"content":{"rendered":"<h3 class=\"millifyrirsogn_2007\"> Dan\u00edel \u00ed lj\u00f3nagryfjunni<\/h3>\n<p><a name=\"1\"><span class=\"versanumer_2007\">1<\/span><\/a> Dar\u00edus fr\u00e1 Med\u00edu settist a\u00f0 v\u00f6ldum \u00ed r\u00edkinu og var hann \u00fe\u00e1 sext\u00edu og tveggja \u00e1ra a\u00f0 aldri. <a name=\"2\"><span class=\"versanumer_2007\">2<\/span><\/a> Dar\u00edusi \u00fe\u00f3tti henta a\u00f0 setja yfir r\u00edki\u00f0 hundra\u00f0 og tuttugu h\u00e9ra\u00f0sh\u00f6f\u00f0ingja, sem skipa\u00f0 var ni\u00f0ur v\u00ed\u00f0s vegar um r\u00edki\u00f0, <a name=\"3\"><span class=\"versanumer_2007\">3<\/span><\/a> og \u00ferj\u00e1 yfirh\u00f6f\u00f0ingja yfir \u00fe\u00e1 og var Dan\u00edel einn \u00feeirra. Gagnvart \u00feeim \u00e1byrg\u00f0ust h\u00e9ra\u00f0sh\u00f6f\u00f0ingjarnir a\u00f0 hlutur konungs v\u00e6ri \u00ed engu skertur. <a name=\"4\"><span class=\"versanumer_2007\">4<\/span><\/a> Dan\u00edel bar svo af yfirh\u00f6f\u00f0ingjunum og h\u00e9ra\u00f0sh\u00f6f\u00f0ingjunum vegna fr\u00e1b\u00e6rrar andagiftar sinnar a\u00f0 Dar\u00edus hug\u00f0ist setja hann yfir allt r\u00edki\u00f0. <a name=\"5\"><span class=\"versanumer_2007\">5<\/span><\/a> Yfirh\u00f6f\u00f0ingjarnir og h\u00e9ra\u00f0sh\u00f6f\u00f0ingjarnir t\u00f3ku \u00fev\u00ed a\u00f0 huga a\u00f0 \u00fev\u00ed hvort finna m\u00e6tti einhverja misfellu \u00ed stj\u00f3rns\u00fdslu Dan\u00edels en ekki t\u00f3kst \u00feeim a\u00f0 finna neitt sem g\u00e6ti or\u00f0i\u00f0 honum til \u00e1m\u00e6lis e\u00f0a sakargifta enda var hann svo tr\u00far \u00ed starfi a\u00f0 engin \u00e1vir\u00f0ing e\u00f0a vanr\u00e6ksla var\u00f0 \u00fear fundin. <br \/> <a name=\"6\"><span class=\"versanumer_2007\">6<\/span><\/a> \u00de\u00e1 s\u00f6g\u00f0u mennirnir: \u201eEkki tekst okkur a\u00f0 finna neitt sakn\u00e6mt um Dan\u00edel \u00feennan nema vera kynni a\u00f0 einhver s\u00f6k leyndist \u00ed \u00e1tr\u00fana\u00f0i hans.\u201c <br \/> <a name=\"7\"><span class=\"versanumer_2007\">7<\/span><\/a> \u00deessir yfirh\u00f6f\u00f0ingjar og h\u00e9ra\u00f0sh\u00f6f\u00f0ingjar skundu\u00f0u n\u00fa \u00e1 konungs fund og s\u00f6g\u00f0u: \u201eDar\u00edus konungur, megir \u00fe\u00fa lifa a\u00f0 eil\u00edfu. <a name=\"8\"><span class=\"versanumer_2007\">8<\/span><\/a> Allir yfirh\u00f6f\u00f0ingjar r\u00edkisins, landstj\u00f3rar, h\u00e9ra\u00f0sh\u00f6f\u00f0ingjar, r\u00e1\u00f0gjafar og landsh\u00f6f\u00f0ingjar hafa komi\u00f0 s\u00e9r saman um a\u00f0 gefin skuli \u00fat konungsskipun til sta\u00f0festingar \u00fev\u00ed a\u00f0 hverjum \u00feeim skuli varpa\u00f0 \u00ed lj\u00f3nagryfju sem \u00ed \u00ferj\u00e1t\u00edu daga sn\u00fdr b\u00e6num s\u00ednum til nokkurs gu\u00f0s e\u00f0a manns annars en \u00fe\u00edn, konungur. <a name=\"9\"><span class=\"versanumer_2007\">9<\/span><\/a> N\u00fa skaltu, konungur, gefa \u00feetta bann\u00e1kv\u00e6\u00f0i \u00fat og l\u00e1ta skr\u00e1 \u00fea\u00f0 og birta svo a\u00f0 \u00fev\u00ed ver\u00f0i ekki breytt fremur en \u00f6\u00f0rum \u00f3rj\u00fafanlegum l\u00f6gum Meda og Persa.\u201c <a name=\"10\"><span class=\"versanumer_2007\">10<\/span><\/a> Eftir \u00feessu f\u00f3r konungur og sta\u00f0festi bannskjali\u00f0. <br \/> <a name=\"11\"><span class=\"versanumer_2007\">11<\/span><\/a> Dan\u00edel fr\u00e9tti a\u00f0 \u00feessi tilskipun hef\u00f0i veri\u00f0 gefin \u00fat. Gekk hann \u00fe\u00e1 inn \u00ed h\u00fas sitt. \u00c1 efri h\u00e6\u00f0 haf\u00f0i hann opna glugga sem vissu a\u00f0 Jer\u00fasalem og \u00ferisvar \u00e1 dag kraup hann \u00e1 kn\u00e9, ba\u00f0 til Gu\u00f0s s\u00edns og vegsama\u00f0i hann eins og vandi hans haf\u00f0i veri\u00f0. <a name=\"12\"><span class=\"versanumer_2007\">12<\/span><\/a> N\u00fa skundu\u00f0u \u00feessir menn til og komu a\u00f0 Dan\u00edel \u00fear sem hann var a\u00f0 bi\u00f0ja og \u00e1kalla Gu\u00f0 sinn. <br \/> <a name=\"13\"><span class=\"versanumer_2007\">13<\/span><\/a> \u00deeir gengu \u00fev\u00ed n\u00e6st fyrir konung og f\u00e6r\u00f0u konungsbanni\u00f0 \u00ed tal vi\u00f0 hann: \u201eHefur \u00fe\u00fa ekki sta\u00f0fest \u00fea\u00f0 bann\u00e1kv\u00e6\u00f0i a\u00f0 hverjum \u00feeim sem \u00ed \u00ferj\u00e1t\u00edu daga sn\u00fdr b\u00e6num s\u00ednum til nokkurs gu\u00f0s e\u00f0a manns annars en \u00fe\u00edn, konungur, skuli varpa\u00f0 \u00ed lj\u00f3nagryfju?\u201c Konungur svara\u00f0i: \u201e\u00dea\u00f0 er f\u00f6st \u00e1kv\u00f6r\u00f0un eftir \u00f3rj\u00fafanlegu l\u00f6gm\u00e1li Meda og Persa.\u201c <a name=\"14\"><span class=\"versanumer_2007\">14<\/span><\/a> \u00deeir s\u00f6g\u00f0u \u00fe\u00e1 vi\u00f0 konung: \u201eDan\u00edel, einn af Gy\u00f0ingunum herleiddu, skeytir hvorki um \u00feig, konungur, n\u00e9 banni\u00f0 sem \u00fe\u00fa hefur gefi\u00f0 \u00fat, heldur gerir hann b\u00e6n s\u00edna \u00ferisvar \u00e1 dag.\u201c <a name=\"15\"><span class=\"versanumer_2007\">15<\/span><\/a> Konungi var brug\u00f0i\u00f0 er hann heyr\u00f0i \u00feetta og hugleiddi hann n\u00fa hvernig bjarga m\u00e6tti Dan\u00edel. Allt til s\u00f3larlags leita\u00f0i hann r\u00e1\u00f0a honum til hj\u00e1lpar. <a name=\"16\"><span class=\"versanumer_2007\">16<\/span><\/a> \u00deessir s\u00f6mu menn hr\u00f6\u00f0u\u00f0u s\u00e9r til konungs og s\u00f6g\u00f0u: \u201e\u00de\u00fa veist, konungur, a\u00f0 l\u00f6g Meda og Persa m\u00e6la svo fyrir a\u00f0 hvorki megi raska bo\u00f0i n\u00e9 banni sem konungur hefur sta\u00f0fest.\u201c <br \/> <a name=\"17\"><span class=\"versanumer_2007\">17<\/span><\/a> Konungur skipa\u00f0i \u00fe\u00e1 a\u00f0 Dan\u00edel skyldi s\u00f3ttur og honum varpa\u00f0 \u00ed lj\u00f3nagryfjuna. Og konungur sag\u00f0i vi\u00f0 Dan\u00edel: \u201eMegi n\u00fa Gu\u00f0 \u00feinn frelsa \u00feig, s\u00e1 sem \u00fe\u00fa vegsamar \u00e1n afl\u00e1ts.\u201c <a name=\"18\"><span class=\"versanumer_2007\">18<\/span><\/a> S\u00f3ttu menn n\u00fa stein og l\u00f6g\u00f0u yfir gryfjuopi\u00f0 en konungur innsigla\u00f0i hann me\u00f0 innsiglishring s\u00ednum og innsiglishringum yfirh\u00f6f\u00f0ingja sinna svo a\u00f0 engu yr\u00f0i breytt um \u00fe\u00e1 r\u00e1\u00f0st\u00f6fun sem ger\u00f0 haf\u00f0i veri\u00f0 vegna Dan\u00edels. <br \/> <a name=\"19\"><span class=\"versanumer_2007\">19<\/span><\/a> Gekk konungur s\u00ed\u00f0an heim \u00ed h\u00f6ll s\u00edna og var \u00fear um n\u00f3ttina og fasta\u00f0i. Hann l\u00e9t ekki f\u00e6ra frillur inn til s\u00edn og var andvaka um n\u00f3ttina. <br \/> <a name=\"20\"><span class=\"versanumer_2007\">20<\/span><\/a> Konungur reis \u00far rekkju strax er l\u00fdsa t\u00f3k af degi og skunda\u00f0i til lj\u00f3nagryfjunnar. <a name=\"21\"><span class=\"versanumer_2007\">21<\/span><\/a> Hann kom a\u00f0 lj\u00f3nagryfjunni og kalla\u00f0i \u00fe\u00e1 \u00e1 Dan\u00edel dapurri r\u00f6ddu. Konungur t\u00f3k til m\u00e1ls og sag\u00f0i: \u201eDan\u00edel, \u00fej\u00f3nn hins lifandi Gu\u00f0s, hefur Gu\u00f0 \u00feinn, s\u00e1 sem \u00fe\u00fa vegsamar \u00e1n afl\u00e1ts, megna\u00f0 a\u00f0 frelsa \u00feig undan lj\u00f3nunum?\u201c <a name=\"22\"><span class=\"versanumer_2007\">22<\/span><\/a> \u00de\u00e1 sag\u00f0i Dan\u00edel vi\u00f0 konung: \u201eKonungur, megir \u00fe\u00fa lifa a\u00f0 eil\u00edfu. <a name=\"23\"><span class=\"versanumer_2007\">23<\/span><\/a> Gu\u00f0 sendi engil sinn og hann loka\u00f0i gini lj\u00f3nanna svo a\u00f0 \u00feau unnu m\u00e9r ekkert mein. Gagnvart honum hef \u00e9g reynst saklaus og \u00ed engu hef \u00e9g broti\u00f0 gegn \u00fe\u00e9r, konungur.\u201c <a name=\"24\"><span class=\"versanumer_2007\">24<\/span><\/a> Var\u00f0 n\u00fa konungur harla gla\u00f0ur og skipa\u00f0i m\u00f6nnum a\u00f0 draga Dan\u00edel upp \u00far gryfjunni. Og Dan\u00edel var dreginn upp \u00far gryfjunni og var ekki a\u00f0 sj\u00e1 a\u00f0 honum hef\u00f0i or\u00f0i\u00f0 neitt a\u00f0 meini enda haf\u00f0i hann treyst Gu\u00f0i s\u00ednum. <br \/> <a name=\"25\"><span class=\"versanumer_2007\">25<\/span><\/a> En konungur bau\u00f0 a\u00f0 mennirnir, sem h\u00f6f\u00f0u r\u00e6gt Dan\u00edel, yr\u00f0u s\u00f3ttir og \u00feeim, b\u00f6rnum \u00feeirra og konum kasta\u00f0 \u00ed lj\u00f3nagryfjuna. Og \u00e1\u00f0ur en \u00feau kenndu botns \u00ed gryfjunni hremmdu lj\u00f3nin \u00feau og bruddu \u00f6ll bein \u00feeirra. <br \/> <a name=\"26\"><span class=\"versanumer_2007\">26<\/span><\/a> Dar\u00edus konungur rita\u00f0i n\u00fa \u00f6llum m\u00f6nnum sem b\u00faa \u00e1 j\u00f6r\u00f0inni, af \u00f6llum \u00fej\u00f3\u00f0um og \u00f6llum tungum: \u201eMegi ykkur vel farnast. <br \/> <a name=\"27\"><span class=\"versanumer_2007\">27<\/span><\/a> \u00de\u00e1 skipun birti \u00e9g a\u00f0 \u00ed \u00f6llu r\u00edki m\u00ednu skulu menn \u00f3ttast og vir\u00f0a Gu\u00f0 Dan\u00edels.<br \/> <span class=\"ljodatexti\"> Hann er hinn lifandi Gu\u00f0<br \/>og varir a\u00f0 eil\u00edfu. <br \/>R\u00edki hans hrynur ekki <br \/>og vald hans mun engan enda taka. <br \/> <\/span> <span class=\"ljodatexti\"> <a name=\"28\"><span class=\"versanumer_ljod\">28<\/span><\/a> Hann frelsar og bjargar, <br \/>hann gerir t\u00e1kn og undur \u00e1 himni og j\u00f6r\u00f0,<br \/>hann sem bjarga\u00f0i Dan\u00edel \u00far kl\u00f3m lj\u00f3nanna.\u201c <\/span> <br \/> <a name=\"29\"><span class=\"versanumer_2007\">29<\/span><\/a> Og vegur Dan\u00edels var mikill b\u00e6\u00f0i \u00e1 stj\u00f3rnart\u00edmum Dar\u00edusar og \u00e1 stj\u00f3rnar\u00e1rum K\u00fdrusar hins persneska. <\/p>\n","protected":false},"excerpt":{"rendered":"<p>Dan\u00edel \u00ed lj\u00f3nagryfjunni 1 Dar\u00edus fr\u00e1 Med\u00edu settist a\u00f0 v\u00f6ldum \u00ed r\u00edkinu og var hann \u00fe\u00e1 sext\u00edu og tveggja \u00e1ra a\u00f0 aldri. 2 Dar\u00edusi \u00fe\u00f3tti henta a\u00f0 setja yfir r\u00edki\u00f0 hundra\u00f0 og tuttugu h\u00e9ra\u00f0sh\u00f6f\u00f0ingja, sem skipa\u00f0 var ni\u00f0ur v\u00ed\u00f0s vegar um r\u00edki\u00f0, 3 og \u00ferj\u00e1 yfirh\u00f6f\u00f0ingja yfir \u00fe\u00e1 og var Dan\u00edel einn \u00feeirra. Gagnvart \u00feeim \u00e1byrg\u00f0ust h\u00e9ra\u00f0sh\u00f6f\u00f0ingjarnir a\u00f0 hlutur konungs v\u00e6ri \u00ed engu skertur. 4 Dan\u00edel bar svo af yfirh\u00f6f\u00f0ingjunum og h\u00e9ra\u00f0sh\u00f6f\u00f0ingjunum vegna fr\u00e1b\u00e6rrar andagiftar sinnar a\u00f0 Dar\u00edus hug\u00f0ist setja hann yfir allt r\u00edki\u00f0. 5 Yfirh\u00f6f\u00f0ingjarnir og h\u00e9ra\u00f0sh\u00f6f\u00f0ingjarnir t\u00f3ku \u00fev\u00ed a\u00f0 huga a\u00f0 \u00fev\u00ed hvort finna m\u00e6tti einhverja misfellu \u00ed <a href=\"https:\/\/biblian.is\/biblian\/daniel-6-kafli\/\"> [&#8230;]<\/a><\/p>\n","protected":false},"author":1,"featured_media":0,"parent":0,"menu_order":0,"comment_status":"open","ping_status":"open","template":"bibliukaflar_NT.php","meta":{"footnotes":""},"class_list":["post-2473","page","type-page","status-publish","hentry"],"_links":{"self":[{"href":"https:\/\/biblian.is\/biblian\/wp-json\/wp\/v2\/pages\/2473","targetHints":{"allow":["GET"]}}],"collection":[{"href":"https:\/\/biblian.is\/biblian\/wp-json\/wp\/v2\/pages"}],"about":[{"href":"https:\/\/biblian.is\/biblian\/wp-json\/wp\/v2\/types\/page"}],"author":[{"embeddable":true,"href":"https:\/\/biblian.is\/biblian\/wp-json\/wp\/v2\/users\/1"}],"replies":[{"embeddable":true,"href":"https:\/\/biblian.is\/biblian\/wp-json\/wp\/v2\/comments?post=2473"}],"version-history":[{"count":0,"href":"https:\/\/biblian.is\/biblian\/wp-json\/wp\/v2\/pages\/2473\/revisions"}],"wp:attachment":[{"href":"https:\/\/biblian.is\/biblian\/wp-json\/wp\/v2\/media?parent=2473"}],"curies":[{"name":"wp","href":"https:\/\/api.w.org\/{rel}","templated":true}]}}