{"id":2470,"date":"2017-12-30T21:03:18","date_gmt":"2017-12-30T21:03:18","guid":{"rendered":"http:\/\/biblian.is\/biblian\/dan%c2%92el-3-kafli\/"},"modified":"2024-06-26T23:22:03","modified_gmt":"2024-06-26T23:22:03","slug":"daniel-3-kafli","status":"publish","type":"page","link":"https:\/\/biblian.is\/biblian\/daniel-3-kafli\/","title":{"rendered":"Dan\u00edel 3. kafli"},"content":{"rendered":"<h3 class=\"millifyrirsogn_2007\"> Gulll\u00edkneski\u00f0<\/h3>\n<p><a name=\"1\"><span class=\"versanumer_2007\">1<\/span><\/a> Neb\u00fakadnesar konungur l\u00e9t gera l\u00edkneski \u00far gulli, sext\u00edu \u00e1lnir \u00e1 h\u00e6\u00f0 en sex \u00e1lnir \u00e1 breidd. L\u00edkneski\u00f0 l\u00e9t hann reisa \u00e1 D\u00farasl\u00e9ttu \u00ed Babelh\u00e9ra\u00f0i. <br \/> <a name=\"2\"><span class=\"versanumer_2007\">2<\/span><\/a> Og Neb\u00fakadnesar sendi menn til a\u00f0 stefna saman \u00f6llum h\u00e9ra\u00f0sh\u00f6f\u00f0ingjum, landsh\u00f6f\u00f0ingjum, f\u00f3getum, f\u00e9hir\u00f0um, d\u00f3murum, l\u00f6gm\u00f6nnum og emb\u00e6ttism\u00f6nnum skattlandanna. Skyldu \u00feeir koma til v\u00edgslu l\u00edkneskisins sem Neb\u00fakadnesar konungur haf\u00f0i l\u00e1ti\u00f0 reisa. <br \/> <a name=\"3\"><span class=\"versanumer_2007\">3<\/span><\/a> Og allir h\u00e9ra\u00f0sh\u00f6f\u00f0ingjarnir, landsh\u00f6f\u00f0ingjarnir, f\u00f3getarnir, f\u00e9hir\u00f0arnir, d\u00f3mararnir, l\u00f6gmennirnir og emb\u00e6ttismenn skattlandanna komu saman til v\u00edgslu l\u00edkneskisins, sem Neb\u00fakadnesar konungur haf\u00f0i l\u00e1ti\u00f0 reisa, og t\u00f3ku s\u00e9r st\u00f6\u00f0u frammi fyrir l\u00edkneskinu sem Neb\u00fakadnesar haf\u00f0i l\u00e1ti\u00f0 reisa. <a name=\"4\"><span class=\"versanumer_2007\">4<\/span><\/a> \u00de\u00e1 hr\u00f3pa\u00f0i kallarinn h\u00e1rri r\u00f6ddu: \u201e\u00deetta er ykkur fyrirskipa\u00f0, hverrar \u00fej\u00f3\u00f0ar og hva\u00f0a lands sem \u00fei\u00f0 eru\u00f0 og hver sem tunga ykkar er: <a name=\"5\"><span class=\"versanumer_2007\">5<\/span><\/a> \u00deegar \u00fei\u00f0 heyri\u00f0 hlj\u00f3m hornanna, l\u00fa\u00f0ranna, g\u00edgjanna, harpnanna, langspilanna, sekkjap\u00edpnanna og allra hinna hlj\u00f3\u00f0f\u00e6ranna, \u00fe\u00e1 skulu\u00f0 \u00fei\u00f0 falla fram og tilbi\u00f0ja gulll\u00edkneski\u00f0 sem Neb\u00fakadnesar konungur hefur l\u00e1ti\u00f0 reisa. <a name=\"6\"><span class=\"versanumer_2007\">6<\/span><\/a> Hverjum \u00feeim sem fellur ekki fram og tilbi\u00f0ur \u00fea\u00f0 ver\u00f0ur samstundis varpa\u00f0 inn \u00ed gl\u00f3andi eldsofn.\u201c <br \/> <a name=\"7\"><span class=\"versanumer_2007\">7<\/span><\/a> Um lei\u00f0 og menn heyr\u00f0u hlj\u00f3m hornanna, l\u00fa\u00f0ranna, g\u00edgjanna, harpnanna, langspilanna, sekkjap\u00edpnanna og allra hinna hlj\u00f3\u00f0f\u00e6ranna f\u00e9llu \u00feeir \u00fev\u00ed fram, hverrar \u00fej\u00f3\u00f0ar, hvers lands og hverrar tungu sem \u00feeir voru, og tilb\u00e1\u00f0u gulll\u00edkneski\u00f0 sem Neb\u00fakadnesar konungur haf\u00f0i l\u00e1ti\u00f0 reisa. <br \/> <a name=\"8\"><span class=\"versanumer_2007\">8<\/span><\/a> Kaldear nokkrir gengu n\u00fa fram og b\u00e1ru Gy\u00f0ingana s\u00f6kum. <a name=\"9\"><span class=\"versanumer_2007\">9<\/span><\/a> \u00deeir t\u00f3ku til m\u00e1ls og s\u00f6g\u00f0u vi\u00f0 Neb\u00fakadnesar konung: \u201eMegir \u00fe\u00fa lifa a\u00f0 eil\u00edfu, konungur. <a name=\"10\"><span class=\"versanumer_2007\">10<\/span><\/a> Konungur, \u00fe\u00fa hefur skipa\u00f0 svo fyrir a\u00f0 jafnskj\u00f3tt og hver ma\u00f0ur heyrir hlj\u00f3m hornanna, l\u00fa\u00f0ranna, g\u00edgjanna, harpnanna, langspilanna, sekkjap\u00edpnanna og allra hinna hlj\u00f3\u00f0f\u00e6ranna skuli hann falla fram og tilbi\u00f0ja gulll\u00edkneski\u00f0 <a name=\"11\"><span class=\"versanumer_2007\">11<\/span><\/a> og a\u00f0 hverjum \u00feeim sem ekki fellur fram og tilbi\u00f0ur skuli kasta\u00f0 inn \u00ed gl\u00f3andi eldsofn. <a name=\"12\"><span class=\"versanumer_2007\">12<\/span><\/a> En n\u00fa eru h\u00e9r Gy\u00f0ingar nokkrir sem \u00fe\u00fa hefur gert a\u00f0 h\u00e9ra\u00f0sstj\u00f3rum yfir Babelh\u00e9ra\u00f0i, \u00feeir Sadrak, Mesak og Abed-Neg\u00f3. \u00deessir menn hafa or\u00f0 \u00fe\u00edn a\u00f0 engu, konungur. \u00deeir d\u00fdrka ekki \u00fe\u00edna gu\u00f0i og tilbi\u00f0ja ekki gulll\u00edkneski\u00f0 sem \u00fe\u00fa hefur l\u00e1ti\u00f0 reisa.\u201c <br \/> <a name=\"13\"><span class=\"versanumer_2007\">13<\/span><\/a> Neb\u00fakadnesar var\u00f0 ofsarei\u00f0ur og skipa\u00f0i \u00ed br\u00e6\u00f0i sinni a\u00f0 \u00feeir Sadrak, Mesak og Abed-Neg\u00f3 skyldu leiddir fyrir konung og var \u00fea\u00f0 gert. <a name=\"14\"><span class=\"versanumer_2007\">14<\/span><\/a> Neb\u00fakadnesar t\u00f3k til m\u00e1ls og sag\u00f0i vi\u00f0 \u00fe\u00e1: \u201eEr \u00fea\u00f0 satt, Sadrak, Mesak og Abed-Neg\u00f3, a\u00f0 \u00fei\u00f0 d\u00fdrki\u00f0 ekki minn gu\u00f0 og tilbi\u00f0ji\u00f0 ekki gulll\u00edkneski\u00f0 sem \u00e9g hef l\u00e1ti\u00f0 reisa? <a name=\"15\"><span class=\"versanumer_2007\">15<\/span><\/a> S\u00e9u\u00f0 \u00fei\u00f0 til \u00feess rei\u00f0ub\u00fanir, jafnskj\u00f3tt og \u00fei\u00f0 heyri\u00f0 hlj\u00f3m hornanna, l\u00fa\u00f0ranna, g\u00edgjanna, harpnanna, langspilanna, sekkjap\u00edpnanna og allra hinna hlj\u00f3\u00f0f\u00e6ranna, a\u00f0 falla fram og tilbi\u00f0ja l\u00edkneski\u00f0 sem \u00e9g hef l\u00e1ti\u00f0 reisa skal \u00e9g l\u00e1ta kyrrt liggja. En ef \u00fei\u00f0 tilbi\u00f0ji\u00f0 \u00fea\u00f0 ekki ver\u00f0ur ykkur tafarlaust varpa\u00f0 inn \u00ed gl\u00f3andi eldsofn. Og hver er \u00fe\u00e1 s\u00e1 gu\u00f0 sem g\u00e6ti frelsa\u00f0 ykkur \u00far h\u00f6ndum m\u00e9r?\u201c <br \/> <a name=\"16\"><span class=\"versanumer_2007\">16<\/span><\/a> \u00deeir Sadrak, Mesak og Abed-Neg\u00f3 sv\u00f6ru\u00f0u \u00fe\u00e1 og s\u00f6g\u00f0u vi\u00f0 konung: \u201eNeb\u00fakadnesar, um \u00feetta \u00feurfum vi\u00f0 \u00fe\u00e9r engu a\u00f0 svara. <a name=\"17\"><span class=\"versanumer_2007\">17<\/span><\/a> Vilji Gu\u00f0 okkar, s\u00e1 sem vi\u00f0 d\u00fdrkum, frelsa okkur getur hann frelsa\u00f0 okkur jafnt \u00far gl\u00f3andi eldsofni sem \u00far \u00fe\u00ednum h\u00f6ndum, konungur. <a name=\"18\"><span class=\"versanumer_2007\">18<\/span><\/a> Og \u00fe\u00f3tt hann l\u00e1ti \u00fea\u00f0 \u00f3gert skaltu samt vita a\u00f0 vi\u00f0 munum hvorki d\u00fdrka \u00fe\u00edna gu\u00f0i, konungur, n\u00e9 tilbi\u00f0ja gulll\u00edkneski\u00f0 sem \u00fe\u00fa hefur l\u00e1ti\u00f0 reisa.\u201c <br \/> <a name=\"19\"><span class=\"versanumer_2007\">19<\/span><\/a> Neb\u00fakadnesar var\u00f0 afar rei\u00f0ur \u00feeim Sadrak, Mesak og Abed-Neg\u00f3, svo a\u00f0 \u00e1sj\u00f3na hans afskr\u00e6mdist, og skipa\u00f0i hann a\u00f0 ofninn skyldi kyntur sj\u00f6falt heitar en venja var. <a name=\"20\"><span class=\"versanumer_2007\">20<\/span><\/a> Og hann skipa\u00f0i nokkrum sterkustu m\u00f6nnum \u00ed her s\u00ednum a\u00f0 binda \u00fe\u00e1 Sadrak, Mesak og Abed-Neg\u00f3 og kasta \u00feeim inn \u00ed gl\u00f3andi eldsofninn. <a name=\"21\"><span class=\"versanumer_2007\">21<\/span><\/a> \u00deeir voru s\u00ed\u00f0an bundnir \u00ed treyjum s\u00ednum, kyrtlum, h\u00f6fu\u00f0b\u00fana\u00f0i og \u00f6\u00f0rum fl\u00edkum s\u00ednum og \u00feeim kasta\u00f0 inn \u00ed eldsofninn gl\u00f3andi. <a name=\"22\"><span class=\"versanumer_2007\">22<\/span><\/a> En vegna \u00feess hve skipun konungs var afdr\u00e1ttarlaus var ofninn kyntur sem mest m\u00e1tti og var\u00f0 eldsloginn m\u00f6nnunum a\u00f0 bana sem b\u00e1ru \u00fe\u00e1 Sadrak, Mesak og Abed-Neg\u00f3. <a name=\"23\"><span class=\"versanumer_2007\">23<\/span><\/a> En \u00feeir Sadrak, Mesak og Abed-Neg\u00f3 f\u00e9llu allir \u00ed fj\u00f6trum s\u00ednum ni\u00f0ur \u00ed gl\u00f3andi eldsofninn. <\/p>\n<h3 class=\"millifyrirsogn_2007\">Kraftaverk \u00ed eldsofninum<\/h3>\n<p><a name=\"24\"><span class=\"versanumer_2007\">24<\/span><\/a> N\u00fa var\u00f0 Neb\u00fakadnesar konungur forvi\u00f0a, spratt \u00e1 f\u00e6tur og spur\u00f0i r\u00e1\u00f0gjafa s\u00edna: \u201eV\u00f6rpu\u00f0um vi\u00f0 ekki \u00feremur m\u00f6nnum \u00ed fj\u00f6trum inn \u00ed eldinn?\u201c Og \u00feeir sv\u00f6ru\u00f0u: \u201eJ\u00fa, vissulega, konungur.\u201c <a name=\"25\"><span class=\"versanumer_2007\">25<\/span><\/a> En hann sag\u00f0i: \u201eSamt s\u00e9 \u00e9g fj\u00f3ra menn ganga \u00f3bundna og \u00f3skadda\u00f0a inni \u00ed eldinum og er hinn fj\u00f3r\u00f0i l\u00edkastur gu\u00f0d\u00f3mlegri veru<span class=\"nedan_mal\" title=\" E\u00f0a: syni gu\u00f0anna. \">[<\/span> a\u00f0 sj\u00e1.\u201c <br \/> <a name=\"26\"><span class=\"versanumer_2007\">26<\/span><\/a> \u00de\u00e1 gekk Neb\u00fakadnesar a\u00f0 loku eldsofnsins gl\u00f3andi, t\u00f3k til m\u00e1ls og sag\u00f0i: \u201eSadrak, Mesak og Abed-Neg\u00f3, \u00fej\u00f3nar hins \u00e6\u00f0sta Gu\u00f0s, gangi\u00f0 \u00fat og komi\u00f0 hinga\u00f0!\u201c Og \u00feeir Sadrak, Mesak og Abed-Neg\u00f3 gengu \u00fat \u00far eldinum. <a name=\"27\"><span class=\"versanumer_2007\">27<\/span><\/a> H\u00e9ra\u00f0sh\u00f6f\u00f0ingjarnir, landstj\u00f3rarnir, landsh\u00f6f\u00f0ingjarnir og r\u00e1\u00f0gjafar konungs \u00feyrptust saman og s\u00e1u a\u00f0 eldurinn haf\u00f0i ekki unni\u00f0 \u00e1 l\u00edkama mannanna, h\u00e1ri\u00f0 \u00e1 h\u00f6f\u00f0i \u00feeirra haf\u00f0i ekki svi\u00f0na\u00f0, n\u00e9 s\u00e1 \u00e1 treyjum \u00feeirra og engin brunalykt var af \u00feeim. <br \/> <a name=\"28\"><span class=\"versanumer_2007\">28<\/span><\/a> Neb\u00fakadnesar sag\u00f0i \u00fe\u00e1: \u201eLofa\u00f0ur s\u00e9 Gu\u00f0 \u00feeirra Sadraks, Mesaks og Abed-Neg\u00f3 sem sent hefur engil sinn a\u00f0 frelsa \u00fej\u00f3na s\u00edna. \u00deeir treystu honum og \u00f3hl\u00fd\u00f0nu\u00f0ust skipun konungsins og l\u00f6g\u00f0u l\u00edkama sinn \u00ed s\u00f6lurnar svo a\u00f0 \u00feeir \u00feyrftu ekki a\u00f0 d\u00fdrka e\u00f0a tilbi\u00f0ja annan gu\u00f0 en sinn Gu\u00f0. <a name=\"29\"><span class=\"versanumer_2007\">29<\/span><\/a> N\u00fa er \u00fea\u00f0 tilskipun m\u00edn a\u00f0 hver s\u00e1, hverrar \u00fej\u00f3\u00f0ar, hvers lands og hverrar tungu sem hann er og fer lastm\u00e6lum um Gu\u00f0 \u00feeirra Sadraks, Mesaks og Abed-Neg\u00f3, skal lima\u00f0ur sundur og h\u00fas hans lagt \u00ed r\u00fast \u00fev\u00ed a\u00f0 enginn annar Gu\u00f0 er til sem megnar a\u00f0 frelsa eins og hann.\u201c <br \/> <a name=\"30\"><span class=\"versanumer_2007\">30<\/span><\/a> S\u00ed\u00f0an setti konungur \u00fe\u00e1 Sadrak, Mesak og Abed-Neg\u00f3 til h\u00e1rra metor\u00f0a \u00ed Babelh\u00e9ra\u00f0i.<\/p>\n<h3 class=\"millifyrirsogn_2007\">S\u00ed\u00f0ari draumur Neb\u00fakadnesars<\/h3>\n<p><a name=\"31\"><span class=\"versanumer_2007\">31<\/span><\/a> Neb\u00fakadnesar konungur sendir kve\u00f0ju s\u00edna \u00f6llum m\u00f6nnum sem \u00e1 j\u00f6r\u00f0inni b\u00faa, hverrar \u00fej\u00f3\u00f0ar, hva\u00f0a lands og hverrar tungu sem eru: \u201eMegi ykkur vel farnast. <a name=\"32\"><span class=\"versanumer_2007\">32<\/span><\/a> Me\u00f0 vel\u00fe\u00f3knun greini \u00e9g fr\u00e1 \u00f6llum \u00feeim teiknum og undraverkum sem hinn \u00e6\u00f0sti Gu\u00f0 hefur birt m\u00e9r. <br \/> <span class=\"ljodatexti\"> <a name=\"33\"><span class=\"versanumer_ljod\">33<\/span><\/a> Hve m\u00e1ttug eru teikn hans, <br \/>hve st\u00f3rkostleg eru undraverk hans. <br \/>Konungd\u00e6mi hans er eil\u00edft <br \/>konungd\u00e6mi og veldi hans varir fr\u00e1 kyni til kyns. <\/span> <\/p>\n","protected":false},"excerpt":{"rendered":"<p>Gulll\u00edkneski\u00f0 1 Neb\u00fakadnesar konungur l\u00e9t gera l\u00edkneski \u00far gulli, sext\u00edu \u00e1lnir \u00e1 h\u00e6\u00f0 en sex \u00e1lnir \u00e1 breidd. L\u00edkneski\u00f0 l\u00e9t hann reisa \u00e1 D\u00farasl\u00e9ttu \u00ed Babelh\u00e9ra\u00f0i. 2 Og Neb\u00fakadnesar sendi menn til a\u00f0 stefna saman \u00f6llum h\u00e9ra\u00f0sh\u00f6f\u00f0ingjum, landsh\u00f6f\u00f0ingjum, f\u00f3getum, f\u00e9hir\u00f0um, d\u00f3murum, l\u00f6gm\u00f6nnum og emb\u00e6ttism\u00f6nnum skattlandanna. Skyldu \u00feeir koma til v\u00edgslu l\u00edkneskisins sem Neb\u00fakadnesar konungur haf\u00f0i l\u00e1ti\u00f0 reisa. 3 Og allir h\u00e9ra\u00f0sh\u00f6f\u00f0ingjarnir, landsh\u00f6f\u00f0ingjarnir, f\u00f3getarnir, f\u00e9hir\u00f0arnir, d\u00f3mararnir, l\u00f6gmennirnir og emb\u00e6ttismenn skattlandanna komu saman til v\u00edgslu l\u00edkneskisins, sem Neb\u00fakadnesar konungur haf\u00f0i l\u00e1ti\u00f0 reisa, og t\u00f3ku s\u00e9r st\u00f6\u00f0u frammi fyrir l\u00edkneskinu sem Neb\u00fakadnesar haf\u00f0i l\u00e1ti\u00f0 reisa. 4 \u00de\u00e1 hr\u00f3pa\u00f0i kallarinn h\u00e1rri r\u00f6ddu: \u201e\u00deetta er <a href=\"https:\/\/biblian.is\/biblian\/daniel-3-kafli\/\"> [&#8230;]<\/a><\/p>\n","protected":false},"author":1,"featured_media":0,"parent":0,"menu_order":0,"comment_status":"open","ping_status":"open","template":"bibliukaflar_NT.php","meta":{"footnotes":""},"class_list":["post-2470","page","type-page","status-publish","hentry"],"_links":{"self":[{"href":"https:\/\/biblian.is\/biblian\/wp-json\/wp\/v2\/pages\/2470","targetHints":{"allow":["GET"]}}],"collection":[{"href":"https:\/\/biblian.is\/biblian\/wp-json\/wp\/v2\/pages"}],"about":[{"href":"https:\/\/biblian.is\/biblian\/wp-json\/wp\/v2\/types\/page"}],"author":[{"embeddable":true,"href":"https:\/\/biblian.is\/biblian\/wp-json\/wp\/v2\/users\/1"}],"replies":[{"embeddable":true,"href":"https:\/\/biblian.is\/biblian\/wp-json\/wp\/v2\/comments?post=2470"}],"version-history":[{"count":0,"href":"https:\/\/biblian.is\/biblian\/wp-json\/wp\/v2\/pages\/2470\/revisions"}],"wp:attachment":[{"href":"https:\/\/biblian.is\/biblian\/wp-json\/wp\/v2\/media?parent=2470"}],"curies":[{"name":"wp","href":"https:\/\/api.w.org\/{rel}","templated":true}]}}