{"id":2469,"date":"2017-12-30T21:03:18","date_gmt":"2017-12-30T21:03:18","guid":{"rendered":"http:\/\/biblian.is\/biblian\/dan%c2%92el-2-kafli\/"},"modified":"2024-06-26T23:22:03","modified_gmt":"2024-06-26T23:22:03","slug":"daniel-2-kafli","status":"publish","type":"page","link":"https:\/\/biblian.is\/biblian\/daniel-2-kafli\/","title":{"rendered":"Dan\u00edel 2. kafli"},"content":{"rendered":"<h3 class=\"millifyrirsogn_2007\"> Fyrri draumur Neb\u00fakadnesars<\/h3>\n<p><a name=\"1\"><span class=\"versanumer_2007\">1<\/span><\/a> \u00c1 \u00f6\u00f0ru stj\u00f3rnar\u00e1ri Neb\u00fakadnesars dreymdi hann draum. Olli draumurinn honum sl\u00edkum \u00e1hyggjum a\u00f0 hann festi ekki svefn. <a name=\"2\"><span class=\"versanumer_2007\">2<\/span><\/a> Konungur l\u00e9t \u00fe\u00e1 bo\u00f0a til s\u00edn sp\u00e1sagnamenn, s\u00e6ringamenn, galdramenn og Kaldea<span class=\"nedan_mal\" title=\" Stj\u00f6rnusp\u00e1menn. Or\u00f0 f\u00f3r af Kaldeum fyrir kunn\u00e1ttu \u00feeirra \u00ed stj\u00f6rnuspeki.\">[<\/span> svo a\u00f0 \u00feeir g\u00e6tu r\u00e1\u00f0i\u00f0 draum hans. \u00deeir komu og t\u00f3ku s\u00e9r st\u00f6\u00f0u frammi fyrir konungi. <a name=\"3\"><span class=\"versanumer_2007\">3<\/span><\/a> Konungur m\u00e6lti: \u201eDraum hefur mig dreymt sem veldur m\u00e9r hugarangri og ekki linnir fyrr en \u00e9g skil merkingu hans.\u201c <a name=\"4\"><span class=\"versanumer_2007\">4<\/span><\/a> Kaldear sv\u00f6ru\u00f0u konungi \u00e1 arame\u00edsku og s\u00f6g\u00f0u: \u201eMegir \u00fe\u00fa lifa a\u00f0 eil\u00edfu, konungur. Seg\u00f0u \u00fej\u00f3num \u00fe\u00ednum drauminn og vi\u00f0 munum r\u00e1\u00f0a hann.\u201c <a name=\"5\"><span class=\"versanumer_2007\">5<\/span><\/a> Konungur svara\u00f0i Kaldeum: \u201e\u00deetta er \u00e1kv\u00f6r\u00f0un m\u00edn og ver\u00f0ur ekki \u00feoka\u00f0: Ef \u00fei\u00f0 segi\u00f0 m\u00e9r ekki hver draumurinn er og hva\u00f0 hann merkir ver\u00f0i\u00f0 \u00fei\u00f0 lima\u00f0ir sundur og h\u00fas ykkar l\u00f6g\u00f0 \u00ed r\u00fast. <a name=\"6\"><span class=\"versanumer_2007\">6<\/span><\/a> En ef \u00fei\u00f0 segi\u00f0 m\u00e9r drauminn og merkingu hans munu\u00f0 \u00fei\u00f0 hlj\u00f3ta hj\u00e1 m\u00e9r umbun, r\u00edkulegar gjafir og vegsemd. Segi\u00f0 m\u00e9r \u00fev\u00ed hver draumurinn er og hva\u00f0 hann merkir.\u201c <a name=\"7\"><span class=\"versanumer_2007\">7<\/span><\/a> \u00deeir sv\u00f6ru\u00f0u \u00fe\u00e1 enn \u00e1 n\u00fd: \u201eSeg\u00f0u \u00fej\u00f3num \u00fe\u00ednum drauminn, konungur, og \u00fe\u00e1 skulum vi\u00f0 segja hver r\u00e1\u00f0ning hans er.\u201c <br \/> <a name=\"8\"><span class=\"versanumer_2007\">8<\/span><\/a> En konungur svara\u00f0i: \u201eM\u00e9r er fulllj\u00f3st a\u00f0 n\u00fa hyggist \u00fei\u00f0 skj\u00f3ta m\u00e1linu \u00e1 frest \u00fev\u00ed a\u00f0 \u00fei\u00f0 viti\u00f0 \u00fe\u00e1 \u00e1kv\u00f6r\u00f0un m\u00edna <a name=\"9\"><span class=\"versanumer_2007\">9<\/span><\/a> a\u00f0 ykkar b\u00ed\u00f0ur a\u00f0eins einn d\u00f3mur ef \u00fei\u00f0 segi\u00f0 m\u00e9r ekki draum minn og r\u00e1\u00f0ningu hans. \u00dei\u00f0 hafi\u00f0 komi\u00f0 ykkur saman um a\u00f0 fara me\u00f0 blekkingar og lygi gagnvart m\u00e9r \u00feanga\u00f0 til t\u00edmarnir breytast ykkur \u00ed hag. Segi\u00f0 m\u00e9r \u00fev\u00ed drauminn. \u00de\u00e1 mun \u00e9g vita hvort \u00fei\u00f0 geti\u00f0 r\u00e1\u00f0i\u00f0 merkingu hans.\u201c <br \/> <a name=\"10\"><span class=\"versanumer_2007\">10<\/span><\/a> Kaldear sv\u00f6ru\u00f0u konungi: \u201eEnginn ma\u00f0ur \u00ed heimi getur or\u00f0i\u00f0 vi\u00f0 \u00feessum tilm\u00e6lum konungs enda hefur enginn konungur e\u00f0a st\u00f3rh\u00f6f\u00f0ingi nokkru sinni krafist sl\u00edks af nokkrum sp\u00e1sagnamanni, s\u00e6ringamanni e\u00f0a Kaldea. <a name=\"11\"><span class=\"versanumer_2007\">11<\/span><\/a> Torvelt er \u00fea\u00f0 sem konungur bei\u00f0ist og getur enginn fr\u00e6tt hann um \u00fea\u00f0 nema gu\u00f0irnir einir en b\u00fasta\u00f0ur \u00feeirra er ekki me\u00f0al dau\u00f0legra manna.\u201c <br \/> <a name=\"12\"><span class=\"versanumer_2007\">12<\/span><\/a> \u00deetta gramdist konungi mj\u00f6g. Hann var\u00f0 \u00e6varei\u00f0ur og skipa\u00f0i svo fyrir a\u00f0 allir vitringar \u00ed Bab\u00fdlon skyldu t\u00fdna l\u00edfi. <a name=\"13\"><span class=\"versanumer_2007\">13<\/span><\/a> Birt var tilskipun um a\u00f0 vitringarnir skyldu teknir af l\u00edfi og var leit hafin a\u00f0 Dan\u00edel og f\u00e9l\u00f6gum hans til a\u00f0 l\u00edfl\u00e1ta \u00fe\u00e1. <\/p>\n<h3 class=\"millifyrirsogn_2007\">Gu\u00f0 birtir Dan\u00edel r\u00e1\u00f0ningu draumsins<\/h3>\n<p><a name=\"14\"><span class=\"versanumer_2007\">14<\/span><\/a> Dan\u00edel leita\u00f0i \u00fe\u00e1 til Arj\u00f3ks, l\u00edfvar\u00f0arforingja konungs, sem bj\u00f3st n\u00fa til a\u00f0 taka vitringana \u00ed Bab\u00fdlon af l\u00edfi, og r\u00e6ddi vi\u00f0 hann af varf\u00e6rni og hyggindum s\u00ednum. <a name=\"15\"><span class=\"versanumer_2007\">15<\/span><\/a> Hann sag\u00f0i vi\u00f0 Arj\u00f3k, emb\u00e6ttismann konungs: \u201eHv\u00ed er \u00feessi tilskipun konungs svo \u00f3v\u00e6gin?\u201c Arj\u00f3k greindi Dan\u00edel \u00fe\u00e1 fr\u00e1 m\u00e1lav\u00f6xtum. <a name=\"16\"><span class=\"versanumer_2007\">16<\/span><\/a> Dan\u00edel f\u00f3r til konungs og ba\u00f0 hann a\u00f0 veita s\u00e9r frest til a\u00f0 r\u00e1\u00f0a draum hans. <br \/> <a name=\"17\"><span class=\"versanumer_2007\">17<\/span><\/a> \u00dev\u00ed n\u00e6st f\u00f3r Dan\u00edel heim \u00ed h\u00fas sitt til a\u00f0 greina \u00feeim Hananja, M\u00edsael og Asarja, f\u00e9l\u00f6gum s\u00ednum, fr\u00e1 \u00feessu <a name=\"18\"><span class=\"versanumer_2007\">18<\/span><\/a> svo a\u00f0 \u00feeir g\u00e6tu be\u00f0i\u00f0 Gu\u00f0 himnanna hj\u00e1lpar vi\u00f0 a\u00f0 r\u00e1\u00f0a \u00feennan leyndard\u00f3m og komist hj\u00e1 a\u00f0 ver\u00f0a l\u00edfl\u00e1tnir me\u00f0 hinum vitringunum \u00ed Bab\u00fdlon. <br \/> <a name=\"19\"><span class=\"versanumer_2007\">19<\/span><\/a> Lausn leyndard\u00f3msins opinbera\u00f0ist Dan\u00edel \u00ed n\u00e6turs\u00fdn og lofa\u00f0i Dan\u00edel \u00fe\u00e1 Gu\u00f0 himnanna. <a name=\"20\"><span class=\"versanumer_2007\">20<\/span><\/a> Dan\u00edel t\u00f3k til m\u00e1ls og sag\u00f0i:<br \/> <span class=\"ljodatexti\"> Lofa\u00f0 s\u00e9 nafn Gu\u00f0s um aldir alda <br \/>\u00fev\u00ed a\u00f0 hans er viskan og m\u00e1tturinn. <br \/> <\/span> <span class=\"ljodatexti\"> <a name=\"21\"><span class=\"versanumer_ljod\">21<\/span><\/a>Hann r\u00e6\u00f0ur t\u00edmum og t\u00ed\u00f0um, <br \/>sviptir konunga v\u00f6ldum<br \/>og kemur konungum til valda,<br \/>spekingum veitir hann speki <br \/>og hyggnum m\u00f6nnum hyggindi. <br \/> <\/span> <span class=\"ljodatexti\"> <a name=\"22\"><span class=\"versanumer_ljod\">22<\/span><\/a> Hann afhj\u00fapar hi\u00f0 dj\u00fapa og dulda, <br \/>hann veit hva\u00f0 \u00ed myrkrinu b\u00fdr<br \/>og lj\u00f3si\u00f0 b\u00fdr hj\u00e1 honum.<br \/> <\/span> <span class=\"ljodatexti\"> <a name=\"23\"><span class=\"versanumer_ljod\">23<\/span><\/a> \u00c9g \u00feakka \u00fe\u00e9r og vegsama \u00feig, <br \/>Gu\u00f0 fe\u00f0ra minna, <br \/>sem hefur veitt m\u00e9r visku og m\u00e1tt <br \/>og hefur n\u00fa fr\u00e6tt mig um \u00fea\u00f0 sem v\u00e9r b\u00e1\u00f0um \u00feig um, <br \/>\u00fe\u00fa hefur opinbera\u00f0 oss \u00fea\u00f0 sem konung f\u00fdsti a\u00f0 vita. <\/span> <\/p>\n<h3 class=\"millifyrirsogn_2007\">Dan\u00edel r\u00e6\u00f0ur drauminn<\/h3>\n<p><a name=\"24\"><span class=\"versanumer_2007\">24<\/span><\/a> Dan\u00edel f\u00f3r \u00feessu n\u00e6st til Arj\u00f3ks, sem konungur haf\u00f0i sett til a\u00f0 taka vitringana \u00ed Bab\u00fdlon af l\u00edfi, og sag\u00f0i vi\u00f0 hann: \u201e\u00de\u00fa skalt ekki taka vitringana \u00ed Bab\u00fdlon af l\u00edfi. Far\u00f0u me\u00f0 mig til konungs og \u00e9g mun r\u00e1\u00f0a drauminn fyrir hann.\u201c<br \/> <a name=\"25\"><span class=\"versanumer_2007\">25<\/span><\/a> Og Arj\u00f3k leiddi Dan\u00edel tafarlaust fyrir konung og sag\u00f0i: \u201e\u00c9g fann mann me\u00f0al herleiddu mannanna fr\u00e1 J\u00fada, sem getur sagt konungi merkingu draumsins.\u201c<br \/> <a name=\"26\"><span class=\"versanumer_2007\">26<\/span><\/a> Konungur sag\u00f0i vi\u00f0 Dan\u00edel sem kalla\u00f0ur var Beltsasar: \u201eGetur \u00fe\u00fa sagt m\u00e9r hver s\u00e1 draumur var sem mig dreymdi og hva\u00f0 hann merkir?\u201c <br \/> <a name=\"27\"><span class=\"versanumer_2007\">27<\/span><\/a> Dan\u00edel svara\u00f0i konungi: \u201e\u00dea\u00f0 er ofvi\u00f0a \u00f6llum vitringum, s\u00e6ringam\u00f6nnum, galdram\u00f6nnum og sp\u00e1sagnam\u00f6nnum a\u00f0 opinbera konungi leyndard\u00f3m \u00feann sem hann spyr um. <a name=\"28\"><span class=\"versanumer_2007\">28<\/span><\/a> En \u00e1 himnum er s\u00e1 Gu\u00f0 sem opinberar leynda hluti og hann hefur n\u00fa bo\u00f0a\u00f0 \u00fe\u00e9r, Neb\u00fakadnesar konungur, hva\u00f0 ver\u00f0a muni \u00e1 hinum s\u00ed\u00f0ustu d\u00f6gum. \u00deetta er draumurinn og s\u00fdnirnar sem komu \u00fe\u00e9r \u00ed hug \u00ed rekkju \u00feinni: <br \/> <a name=\"29\"><span class=\"versanumer_2007\">29<\/span><\/a> Konungur, \u00feegar \u00fe\u00fa hv\u00edldir \u00ed rekkjunni hvarfla\u00f0i hugur \u00feinn a\u00f0 \u00fev\u00ed hversu fara mundi \u00e1 \u00f3komnum t\u00edma. Og hann, sem opinberar leynda hluti, s\u00fdndi \u00fe\u00e9r hva\u00f0 \u00ed v\u00e6ndum er. <a name=\"30\"><span class=\"versanumer_2007\">30<\/span><\/a> En um mig er \u00fea\u00f0 a\u00f0 segja a\u00f0 ekki er \u00fea\u00f0 vegna neinnar visku sem m\u00e9r er gefin fram yfir a\u00f0ra \u00fe\u00e1 menn sem n\u00fa lifa a\u00f0 m\u00e9r hefur opinberast \u00feessi leyndard\u00f3mur, heldur skyldi r\u00e1\u00f0ning draumsins gefin \u00fe\u00e9r, konungur, svo a\u00f0 \u00fe\u00e9r yr\u00f0u hugsanir hjarta \u00fe\u00edns lj\u00f3sar. <br \/> <a name=\"31\"><span class=\"versanumer_2007\">31<\/span><\/a> \u00de\u00fa horf\u00f0ir fram fyrir \u00feig, konungur, og vi\u00f0 \u00fe\u00e9r blasti risast\u00f3rt l\u00edkneski. L\u00edkneski\u00f0 var feikist\u00f3rt og stafa\u00f0i af \u00fev\u00ed sk\u00e6rum bjarma. \u00dea\u00f0 var \u00f3gurlegt \u00e1s\u00fdndum \u00fear sem \u00fea\u00f0 st\u00f3\u00f0 frammi fyrir \u00fe\u00e9r. <a name=\"32\"><span class=\"versanumer_2007\">32<\/span><\/a> H\u00f6fu\u00f0 l\u00edkneskisins var \u00far sk\u00edragulli, brj\u00f3st og armleggir \u00far silfri en kvi\u00f0ur og lendar \u00far eir, <a name=\"33\"><span class=\"versanumer_2007\">33<\/span><\/a> f\u00f3tleggirnir \u00far j\u00e1rni en f\u00e6turnir a\u00f0 hluta \u00far j\u00e1rni og a\u00f0 hluta \u00far leir. <br \/> <a name=\"34\"><span class=\"versanumer_2007\">34<\/span><\/a> Me\u00f0an \u00fe\u00fa horf\u00f0ir \u00e1 losna\u00f0i steinn nokkur \u00e1n \u00feess a\u00f0 mannsh\u00f6nd k\u00e6mi \u00fear n\u00e6rri. Hann lenti \u00e1 f\u00f3tum l\u00edkneskisins, ger\u00f0um \u00far j\u00e1rni og leir, og m\u00f6lva\u00f0i \u00fe\u00e1. <a name=\"35\"><span class=\"versanumer_2007\">35<\/span><\/a> \u00de\u00e1 molna\u00f0i ni\u00f0ur allt \u00ed senn, j\u00e1rn, leir, eir, silfur og gull og f\u00f3r sem hismi \u00e1 \u00fereskivelli um sumar. Vindurinn feykti \u00fev\u00ed burt svo a\u00f0 \u00feess s\u00e1 ekki framar sta\u00f0. Steinninn, sem lenti \u00e1 l\u00edkneskinu, var\u00f0 hins vegar a\u00f0 st\u00f3ru fjalli sem \u00feakti alla j\u00f6r\u00f0ina. <br \/> <a name=\"36\"><span class=\"versanumer_2007\">36<\/span><\/a> \u00deetta var draumurinn. N\u00fa segi \u00e9g \u00fe\u00e9r merkingu hans, konungur. <br \/> <a name=\"37\"><span class=\"versanumer_2007\">37<\/span><\/a> \u00de\u00fa, konungur, ert konungur konunganna og \u00fe\u00e9r hefur Gu\u00f0 himnanna veitt konungd\u00f3m, vald, m\u00e1tt og tign. <a name=\"38\"><span class=\"versanumer_2007\">38<\/span><\/a> \u00de\u00e9r hefur hann selt mennina \u00e1 vald hvar sem \u00feeir b\u00faa, d\u00fdr merkurinnar og fugla himinsins og l\u00e1ti\u00f0 \u00feig drottna yfir \u00feessu \u00f6llu. \u00de\u00fa ert gullh\u00f6fu\u00f0i\u00f0. <a name=\"39\"><span class=\"versanumer_2007\">39<\/span><\/a> En eftir \u00feinn dag mun hefjast upp anna\u00f0 konungsr\u00edki, valdaminna en \u00feitt og \u00e1 eftir \u00fev\u00ed \u00feri\u00f0ja r\u00edki\u00f0, eirr\u00edki\u00f0 sem mun drottna yfir ver\u00f6ldinni allri. <a name=\"40\"><span class=\"versanumer_2007\">40<\/span><\/a> \u00de\u00e1 mun magnast upp fj\u00f3r\u00f0a r\u00edki\u00f0, sterkt sem j\u00e1rn. J\u00e1rn snei\u00f0ir sundur og brytjar alla a\u00f0ra hluti og eins og j\u00e1rni\u00f0 snei\u00f0ir sundur, eins mun \u00feetta r\u00edki brytja og sundurlima \u00f6ll hin r\u00edkin. <a name=\"41\"><span class=\"versanumer_2007\">41<\/span><\/a> F\u00e6tur s\u00e1stu og t\u00e6r sem voru a\u00f0 hluta \u00far efni leirkerasmi\u00f0s en a\u00f0 hluta \u00far j\u00e1rni. \u00dea\u00f0 bo\u00f0ar a\u00f0 r\u00edki\u00f0 mun klofna. \u00dea\u00f0 mun \u00fe\u00f3 var\u00f0veita a\u00f0 nokkru styrk j\u00e1rnsins \u00fev\u00ed a\u00f0 \u00fe\u00fa s\u00e1st a\u00f0 leirinn var blandinn j\u00e1rni. <a name=\"42\"><span class=\"versanumer_2007\">42<\/span><\/a> T\u00e6rnar \u00e1 f\u00f3tunum voru a\u00f0 hluta \u00far j\u00e1rni og a\u00f0 hluta \u00far leir og eftir \u00fev\u00ed ver\u00f0ur \u00fea\u00f0 r\u00edki \u00f6flugt a\u00f0 nokkru en m\u00e1ttl\u00edti\u00f0 a\u00f0 nokkru. <a name=\"43\"><span class=\"versanumer_2007\">43<\/span><\/a> \u00de\u00fa s\u00e1st a\u00f0 j\u00e1rni var blanda\u00f0 \u00ed leirinn. \u00dea\u00f0 merkir a\u00f0 giftingar lei\u00f0a til samrunans en ekki til saml\u00f6gunar fremur en a\u00f0 j\u00e1rn og leir blandist saman. <br \/> <a name=\"44\"><span class=\"versanumer_2007\">44<\/span><\/a> \u00c1 d\u00f6gum \u00feessara konunga mun Gu\u00f0 himnanna magna upp r\u00edki sem aldrei mun hrynja og ekki ver\u00f0a selt annarri \u00fej\u00f3\u00f0 \u00ed hendur. \u00dea\u00f0 mun ey\u00f0a \u00f6llum \u00feessum r\u00edkjum og gera \u00feau a\u00f0 engu en standa sj\u00e1lft a\u00f0 eil\u00edfu. <a name=\"45\"><span class=\"versanumer_2007\">45<\/span><\/a> \u00dea\u00f0 er steinninn sem \u00fe\u00fa s\u00e1st losna \u00far fjallinu, \u00e1n \u00feess a\u00f0 nokkur mannsh\u00f6nd k\u00e6mi n\u00e6rri, og m\u00f6lva\u00f0i jafnt j\u00e1rn sem eir, leir, silfur og gull. Mikill er s\u00e1 Gu\u00f0 sem n\u00fa hefur birt konungi \u00fea\u00f0 sem \u00ed v\u00e6ndum er. Draumurinn er sannur og r\u00e1\u00f0ning hans \u00f3tv\u00edr\u00e6\u00f0.\u201c <br \/> <a name=\"46\"><span class=\"versanumer_2007\">46<\/span><\/a> Neb\u00fakadnesar konungur f\u00e9ll \u00fe\u00e1 fram \u00e1 \u00e1sj\u00f3nu s\u00edna, laut Dan\u00edel og bau\u00f0 a\u00f0 f\u00f3rna honum matf\u00f3rn og reykjarf\u00f3rn. <a name=\"47\"><span class=\"versanumer_2007\">47<\/span><\/a> Og konungur sag\u00f0i vi\u00f0 Dan\u00edel: \u201eVissulega er Gu\u00f0 ykkar gu\u00f0 gu\u00f0anna og konungur konunganna. Og leynda hluti opinberar hann fyrst \u00fe\u00e9r t\u00f3kst a\u00f0 r\u00e1\u00f0a \u00feennan leyndard\u00f3m.\u201c<br \/> <a name=\"48\"><span class=\"versanumer_2007\">48<\/span><\/a> Konungur h\u00f3f n\u00fa Dan\u00edel til mikilla metor\u00f0a, gaf honum margar og d\u00fdrar gjafir, skipa\u00f0i hann h\u00f6f\u00f0ingja yfir Babelh\u00e9ra\u00f0i \u00f6llu og ger\u00f0i hann a\u00f0 yfirmanni allra vitringanna \u00ed Bab\u00fdlon\u00edu. <a name=\"49\"><span class=\"versanumer_2007\">49<\/span><\/a> A\u00f0 bei\u00f0ni Dan\u00edels ger\u00f0i konungur \u00fe\u00e1 Sadrak, Mesak og Abed-Neg\u00f3 a\u00f0 h\u00e9ra\u00f0sstj\u00f3rum \u00ed Babelh\u00e9ra\u00f0i en sj\u00e1lfur var Dan\u00edel vi\u00f0 hir\u00f0 konungs. <\/p>\n","protected":false},"excerpt":{"rendered":"<p>Fyrri draumur Neb\u00fakadnesars 1 \u00c1 \u00f6\u00f0ru stj\u00f3rnar\u00e1ri Neb\u00fakadnesars dreymdi hann draum. Olli draumurinn honum sl\u00edkum \u00e1hyggjum a\u00f0 hann festi ekki svefn. 2 Konungur l\u00e9t \u00fe\u00e1 bo\u00f0a til s\u00edn sp\u00e1sagnamenn, s\u00e6ringamenn, galdramenn og Kaldea[ svo a\u00f0 \u00feeir g\u00e6tu r\u00e1\u00f0i\u00f0 draum hans. \u00deeir komu og t\u00f3ku s\u00e9r st\u00f6\u00f0u frammi fyrir konungi. 3 Konungur m\u00e6lti: \u201eDraum hefur mig dreymt sem veldur m\u00e9r hugarangri og ekki linnir fyrr en \u00e9g skil merkingu hans.\u201c 4 Kaldear sv\u00f6ru\u00f0u konungi \u00e1 arame\u00edsku og s\u00f6g\u00f0u: \u201eMegir \u00fe\u00fa lifa a\u00f0 eil\u00edfu, konungur. Seg\u00f0u \u00fej\u00f3num \u00fe\u00ednum drauminn og vi\u00f0 munum r\u00e1\u00f0a hann.\u201c 5 Konungur svara\u00f0i Kaldeum: \u201e\u00deetta er \u00e1kv\u00f6r\u00f0un m\u00edn <a href=\"https:\/\/biblian.is\/biblian\/daniel-2-kafli\/\"> [&#8230;]<\/a><\/p>\n","protected":false},"author":1,"featured_media":0,"parent":0,"menu_order":0,"comment_status":"open","ping_status":"open","template":"bibliukaflar_NT.php","meta":{"footnotes":""},"class_list":["post-2469","page","type-page","status-publish","hentry"],"_links":{"self":[{"href":"https:\/\/biblian.is\/biblian\/wp-json\/wp\/v2\/pages\/2469","targetHints":{"allow":["GET"]}}],"collection":[{"href":"https:\/\/biblian.is\/biblian\/wp-json\/wp\/v2\/pages"}],"about":[{"href":"https:\/\/biblian.is\/biblian\/wp-json\/wp\/v2\/types\/page"}],"author":[{"embeddable":true,"href":"https:\/\/biblian.is\/biblian\/wp-json\/wp\/v2\/users\/1"}],"replies":[{"embeddable":true,"href":"https:\/\/biblian.is\/biblian\/wp-json\/wp\/v2\/comments?post=2469"}],"version-history":[{"count":0,"href":"https:\/\/biblian.is\/biblian\/wp-json\/wp\/v2\/pages\/2469\/revisions"}],"wp:attachment":[{"href":"https:\/\/biblian.is\/biblian\/wp-json\/wp\/v2\/media?parent=2469"}],"curies":[{"name":"wp","href":"https:\/\/api.w.org\/{rel}","templated":true}]}}