{"id":2468,"date":"2017-12-30T21:03:18","date_gmt":"2017-12-30T21:03:18","guid":{"rendered":"http:\/\/biblian.is\/biblian\/dan%c2%92el-1-kafli\/"},"modified":"2024-06-26T23:22:01","modified_gmt":"2024-06-26T23:22:01","slug":"daniel-1-kafli","status":"publish","type":"page","link":"https:\/\/biblian.is\/biblian\/daniel-1-kafli\/","title":{"rendered":"Dan\u00edel 1. kafli"},"content":{"rendered":"<h3 class=\"millifyrirsogn_2007\"> Dan\u00edel og vinir hans<\/h3>\n<p><a name=\"1\"><span class=\"versanumer_2007\">1<\/span><\/a> \u00c1 \u00feri\u00f0ja stj\u00f3rnar\u00e1ri J\u00f3jak\u00edms konungs \u00ed J\u00fada kom Neb\u00fakadnesar Bab\u00fdlon\u00edukonungur og settist um Jer\u00fasalem. <a name=\"2\"><span class=\"versanumer_2007\">2<\/span><\/a> Drottinn gaf honum \u00e1 vald J\u00f3jak\u00edm J\u00fadakonung og jafnframt \u00fdmis \u00e1h\u00f6ld \u00far h\u00fasi Gu\u00f0s. \u00deau flutti hann til S\u00ednearlands<span class=\"nedan_mal\" title=\" \u00de.e. Bab\u00fdlon\u00edu.\">[<\/span> \u00ed musterissj\u00f3\u00f0i gu\u00f0s s\u00edns. <br \/> <a name=\"3\"><span class=\"versanumer_2007\">3<\/span><\/a> Konungur bau\u00f0 Aspenasi, \u00e6\u00f0sta geldingi s\u00ednum, a\u00f0 flytja til s\u00edn nokkra \u00cdsraelsmenn af konungs- og a\u00f0als\u00e6ttum, <a name=\"4\"><span class=\"versanumer_2007\">4<\/span><\/a> unga menn, l\u00fdtalausa og fr\u00ed\u00f0a s\u00fdnum, vel mennta\u00f0a \u00e1 \u00f6llum svi\u00f0um, fr\u00f3\u00f0a og h\u00e6fa til \u00fej\u00f3nustu \u00ed konungsh\u00f6llinni. Skyldi \u00feeim kennt a\u00f0 rita og tala m\u00e1l Kaldea.<span class=\"nedan_mal\" title=\" \u00de.e. Bab\u00fdlon\u00edumanna.\">[<\/span> <br \/> <a name=\"5\"><span class=\"versanumer_2007\">5<\/span><\/a> Konungur l\u00e9t skammta \u00feeim mat og v\u00edn daglega af konungsbor\u00f0i. Skyldi mennta \u00fe\u00e1 \u00ed \u00ferj\u00fa \u00e1r en a\u00f0 \u00feeim loknum skyldu \u00feeir \u00fej\u00f3na vi\u00f0 hir\u00f0ina. <a name=\"6\"><span class=\"versanumer_2007\">6<\/span><\/a> Me\u00f0al \u00feessara manna voru \u00feeir Dan\u00edel, Hananja, M\u00edsael og Asarja, allir fr\u00e1 J\u00fada. <a name=\"7\"><span class=\"versanumer_2007\">7<\/span><\/a> \u00c6\u00f0sti geldingur konungs gaf \u00feeim n\u00f6fn og kalla\u00f0i Dan\u00edel Beltsasar, Hananja Sadrak, M\u00edsael Mesak og Asarja Abed-Neg\u00f3. <br \/> <a name=\"8\"><span class=\"versanumer_2007\">8<\/span><\/a> En Dan\u00edel einsetti s\u00e9r a\u00f0 saurga sig hvorki \u00e1 kr\u00e1sum af konungsbor\u00f0i n\u00e9 v\u00edni konungs. Hann ba\u00f0 \u00fev\u00ed \u00e6\u00f0sta gelding konungs a\u00f0 hl\u00edfa s\u00e9r vi\u00f0 sl\u00edkri saurgun. <a name=\"9\"><span class=\"versanumer_2007\">9<\/span><\/a> Gu\u00f0 vakti velvilja og sam\u00fa\u00f0 me\u00f0 Dan\u00edel hj\u00e1 \u00e6\u00f0sta geldingi konungs <a name=\"10\"><span class=\"versanumer_2007\">10<\/span><\/a> og Aspenas sag\u00f0i vi\u00f0 Dan\u00edel: \u201eN\u00fa hefur herra minn, konungurinn, \u00e1kve\u00f0i\u00f0 hva\u00f0 \u00fei\u00f0 skulu\u00f0 eta og drekka. En smeykur er \u00e9g um a\u00f0 konungur kunni a\u00f0 gera mig h\u00f6f\u00f0inu styttri ef \u00fei\u00f0 l\u00edti\u00f0 verr \u00fat en f\u00e9lagar ykkar.\u201c <br \/> <a name=\"11\"><span class=\"versanumer_2007\">11<\/span><\/a> Dan\u00edel sag\u00f0i \u00fe\u00e1 vi\u00f0 manninn sem \u00e6\u00f0sti geldingur konungs haf\u00f0i sett til eftirlits \u00feeim Dan\u00edel, Hananja, M\u00edsael og Asarja: <a name=\"12\"><span class=\"versanumer_2007\">12<\/span><\/a> \u201eReyndu okkur n\u00fa, \u00fej\u00f3na \u00fe\u00edna, \u00ed t\u00edu daga. Gef\u00f0u okkur gr\u00e6nmeti til matar og vatn a\u00f0 drekka. <a name=\"13\"><span class=\"versanumer_2007\">13<\/span><\/a> Virtu svo fyrir \u00fe\u00e9r \u00fatlit okkar og \u00fatlit \u00feeirra sem sn\u00e6\u00f0a kr\u00e1sir konungs og far\u00f0u s\u00ed\u00f0an me\u00f0 okkur, \u00fej\u00f3na \u00fe\u00edna, eins og \u00fe\u00e9r l\u00edst.\u201c <a name=\"14\"><span class=\"versanumer_2007\">14<\/span><\/a> Hann f\u00f3r a\u00f0 \u00feessum or\u00f0um \u00feeirra og reyndi \u00fe\u00e1 \u00feannig \u00ed t\u00edu daga. <a name=\"15\"><span class=\"versanumer_2007\">15<\/span><\/a> Og a\u00f0 t\u00edu d\u00f6gum li\u00f0num voru \u00feeir hraustlegri \u00e1s\u00fdndum og \u00ed betri holdum en \u00f6ll hin ungmennin sem sn\u00e6ddu kr\u00e1sir konungs. <a name=\"16\"><span class=\"versanumer_2007\">16<\/span><\/a> Eftirlitsma\u00f0urinn f\u00f3r \u00fe\u00e1 burt me\u00f0 kr\u00e1sirnar og v\u00edni\u00f0 sem \u00feeim var \u00e6tla\u00f0 og f\u00e6r\u00f0i \u00feeim gr\u00e6nmeti. <br \/> <a name=\"17\"><span class=\"versanumer_2007\">17<\/span><\/a> \u00deessum fj\u00f3rum piltum veitti Gu\u00f0 l\u00e6rd\u00f3m og leikni \u00ed hvers kyns ritmennt og speki. Og Dan\u00edel gat r\u00e1\u00f0i\u00f0 hverja s\u00fdn og hvern draum. <br \/> <a name=\"18\"><span class=\"versanumer_2007\">18<\/span><\/a> Svo lei\u00f0 a\u00f0 \u00feeim t\u00edma \u00feegar konungur haf\u00f0i \u00e1kve\u00f0i\u00f0 a\u00f0 \u00feeir skyldu leiddir fyrir hann. \u00de\u00e1 leiddi \u00e6\u00f0sti geldingurinn \u00fe\u00e1 fram fyrir Neb\u00fakadnesar. <a name=\"19\"><span class=\"versanumer_2007\">19<\/span><\/a> Konungur r\u00e6ddi vi\u00f0 \u00fe\u00e1 og me\u00f0al \u00feeirra allra reyndist enginn jafnoki \u00feeirra Dan\u00edels, Hananja, M\u00edsaels og Asarja. \u00deeir hlutu \u00fev\u00ed sess vi\u00f0 hir\u00f0 konungs. <a name=\"20\"><span class=\"versanumer_2007\">20<\/span><\/a> \u00cd \u00f6llum visku- og skilningsatri\u00f0um, sem konungur leita\u00f0i r\u00e1\u00f0a um hj\u00e1 \u00feeim, fann hann a\u00f0 \u00feeir voru t\u00edfalt fremri \u00f6llum sp\u00e1sagnam\u00f6nnum og s\u00e6ringam\u00f6nnum \u00ed r\u00edki hans. <br \/> <a name=\"21\"><span class=\"versanumer_2007\">21<\/span><\/a> \u00dearna dvaldist Dan\u00edel allt til fyrsta stj\u00f3rnar\u00e1rs K\u00fdrusar konungs. <\/p>\n","protected":false},"excerpt":{"rendered":"<p>Dan\u00edel og vinir hans 1 \u00c1 \u00feri\u00f0ja stj\u00f3rnar\u00e1ri J\u00f3jak\u00edms konungs \u00ed J\u00fada kom Neb\u00fakadnesar Bab\u00fdlon\u00edukonungur og settist um Jer\u00fasalem. 2 Drottinn gaf honum \u00e1 vald J\u00f3jak\u00edm J\u00fadakonung og jafnframt \u00fdmis \u00e1h\u00f6ld \u00far h\u00fasi Gu\u00f0s. \u00deau flutti hann til S\u00ednearlands[ \u00ed musterissj\u00f3\u00f0i gu\u00f0s s\u00edns. 3 Konungur bau\u00f0 Aspenasi, \u00e6\u00f0sta geldingi s\u00ednum, a\u00f0 flytja til s\u00edn nokkra \u00cdsraelsmenn af konungs- og a\u00f0als\u00e6ttum, 4 unga menn, l\u00fdtalausa og fr\u00ed\u00f0a s\u00fdnum, vel mennta\u00f0a \u00e1 \u00f6llum svi\u00f0um, fr\u00f3\u00f0a og h\u00e6fa til \u00fej\u00f3nustu \u00ed konungsh\u00f6llinni. Skyldi \u00feeim kennt a\u00f0 rita og tala m\u00e1l Kaldea.[ 5 Konungur l\u00e9t skammta \u00feeim mat og v\u00edn daglega af konungsbor\u00f0i. Skyldi <a href=\"https:\/\/biblian.is\/biblian\/daniel-1-kafli\/\"> [&#8230;]<\/a><\/p>\n","protected":false},"author":1,"featured_media":0,"parent":0,"menu_order":0,"comment_status":"open","ping_status":"open","template":"bibliukaflar_NT.php","meta":{"footnotes":""},"class_list":["post-2468","page","type-page","status-publish","hentry"],"_links":{"self":[{"href":"https:\/\/biblian.is\/biblian\/wp-json\/wp\/v2\/pages\/2468","targetHints":{"allow":["GET"]}}],"collection":[{"href":"https:\/\/biblian.is\/biblian\/wp-json\/wp\/v2\/pages"}],"about":[{"href":"https:\/\/biblian.is\/biblian\/wp-json\/wp\/v2\/types\/page"}],"author":[{"embeddable":true,"href":"https:\/\/biblian.is\/biblian\/wp-json\/wp\/v2\/users\/1"}],"replies":[{"embeddable":true,"href":"https:\/\/biblian.is\/biblian\/wp-json\/wp\/v2\/comments?post=2468"}],"version-history":[{"count":0,"href":"https:\/\/biblian.is\/biblian\/wp-json\/wp\/v2\/pages\/2468\/revisions"}],"wp:attachment":[{"href":"https:\/\/biblian.is\/biblian\/wp-json\/wp\/v2\/media?parent=2468"}],"curies":[{"name":"wp","href":"https:\/\/api.w.org\/{rel}","templated":true}]}}