{"id":2467,"date":"2017-12-30T21:03:18","date_gmt":"2017-12-30T21:03:18","guid":{"rendered":"http:\/\/biblian.is\/biblian\/esek%c2%92el-48-kafli\/"},"modified":"2024-07-03T22:14:14","modified_gmt":"2024-07-03T22:14:14","slug":"esekiel-48-kafli","status":"publish","type":"page","link":"https:\/\/biblian.is\/biblian\/esekiel-48-kafli\/","title":{"rendered":"Esek\u00edel 48. kafli"},"content":{"rendered":"<p><a name=\"1\"><span class=\"versanumer_2007\">1<\/span><\/a> \u00deetta eru n\u00f6fn \u00e6ttb\u00e1lkanna:<br \/>Yst \u00ed nor\u00f0ri f\u00e6r Dan einn hlut fr\u00e1 austri til vesturs, fr\u00e1 hafinu \u00ed \u00e1ttina a\u00f0 Hetl\u00f3n og til Leb\u00f3 Hamat, og l\u00f6ndin sem heyra til Damaskus eru \u00fear nor\u00f0an vi\u00f0, n\u00e6st Hamat. <a name=\"2\"><span class=\"versanumer_2007\">2<\/span><\/a> Fr\u00e1 austri til vesturs, me\u00f0 fram landi Dans, f\u00e6r Asser einn hlut. <a name=\"3\"><span class=\"versanumer_2007\">3<\/span><\/a> Fr\u00e1 austri til vesturs, me\u00f0 fram landi Assers, f\u00e6r Naftal\u00ed einn hlut. <a name=\"4\"><span class=\"versanumer_2007\">4<\/span><\/a> Fr\u00e1 austri til vesturs, me\u00f0 fram landi Naftal\u00ed, f\u00e6r Manasse einn hlut. <a name=\"5\"><span class=\"versanumer_2007\">5<\/span><\/a> Fr\u00e1 austri til vesturs, me\u00f0 fram landi Manasse, f\u00e6r Efra\u00edm einn hlut. <a name=\"6\"><span class=\"versanumer_2007\">6<\/span><\/a> Fr\u00e1 austri til vesturs, me\u00f0 fram landi Efra\u00edms, f\u00e6r R\u00faben einn hlut. <a name=\"7\"><span class=\"versanumer_2007\">7<\/span><\/a> Fr\u00e1 austri til vesturs, me\u00f0 fram landi R\u00fabens, f\u00e6r J\u00fada einn hlut.<br \/> <a name=\"8\"><span class=\"versanumer_2007\">8<\/span><\/a> Fr\u00e1 austri til vesturs, me\u00f0 fram landi J\u00fada, er landi\u00f0 sem \u00fei\u00f0 eigi\u00f0 a\u00f0 f\u00e1 Drottni \u00ed afgjald. \u00dea\u00f0 er 25.000 \u00e1lnir \u00e1 breidd og n\u00e1kv\u00e6mlega jafnlangt fr\u00e1 austri til vesturs og hinir hlutarnir. Helgid\u00f3murinn skal standa \u00e1 \u00fev\u00ed landi mi\u00f0ju. <a name=\"9\"><span class=\"versanumer_2007\">9<\/span><\/a> Landi\u00f0, sem \u00fei\u00f0 eigi\u00f0 a\u00f0 f\u00e1 Drottni \u00ed afgjald, er 25.000 \u00e1lnir \u00e1 lengd og 20.000 \u00e1 breidd.<br \/> <a name=\"10\"><span class=\"versanumer_2007\">10<\/span><\/a> Hin heilaga landspilda er \u00e6tlu\u00f0 eftirt\u00f6ldum til nytja: <br \/>Prestarnir skulu f\u00e1 landspildu sem er 25.000 \u00e1lnir \u00e1 lengd nor\u00f0an megin, 10.000 \u00e1lnir \u00e1 breidd vestan megin og 10.000 \u00e1lnir \u00e1 breidd a\u00f0 austanver\u00f0u og 25.000 \u00e1lnir \u00e1 lengd sunnan megin. Helgid\u00f3mur Drottins \u00e1 a\u00f0 standa \u00ed spildunni mi\u00f0ri. <a name=\"11\"><span class=\"versanumer_2007\">11<\/span><\/a> Hinir v\u00edg\u00f0u prestar skulu f\u00e1 \u00feetta land, \u00feeir sem eru ni\u00f0jar Sad\u00f3ks. \u00deeir gegndu \u00fej\u00f3nustu sinni og villtust ekki fr\u00e1 m\u00e9r, \u00feegar Lev\u00edtarnir villtust fr\u00e1 m\u00e9r, eins og \u00cdsraelsmenn. <a name=\"12\"><span class=\"versanumer_2007\">12<\/span><\/a> \u00dea\u00f0 skal vera prestunum til afnota sem afgjald, hluti af afgjaldinu af landinu. \u00deessi spilda er h\u00e1heil\u00f6g og liggur a\u00f0 landi Lev\u00edtanna.<br \/> <a name=\"13\"><span class=\"versanumer_2007\">13<\/span><\/a> Lev\u00edtarnir skulu f\u00e1 jafnst\u00f3ra landspildu og prestarnir, 25.000 \u00e1lnir \u00e1 lengd og 10.000 \u00e1 breidd, \u00ed allt 25.000 \u00e1lnir \u00e1 lengd og 20.000 \u00e1 breidd. <a name=\"14\"><span class=\"versanumer_2007\">14<\/span><\/a> Hvorki m\u00e1 selja neitt af \u00fev\u00ed landi n\u00e9 l\u00e1ta \u00ed skiptum fyrir anna\u00f0. Ekki m\u00e1 besti hluti landsins ver\u00f0a annarra eign \u00fev\u00ed a\u00f0 hann er helga\u00f0ur Drottni.<br \/> <a name=\"15\"><span class=\"versanumer_2007\">15<\/span><\/a> \u00dea\u00f0 land sem eftir er, 5000 \u00e1lnir \u00e1 breidd og 25.000 \u00e1 lengd, er ekki heilagt land. \u00dea\u00f0 skal n\u00fdtast borginni fyrir \u00edb\u00fa\u00f0arh\u00fas og beitiland. Borgin \u00e1 a\u00f0 standa \u00ed \u00fev\u00ed mi\u00f0ju. <a name=\"16\"><span class=\"versanumer_2007\">16<\/span><\/a> \u00deetta er st\u00e6r\u00f0 hennar: 4500 \u00e1lnir a\u00f0 nor\u00f0anver\u00f0u og 4500 \u00e1lnir a\u00f0 sunnanver\u00f0u, einnig 4500 \u00e1lnir a\u00f0 austanver\u00f0u og 4500 \u00e1lnir a\u00f0 vestanver\u00f0u. <a name=\"17\"><span class=\"versanumer_2007\">17<\/span><\/a> Beitiland borgarinnar skal n\u00e1 yfir 250 \u00e1lnir til nor\u00f0urs, 250 \u00e1lnir til su\u00f0urs, 250 \u00e1lnir til austurs og 250 \u00e1lnir til vesturs. <a name=\"18\"><span class=\"versanumer_2007\">18<\/span><\/a> Sk\u00e1kin sem eftir er me\u00f0 fram hinni heil\u00f6gu spildu er 10.000 \u00e1lnir \u00ed austur og 10.000 \u00e1lnir \u00ed vestur. Afraksturinn af \u00fev\u00ed landi \u00e1 a\u00f0 vera verkam\u00f6nnunum \u00ed borginni til matar. <a name=\"19\"><span class=\"versanumer_2007\">19<\/span><\/a> Verkamenn \u00far borginni, sem vinna \u00e1 landspildunni, skulu vera \u00far \u00f6llum \u00e6ttb\u00e1lkum \u00cdsraels. <a name=\"20\"><span class=\"versanumer_2007\">20<\/span><\/a> Allt afgjaldslandi\u00f0 \u00e1 a\u00f0 vera 25.000 \u00e1lnir sinnum 25.000 \u00e1lnir. \u00dei\u00f0 eigi\u00f0 a\u00f0 l\u00e1ta af hendi allt \u00feetta ferhyrnda landsv\u00e6\u00f0i \u00e1samt eignarlandi borgarinnar sem heilagt afgjald.<br \/> <a name=\"21\"><span class=\"versanumer_2007\">21<\/span><\/a> Landsh\u00f6f\u00f0inginn f\u00e6r \u00fea\u00f0 land sem eftir er beggja vegna hins heilaga afgjaldslands og landareignar borgarinnar, me\u00f0 fram 25.000 \u00e1lnum lands \u00ed austur a\u00f0 austurlandam\u00e6runum og me\u00f0 fram 25.000 \u00e1lnum lands \u00ed vestur, a\u00f0 vesturlandam\u00e6runum. B\u00e1\u00f0ar \u00feessar landspildur, me\u00f0 fram hlutum \u00e6ttb\u00e1lkanna, skal landsh\u00f6f\u00f0inginn f\u00e1. Spildan sem er heilagt afgjald og h\u00fas helgid\u00f3msins stendur \u00e1 er \u00ed mi\u00f0ju landi landsh\u00f6f\u00f0ingjans. <a name=\"22\"><span class=\"versanumer_2007\">22<\/span><\/a> Eignarl\u00f6nd Lev\u00edtanna og borgarinnar eiga a\u00f0 vera mitt \u00ed \u00fev\u00ed landi sem landsh\u00f6f\u00f0inginn f\u00e6r. \u00dea\u00f0 sem landsh\u00f6f\u00f0inginn f\u00e6r er \u00e1 milli landspildu J\u00fada og lands Benjam\u00edns. \u00dea\u00f0 skal landsh\u00f6f\u00f0inginn f\u00e1.<br \/> <a name=\"23\"><span class=\"versanumer_2007\">23<\/span><\/a> \u00cd hlut \u00e6ttb\u00e1lkanna sem eftir eru kemur: Benjam\u00edn f\u00e6r einn hlut fr\u00e1 austurm\u00f6rkunum til vesturmarkanna, <a name=\"24\"><span class=\"versanumer_2007\">24<\/span><\/a> S\u00edmeon f\u00e6r einn hlut me\u00f0 fram landi Benjam\u00edns fr\u00e1 austurm\u00f6rkum til vesturmarka, <a name=\"25\"><span class=\"versanumer_2007\">25<\/span><\/a> \u00cdssakar f\u00e6r einn hlut me\u00f0 fram landi S\u00edmeons, fr\u00e1 austurm\u00f6rkunum til vesturmarkanna, <a name=\"26\"><span class=\"versanumer_2007\">26<\/span><\/a> Seb\u00falon f\u00e6r einn hlut me\u00f0 fram landi \u00cdssakars, fr\u00e1 austurm\u00f6rkum til vesturmarka, <a name=\"27\"><span class=\"versanumer_2007\">27<\/span><\/a> Ga\u00f0 f\u00e6r einn hlut me\u00f0 fram landi Seb\u00falons, fr\u00e1 austurm\u00f6rkum til vesturmarka. <a name=\"28\"><span class=\"versanumer_2007\">28<\/span><\/a> Me\u00f0 fram landi Ga\u00f0s liggja su\u00f0urm\u00f6rkin \u00ed Su\u00f0urlandi fr\u00e1 Tamar a\u00f0 v\u00f6tnunum vi\u00f0 Mer\u00edba Kades og l\u00e6knum sem rennur \u00ed hafi\u00f0 mikla. <br \/> <a name=\"29\"><span class=\"versanumer_2007\">29<\/span><\/a> \u00deetta er landi\u00f0 sem \u00fei\u00f0 eigi\u00f0 a\u00f0 skipta \u00e1 milli \u00e6ttb\u00e1lka \u00cdsraels me\u00f0 hlutkesti og \u00feetta eru hlutir \u00feeirra, hvers um sig, segir Drottinn Gu\u00f0.<\/p>\n<h3 class=\"millifyrirsogn_2007\">Borgin helga og hli\u00f0 hennar<\/h3>\n<p><a name=\"30\"><span class=\"versanumer_2007\">30<\/span><\/a> \u00deetta eru \u00fatg\u00f6nguhli\u00f0 borgarinnar a\u00f0 nor\u00f0an en nor\u00f0urhli\u00f0 borgarinnar m\u00e6list 4500 \u00e1lnir. <a name=\"31\"><span class=\"versanumer_2007\">31<\/span><\/a> Hli\u00f0 borgarinnar bera n\u00f6fn \u00e6ttb\u00e1lka \u00cdsraels. \u00derj\u00fa hli\u00f0 sn\u00faa \u00ed nor\u00f0ur: eitt hli\u00f0 R\u00fabens, eitt hli\u00f0 J\u00fada og eitt hli\u00f0 Lev\u00ed. <a name=\"32\"><span class=\"versanumer_2007\">32<\/span><\/a> Austurhli\u00f0 borgarinnar m\u00e6list 4500 \u00e1lnir og hefur \u00ferj\u00fa hli\u00f0: eitt hli\u00f0 J\u00f3sefs, eitt hli\u00f0 Benjam\u00edns og eitt hli\u00f0 Dans. <a name=\"33\"><span class=\"versanumer_2007\">33<\/span><\/a> Su\u00f0urhli\u00f0in m\u00e6list 4500 \u00e1lnir og hefur \u00ferj\u00fa hli\u00f0: eitt hli\u00f0 S\u00edmeons, eitt hli\u00f0 \u00cdssakars og eitt hli\u00f0 Seb\u00falons. <a name=\"34\"><span class=\"versanumer_2007\">34<\/span><\/a> Vesturhli\u00f0in m\u00e6list 4500 \u00e1lnir og hefur \u00ferj\u00fa hli\u00f0: eitt hli\u00f0 Ga\u00f0s, eitt hli\u00f0 Assers og eitt hli\u00f0 Naftal\u00ed. <a name=\"35\"><span class=\"versanumer_2007\">35<\/span><\/a> Umm\u00e1l borgarinnar er 18.000 \u00e1lnir. H\u00e9\u00f0an \u00ed fr\u00e1 ber borgin nafni\u00f0: Drottinn er h\u00e9r. <\/p>\n","protected":false},"excerpt":{"rendered":"<p>1 \u00deetta eru n\u00f6fn \u00e6ttb\u00e1lkanna:Yst \u00ed nor\u00f0ri f\u00e6r Dan einn hlut fr\u00e1 austri til vesturs, fr\u00e1 hafinu \u00ed \u00e1ttina a\u00f0 Hetl\u00f3n og til Leb\u00f3 Hamat, og l\u00f6ndin sem heyra til Damaskus eru \u00fear nor\u00f0an vi\u00f0, n\u00e6st Hamat. 2 Fr\u00e1 austri til vesturs, me\u00f0 fram landi Dans, f\u00e6r Asser einn hlut. 3 Fr\u00e1 austri til vesturs, me\u00f0 fram landi Assers, f\u00e6r Naftal\u00ed einn hlut. 4 Fr\u00e1 austri til vesturs, me\u00f0 fram landi Naftal\u00ed, f\u00e6r Manasse einn hlut. 5 Fr\u00e1 austri til vesturs, me\u00f0 fram landi Manasse, f\u00e6r Efra\u00edm einn hlut. 6 Fr\u00e1 austri til vesturs, me\u00f0 fram landi Efra\u00edms, f\u00e6r R\u00faben <a href=\"https:\/\/biblian.is\/biblian\/esekiel-48-kafli\/\"> [&#8230;]<\/a><\/p>\n","protected":false},"author":1,"featured_media":0,"parent":0,"menu_order":0,"comment_status":"open","ping_status":"open","template":"bibliukaflar_NT.php","meta":{"footnotes":""},"class_list":["post-2467","page","type-page","status-publish","hentry"],"_links":{"self":[{"href":"https:\/\/biblian.is\/biblian\/wp-json\/wp\/v2\/pages\/2467","targetHints":{"allow":["GET"]}}],"collection":[{"href":"https:\/\/biblian.is\/biblian\/wp-json\/wp\/v2\/pages"}],"about":[{"href":"https:\/\/biblian.is\/biblian\/wp-json\/wp\/v2\/types\/page"}],"author":[{"embeddable":true,"href":"https:\/\/biblian.is\/biblian\/wp-json\/wp\/v2\/users\/1"}],"replies":[{"embeddable":true,"href":"https:\/\/biblian.is\/biblian\/wp-json\/wp\/v2\/comments?post=2467"}],"version-history":[{"count":0,"href":"https:\/\/biblian.is\/biblian\/wp-json\/wp\/v2\/pages\/2467\/revisions"}],"wp:attachment":[{"href":"https:\/\/biblian.is\/biblian\/wp-json\/wp\/v2\/media?parent=2467"}],"curies":[{"name":"wp","href":"https:\/\/api.w.org\/{rel}","templated":true}]}}