{"id":2466,"date":"2017-12-30T21:03:18","date_gmt":"2017-12-30T21:03:18","guid":{"rendered":"http:\/\/biblian.is\/biblian\/esek%c2%92el-47-kafli\/"},"modified":"2024-07-03T22:14:14","modified_gmt":"2024-07-03T22:14:14","slug":"esekiel-47-kafli","status":"publish","type":"page","link":"https:\/\/biblian.is\/biblian\/esekiel-47-kafli\/","title":{"rendered":"Esek\u00edel 47. kafli"},"content":{"rendered":"<h3 class=\"millifyrirsogn_2007\"> Uppsprettan \u00ed musterinu<\/h3>\n<p><a name=\"1\"><span class=\"versanumer_2007\">1<\/span><\/a> S\u00ed\u00f0an leiddi ma\u00f0urinn mig aftur a\u00f0 dyrum musterisins. \u00de\u00e1 s\u00e1 \u00e9g a\u00f0 vatn kom upp undan \u00fer\u00f6skuldi h\u00fassins og rann til austurs, en framhli\u00f0 h\u00fassins sneri \u00ed austur. Vatni\u00f0 streymdi upp vi\u00f0 h\u00e6gri hli\u00f0 h\u00fassins, sunnan vi\u00f0 altari\u00f0.<br \/> <a name=\"2\"><span class=\"versanumer_2007\">2<\/span><\/a> \u00de\u00e1 leiddi hann mig \u00fat um nor\u00f0urhli\u00f0i\u00f0, f\u00f3r me\u00f0 mig a\u00f0 musterishli\u00f0inu. \u00dear streymdi vatni\u00f0 fram vi\u00f0 su\u00f0urhli\u00f0ina. <br \/> <a name=\"3\"><span class=\"versanumer_2007\">3<\/span><\/a> \u00deegar ma\u00f0urinn kom \u00fat austan megin haf\u00f0i hann m\u00e6likvar\u00f0a \u00ed hendi. Hann m\u00e6ldi \u00fe\u00fasund \u00e1lnir og l\u00e9t mig va\u00f0a yfir vatni\u00f0 sem t\u00f3k m\u00e9r \u00ed \u00f6kkla. <a name=\"4\"><span class=\"versanumer_2007\">4<\/span><\/a> \u00de\u00e1 m\u00e6ldi hann aftur \u00fe\u00fasund \u00e1lnir og l\u00e9t mig va\u00f0a yfir vatni\u00f0 sem n\u00fa t\u00f3k m\u00e9r \u00ed hn\u00e9. Hann m\u00e6ldi enn \u00fe\u00fasund \u00e1lnir og l\u00e9t mig va\u00f0a yfir og \u00fe\u00e1 t\u00f3k vatni\u00f0 m\u00e9r \u00ed mj\u00f6\u00f0m. <a name=\"5\"><span class=\"versanumer_2007\">5<\/span><\/a> Hann m\u00e6ldi enn \u00fe\u00fasund \u00e1lnir og var \u00fe\u00e1 vatni\u00f0 or\u00f0i\u00f0 a\u00f0 flj\u00f3ti sem \u00e9g gat ekki va\u00f0i\u00f0 yfir. \u00dea\u00f0 var or\u00f0i\u00f0 svo dj\u00fapt a\u00f0 synda var\u00f0 yfir \u00fea\u00f0. \u00dea\u00f0 var or\u00f0i\u00f0 \u00f3v\u00e6tt flj\u00f3t. <br \/> <a name=\"6\"><span class=\"versanumer_2007\">6<\/span><\/a> Hann spur\u00f0i mig: \u201eMannssonur, s\u00e1stu \u00feetta?\u201c \u00dev\u00ed n\u00e6st sneri hann vi\u00f0 og leiddi mig aftur a\u00f0 flj\u00f3tsbakkanum. <a name=\"7\"><span class=\"versanumer_2007\">7<\/span><\/a> \u00deegar \u00e9g kom \u00feanga\u00f0 aftur s\u00e1 \u00e9g fj\u00f6lm\u00f6rg tr\u00e9 \u00e1 flj\u00f3tsb\u00f6kkunum beggja vegna. <a name=\"8\"><span class=\"versanumer_2007\">8<\/span><\/a> \u00de\u00e1 sag\u00f0i hann vi\u00f0 mig: \u201e\u00deetta vatn streymir \u00fat \u00e1 landsv\u00e6\u00f0i\u00f0 fyrir austan, s\u00ed\u00f0an rennur \u00fea\u00f0 ni\u00f0ur J\u00f3rdanardal og fellur loks \u00ed hafi\u00f0 og \u00fe\u00e1 ver\u00f0ur saltvatni\u00f0 heiln\u00e6mt <a name=\"9\"><span class=\"versanumer_2007\">9<\/span><\/a> og allt sem lifir og hr\u00e6rist, hvar svo sem flj\u00f3ti\u00f0 streymir, mun lifa. Fiski mun fj\u00f6lga st\u00f3rum \u00fear sem flj\u00f3ti\u00f0 kemur \u00fev\u00ed a\u00f0 \u00fear ver\u00f0ur vatni\u00f0 heiln\u00e6mt og allt g\u00e6\u00f0ist l\u00edfi \u00fear sem flj\u00f3ti\u00f0 streymir. <a name=\"10\"><span class=\"versanumer_2007\">10<\/span><\/a> Fr\u00e1 En Ged\u00ed og alla lei\u00f0 til En Egla\u00edm munu fiskimenn standa vi\u00f0 \u00fea\u00f0 og \u00fear ver\u00f0a net breidd til \u00feerris. \u00dear ver\u00f0a fj\u00f6lmargar tegundir fiska og fj\u00f6ldi \u00feeirra ver\u00f0ur eins og \u00ed hafinu mikla.<span class=\"nedan_mal\" title=\" \u00de.e. Mi\u00f0jar\u00f0arhafi.\">[<\/span> <a name=\"11\"><span class=\"versanumer_2007\">11<\/span><\/a> En m\u00fdrarnar og fenin f\u00e1 ekki ferskt vatn, \u00feau eru \u00e6tlu\u00f0 til saltvinnslu. <a name=\"12\"><span class=\"versanumer_2007\">12<\/span><\/a> En \u00e1 b\u00e1\u00f0um b\u00f6kkum flj\u00f3tsins munu hvers kyns aldintr\u00e9 vaxa. Lauf \u00feeirra mun ekki visna og \u00e1vextirnir, sem \u00feau bera, aldrei \u00feverra. \u00cd hverjum m\u00e1nu\u00f0i bera \u00feau n\u00fdja \u00e1vexti \u00fev\u00ed a\u00f0 vatni\u00f0 \u00ed flj\u00f3tinu kemur fr\u00e1 helgid\u00f3minum. \u00c1vextirnir ver\u00f0a haf\u00f0ir til matar og bl\u00f6\u00f0in til l\u00e6kninga.\u201c<\/p>\n<h3 class=\"millifyrirsogn_2007\">Skipting landsins<\/h3>\n<p><a name=\"13\"><span class=\"versanumer_2007\">13<\/span><\/a> Svo segir Drottinn Gu\u00f0: \u00deetta eru landam\u00e6ri landsins sem \u00fei\u00f0 skulu\u00f0 skipta \u00e1 milli hinna t\u00f3lf \u00e6ttb\u00e1lka \u00cdsraels \u00ed erf\u00f0al\u00f6nd. J\u00f3sef skal \u00fe\u00f3 f\u00e1 tvo hluti. <a name=\"14\"><span class=\"versanumer_2007\">14<\/span><\/a> Hver \u00feeirra skal f\u00e1 \u00fear erf\u00f0aland eins og \u00e6ttbr\u00f3\u00f0ir hans \u00fear sem \u00e9g s\u00f3r me\u00f0 upplyftri hendi a\u00f0 gefa fe\u00f0rum ykkar \u00feetta land og \u00fea\u00f0 skal ver\u00f0a erf\u00f0aland ykkar.<br \/> <a name=\"15\"><span class=\"versanumer_2007\">15<\/span><\/a> \u00deetta eru landam\u00e6ri landsins:<br \/>A\u00f0 nor\u00f0anver\u00f0u liggja landam\u00e6rin fr\u00e1 hafinu mikla \u00ed \u00e1ttina a\u00f0 Hetl\u00f3n og til Leb\u00f3 Hamat, Sedad, <a name=\"16\"><span class=\"versanumer_2007\">16<\/span><\/a> Ber\u00f3a, Sibra\u00edm, sem er \u00e1 m\u00f6rkum landanna sem heyra til Damaskus og Hamat, allt a\u00f0 Hasar En\u00f3n vi\u00f0 landam\u00e6ri Havrans. <a name=\"17\"><span class=\"versanumer_2007\">17<\/span><\/a> Landam\u00e6rin liggja \u00fev\u00ed fr\u00e1 hafinu til Hasar En\u00f3n, \u00feannig a\u00f0 l\u00f6ndin sem heyra til Damaskus og l\u00f6nd Hamats eru nor\u00f0an \u00feeirra. \u00deetta eru landam\u00e6rin a\u00f0 nor\u00f0anver\u00f0u. <br \/> <a name=\"18\"><span class=\"versanumer_2007\">18<\/span><\/a> A\u00f0 austanver\u00f0u eru landam\u00e6rin milli Havran og Damaskus me\u00f0 fram J\u00f3rdan, sem er \u00e1 landam\u00e6rum G\u00edlea\u00f0s og lands \u00cdsraels, og a\u00f0 austurhafinu allt a\u00f0 Tamar. \u00deetta eru landam\u00e6rin austan megin.<br \/> <a name=\"19\"><span class=\"versanumer_2007\">19<\/span><\/a> A\u00f0 sunnanver\u00f0u liggja landam\u00e6rin fr\u00e1 Tamar til Meribavatna vi\u00f0 Kades og a\u00f0 l\u00e6knum sem rennur \u00ed hafi\u00f0 mikla. \u00deetta eru landam\u00e6rin a\u00f0 sunnanver\u00f0u \u00ed Negeb.<br \/> <a name=\"20\"><span class=\"versanumer_2007\">20<\/span><\/a> A\u00f0 vestanver\u00f0u eru landam\u00e6rin vi\u00f0 hafi\u00f0 mikla a\u00f0 sta\u00f0 gegnt Lebo Hamat. \u00dea\u00f0 eru landam\u00e6rin a\u00f0 vestanver\u00f0u.<br \/> <a name=\"21\"><span class=\"versanumer_2007\">21<\/span><\/a> \u00deessu landi skulu\u00f0 \u00fei\u00f0 skipta \u00e1 milli \u00e6ttb\u00e1lka \u00cdsraels. <a name=\"22\"><span class=\"versanumer_2007\">22<\/span><\/a> \u00dei\u00f0 skulu\u00f0 skipta \u00fev\u00ed me\u00f0 hlutkesti \u00ed erf\u00f0al\u00f6nd milli ykkar og \u00feeirra a\u00f0komumanna sem hafa leita\u00f0 h\u00e6lis hj\u00e1 ykkur og hafa eignast b\u00f6rn hj\u00e1 ykkur. \u00dei\u00f0 skulu\u00f0 telja \u00fe\u00e1 me\u00f0 innf\u00e6ddum \u00cdsraelsm\u00f6nnum. \u00deeir skulu \u00e1samt ykkur hlj\u00f3ta erf\u00f0aland \u00e1 me\u00f0al \u00e6ttb\u00e1lka \u00cdsraels. <a name=\"23\"><span class=\"versanumer_2007\">23<\/span><\/a> \u00dei\u00f0 skulu\u00f0 f\u00e1 a\u00f0komumanninum erf\u00f0aland hj\u00e1 \u00feeim \u00e6ttb\u00e1lki sem hann hefur leita\u00f0 h\u00e6lis hj\u00e1, segir Drottinn Gu\u00f0. <\/p>\n","protected":false},"excerpt":{"rendered":"<p>Uppsprettan \u00ed musterinu 1 S\u00ed\u00f0an leiddi ma\u00f0urinn mig aftur a\u00f0 dyrum musterisins. \u00de\u00e1 s\u00e1 \u00e9g a\u00f0 vatn kom upp undan \u00fer\u00f6skuldi h\u00fassins og rann til austurs, en framhli\u00f0 h\u00fassins sneri \u00ed austur. Vatni\u00f0 streymdi upp vi\u00f0 h\u00e6gri hli\u00f0 h\u00fassins, sunnan vi\u00f0 altari\u00f0. 2 \u00de\u00e1 leiddi hann mig \u00fat um nor\u00f0urhli\u00f0i\u00f0, f\u00f3r me\u00f0 mig a\u00f0 musterishli\u00f0inu. \u00dear streymdi vatni\u00f0 fram vi\u00f0 su\u00f0urhli\u00f0ina. 3 \u00deegar ma\u00f0urinn kom \u00fat austan megin haf\u00f0i hann m\u00e6likvar\u00f0a \u00ed hendi. Hann m\u00e6ldi \u00fe\u00fasund \u00e1lnir og l\u00e9t mig va\u00f0a yfir vatni\u00f0 sem t\u00f3k m\u00e9r \u00ed \u00f6kkla. 4 \u00de\u00e1 m\u00e6ldi hann aftur \u00fe\u00fasund \u00e1lnir og l\u00e9t mig va\u00f0a yfir <a href=\"https:\/\/biblian.is\/biblian\/esekiel-47-kafli\/\"> [&#8230;]<\/a><\/p>\n","protected":false},"author":1,"featured_media":0,"parent":0,"menu_order":0,"comment_status":"open","ping_status":"open","template":"bibliukaflar_NT.php","meta":{"footnotes":""},"class_list":["post-2466","page","type-page","status-publish","hentry"],"_links":{"self":[{"href":"https:\/\/biblian.is\/biblian\/wp-json\/wp\/v2\/pages\/2466","targetHints":{"allow":["GET"]}}],"collection":[{"href":"https:\/\/biblian.is\/biblian\/wp-json\/wp\/v2\/pages"}],"about":[{"href":"https:\/\/biblian.is\/biblian\/wp-json\/wp\/v2\/types\/page"}],"author":[{"embeddable":true,"href":"https:\/\/biblian.is\/biblian\/wp-json\/wp\/v2\/users\/1"}],"replies":[{"embeddable":true,"href":"https:\/\/biblian.is\/biblian\/wp-json\/wp\/v2\/comments?post=2466"}],"version-history":[{"count":0,"href":"https:\/\/biblian.is\/biblian\/wp-json\/wp\/v2\/pages\/2466\/revisions"}],"wp:attachment":[{"href":"https:\/\/biblian.is\/biblian\/wp-json\/wp\/v2\/media?parent=2466"}],"curies":[{"name":"wp","href":"https:\/\/api.w.org\/{rel}","templated":true}]}}