{"id":2465,"date":"2017-12-30T21:03:18","date_gmt":"2017-12-30T21:03:18","guid":{"rendered":"http:\/\/biblian.is\/biblian\/esek%c2%92el-46-kafli\/"},"modified":"2024-07-03T22:14:14","modified_gmt":"2024-07-03T22:14:14","slug":"esekiel-46-kafli","status":"publish","type":"page","link":"https:\/\/biblian.is\/biblian\/esekiel-46-kafli\/","title":{"rendered":"Esek\u00edel 46. kafli"},"content":{"rendered":"<h3 class=\"millifyrirsogn_2007\"> F\u00f3rnir<\/h3>\n<p><a name=\"1\"><span class=\"versanumer_2007\">1<\/span><\/a> Svo segir Drottinn Gu\u00f0: Hli\u00f0i\u00f0 a\u00f0 innri forgar\u00f0inum, sem sn\u00fdr \u00ed austur, skal vera loka\u00f0 sex virku dagana en \u00e1 hv\u00edldardaginn skal \u00fev\u00ed loki\u00f0 upp og einnig \u00e1 tunglkomudaginn. <a name=\"2\"><span class=\"versanumer_2007\">2<\/span><\/a> \u00de\u00e1 skal landsh\u00f6f\u00f0inginn koma a\u00f0 utan og ganga inn \u00ed hli\u00f0i\u00f0 \u00ed gegnum forsal \u00feess. Hann skal nema sta\u00f0ar vi\u00f0 dyrastafi hli\u00f0sins. \u00deegar prestarnir hafa f\u00e6rt brennif\u00f3rn hans og heillaf\u00f3rn skal hann falla fram \u00e1 \u00fer\u00f6skuld hli\u00f0sins og ganga \u00fev\u00ed n\u00e6st \u00fat. Hli\u00f0inu skal ekki loka fyrr en um kv\u00f6ldi\u00f0. <a name=\"3\"><span class=\"versanumer_2007\">3<\/span><\/a> Almenningur \u00ed landinu skal einnig falla fram fyrir augliti Drottins vi\u00f0 dyr \u00feessa hli\u00f0s \u00e1 hv\u00edldard\u00f6gum og tunglkomud\u00f6gum.<br \/> <a name=\"4\"><span class=\"versanumer_2007\">4<\/span><\/a> Brennif\u00f3rnin, sem landsh\u00f6f\u00f0inginn \u00e1 a\u00f0 f\u00e6ra Drottni \u00e1 hv\u00edldardegi, er sex l\u00fdtalaus l\u00f6mb og einn l\u00fdtalaus hr\u00fatur. <a name=\"5\"><span class=\"versanumer_2007\">5<\/span><\/a> Kornf\u00f3rnin er ein efa me\u00f0 hr\u00fat en me\u00f0 l\u00f6mbum svo miki\u00f0 sem honum er laust \u00ed hendi. Me\u00f0 hverri efu skal vera ein h\u00edn af ol\u00edu. <a name=\"6\"><span class=\"versanumer_2007\">6<\/span><\/a> Tunglkomudaginn skal f\u00f3rnin vera l\u00fdtalaust naut \u00far st\u00f3rgripahj\u00f6r\u00f0inni, sex l\u00f6mb og einn hr\u00fatur, allt l\u00fdtalausir gripir. <a name=\"7\"><span class=\"versanumer_2007\">7<\/span><\/a> Hann skal leggja fram eina efu me\u00f0 nautinu og eina efu me\u00f0 hr\u00fatnum en me\u00f0 l\u00f6mbunum \u00fea\u00f0 sem honum er laust \u00ed hendi. Me\u00f0 hverri efu skal vera ein h\u00edn af ol\u00edu.<br \/> <a name=\"8\"><span class=\"versanumer_2007\">8<\/span><\/a> \u00deegar landsh\u00f6f\u00f0inginn kemur \u00e1 hann a\u00f0 ganga inn um forsal hli\u00f0sins og s\u00f6mu lei\u00f0 \u00fat. <a name=\"9\"><span class=\"versanumer_2007\">9<\/span><\/a> En \u00feegar f\u00f3lki\u00f0 \u00ed landinu kemur til a\u00f0 ganga fyrir auglit Drottins \u00e1 h\u00e1t\u00ed\u00f0unum skal s\u00e1 sem kemur inn um nor\u00f0urhli\u00f0i\u00f0 til a\u00f0 falla \u00fear fram ganga \u00fat um su\u00f0urhli\u00f0i\u00f0. S\u00e1 sem kemur inn um su\u00f0urhli\u00f0i\u00f0 til a\u00f0 falla \u00fear fram skal ganga aftur \u00fat um nor\u00f0urhli\u00f0i\u00f0. Enginn m\u00e1 fara aftur \u00fat um \u00fea\u00f0 hli\u00f0 sem hann kom inn um, heldur \u00e1 hver ma\u00f0ur a\u00f0 fara \u00fat um hli\u00f0i\u00f0 sem er gegnt honum. <a name=\"10\"><span class=\"versanumer_2007\">10<\/span><\/a> Landsh\u00f6f\u00f0inginn \u00e1 a\u00f0 vera \u00e1 me\u00f0al \u00feeirra. Hann \u00e1 a\u00f0 koma inn um lei\u00f0 og \u00feeir og ganga \u00fat samt\u00edmis \u00feeim.<br \/> <a name=\"11\"><span class=\"versanumer_2007\">11<\/span><\/a> \u00c1 h\u00e1t\u00ed\u00f0unum og h\u00e1t\u00ed\u00f0arsamkomunum skal kornf\u00f3rnin vera ein efa me\u00f0 hverju nauti og ein efa me\u00f0 hverjum hr\u00fat en me\u00f0 l\u00f6mbunum \u00fea\u00f0 sem laust er \u00ed hendi landsh\u00f6f\u00f0ingjanum og ein h\u00edn af ol\u00edu me\u00f0 hverri efu.<br \/> <a name=\"12\"><span class=\"versanumer_2007\">12<\/span><\/a> \u00deegar landsh\u00f6f\u00f0inginn ber fram sj\u00e1lfviljaf\u00f3rn, hvort heldur \u00fea\u00f0 er brennif\u00f3rn e\u00f0a heillaf\u00f3rn sem hann f\u00e6rir Drottni sem sj\u00e1lfviljaf\u00f3rn, skal opna fyrir honum hli\u00f0i\u00f0 sem sn\u00fdr \u00ed austur. Hann skal f\u00e6ra brennif\u00f3rn s\u00edna e\u00f0a heillaf\u00f3rn eins og hann f\u00e6rir \u00fe\u00e6r \u00e1 hv\u00edldardegi. \u00dev\u00ed n\u00e6st skal hann ganga \u00fat og loka hli\u00f0inu \u00e1 eftir s\u00e9r. <br \/> <a name=\"13\"><span class=\"versanumer_2007\">13<\/span><\/a> \u00de\u00fa skalt f\u00e6ra Drottni l\u00fdtalaust veturgamalt lamb \u00ed brennif\u00f3rn dag hvern. \u00de\u00fa skalt f\u00e6ra \u00fea\u00f0 \u00ed f\u00f3rn hvern morgun. <a name=\"14\"><span class=\"versanumer_2007\">14<\/span><\/a> Hvern morgun skalt \u00fe\u00fa f\u00e6ra me\u00f0 \u00fev\u00ed \u00ed kornf\u00f3rn einn sj\u00f6tta hlut \u00far efu og einn \u00feri\u00f0ja \u00far h\u00edn af ol\u00edu til a\u00f0 dreypa \u00e1 hveitimj\u00f6li\u00f0 og er \u00fea\u00f0 kornf\u00f3rn til Drottins. \u00deetta er \u00e6varandi \u00e1kv\u00e6\u00f0i um hina reglubundnu f\u00f3rn. <a name=\"15\"><span class=\"versanumer_2007\">15<\/span><\/a> \u00deeir skulu f\u00e6ra lambi\u00f0, kornf\u00f3rnina og ol\u00eduna hvern morgun sem reglubundna brennif\u00f3rn.<br \/> <a name=\"16\"><span class=\"versanumer_2007\">16<\/span><\/a> Svo segir Drottinn Gu\u00f0: Ef landsh\u00f6f\u00f0inginn gefur einhverjum af sonum s\u00ednum hluta af erf\u00f0alandi s\u00ednu a\u00f0 gj\u00f6f skal h\u00fan ver\u00f0a eign sona hans. H\u00fan ver\u00f0ur eign \u00feeirra sem erf\u00f0aland. <a name=\"17\"><span class=\"versanumer_2007\">17<\/span><\/a> En gefi hann einhverjum af \u00fej\u00f3num s\u00ednum hluta af erf\u00f0alandi s\u00ednu skal hann halda gj\u00f6finni til n\u00e6sta lausnar\u00e1rs. \u00de\u00e1 skal landsh\u00f6f\u00f0inginn f\u00e1 hana aftur. En erf\u00f0aland sona hans skal haldast \u00ed eigu \u00feeirra. <a name=\"18\"><span class=\"versanumer_2007\">18<\/span><\/a> Landsh\u00f6f\u00f0inginn m\u00e1 ekki taka neitt af erf\u00f0alandi \u00fej\u00f3\u00f0arinnar me\u00f0 yfirgangi. Hann skal gefa sonum s\u00ednum arf af eigin eign svo a\u00f0 enginn af \u00fej\u00f3\u00f0 minni ver\u00f0i hrakinn af eign sinni.<\/p>\n<h3 class=\"millifyrirsogn_2007\">Eldh\u00fasin \u00ed musterinu<\/h3>\n<p><a name=\"19\"><span class=\"versanumer_2007\">19<\/span><\/a> S\u00ed\u00f0an leiddi ma\u00f0urinn mig \u00ed gegnum innganginn sem er vi\u00f0 hli\u00f0i\u00f0 a\u00f0 hinum heil\u00f6gu \u00e1lmum sem eru \u00e6tla\u00f0ar prestunum og sn\u00faa \u00ed nor\u00f0ur. \u00dear vestast s\u00e1 \u00e9g sta\u00f0 einn. <a name=\"20\"><span class=\"versanumer_2007\">20<\/span><\/a> \u00de\u00e1 sag\u00f0i hann vi\u00f0 mig: \u201e\u00deetta er sta\u00f0urinn \u00fear sem prestarnir sj\u00f3\u00f0a sektarf\u00f3rnina og syndaf\u00f3rnina og h\u00e9r baka \u00feeir kornf\u00f3rnina svo a\u00f0 \u00feeir \u00feurfi ekki a\u00f0 fara me\u00f0 hana \u00fat \u00ed ytri forgar\u00f0inn og helga f\u00f3lki\u00f0.\u201c<br \/> <a name=\"21\"><span class=\"versanumer_2007\">21<\/span><\/a> Hann leiddi mig \u00fev\u00ed n\u00e6st \u00fat \u00ed ytri forgar\u00f0inn og f\u00f3r me\u00f0 mig \u00fat \u00ed fj\u00f6gur horn forgar\u00f0sins. \u00de\u00e1 s\u00e1 \u00e9g a\u00f0 \u00ed hverju horni forgar\u00f0sins var enn forgar\u00f0ur, <a name=\"22\"><span class=\"versanumer_2007\">22<\/span><\/a> fj\u00f6rut\u00edu \u00e1lnir \u00e1 lengd og \u00ferj\u00e1t\u00edu \u00e1 breidd. \u00deessir fj\u00f3rir forgar\u00f0ar \u00ed hornunum voru jafnst\u00f3rir. <a name=\"23\"><span class=\"versanumer_2007\">23<\/span><\/a> Umhverfis forgar\u00f0ana fj\u00f3ra var m\u00far og allt umhverfis voru eldst\u00e6\u00f0i upp vi\u00f0 m\u00farveggina. <a name=\"24\"><span class=\"versanumer_2007\">24<\/span><\/a> \u00de\u00e1 sag\u00f0i hann vi\u00f0 mig: \u201e\u00deetta eru eldst\u00e6\u00f0in \u00fear sem \u00fej\u00f3nar musterisins eiga a\u00f0 sj\u00f3\u00f0a sl\u00e1turf\u00f3rnir f\u00f3lksins.\u201c<\/p>\n","protected":false},"excerpt":{"rendered":"<p>F\u00f3rnir 1 Svo segir Drottinn Gu\u00f0: Hli\u00f0i\u00f0 a\u00f0 innri forgar\u00f0inum, sem sn\u00fdr \u00ed austur, skal vera loka\u00f0 sex virku dagana en \u00e1 hv\u00edldardaginn skal \u00fev\u00ed loki\u00f0 upp og einnig \u00e1 tunglkomudaginn. 2 \u00de\u00e1 skal landsh\u00f6f\u00f0inginn koma a\u00f0 utan og ganga inn \u00ed hli\u00f0i\u00f0 \u00ed gegnum forsal \u00feess. Hann skal nema sta\u00f0ar vi\u00f0 dyrastafi hli\u00f0sins. \u00deegar prestarnir hafa f\u00e6rt brennif\u00f3rn hans og heillaf\u00f3rn skal hann falla fram \u00e1 \u00fer\u00f6skuld hli\u00f0sins og ganga \u00fev\u00ed n\u00e6st \u00fat. Hli\u00f0inu skal ekki loka fyrr en um kv\u00f6ldi\u00f0. 3 Almenningur \u00ed landinu skal einnig falla fram fyrir augliti Drottins vi\u00f0 dyr \u00feessa hli\u00f0s \u00e1 hv\u00edldard\u00f6gum og <a href=\"https:\/\/biblian.is\/biblian\/esekiel-46-kafli\/\"> [&#8230;]<\/a><\/p>\n","protected":false},"author":1,"featured_media":0,"parent":0,"menu_order":0,"comment_status":"open","ping_status":"open","template":"bibliukaflar_NT.php","meta":{"footnotes":""},"class_list":["post-2465","page","type-page","status-publish","hentry"],"_links":{"self":[{"href":"https:\/\/biblian.is\/biblian\/wp-json\/wp\/v2\/pages\/2465","targetHints":{"allow":["GET"]}}],"collection":[{"href":"https:\/\/biblian.is\/biblian\/wp-json\/wp\/v2\/pages"}],"about":[{"href":"https:\/\/biblian.is\/biblian\/wp-json\/wp\/v2\/types\/page"}],"author":[{"embeddable":true,"href":"https:\/\/biblian.is\/biblian\/wp-json\/wp\/v2\/users\/1"}],"replies":[{"embeddable":true,"href":"https:\/\/biblian.is\/biblian\/wp-json\/wp\/v2\/comments?post=2465"}],"version-history":[{"count":0,"href":"https:\/\/biblian.is\/biblian\/wp-json\/wp\/v2\/pages\/2465\/revisions"}],"wp:attachment":[{"href":"https:\/\/biblian.is\/biblian\/wp-json\/wp\/v2\/media?parent=2465"}],"curies":[{"name":"wp","href":"https:\/\/api.w.org\/{rel}","templated":true}]}}