{"id":2464,"date":"2017-12-30T21:03:18","date_gmt":"2017-12-30T21:03:18","guid":{"rendered":"http:\/\/biblian.is\/biblian\/esek%c2%92el-45-kafli\/"},"modified":"2024-07-03T22:14:13","modified_gmt":"2024-07-03T22:14:13","slug":"esekiel-45-kafli","status":"publish","type":"page","link":"https:\/\/biblian.is\/biblian\/esekiel-45-kafli\/","title":{"rendered":"Esek\u00edel 45. kafli"},"content":{"rendered":"<h3 class=\"millifyrirsogn_2007\"> Landareign Drottins og afnotar\u00e9ttur Lev\u00edta og presta<\/h3>\n<p><a name=\"1\"><span class=\"versanumer_2007\">1<\/span><\/a> \u00deegar \u00fei\u00f0 skipti\u00f0 landinu me\u00f0 hlutkesti \u00ed erf\u00f0ahluti skulu\u00f0 \u00fei\u00f0 taka hluta af \u00fev\u00ed \u00ed afgjald handa Drottni. \u00dea\u00f0 er heil\u00f6g landspilda, 25.000 \u00e1lnir \u00e1 lengd og 20.000 \u00e1 breidd. \u00d6ll \u00feessi spilda skal vera heil\u00f6g, \u00e1 allar hli\u00f0ar. <a name=\"2\"><span class=\"versanumer_2007\">2<\/span><\/a> Af henni skal ferhyrnd sk\u00e1k, 500 \u00e1lnir \u00e1 hverja hli\u00f0, vera eign helgid\u00f3msins \u00e1samt 50 \u00e1lna bithaga allt umhverfis. <a name=\"3\"><span class=\"versanumer_2007\">3<\/span><\/a> Af \u00feessu afmarka\u00f0a sv\u00e6\u00f0i skulu\u00f0 \u00fei\u00f0 m\u00e6la spildu, 25.000 \u00e1lnir \u00e1 lengd og 10.000 \u00e1 breidd. \u00dear skal helgid\u00f3murinn standa. <a name=\"4\"><span class=\"versanumer_2007\">4<\/span><\/a> \u00deetta er heilagur hluti af landinu. Hann skal vera prestunum sem gegna \u00fej\u00f3nustu \u00ed helgid\u00f3minum til nytja, \u00feeim sem n\u00e1lgast Drottin til a\u00f0 \u00fej\u00f3na honum. \u00dear skulu \u00feeir f\u00e1 land fyrir h\u00fas s\u00edn og haga fyrir b\u00faf\u00e9 sitt. <a name=\"5\"><span class=\"versanumer_2007\">5<\/span><\/a> Lev\u00edtarnir, sem gegna \u00fej\u00f3nustu \u00ed musterinu, skulu f\u00e1 landspildu sem er 25.000 \u00e1lnir \u00e1 lengd og 10.000 \u00e1 breidd. H\u00fan skal vera eign \u00feeirra \u00e1samt borgum til a\u00f0 b\u00faa \u00ed. <a name=\"6\"><span class=\"versanumer_2007\">6<\/span><\/a> Landspilda sem er 5000 \u00e1lna brei\u00f0 og 25.000 \u00e1lna l\u00f6ng, me\u00f0 fram hinni heil\u00f6gu landspildu, skal vera eign borgarinnar. H\u00fan skal vera \u00ed eigu allra \u00cdsraelsmanna. <a name=\"7\"><span class=\"versanumer_2007\">7<\/span><\/a> Landsh\u00f6f\u00f0inginn skal f\u00e1 jar\u00f0eign b\u00e1\u00f0um megin vi\u00f0 hinu heil\u00f6gu landspildu og jar\u00f0eign borgarinnar, me\u00f0 fram hinni heil\u00f6gu spildu og eign borgarinnar, vestan megin \u00ed vestur\u00e1tt og austan megin \u00ed austur. <a name=\"8\"><span class=\"versanumer_2007\">8<\/span><\/a> Lengd hennar skal svara til lengdar landskika eins \u00e6ttb\u00e1lks, fr\u00e1 landam\u00e6runum vestan megin a\u00f0 landam\u00e6runum austan megin. \u00deetta skal vera jar\u00f0eign hans \u00ed \u00cdsrael. H\u00f6f\u00f0ingjar m\u00ednir skulu \u00fev\u00ed ekki k\u00faga \u00fej\u00f3\u00f0 m\u00edna framar, heldur munu \u00feeir f\u00e1 \u00cdsraelsm\u00f6nnum landi\u00f0, hverjum \u00e6ttb\u00e1lki fyrir sig.<\/p>\n<h3 class=\"millifyrirsogn_2007\">H\u00f6f\u00f0ingjar \u00cdsraels \u00e1minntir<\/h3>\n<p><a name=\"9\"><span class=\"versanumer_2007\">9<\/span><\/a> Svo segir Drottinn Gu\u00f0: N\u00fa er n\u00f3g komi\u00f0, h\u00f6f\u00f0ingjar \u00cdsraels. Afnemi\u00f0 ofbeldi og k\u00fagun. I\u00f0ki\u00f0 r\u00e9tt og r\u00e9ttl\u00e6ti. H\u00e6tti\u00f0 a\u00f0 hrekja \u00fej\u00f3\u00f0 m\u00edna af eignarj\u00f6r\u00f0um hennar, segir Drottinn Gu\u00f0.<br \/> <a name=\"10\"><span class=\"versanumer_2007\">10<\/span><\/a> \u00dei\u00f0 skulu\u00f0 nota r\u00e9tta vog, r\u00e9tta efu og r\u00e9tt bat. <a name=\"11\"><span class=\"versanumer_2007\">11<\/span><\/a> Efa og bat skulu vera j\u00f6fn a\u00f0 m\u00e1li svo a\u00f0 bat taki einn t\u00edunda \u00far g\u00f3mer og efa einn t\u00edunda \u00far g\u00f3mer. M\u00e1l beggja skal mi\u00f0ast vi\u00f0 g\u00f3mer. <a name=\"12\"><span class=\"versanumer_2007\">12<\/span><\/a> Einn sikill skal vera tuttugu gerur. Fimm siklar skulu vera fimm siklar og t\u00edu siklar t\u00edu siklar og fimmt\u00edu siklar skulu vera ein m\u00edna.<br \/> <a name=\"13\"><span class=\"versanumer_2007\">13<\/span><\/a> \u00deetta er afgjaldi\u00f0 sem \u00fei\u00f0 skulu\u00f0 grei\u00f0a: Einn sj\u00f6tta \u00far efu af hverjum g\u00f3mer hveitis og einn sj\u00f6tta efu af hverjum g\u00f3mer byggs. <a name=\"14\"><span class=\"versanumer_2007\">14<\/span><\/a> \u00c1kv\u00e6\u00f0i um ol\u00edu eru: Ol\u00eda er m\u00e6ld me\u00f0 bat, t\u00edu b\u00f6t eru einn g\u00f3mer \u00fev\u00ed a\u00f0 t\u00edu b\u00f6t eru einn k\u00f3r. Grei\u00f0a skal t\u00edunda hluta \u00far bat af hverjum k\u00f3r. <br \/> <a name=\"15\"><span class=\"versanumer_2007\">15<\/span><\/a> Grei\u00f0a skal eitt lamb af hj\u00f6r\u00f0 me\u00f0 tv\u00f6 hundru\u00f0 fj\u00e1r fyrir \u00e6ttb\u00e1lka \u00cdsraels til kornf\u00f3rnar, brennif\u00f3rnar og heillaf\u00f3rnar og til fri\u00f0\u00fe\u00e6gingar fyrir \u00fe\u00e1, segir Drottinn Gu\u00f0.<br \/> <a name=\"16\"><span class=\"versanumer_2007\">16<\/span><\/a> Allir landsmenn skulu grei\u00f0a \u00feetta afgjald til landsh\u00f6f\u00f0ingjans yfir \u00cdsrael. <a name=\"17\"><span class=\"versanumer_2007\">17<\/span><\/a> En landsh\u00f6f\u00f0ingjanum ber a\u00f0 sj\u00e1 um brennif\u00f3rn, kornf\u00f3rn og dreypif\u00f3rn \u00e1 h\u00e1t\u00ed\u00f0um, tunglkomud\u00f6gum og hv\u00edldard\u00f6gum, \u00e1 \u00f6llum h\u00e1t\u00ed\u00f0arsamkomum \u00cdsraelsmanna. Hann skal l\u00e1ta f\u00e6ra syndaf\u00f3rn, kornf\u00f3rn, brennif\u00f3rn og heillaf\u00f3rnir til a\u00f0 fri\u00f0\u00fe\u00e6gja fyrir \u00cdsraelsmenn.<\/p>\n<h3 class=\"millifyrirsogn_2007\">H\u00e1t\u00ed\u00f0ir<\/h3>\n<p><a name=\"18\"><span class=\"versanumer_2007\">18<\/span><\/a> Svo segir Drottinn Gu\u00f0: \u00c1 fyrsta degi fyrsta m\u00e1na\u00f0arins skaltu s\u00e6kja l\u00fdtalaust naut \u00far nautgripahj\u00f6r\u00f0inni og hreinsa helgid\u00f3minn af synd. <a name=\"19\"><span class=\"versanumer_2007\">19<\/span><\/a> Presturinn skal taka nokku\u00f0 af bl\u00f3\u00f0i d\u00fdrsins, sem \u00e6tla\u00f0 er til syndaf\u00f3rnar, og bera \u00fea\u00f0 \u00e1 dyrastafi h\u00fassins, \u00e1 fj\u00f6gur horn f\u00f3tstalls altarisins og \u00e1 dyrastafi hli\u00f0sins a\u00f0 innri forgar\u00f0inum. <a name=\"20\"><span class=\"versanumer_2007\">20<\/span><\/a> Eins skaltu gera \u00e1 sj\u00f6unda degi m\u00e1na\u00f0arins vegna \u00feeirra sem syndga\u00f0 hafa \u00e1n \u00e1setnings e\u00f0a af van\u00feekkingu. \u00dei\u00f0 skulu\u00f0 fri\u00f0\u00fe\u00e6gja fyrir h\u00fasi\u00f0. <br \/> <a name=\"21\"><span class=\"versanumer_2007\">21<\/span><\/a> \u00dei\u00f0 skulu\u00f0 halda p\u00e1skah\u00e1t\u00ed\u00f0 fj\u00f3rt\u00e1nda dag fyrsta m\u00e1na\u00f0arins. \u00cd sj\u00f6 daga skal bor\u00f0a \u00f3s\u00fdrt brau\u00f0. <a name=\"22\"><span class=\"versanumer_2007\">22<\/span><\/a> \u00c1 \u00feeim degi skal landsh\u00f6f\u00f0inginn rei\u00f0a fram naut til syndaf\u00f3rnar fyrir sj\u00e1lfan sig og allt f\u00f3lki\u00f0 \u00ed landinu. <a name=\"23\"><span class=\"versanumer_2007\">23<\/span><\/a> Hann skal einnig f\u00e6ra Drottni brennif\u00f3rn \u00feessa sj\u00f6 h\u00e1t\u00ed\u00f0ardaga. Hann skal rei\u00f0a fram sj\u00f6 l\u00fdtalaus naut og sj\u00f6 l\u00fdtalausa geithafra \u00e1 hverjum degi \u00feessa sj\u00f6 daga og geithafur \u00ed syndaf\u00f3rn hvern dag. <a name=\"24\"><span class=\"versanumer_2007\">24<\/span><\/a> Einnig skal hann leggja fram eina efu \u00ed kornf\u00f3rn me\u00f0 hverju nauti og eina efu me\u00f0 hverjum geithafri og eina h\u00edn af ol\u00edu me\u00f0 hverri efu.<br \/> <a name=\"25\"><span class=\"versanumer_2007\">25<\/span><\/a> \u00c1 h\u00e1t\u00ed\u00f0inni fimmt\u00e1nda dag sj\u00f6unda m\u00e1na\u00f0arins skal hann rei\u00f0a \u00feetta sama fram til syndaf\u00f3rnar, brennif\u00f3rnar og kornf\u00f3rnar og \u00fea\u00f0 sama af ol\u00edu \u00ed sj\u00f6 daga.<\/p>\n","protected":false},"excerpt":{"rendered":"<p>Landareign Drottins og afnotar\u00e9ttur Lev\u00edta og presta 1 \u00deegar \u00fei\u00f0 skipti\u00f0 landinu me\u00f0 hlutkesti \u00ed erf\u00f0ahluti skulu\u00f0 \u00fei\u00f0 taka hluta af \u00fev\u00ed \u00ed afgjald handa Drottni. \u00dea\u00f0 er heil\u00f6g landspilda, 25.000 \u00e1lnir \u00e1 lengd og 20.000 \u00e1 breidd. \u00d6ll \u00feessi spilda skal vera heil\u00f6g, \u00e1 allar hli\u00f0ar. 2 Af henni skal ferhyrnd sk\u00e1k, 500 \u00e1lnir \u00e1 hverja hli\u00f0, vera eign helgid\u00f3msins \u00e1samt 50 \u00e1lna bithaga allt umhverfis. 3 Af \u00feessu afmarka\u00f0a sv\u00e6\u00f0i skulu\u00f0 \u00fei\u00f0 m\u00e6la spildu, 25.000 \u00e1lnir \u00e1 lengd og 10.000 \u00e1 breidd. \u00dear skal helgid\u00f3murinn standa. 4 \u00deetta er heilagur hluti af landinu. Hann skal vera prestunum sem <a href=\"https:\/\/biblian.is\/biblian\/esekiel-45-kafli\/\"> [&#8230;]<\/a><\/p>\n","protected":false},"author":1,"featured_media":0,"parent":0,"menu_order":0,"comment_status":"open","ping_status":"open","template":"bibliukaflar_NT.php","meta":{"footnotes":""},"class_list":["post-2464","page","type-page","status-publish","hentry"],"_links":{"self":[{"href":"https:\/\/biblian.is\/biblian\/wp-json\/wp\/v2\/pages\/2464","targetHints":{"allow":["GET"]}}],"collection":[{"href":"https:\/\/biblian.is\/biblian\/wp-json\/wp\/v2\/pages"}],"about":[{"href":"https:\/\/biblian.is\/biblian\/wp-json\/wp\/v2\/types\/page"}],"author":[{"embeddable":true,"href":"https:\/\/biblian.is\/biblian\/wp-json\/wp\/v2\/users\/1"}],"replies":[{"embeddable":true,"href":"https:\/\/biblian.is\/biblian\/wp-json\/wp\/v2\/comments?post=2464"}],"version-history":[{"count":0,"href":"https:\/\/biblian.is\/biblian\/wp-json\/wp\/v2\/pages\/2464\/revisions"}],"wp:attachment":[{"href":"https:\/\/biblian.is\/biblian\/wp-json\/wp\/v2\/media?parent=2464"}],"curies":[{"name":"wp","href":"https:\/\/api.w.org\/{rel}","templated":true}]}}