{"id":2462,"date":"2017-12-30T21:03:18","date_gmt":"2017-12-30T21:03:18","guid":{"rendered":"http:\/\/biblian.is\/biblian\/esek%c2%92el-43-kafli\/"},"modified":"2024-07-03T22:14:13","modified_gmt":"2024-07-03T22:14:13","slug":"esekiel-43-kafli","status":"publish","type":"page","link":"https:\/\/biblian.is\/biblian\/esekiel-43-kafli\/","title":{"rendered":"Esek\u00edel 43. kafli"},"content":{"rendered":"<h3 class=\"millifyrirsogn_2007\"> D\u00fdr\u00f0 Drottins sn\u00fdr aftur til musterisins<\/h3>\n<p><a name=\"1\"><span class=\"versanumer_2007\">1<\/span><\/a> Ma\u00f0urinn leiddi mig a\u00f0 hli\u00f0inu sem sn\u00fdr \u00ed austur. <a name=\"2\"><span class=\"versanumer_2007\">2<\/span><\/a> \u00de\u00e1 s\u00e1 \u00e9g d\u00fdr\u00f0 Gu\u00f0s \u00cdsraels koma \u00far austur\u00e1tt. \u00de\u00e1 heyr\u00f0ist hlj\u00f3\u00f0, sem l\u00edktist ni\u00f0 mikilla vatna, og j\u00f6r\u00f0in lj\u00f3ma\u00f0i af d\u00fdr\u00f0 hans. <a name=\"3\"><span class=\"versanumer_2007\">3<\/span><\/a> S\u00fdnin sem \u00e9g s\u00e1 var eins og s\u00fa sem \u00e9g s\u00e1 \u00feegar hann kom til a\u00f0 leggja borgina \u00ed ey\u00f0i. S\u00fdnin var eins og s\u00fdnin sem \u00e9g s\u00e1 vi\u00f0 Kebarflj\u00f3t. \u00c9g l\u00e9t fallast \u00e1 \u00e1sj\u00f3nu m\u00edna. <a name=\"4\"><span class=\"versanumer_2007\">4<\/span><\/a> D\u00fdr\u00f0 Drottins f\u00f3r inn \u00ed h\u00fasi\u00f0 um hli\u00f0i\u00f0 sem sn\u00fdr \u00ed austur. <a name=\"5\"><span class=\"versanumer_2007\">5<\/span><\/a> En andinn h\u00f3f mig upp og f\u00f3r me\u00f0 mig inn \u00ed innri forgar\u00f0inn. \u00de\u00e1 s\u00e1 \u00e9g a\u00f0 h\u00fasi\u00f0 var fullt af d\u00fdr\u00f0 Drottins.<br \/> <a name=\"6\"><span class=\"versanumer_2007\">6<\/span><\/a> \u00c9g heyr\u00f0i a\u00f0 einhver \u00e1varpa\u00f0i mig innan \u00far h\u00fasinu, \u00e1 me\u00f0an ma\u00f0urinn st\u00f3\u00f0 vi\u00f0 hli\u00f0 m\u00e9r, <a name=\"7\"><span class=\"versanumer_2007\">7<\/span><\/a> og sag\u00f0i vi\u00f0 mig: Mannssonur, \u00feetta er sta\u00f0ur h\u00e1s\u00e6tis m\u00edns og sk\u00f6r f\u00f3ta minna. H\u00e9r mun \u00e9g \u00e6vinlega b\u00faa \u00e1 me\u00f0al \u00cdsraelsmanna. En \u00cdsraelsmenn skulu aldrei framar saurga mitt heilaga nafn, hvorki \u00feeir n\u00e9 konungar \u00feeirra. \u00dea\u00f0 skulu \u00feeir hvorki gera me\u00f0 h\u00f3rd\u00f3mi s\u00ednum n\u00e9 l\u00edkum konunga sinna. <br \/> <a name=\"8\"><span class=\"versanumer_2007\">8<\/span><\/a> En \u00feeir settu \u00fer\u00f6skuld sinn vi\u00f0 minn \u00fer\u00f6skuld og dyrastafi s\u00edna vi\u00f0 m\u00edna dyrastafi svo a\u00f0 a\u00f0eins skildi veggur milli m\u00edn og \u00feeirra og \u00feeir saurgu\u00f0u mitt heilaga nafn me\u00f0 vi\u00f0bj\u00f3\u00f0slegri breytni sinni svo a\u00f0 \u00e9g eyddi \u00feeim \u00ed heift minni. <a name=\"9\"><span class=\"versanumer_2007\">9<\/span><\/a> N\u00fa skulu \u00feeir fjarl\u00e6gja h\u00f3rd\u00f3minn og l\u00edk konunga sinna fr\u00e1 m\u00e9r, \u00fe\u00e1 mun \u00e9g \u00e6vinlega b\u00faa mitt \u00e1 me\u00f0al \u00feeirra.<br \/> <a name=\"10\"><span class=\"versanumer_2007\">10<\/span><\/a> \u00de\u00fa, mannssonur, sk\u00fdr\u00f0u musteri\u00f0 \u00fat fyrir \u00cdsraelsm\u00f6nnum svo a\u00f0 \u00feeir blyg\u00f0ist s\u00edn fyrir afbrot s\u00edn. \u00deeir skulu m\u00e6la byggingarnar <a name=\"11\"><span class=\"versanumer_2007\">11<\/span><\/a> og munu \u00fe\u00e1 blyg\u00f0ast s\u00edn fyrir allt sem \u00feeir hafa gert. \u00de\u00fa skalt l\u00fdsa \u00fatliti h\u00fassins, innr\u00e9ttingu \u00feess, \u00fatg\u00f6ngum og inng\u00f6ngum og \u00f6llum fyrirm\u00e6lum og reglum um \u00fea\u00f0. Skr\u00e1\u00f0u allt fyrir augum \u00feeirra og \u00feeir skulu halda \u00f6ll fyrirm\u00e6li og reglur um \u00fea\u00f0 og breyta eftir \u00feeim.<br \/> <a name=\"12\"><span class=\"versanumer_2007\">12<\/span><\/a> \u00deetta eru l\u00f6gin um musterissv\u00e6\u00f0i\u00f0: Allt sv\u00e6\u00f0i\u00f0 efst \u00e1 fjallinu, allt \u00ed kring, er h\u00e1heilagt. \u00deetta eru l\u00f6gin um musterissv\u00e6\u00f0i\u00f0.<\/p>\n<h3 class=\"millifyrirsogn_2007\">Brennif\u00f3rnaraltari\u00f0<\/h3>\n<p><a name=\"13\"><span class=\"versanumer_2007\">13<\/span><\/a> \u00deetta er st\u00e6r\u00f0 altarisins m\u00e6ld \u00ed \u00e1lnum en hver alin samsvarar venjulegri alin a\u00f0 vi\u00f0b\u00e6ttri einni \u00feverh\u00f6nd: Rennan umhverfis \u00fea\u00f0 var ein alin \u00e1 d\u00fdpt og ein \u00e1 breidd og br\u00fanin allt um kring \u00e1 barmi hennar er ein sp\u00f6nn. \u00deetta var f\u00f3tstallur altarisins: <a name=\"14\"><span class=\"versanumer_2007\">14<\/span><\/a> Fr\u00e1 rennunni \u00ed j\u00f6r\u00f0inni voru tv\u00e6r \u00e1lnir a\u00f0 ne\u00f0sta stalli \u00feess sem var ein alin \u00e1 breidd. Fr\u00e1 litla stallinum voru fj\u00f3rar \u00e1lnir a\u00f0 \u00feeim st\u00f3ra sem var ein alin \u00e1 breidd. <a name=\"15\"><span class=\"versanumer_2007\">15<\/span><\/a> Eldst\u00e6\u00f0i\u00f0 var fj\u00f3rar \u00e1lnir \u00e1 h\u00e6\u00f0 og ein \u00e1 breidd og fj\u00f6gur horn risu upp fr\u00e1 eldst\u00e6\u00f0inu. <a name=\"16\"><span class=\"versanumer_2007\">16<\/span><\/a> Eldst\u00e6\u00f0i\u00f0 var t\u00f3lf \u00e1lnir \u00e1 lengd og t\u00f3lf \u00e1 breidd, \u00fea\u00f0 var ferningur. <a name=\"17\"><span class=\"versanumer_2007\">17<\/span><\/a> St\u00f3ri mi\u00f0stallurinn var fj\u00f3rt\u00e1n \u00e1lnir \u00e1 lengd og fj\u00f3rt\u00e1n \u00e1 breidd me\u00f0 fj\u00f3rum j\u00f6fnum hli\u00f0um. Br\u00fanin umhverfis var h\u00e1lf alin \u00e1 breidd og rennan \u00ed kringum ein alin. \u00derepin upp a\u00f0 altarinu sneru \u00ed austur.<\/p>\n<h3 class=\"millifyrirsogn_2007\">V\u00edgsla brennif\u00f3rnaraltarisins<\/h3>\n<p><a name=\"18\"><span class=\"versanumer_2007\">18<\/span><\/a> Ma\u00f0urinn sag\u00f0i vi\u00f0 mig: Mannssonur, svo segir Drottinn Gu\u00f0: \u00deetta eru laga\u00e1kv\u00e6\u00f0in um altari\u00f0: Daginn sem \u00fea\u00f0 hefur veri\u00f0 reist til a\u00f0 f\u00e6ra \u00e1 \u00fev\u00ed brennif\u00f3rn og dreypa \u00e1 \u00fea\u00f0 bl\u00f3\u00f0i <a name=\"19\"><span class=\"versanumer_2007\">19<\/span><\/a> skaltu f\u00e1 Lev\u00edtaprestunum naut \u00far st\u00f3rgripahj\u00f6r\u00f0inni \u00ed syndaf\u00f3rn, en Lev\u00edtaprestarnir eru \u00feeir af ni\u00f0jum Sad\u00f3ks sem mega n\u00e1lgast mig til a\u00f0 \u00fej\u00f3na m\u00e9r, segir Drottinn Gu\u00f0. <a name=\"20\"><span class=\"versanumer_2007\">20<\/span><\/a> \u00de\u00fa skalt taka nokku\u00f0 af bl\u00f3\u00f0i \u00feess og bera \u00fea\u00f0 \u00e1 fj\u00f6gur horn altarisins, fj\u00f6gur horn stallsins og \u00e1 br\u00fanina allt umhverfis. \u00deannig skaltu hreinsa altari\u00f0 af synd og fri\u00f0\u00fe\u00e6gja fyrir \u00fea\u00f0. <a name=\"21\"><span class=\"versanumer_2007\">21<\/span><\/a> S\u00ed\u00f0an skaltu taka syndaf\u00f3rnarnauti\u00f0 og brenna \u00fea\u00f0 \u00e1 torginu, utan vi\u00f0 helgid\u00f3minn.<br \/> <a name=\"22\"><span class=\"versanumer_2007\">22<\/span><\/a> Daginn eftir skaltu f\u00e6ra l\u00fdtalausan geithafur \u00ed syndaf\u00f3rn og altari\u00f0 skal hreinsa\u00f0 af synd eins og \u00fea\u00f0 var hreinsa\u00f0 af synd me\u00f0 nautinu. <a name=\"23\"><span class=\"versanumer_2007\">23<\/span><\/a> \u00deegar \u00fe\u00fa hefur loki\u00f0 vi\u00f0 a\u00f0 hreinsa \u00fea\u00f0 af synd skaltu lei\u00f0a fram l\u00fdtalaust naut \u00far st\u00f3rgripahj\u00f6r\u00f0inni og l\u00fdtalausan hr\u00fat \u00far sau\u00f0ahj\u00f6r\u00f0inni <a name=\"24\"><span class=\"versanumer_2007\">24<\/span><\/a> og f\u00e6ra \u00feau fram fyrir auglit Drottins. \u00deegar prestarnir hafa kasta\u00f0 yfir \u00feau salti skulu \u00feeir f\u00e6ra \u00feau Drottni a\u00f0 brennif\u00f3rn. <br \/> <a name=\"25\"><span class=\"versanumer_2007\">25<\/span><\/a> Dag hvern, \u00ed sj\u00f6 daga, skaltu b\u00faa geithafur til syndaf\u00f3rnar. Einnig skal naut \u00far nautahj\u00f6r\u00f0inni og hr\u00fatur \u00far sau\u00f0ahj\u00f6r\u00f0inni, b\u00e6\u00f0i l\u00fdtalaus d\u00fdr, b\u00fain til f\u00f3rnar. <a name=\"26\"><span class=\"versanumer_2007\">26<\/span><\/a> \u00cd sj\u00f6 daga skal fri\u00f0\u00fe\u00e6gt fyrir altari\u00f0, \u00fea\u00f0 skal hreinsa\u00f0 og v\u00edgt. <a name=\"27\"><span class=\"versanumer_2007\">27<\/span><\/a> \u00deannig skulu \u00feessir dagar l\u00ed\u00f0a. En \u00e1 \u00e1ttunda degi og framvegis skulu prestarnir f\u00e6ra brennif\u00f3rnir ykkar og heillaf\u00f3rnir \u00e1 altarinu. Og \u00e9g mun taka ykkur n\u00e1\u00f0arsamlega, segir Drottinn Gu\u00f0.<\/p>\n","protected":false},"excerpt":{"rendered":"<p>D\u00fdr\u00f0 Drottins sn\u00fdr aftur til musterisins 1 Ma\u00f0urinn leiddi mig a\u00f0 hli\u00f0inu sem sn\u00fdr \u00ed austur. 2 \u00de\u00e1 s\u00e1 \u00e9g d\u00fdr\u00f0 Gu\u00f0s \u00cdsraels koma \u00far austur\u00e1tt. \u00de\u00e1 heyr\u00f0ist hlj\u00f3\u00f0, sem l\u00edktist ni\u00f0 mikilla vatna, og j\u00f6r\u00f0in lj\u00f3ma\u00f0i af d\u00fdr\u00f0 hans. 3 S\u00fdnin sem \u00e9g s\u00e1 var eins og s\u00fa sem \u00e9g s\u00e1 \u00feegar hann kom til a\u00f0 leggja borgina \u00ed ey\u00f0i. S\u00fdnin var eins og s\u00fdnin sem \u00e9g s\u00e1 vi\u00f0 Kebarflj\u00f3t. \u00c9g l\u00e9t fallast \u00e1 \u00e1sj\u00f3nu m\u00edna. 4 D\u00fdr\u00f0 Drottins f\u00f3r inn \u00ed h\u00fasi\u00f0 um hli\u00f0i\u00f0 sem sn\u00fdr \u00ed austur. 5 En andinn h\u00f3f mig upp og f\u00f3r me\u00f0 mig <a href=\"https:\/\/biblian.is\/biblian\/esekiel-43-kafli\/\"> [&#8230;]<\/a><\/p>\n","protected":false},"author":1,"featured_media":0,"parent":0,"menu_order":0,"comment_status":"open","ping_status":"open","template":"bibliukaflar_NT.php","meta":{"footnotes":""},"class_list":["post-2462","page","type-page","status-publish","hentry"],"_links":{"self":[{"href":"https:\/\/biblian.is\/biblian\/wp-json\/wp\/v2\/pages\/2462","targetHints":{"allow":["GET"]}}],"collection":[{"href":"https:\/\/biblian.is\/biblian\/wp-json\/wp\/v2\/pages"}],"about":[{"href":"https:\/\/biblian.is\/biblian\/wp-json\/wp\/v2\/types\/page"}],"author":[{"embeddable":true,"href":"https:\/\/biblian.is\/biblian\/wp-json\/wp\/v2\/users\/1"}],"replies":[{"embeddable":true,"href":"https:\/\/biblian.is\/biblian\/wp-json\/wp\/v2\/comments?post=2462"}],"version-history":[{"count":0,"href":"https:\/\/biblian.is\/biblian\/wp-json\/wp\/v2\/pages\/2462\/revisions"}],"wp:attachment":[{"href":"https:\/\/biblian.is\/biblian\/wp-json\/wp\/v2\/media?parent=2462"}],"curies":[{"name":"wp","href":"https:\/\/api.w.org\/{rel}","templated":true}]}}