{"id":2461,"date":"2017-12-30T21:03:18","date_gmt":"2017-12-30T21:03:18","guid":{"rendered":"http:\/\/biblian.is\/biblian\/esek%c2%92el-42-kafli\/"},"modified":"2024-07-03T22:14:13","modified_gmt":"2024-07-03T22:14:13","slug":"esekiel-42-kafli","status":"publish","type":"page","link":"https:\/\/biblian.is\/biblian\/esekiel-42-kafli\/","title":{"rendered":"Esek\u00edel 42. kafli"},"content":{"rendered":"<p><a name=\"1\"><span class=\"versanumer_2007\">1<\/span><\/a> \u00dev\u00ed n\u00e6st f\u00f3r ma\u00f0urinn me\u00f0 mig \u00fat \u00ed ytri forgar\u00f0inn \u00ed nor\u00f0ur. Hann leiddi mig inn \u00ed \u00e1lmuna gegnt afmarka\u00f0a sv\u00e6\u00f0inu og byggingunni nor\u00f0an vi\u00f0 \u00fea\u00f0. <a name=\"2\"><span class=\"versanumer_2007\">2<\/span><\/a> H\u00fan var hundra\u00f0 \u00e1lnir \u00e1 lengd nor\u00f0an megin og fimmt\u00edu \u00e1 breidd. <a name=\"3\"><span class=\"versanumer_2007\">3<\/span><\/a> H\u00fan var gegnt afmarka\u00f0a sv\u00e6\u00f0inu sem var tuttugu \u00e1lnir \u00e1 breidd og hluti af innri forgar\u00f0inum og gegnt steing\u00f3lfinu sem var hluti af ytri forgar\u00f0inum. Byggingin var reist \u00e1 st\u00f6llum \u00e1 \u00feremur h\u00e6\u00f0um. <a name=\"4\"><span class=\"versanumer_2007\">4<\/span><\/a> Framan vi\u00f0 herbergin var gangur sem sneri inn \u00e1 vi\u00f0, t\u00edu \u00e1lnir \u00e1 breidd og hundra\u00f0 \u00e1 lengd. Dyrnar inn \u00ed herbergin voru a\u00f0 nor\u00f0anver\u00f0u. <a name=\"5\"><span class=\"versanumer_2007\">5<\/span><\/a> Efstu herbergin voru styttri en herbergin \u00e1 ne\u00f0stu h\u00e6\u00f0inni og mi\u00f0h\u00e6\u00f0inni \u00fev\u00ed a\u00f0 stallarnir t\u00f3ku nokkurt r\u00fam. <a name=\"6\"><span class=\"versanumer_2007\">6<\/span><\/a> Byggingin var \u00e1 \u00feremur h\u00e6\u00f0um en engar s\u00falur voru \u00ed henni eins og s\u00falurnar \u00ed forg\u00f6r\u00f0unum. H\u00fan var \u00fev\u00ed bygg\u00f0 \u00e1 st\u00f6llum og minnku\u00f0u herbergin eftir \u00fev\u00ed sem ofar dr\u00f3 fr\u00e1 ne\u00f0stu h\u00e6\u00f0 til mi\u00f0h\u00e6\u00f0ar. <a name=\"7\"><span class=\"versanumer_2007\">7<\/span><\/a> Utan vi\u00f0 \u00e1lmurnar og me\u00f0 fram \u00feeim var m\u00far. Hann l\u00e1 \u00ed \u00e1ttina a\u00f0 ytri forgar\u00f0inum framan vi\u00f0 \u00e1lmurnar og var fimmt\u00edu \u00e1lnir \u00e1 lengd. <a name=\"8\"><span class=\"versanumer_2007\">8<\/span><\/a> \u00dear sem herbergin, sem sneru a\u00f0 ytri forgar\u00f0inum, voru fimmt\u00edu \u00e1lnir \u00e1 lengd var allur m\u00farinn hundra\u00f0 \u00e1lnir \u00e1 lengd. <a name=\"9\"><span class=\"versanumer_2007\">9<\/span><\/a> Gengi\u00f0 var inn \u00ed ne\u00f0stu herbergin a\u00f0 austan \u00feegar komi\u00f0 var fr\u00e1 ytri forgar\u00f0inum <a name=\"10\"><span class=\"versanumer_2007\">10<\/span><\/a> vi\u00f0 enda m\u00farsins sem afmarka\u00f0i forgar\u00f0inn.<br \/>Sunnan vi\u00f0 afmarka\u00f0a sv\u00e6\u00f0i\u00f0 og vi\u00f0 bygginguna voru \u00e1lmur me\u00f0 herbergjum. <a name=\"11\"><span class=\"versanumer_2007\">11<\/span><\/a> Framan vi\u00f0 \u00fe\u00e6r l\u00e1 gata. \u00deessi herbergi voru \u00e1\u00feekk hinum sem voru nor\u00f0an megin. \u00deau voru jafnl\u00f6ng og jafnbrei\u00f0 og \u00feau og \u00e1 \u00feeim voru sams konar dyr, tilh\u00f6gun \u00feeirra var eins og hur\u00f0irnar jafnmargar og \u00ed herbergjunum a\u00f0 nor\u00f0anver\u00f0u. <a name=\"12\"><span class=\"versanumer_2007\">12<\/span><\/a> Inngangur a\u00f0 dyrum su\u00f0urherbergjanna sneri \u00ed austur, vi\u00f0 enda g\u00f6tunnar sem l\u00e1 me\u00f0 fram m\u00farnum.<br \/> <a name=\"13\"><span class=\"versanumer_2007\">13<\/span><\/a> Ma\u00f0urinn sag\u00f0i vi\u00f0 mig: \u201eHerbergin \u00ed \u00e1lmunni nor\u00f0an megin og \u00ed \u00e1lmunni sunnan megin vi\u00f0 afmarka\u00f0a sv\u00e6\u00f0i\u00f0 eru heil\u00f6g herbergi. \u00dear eiga prestarnir, sem n\u00e1lgast Drottin, a\u00f0 neyta hinna h\u00e1heil\u00f6gu f\u00f3rnargjafa. \u00dear eiga \u00feeir a\u00f0 setja hinar h\u00e1heil\u00f6gu f\u00f3rnargjafir, kornf\u00f3rn, syndaf\u00f3rn og sektarf\u00f3rn, \u00fev\u00ed a\u00f0 \u00feessi sta\u00f0ur er heilagur. <a name=\"14\"><span class=\"versanumer_2007\">14<\/span><\/a> \u00deegar prestarnir eru komnir \u00fear inn mega \u00feeir ekki ganga beint \u00far hinu heilaga herbergi \u00fat \u00ed ytri forgar\u00f0inn. \u00deeir eiga a\u00f0 skilja kl\u00e6\u00f0i s\u00edn, sem \u00feeir hafa \u00fej\u00f3na\u00f0 \u00ed, eftir \u00ed \u00feessu herbergi \u00fev\u00ed a\u00f0 \u00feau eru heil\u00f6g. \u00deegar \u00feeir hafa kl\u00e6\u00f0st \u00f6\u00f0rum f\u00f6tum mega \u00feeir fara \u00feanga\u00f0 sem f\u00f3lki\u00f0 er.\u201c<\/p>\n<h3 class=\"millifyrirsogn_2007\">St\u00e6r\u00f0 musterissv\u00e6\u00f0isins<\/h3>\n<p><a name=\"15\"><span class=\"versanumer_2007\">15<\/span><\/a> \u00deegar ma\u00f0urinn haf\u00f0i loki\u00f0 vi\u00f0 a\u00f0 m\u00e6la musterissv\u00e6\u00f0i\u00f0 innanvert leiddi hann mig \u00fat um hli\u00f0i\u00f0 sem sn\u00fdr \u00ed austur og m\u00e6ldi \u00fea\u00f0 \u00e1 alla vegu. <a name=\"16\"><span class=\"versanumer_2007\">16<\/span><\/a> Hann m\u00e6ldi austurhli\u00f0ina me\u00f0 m\u00e6listikunni, h\u00fan var fimm hundru\u00f0 \u00e1lnir m\u00e6ld me\u00f0 m\u00e6listikunni. \u00dev\u00ed n\u00e6st sneri hann vi\u00f0 <a name=\"17\"><span class=\"versanumer_2007\">17<\/span><\/a> og m\u00e6ldi nor\u00f0urhli\u00f0ina, h\u00fan var fimm hundru\u00f0 \u00e1lnir m\u00e6ld me\u00f0 m\u00e6listikunni. \u00de\u00e1 sneri hann vi\u00f0 <a name=\"18\"><span class=\"versanumer_2007\">18<\/span><\/a> og m\u00e6ldi su\u00f0urhli\u00f0ina, h\u00fan var fimm hundru\u00f0 \u00e1lnir m\u00e6ld me\u00f0 m\u00e6listikunni. <a name=\"19\"><span class=\"versanumer_2007\">19<\/span><\/a> Hann sneri s\u00e9r a\u00f0 vesturhli\u00f0inni og m\u00e6ldi hana, h\u00fan var fimm hundru\u00f0 \u00e1lnir m\u00e6ld me\u00f0 m\u00e6listikunni. <a name=\"20\"><span class=\"versanumer_2007\">20<\/span><\/a> Hann m\u00e6ldi fj\u00f3rar hli\u00f0ar musterissv\u00e6\u00f0isins. Umhverfis \u00fea\u00f0 var m\u00farveggur, hann var fimm hundru\u00f0 \u00e1lnir \u00e1 lengd og fimm hundru\u00f0 \u00e1 breidd til \u00feess a\u00f0 skilja heilagt fr\u00e1 \u00fev\u00ed sem ekki er heilagt.<\/p>\n","protected":false},"excerpt":{"rendered":"<p>1 \u00dev\u00ed n\u00e6st f\u00f3r ma\u00f0urinn me\u00f0 mig \u00fat \u00ed ytri forgar\u00f0inn \u00ed nor\u00f0ur. Hann leiddi mig inn \u00ed \u00e1lmuna gegnt afmarka\u00f0a sv\u00e6\u00f0inu og byggingunni nor\u00f0an vi\u00f0 \u00fea\u00f0. 2 H\u00fan var hundra\u00f0 \u00e1lnir \u00e1 lengd nor\u00f0an megin og fimmt\u00edu \u00e1 breidd. 3 H\u00fan var gegnt afmarka\u00f0a sv\u00e6\u00f0inu sem var tuttugu \u00e1lnir \u00e1 breidd og hluti af innri forgar\u00f0inum og gegnt steing\u00f3lfinu sem var hluti af ytri forgar\u00f0inum. Byggingin var reist \u00e1 st\u00f6llum \u00e1 \u00feremur h\u00e6\u00f0um. 4 Framan vi\u00f0 herbergin var gangur sem sneri inn \u00e1 vi\u00f0, t\u00edu \u00e1lnir \u00e1 breidd og hundra\u00f0 \u00e1 lengd. Dyrnar inn \u00ed herbergin voru a\u00f0 nor\u00f0anver\u00f0u. <a href=\"https:\/\/biblian.is\/biblian\/esekiel-42-kafli\/\"> [&#8230;]<\/a><\/p>\n","protected":false},"author":1,"featured_media":0,"parent":0,"menu_order":0,"comment_status":"open","ping_status":"open","template":"bibliukaflar_NT.php","meta":{"footnotes":""},"class_list":["post-2461","page","type-page","status-publish","hentry"],"_links":{"self":[{"href":"https:\/\/biblian.is\/biblian\/wp-json\/wp\/v2\/pages\/2461","targetHints":{"allow":["GET"]}}],"collection":[{"href":"https:\/\/biblian.is\/biblian\/wp-json\/wp\/v2\/pages"}],"about":[{"href":"https:\/\/biblian.is\/biblian\/wp-json\/wp\/v2\/types\/page"}],"author":[{"embeddable":true,"href":"https:\/\/biblian.is\/biblian\/wp-json\/wp\/v2\/users\/1"}],"replies":[{"embeddable":true,"href":"https:\/\/biblian.is\/biblian\/wp-json\/wp\/v2\/comments?post=2461"}],"version-history":[{"count":0,"href":"https:\/\/biblian.is\/biblian\/wp-json\/wp\/v2\/pages\/2461\/revisions"}],"wp:attachment":[{"href":"https:\/\/biblian.is\/biblian\/wp-json\/wp\/v2\/media?parent=2461"}],"curies":[{"name":"wp","href":"https:\/\/api.w.org\/{rel}","templated":true}]}}