{"id":2460,"date":"2017-12-30T21:03:18","date_gmt":"2017-12-30T21:03:18","guid":{"rendered":"http:\/\/biblian.is\/biblian\/esek%c2%92el-41-kafli\/"},"modified":"2024-07-03T22:14:13","modified_gmt":"2024-07-03T22:14:13","slug":"esekiel-41-kafli","status":"publish","type":"page","link":"https:\/\/biblian.is\/biblian\/esekiel-41-kafli\/","title":{"rendered":"Esek\u00edel 41. kafli"},"content":{"rendered":"<p><a name=\"1\"><span class=\"versanumer_2007\">1<\/span><\/a> A\u00f0 svo b\u00fanu leiddi hann mig inn \u00ed musterissalinn og m\u00e6ldi sto\u00f0irnar. \u00de\u00e6r voru sex \u00e1lnir a\u00f0 \u00feykkt beggja vegna. <a name=\"2\"><span class=\"versanumer_2007\">2<\/span><\/a> Dyrnar voru t\u00edu \u00e1lnir \u00e1 breidd og hli\u00f0arveggirnir b\u00e1\u00f0um megin vi\u00f0 dyrnar voru hvor um sig fimm \u00e1lnir. \u00dev\u00ed n\u00e6st m\u00e6ldi hann lengd musterissalarins og var hann fj\u00f6rut\u00edu \u00e1lnir \u00e1 lengd en tuttugu \u00e1 breidd.<br \/> <a name=\"3\"><span class=\"versanumer_2007\">3<\/span><\/a> \u00de\u00e1 gekk hann inn fyrir og m\u00e6ldi sto\u00f0irnar vi\u00f0 dyrnar. \u00de\u00e6r voru tv\u00e6r \u00e1lnir. Dyrnar voru sex \u00e1lnir \u00e1 breidd en hli\u00f0arveggir inngangsins sj\u00f6. <a name=\"4\"><span class=\"versanumer_2007\">4<\/span><\/a> Hann m\u00e6ldi lengd herbergisins og var h\u00fan tuttugu \u00e1lnir og breiddin tuttugu \u00ed \u00e1tt a\u00f0 musterissalnum. Hann sag\u00f0i vi\u00f0 mig: \u201e\u00deetta er hi\u00f0 allra helgasta.\u201c<br \/> <a name=\"5\"><span class=\"versanumer_2007\">5<\/span><\/a> Hann m\u00e6ldi m\u00farvegg musterisins. Hann var sex \u00e1lnir \u00e1 \u00feykkt. \u00datbygging, sem n\u00e1\u00f0i umhverfis allt musteri\u00f0, var fj\u00f3rar \u00e1lnir \u00e1 breidd. <a name=\"6\"><span class=\"versanumer_2007\">6<\/span><\/a> \u00cd henni voru hli\u00f0arherbergi eitt upp af \u00f6\u00f0ru, \u00ferj\u00e1r h\u00e6\u00f0ir. \u00c1 m\u00farvegg musterisins voru syllur allt \u00ed kring vegna hli\u00f0arherbergjanna. \u00de\u00e6r h\u00e9ldu uppi \u00feakbj\u00e1lkum \u00feeirra en engar festingar voru \u00ed veggjum musterisins. <a name=\"7\"><span class=\"versanumer_2007\">7<\/span><\/a> Byggt var umhverfis allt h\u00fasi\u00f0 og breikka\u00f0i \u00fea\u00f0 upp \u00e1 vi\u00f0 fr\u00e1 einni h\u00e6\u00f0 til annarrar. Gengi\u00f0 var fr\u00e1 ne\u00f0stu h\u00e6\u00f0inni upp \u00e1 \u00fe\u00e1 efstu um mi\u00f0h\u00e6\u00f0ina. <a name=\"8\"><span class=\"versanumer_2007\">8<\/span><\/a> \u00c9g s\u00e1 a\u00f0 umhverfis musteri\u00f0 var upph\u00e6kkun sem var grunnur hli\u00f0arherbergjanna og var h\u00fan ein m\u00e6list\u00f6ng \u00e1 h\u00e6\u00f0, fullar sex \u00e1lnir. <a name=\"9\"><span class=\"versanumer_2007\">9<\/span><\/a> \u00datveggur vi\u00f0byggingarinnar var fimm \u00e1lnir \u00e1 \u00feykkt. \u00c1 milli hli\u00f0arherbergja h\u00fassins <a name=\"10\"><span class=\"versanumer_2007\">10<\/span><\/a> og \u00e1lmu prestanna var autt sv\u00e6\u00f0i umhverfis h\u00fasi\u00f0 allt, tuttugu \u00e1lnir \u00e1 breidd. <a name=\"11\"><span class=\"versanumer_2007\">11<\/span><\/a> Dyrum hli\u00f0arbyggingarinnar a\u00f0 opna sv\u00e6\u00f0inu var \u00feannig komi\u00f0 fyrir a\u00f0 einar dyr sneru \u00ed nor\u00f0ur og a\u00f0rar \u00ed su\u00f0ur. M\u00farinn umhverfis opna sv\u00e6\u00f0i\u00f0 var fimm \u00e1lnir \u00e1 \u00feykkt. <br \/> <a name=\"12\"><span class=\"versanumer_2007\">12<\/span><\/a> Gegnt afmarka\u00f0a sv\u00e6\u00f0inu a\u00f0 vestanver\u00f0u var bygging. H\u00fan var sj\u00f6t\u00edu \u00e1lnir \u00e1 breidd. Veggur \u00feeirrar byggingar var fimm \u00e1lnir \u00e1 breidd allan hringinn og n\u00edut\u00edu \u00e1lnir \u00e1 lengd.<br \/> <a name=\"13\"><span class=\"versanumer_2007\">13<\/span><\/a> Hann m\u00e6ldi \u00fev\u00ed n\u00e6st musteri\u00f0 og var \u00fea\u00f0 hundra\u00f0 \u00e1lnir \u00e1 lengd, einnig afmarka\u00f0a sv\u00e6\u00f0i\u00f0 og bygginguna og m\u00fara hennar. \u00dea\u00f0 var hundra\u00f0 \u00e1lnir \u00e1 lengd. <a name=\"14\"><span class=\"versanumer_2007\">14<\/span><\/a> Framhli\u00f0 musterisins og afmarka\u00f0a sv\u00e6\u00f0i\u00f0 austan megin voru hundra\u00f0 \u00e1lnir \u00e1 breidd. <a name=\"15\"><span class=\"versanumer_2007\">15<\/span><\/a> Hann m\u00e6ldi lengd byggingarinnar sem st\u00f3\u00f0 vi\u00f0 afmarka\u00f0a sv\u00e6\u00f0i\u00f0 \u00e1 bak vi\u00f0 \u00fea\u00f0, og hann m\u00e6ldi einnig \u00e1lmur \u00feess beggja vegna og voru \u00fe\u00e6r hundra\u00f0 \u00e1lnir.<br \/>Musterissalurinn og forsalurinn, sem sneri a\u00f0 forgar\u00f0inum, <a name=\"16\"><span class=\"versanumer_2007\">16<\/span><\/a> voru \u00feilja\u00f0ir a\u00f0 innan. Gluggarnir voru loka\u00f0ir me\u00f0 rimlum og voru \u00ferefaldar umgj\u00f6r\u00f0ir um \u00fe\u00e1 ofan vi\u00f0 gluggakisturnar. \u00deiljurnar n\u00e1\u00f0u allt umhverfis fr\u00e1 g\u00f3lfi upp a\u00f0 gluggum <a name=\"17\"><span class=\"versanumer_2007\">17<\/span><\/a> og yfir dyrnar. \u00cd innra herberginu og \u00fev\u00ed ytra, \u00e1 \u00f6llum veggjum b\u00e6\u00f0i a\u00f0 utan og innan, voru marka\u00f0ir reitir. <a name=\"18\"><span class=\"versanumer_2007\">18<\/span><\/a> \u00cd \u00fe\u00e1 voru skornir ker\u00fabar og p\u00e1lmar, einn p\u00e1lmi milli tveggja ker\u00faba. Hver ker\u00fab haf\u00f0i tv\u00f6 andlit, <a name=\"19\"><span class=\"versanumer_2007\">19<\/span><\/a> mannsandlit sem sneri a\u00f0 p\u00e1lmanum \u00f6\u00f0rum megin vi\u00f0 hann og lj\u00f3nsandlit sem sneri a\u00f0 p\u00e1lmanum hinum megin. \u00deannig var h\u00fasi\u00f0 \u00fatskori\u00f0 allan hringinn: <a name=\"20\"><span class=\"versanumer_2007\">20<\/span><\/a> Ker\u00fabar og p\u00e1lmar voru skornir \u00e1 vegg musterissalarins fr\u00e1 g\u00f3lfi og yfir dyrnar.<br \/> <a name=\"21\"><span class=\"versanumer_2007\">21<\/span><\/a> Ferf\u00f6ld umgj\u00f6r\u00f0 var um dyr musterissalarins. Framan vi\u00f0 hi\u00f0 heilaga var eitthva\u00f0 sem virtist vera <a name=\"22\"><span class=\"versanumer_2007\">22<\/span><\/a> altari \u00far tr\u00e9. \u00dea\u00f0 var \u00ferj\u00e1r \u00e1lnir \u00e1 h\u00e6\u00f0, tv\u00e6r \u00e1 lengd og tv\u00e6r \u00e1 breidd. \u00c1 \u00fev\u00ed voru horn og f\u00f3tstallur \u00feess og hli\u00f0ar voru \u00far vi\u00f0i. Hann sag\u00f0i vi\u00f0 mig: \u201e\u00deetta er bor\u00f0i\u00f0 sem stendur frammi fyrir Drottni.\u201c<br \/> <a name=\"23\"><span class=\"versanumer_2007\">23<\/span><\/a> Fyrir musterissalnum voru v\u00e6ngjahur\u00f0ir og fyrir hinu heilaga <a name=\"24\"><span class=\"versanumer_2007\">24<\/span><\/a> voru einnig v\u00e6ngjahur\u00f0ir. \u00cd dyrunum voru hreyfanlegir hur\u00f0arv\u00e6ngir, tveir \u00e1 hverjum dyrum. <a name=\"25\"><span class=\"versanumer_2007\">25<\/span><\/a> \u00c1 hur\u00f0arv\u00e6ngi musterissalarins voru skornir ker\u00fabar og p\u00e1lmar eins og \u00feeir sem skornir voru \u00ed veggina. \u00c1 framhli\u00f0 musterissalarins, sem sneri \u00fat, voru tr\u00e9rimlar. <a name=\"26\"><span class=\"versanumer_2007\">26<\/span><\/a> \u00c1 b\u00e1\u00f0um hli\u00f0arveggjum forsalarins voru gluggar sem loka\u00f0 var me\u00f0 grindum og p\u00e1lmaskreytingar voru einnig \u00e1 \u00fatbyggingum h\u00fassins og grindum \u00feess.<\/p>\n","protected":false},"excerpt":{"rendered":"<p>1 A\u00f0 svo b\u00fanu leiddi hann mig inn \u00ed musterissalinn og m\u00e6ldi sto\u00f0irnar. \u00de\u00e6r voru sex \u00e1lnir a\u00f0 \u00feykkt beggja vegna. 2 Dyrnar voru t\u00edu \u00e1lnir \u00e1 breidd og hli\u00f0arveggirnir b\u00e1\u00f0um megin vi\u00f0 dyrnar voru hvor um sig fimm \u00e1lnir. \u00dev\u00ed n\u00e6st m\u00e6ldi hann lengd musterissalarins og var hann fj\u00f6rut\u00edu \u00e1lnir \u00e1 lengd en tuttugu \u00e1 breidd. 3 \u00de\u00e1 gekk hann inn fyrir og m\u00e6ldi sto\u00f0irnar vi\u00f0 dyrnar. \u00de\u00e6r voru tv\u00e6r \u00e1lnir. Dyrnar voru sex \u00e1lnir \u00e1 breidd en hli\u00f0arveggir inngangsins sj\u00f6. 4 Hann m\u00e6ldi lengd herbergisins og var h\u00fan tuttugu \u00e1lnir og breiddin tuttugu \u00ed \u00e1tt a\u00f0 musterissalnum. Hann <a href=\"https:\/\/biblian.is\/biblian\/esekiel-41-kafli\/\"> [&#8230;]<\/a><\/p>\n","protected":false},"author":1,"featured_media":0,"parent":0,"menu_order":0,"comment_status":"open","ping_status":"open","template":"bibliukaflar_NT.php","meta":{"footnotes":""},"class_list":["post-2460","page","type-page","status-publish","hentry"],"_links":{"self":[{"href":"https:\/\/biblian.is\/biblian\/wp-json\/wp\/v2\/pages\/2460","targetHints":{"allow":["GET"]}}],"collection":[{"href":"https:\/\/biblian.is\/biblian\/wp-json\/wp\/v2\/pages"}],"about":[{"href":"https:\/\/biblian.is\/biblian\/wp-json\/wp\/v2\/types\/page"}],"author":[{"embeddable":true,"href":"https:\/\/biblian.is\/biblian\/wp-json\/wp\/v2\/users\/1"}],"replies":[{"embeddable":true,"href":"https:\/\/biblian.is\/biblian\/wp-json\/wp\/v2\/comments?post=2460"}],"version-history":[{"count":0,"href":"https:\/\/biblian.is\/biblian\/wp-json\/wp\/v2\/pages\/2460\/revisions"}],"wp:attachment":[{"href":"https:\/\/biblian.is\/biblian\/wp-json\/wp\/v2\/media?parent=2460"}],"curies":[{"name":"wp","href":"https:\/\/api.w.org\/{rel}","templated":true}]}}