{"id":2459,"date":"2017-12-30T21:03:18","date_gmt":"2017-12-30T21:03:18","guid":{"rendered":"http:\/\/biblian.is\/biblian\/esek%c2%92el-40-kafli\/"},"modified":"2024-07-03T22:14:13","modified_gmt":"2024-07-03T22:14:13","slug":"esekiel-40-kafli","status":"publish","type":"page","link":"https:\/\/biblian.is\/biblian\/esekiel-40-kafli\/","title":{"rendered":"Esek\u00edel 40. kafli"},"content":{"rendered":"<h2 class=\"millifyrirsogn_2007\"> N\u00fdtt musteri<\/h2>\n<p><a name=\"1\"><span class=\"versanumer_2007\">1<\/span><\/a> \u00cd \u00e1rsbyrjun, t\u00edunda dag m\u00e1na\u00f0arins \u00e1 tuttugasta og fimmta \u00e1rinu fr\u00e1 \u00fev\u00ed a\u00f0 vi\u00f0 vorum fluttir \u00ed \u00fatleg\u00f0, \u00e1 fj\u00f3rt\u00e1nda \u00e1ri eftir fall borgarinnar, einmitt \u00feann dag kom h\u00f6nd Drottins yfir mig og flutti mig <a name=\"2\"><span class=\"versanumer_2007\">2<\/span><\/a> \u00ed gu\u00f0d\u00f3mlegum s\u00fdnum til lands \u00cdsraels. Hann setti mig \u00e1 mj\u00f6g h\u00e1tt fjall og sunnan megin \u00e1 \u00fev\u00ed var einhver bygg\u00f0 sem l\u00edktist borg. <a name=\"3\"><span class=\"versanumer_2007\">3<\/span><\/a> \u00deanga\u00f0 f\u00f3r hann me\u00f0 mig og \u00fe\u00e1 s\u00e1 \u00e9g mann sem var \u00e1 a\u00f0 l\u00edta eins og hann v\u00e6ri \u00far eir. Hann haf\u00f0i l\u00edn\u00fer\u00e1\u00f0 og m\u00e6likvar\u00f0a \u00ed hendi og st\u00f3\u00f0 \u00ed hli\u00f0inu. <a name=\"4\"><span class=\"versanumer_2007\">4<\/span><\/a> Ma\u00f0urinn sag\u00f0i vi\u00f0 mig: \u201eMannssonur, horf\u00f0u me\u00f0 augum \u00fe\u00ednum og hlusta\u00f0u me\u00f0 eyrum \u00fe\u00ednum. Taktu vel eftir \u00f6llu sem \u00e9g s\u00fdni \u00fe\u00e9r \u00fev\u00ed a\u00f0 \u00fe\u00fa varst fluttur hinga\u00f0 til \u00feess a\u00f0 \u00e9g s\u00fdndi \u00fe\u00e9r \u00fea\u00f0. Sk\u00fdr\u00f0u \u00cdsraelsm\u00f6nnum fr\u00e1 \u00f6llu sem \u00fe\u00fa s\u00e9r\u00f0.\u201c<\/p>\n<h3 class=\"millifyrirsogn_2007\">Ytri forgar\u00f0urinn og hli\u00f0 hans<\/h3>\n<p><a name=\"5\"><span class=\"versanumer_2007\">5<\/span><\/a> M\u00farveggur var utan um musteri\u00f0 og n\u00e1\u00f0i alveg \u00ed kringum \u00fea\u00f0. Ma\u00f0urinn haf\u00f0i m\u00e6listiku \u00ed hendi s\u00e9r sem var sex \u00e1lnir \u00e1 lengd. Hver alin var venjuleg alin a\u00f0 vi\u00f0b\u00e6ttri einni \u00feverh\u00f6nd. Hann m\u00e6ldi \u00feykkt m\u00farsins og reyndist h\u00fan vera ein m\u00e6listika og h\u00e6\u00f0in ein stika.<br \/> <a name=\"6\"><span class=\"versanumer_2007\">6<\/span><\/a> Hann gekk \u00fe\u00e1 inn \u00ed hli\u00f0i\u00f0, sem sn\u00fdr \u00ed austur, og upp \u00ferepin \u00ed \u00fev\u00ed og m\u00e6ldi s\u00ed\u00f0an \u00fer\u00f6skuldinn \u00ed hli\u00f0inu sem var ein m\u00e6listika \u00e1 breidd. <a name=\"7\"><span class=\"versanumer_2007\">7<\/span><\/a> Hann m\u00e6ldi einnig hli\u00f0arst\u00fakur hli\u00f0sins sem reyndust ein m\u00e6listika \u00e1 lengd og ein \u00e1 breidd. \u00c1 milli st\u00faknanna voru fimm \u00e1lnir. S\u00e1 \u00fer\u00f6skuldur hli\u00f0sins sem sneri a\u00f0 forsal hli\u00f0sins a\u00f0 innanver\u00f0u var ein m\u00e6listika. <a name=\"8\"><span class=\"versanumer_2007\">8<\/span><\/a> S\u00ed\u00f0an m\u00e6ldi hann forsal hli\u00f0sins <a name=\"9\"><span class=\"versanumer_2007\">9<\/span><\/a> sem reyndist \u00e1tta \u00e1lnir og sto\u00f0irnar \u00ed honum tv\u00e6r \u00e1lnir. Forsalur hli\u00f0sins vissi a\u00f0 musterinu. <a name=\"10\"><span class=\"versanumer_2007\">10<\/span><\/a> \u00cd austurhli\u00f0inu voru \u00ferj\u00e1r st\u00fakur hvorum megin. St\u00fakurnar voru allar jafnst\u00f3rar og sto\u00f0irnar beggja vegna voru einnig jafnst\u00f3rar. <a name=\"11\"><span class=\"versanumer_2007\">11<\/span><\/a> \u00de\u00e1 m\u00e6ldi hann einnig dyrav\u00eddd hli\u00f0sins og var h\u00fan t\u00edu \u00e1lnir og vegurinn gegnum hli\u00f0i\u00f0 \u00ferett\u00e1n \u00e1lnir. <a name=\"12\"><span class=\"versanumer_2007\">12<\/span><\/a> Framan vi\u00f0 st\u00fakurnar var gir\u00f0ing, sem var ein alin, og st\u00fakurnar b\u00e1\u00f0um megin voru sex \u00e1lnir. <a name=\"13\"><span class=\"versanumer_2007\">13<\/span><\/a> \u00de\u00e1 m\u00e6ldi hann breidd hli\u00f0sins fr\u00e1 bakvegg einnar st\u00faku a\u00f0 bakvegg st\u00fakunnar \u00e1 m\u00f3ti og var h\u00fan tuttugu og fimm \u00e1lnir. Dyrnar \u00e1 st\u00fakunum st\u00f3\u00f0ust \u00e1. <a name=\"14\"><span class=\"versanumer_2007\">14<\/span><\/a> Hann m\u00e6ldi einnig forsal hli\u00f0sins. Var hann tuttugu og fimm \u00e1lnir og sex \u00e1lnir vi\u00f0 sto\u00f0 forgar\u00f0sins. <a name=\"15\"><span class=\"versanumer_2007\">15<\/span><\/a> Fr\u00e1 framhli\u00f0 hli\u00f0byggingarinnar me\u00f0 innganginum \u00ed hli\u00f0i\u00f0 og a\u00f0 \u00feeirri hli\u00f0 forsalarins sem sneri a\u00f0 musterinu voru fimmt\u00edu \u00e1lnir. <a name=\"16\"><span class=\"versanumer_2007\">16<\/span><\/a> \u00c1 st\u00fakunum og sto\u00f0um \u00feeirra voru gluggar sem loka\u00f0 var me\u00f0 grindum. \u00deeir opnu\u00f0ust allt umhverfis inn \u00ed hli\u00f0i\u00f0. Eins voru gluggar allt umhverfis inn \u00ed forsalinn og sto\u00f0ir hans voru skreyttar p\u00e1lmum.<br \/> <a name=\"17\"><span class=\"versanumer_2007\">17<\/span><\/a> \u00dev\u00ed n\u00e6st leiddi hann mig inn \u00ed ytri forgar\u00f0inn. \u00dear voru herbergi og var allur forgar\u00f0urinn steinlag\u00f0ur. \u00derj\u00e1t\u00edu herbergi vissu \u00fat a\u00f0 steing\u00f3lfinu. <a name=\"18\"><span class=\"versanumer_2007\">18<\/span><\/a> Steing\u00f3lfi\u00f0 n\u00e1\u00f0i a\u00f0 hli\u00f0arvegg, jafnlangt honum. \u00deetta var ne\u00f0ra steing\u00f3lfi\u00f0. <a name=\"19\"><span class=\"versanumer_2007\">19<\/span><\/a> \u00de\u00e1 m\u00e6ldi hann einnig fjarl\u00e6g\u00f0ina fr\u00e1 framhli\u00f0 ne\u00f0ra hli\u00f0sins a\u00f0 \u00fathli\u00f0 innra hli\u00f0sins, \u00fea\u00f0 voru hundra\u00f0 \u00e1lnir.<br \/> <a name=\"20\"><span class=\"versanumer_2007\">20<\/span><\/a> Hann m\u00e6ldi einnig lengd og breidd \u00feess hli\u00f0s \u00ed ytri forgar\u00f0inum sem sn\u00fdr \u00ed nor\u00f0ur. <a name=\"21\"><span class=\"versanumer_2007\">21<\/span><\/a> \u00cd \u00fev\u00ed voru \u00ferj\u00e1r hli\u00f0arst\u00fakur hvorum megin, forsalur og sto\u00f0ir sem voru jafnst\u00f3rar og \u00ed hinu hli\u00f0inu. Hli\u00f0i\u00f0 var fimmt\u00edu \u00e1lnir \u00e1 lengd og tuttugu og fimm \u00e1 breidd. <a name=\"22\"><span class=\"versanumer_2007\">22<\/span><\/a> Gluggarnir \u00e1 forsal \u00feessa hli\u00f0s og p\u00e1lmaskreytingin \u00ed honum voru eins og \u00ed austurhli\u00f0inu. L\u00e1gu sj\u00f6 \u00ferep upp a\u00f0 \u00fev\u00ed. Forsalur \u00feess sneri inn \u00e1 vi\u00f0. <a name=\"23\"><span class=\"versanumer_2007\">23<\/span><\/a> Gegnt nor\u00f0urhli\u00f0inu og austurhli\u00f0inu var hli\u00f0 inn \u00ed innri forgar\u00f0inn. Hann m\u00e6ldi fjarl\u00e6g\u00f0ina fr\u00e1 hli\u00f0i til hli\u00f0s og var h\u00fan hundra\u00f0 \u00e1lnir.<br \/> <a name=\"24\"><span class=\"versanumer_2007\">24<\/span><\/a> \u00dev\u00ed n\u00e6st leiddi hann mig \u00ed su\u00f0ur. \u00dear var hli\u00f0 sem sneri \u00ed su\u00f0ur. Hann m\u00e6ldi sto\u00f0ir \u00feess og forsal sem voru jafnst\u00f3r og \u00ed hinum hli\u00f0unum. <a name=\"25\"><span class=\"versanumer_2007\">25<\/span><\/a> \u00c1 hli\u00f0inu voru gluggar og einnig allt \u00ed kring \u00e1 forsal \u00feess. \u00deeir voru eins og hinir fyrri. Hli\u00f0i\u00f0 var fimmt\u00edu \u00e1lnir \u00e1 lengd og tuttugu og fimm \u00e1 breidd. <a name=\"26\"><span class=\"versanumer_2007\">26<\/span><\/a> Sj\u00f6 \u00ferep l\u00e1gu upp a\u00f0 hli\u00f0inu og forsalur \u00feess sneri inn \u00e1 vi\u00f0. Sto\u00f0ir hli\u00f0sins voru skreyttar p\u00e1lmum b\u00e1\u00f0um megin. <a name=\"27\"><span class=\"versanumer_2007\">27<\/span><\/a> \u00cd innri forgar\u00f0inum var anna\u00f0 hli\u00f0 sem sneri \u00ed su\u00f0ur. Hann m\u00e6ldi fjarl\u00e6g\u00f0ina milli hli\u00f0anna sem sneru \u00ed su\u00f0ur og var h\u00fan hundra\u00f0 \u00e1lnir.<br \/> <a name=\"28\"><span class=\"versanumer_2007\">28<\/span><\/a> \u00dev\u00ed n\u00e6st f\u00f3r hann me\u00f0 mig um su\u00f0urhli\u00f0i\u00f0 inn \u00ed innri forgar\u00f0inn. Hann m\u00e6ldi su\u00f0urhli\u00f0i\u00f0 og var \u00fea\u00f0 jafnst\u00f3rt hinum hli\u00f0unum. <a name=\"29\"><span class=\"versanumer_2007\">29<\/span><\/a> Hli\u00f0arst\u00fakurnar \u00ed \u00fev\u00ed, sto\u00f0irnar og forsalurinn voru af s\u00f6mu st\u00e6r\u00f0 og \u00ed hinum hli\u00f0unum. \u00c1 hli\u00f0inu og forsal \u00feess voru gluggar allt \u00ed kring. \u00dea\u00f0 var fimmt\u00edu \u00e1lnir \u00e1 lengd og tuttugu og fimm \u00e1 breidd. <a name=\"30\"><span class=\"versanumer_2007\">30<\/span><\/a> Og allt \u00ed kring voru forsalir, tuttugu og fimm \u00e1lna langir og fimm \u00e1lna brei\u00f0ir. <a name=\"31\"><span class=\"versanumer_2007\">31<\/span><\/a> Forsalur hli\u00f0sins sneri a\u00f0 ytri forgar\u00f0inum. Sto\u00f0irnar \u00ed \u00fev\u00ed voru skreyttar me\u00f0 p\u00e1lmum og \u00e1tta \u00ferep l\u00e1gu upp a\u00f0 \u00fev\u00ed.<br \/> <a name=\"32\"><span class=\"versanumer_2007\">32<\/span><\/a> S\u00ed\u00f0an f\u00f3r hann me\u00f0 mig inn \u00ed innri forgar\u00f0inn a\u00f0 austanver\u00f0u. Hann m\u00e6ldi hli\u00f0i\u00f0 og var \u00fea\u00f0 jafnst\u00f3rt hinum. <a name=\"33\"><span class=\"versanumer_2007\">33<\/span><\/a> Hli\u00f0arst\u00fakur hli\u00f0sins, sto\u00f0ir og forsalur voru af s\u00f6mu st\u00e6r\u00f0 og \u00ed hinum hli\u00f0unum. \u00c1 hli\u00f0inu og forsal \u00feess voru gluggar allt \u00ed kring. \u00dea\u00f0 var fimmt\u00edu \u00e1lnir \u00e1 lengd og tuttugu og fimm \u00e1 breidd. <a name=\"34\"><span class=\"versanumer_2007\">34<\/span><\/a> Forsalur \u00feess sneri a\u00f0 ytri forgar\u00f0inum og sto\u00f0ir \u00feess voru skreyttar p\u00e1lmum b\u00e1\u00f0um megin. \u00c1tta \u00ferep l\u00e1gu upp a\u00f0 \u00fev\u00ed.<br \/> <a name=\"35\"><span class=\"versanumer_2007\">35<\/span><\/a> \u00de\u00e1 f\u00f3r hann me\u00f0 mig a\u00f0 nor\u00f0urhli\u00f0inu og m\u00e6ldi \u00fea\u00f0. Allt var jafnst\u00f3rt og \u00ed hinum, <a name=\"36\"><span class=\"versanumer_2007\">36<\/span><\/a> hli\u00f0arst\u00fakurnar, sto\u00f0irnar og forsalurinn. \u00c1 \u00fev\u00ed voru gluggar allt \u00ed kring. Hli\u00f0i\u00f0 var fimmt\u00edu \u00e1lnir \u00e1 lengd og tuttugu og fimm \u00e1 breidd. <a name=\"37\"><span class=\"versanumer_2007\">37<\/span><\/a> Forsalur \u00feess sneri a\u00f0 ytri forgar\u00f0inum og sto\u00f0ir \u00feess voru skreyttar p\u00e1lmum b\u00e1\u00f0um megin. \u00c1tta \u00ferep l\u00e1gu upp a\u00f0 \u00fev\u00ed.<br \/> <a name=\"38\"><span class=\"versanumer_2007\">38<\/span><\/a> \u00dearna var s\u00e9rstakt herbergi og opnu\u00f0ust dyr \u00feess inn \u00ed forsal hli\u00f0sins. \u00dear var brennif\u00f3rnin \u00fevegin. <a name=\"39\"><span class=\"versanumer_2007\">39<\/span><\/a> \u00cd forsal hli\u00f0sins st\u00f3\u00f0u tv\u00f6 bor\u00f0, hvort s\u00ednum megin. \u00c1 \u00feeim \u00e1tti a\u00f0 sl\u00e1tra d\u00fdrum til brenni-, syndar- og sektarf\u00f3rna. <a name=\"40\"><span class=\"versanumer_2007\">40<\/span><\/a> Utan vi\u00f0 hli\u00f0arvegginn, vi\u00f0 uppganginn og innganginn \u00ed hli\u00f0i\u00f0 sem sn\u00fdr \u00ed nor\u00f0ur, st\u00f3\u00f0u tv\u00f6 bor\u00f0 og \u00f6nnur tv\u00f6 vi\u00f0 hinn hli\u00f0arvegg forsalar hli\u00f0sins. <a name=\"41\"><span class=\"versanumer_2007\">41<\/span><\/a> Voru fj\u00f6gur bor\u00f0 vi\u00f0 hli\u00f0arveggi hli\u00f0sins beggja vegna, alls \u00e1tta bor\u00f0 sem f\u00f3rnard\u00fdrum var sl\u00e1tra\u00f0 \u00e1.<br \/> <a name=\"42\"><span class=\"versanumer_2007\">42\/43<\/span><\/a> Brennif\u00f3rnarbor\u00f0in fj\u00f6gur voru ger\u00f0 \u00far tilh\u00f6ggnum steinum. \u00deau voru ein og h\u00e1lf alin \u00e1 lengd, ein og h\u00e1lf \u00e1 breidd og ein alin \u00e1 h\u00e6\u00f0. Inni \u00ed h\u00fasinu var komi\u00f0 fyrir hillum allt \u00ed kring, sem voru ein \u00feverh\u00f6nd \u00e1 breidd. \u00c1 \u00fe\u00e6r voru \u00e1h\u00f6ldin l\u00f6g\u00f0, sem notu\u00f0 voru til a\u00f0 sl\u00e1tra d\u00fdrum \u00ed brenni- og sl\u00e1turf\u00f3rn, en f\u00f3rnarkj\u00f6ti\u00f0 var lagt \u00e1 bor\u00f0in. <\/p>\n<h3 class=\"millifyrirsogn_2007\">Innri forgar\u00f0urinn og musterisbyggingin<\/h3>\n<p><a name=\"44\"><span class=\"versanumer_2007\">44<\/span><\/a> Utan vi\u00f0 innra hli\u00f0i\u00f0 \u00ed innri forgar\u00f0inum voru tv\u00e6r \u00e1lmur. \u00d6nnur var vi\u00f0 hli\u00f0arvegg nor\u00f0urhli\u00f0sins, sem sn\u00fdr \u00ed su\u00f0ur, og hin vi\u00f0 hli\u00f0arvegg su\u00f0urhli\u00f0sins sem veit \u00ed nor\u00f0ur. <a name=\"45\"><span class=\"versanumer_2007\">45<\/span><\/a> Hann sag\u00f0i vi\u00f0 mig: \u201e\u00c1lman sem sn\u00fdr \u00ed su\u00f0ur er \u00e6tlu\u00f0 prestunum sem gegna \u00fej\u00f3nustu \u00ed musterinu. En \u00e1lman sem sn\u00fdr \u00ed nor\u00f0ur er \u00e6tlu\u00f0 prestunum sem gegna \u00fej\u00f3nustu vi\u00f0 altari\u00f0. <a name=\"46\"><span class=\"versanumer_2007\">46<\/span><\/a> \u00deeir eru ni\u00f0jar Sad\u00f3ks og eru \u00feeir einu af ni\u00f0jum Lev\u00ed sem mega n\u00e1lgast Drottin til a\u00f0 \u00fej\u00f3na honum.\u201c<br \/> <a name=\"47\"><span class=\"versanumer_2007\">47<\/span><\/a> Hann m\u00e6ldi forgar\u00f0inn. Hann var ferningur, hundra\u00f0 \u00e1lnir \u00e1 lengd og hundra\u00f0 \u00e1 breidd, og altari\u00f0 st\u00f3\u00f0 fyrir framan h\u00fasi\u00f0. <br \/> <a name=\"48\"><span class=\"versanumer_2007\">48<\/span><\/a> \u00dev\u00ed n\u00e6st leiddi hann mig inn \u00ed forsal musterisins og m\u00e6ldi sto\u00f0irnar \u00ed forsalnum. \u00de\u00e6r voru fimm \u00e1lnir hvorum megin. Inngangurinn \u00ed hli\u00f0i\u00f0 var fj\u00f3rt\u00e1n \u00e1lnir \u00e1 breidd og hli\u00f0arveggirnir vi\u00f0 innganginn voru hvor um sig \u00ferj\u00e1r \u00e1lnir. <a name=\"49\"><span class=\"versanumer_2007\">49<\/span><\/a> Forsalurinn var tuttugu \u00e1lnir \u00e1 breidd og t\u00f3lf \u00e1 lengd og l\u00e1gu t\u00edu \u00ferep upp a\u00f0 honum. S\u00falur voru vi\u00f0 sto\u00f0irnar, ein hvorum megin.<\/p>\n","protected":false},"excerpt":{"rendered":"<p>N\u00fdtt musteri 1 \u00cd \u00e1rsbyrjun, t\u00edunda dag m\u00e1na\u00f0arins \u00e1 tuttugasta og fimmta \u00e1rinu fr\u00e1 \u00fev\u00ed a\u00f0 vi\u00f0 vorum fluttir \u00ed \u00fatleg\u00f0, \u00e1 fj\u00f3rt\u00e1nda \u00e1ri eftir fall borgarinnar, einmitt \u00feann dag kom h\u00f6nd Drottins yfir mig og flutti mig 2 \u00ed gu\u00f0d\u00f3mlegum s\u00fdnum til lands \u00cdsraels. Hann setti mig \u00e1 mj\u00f6g h\u00e1tt fjall og sunnan megin \u00e1 \u00fev\u00ed var einhver bygg\u00f0 sem l\u00edktist borg. 3 \u00deanga\u00f0 f\u00f3r hann me\u00f0 mig og \u00fe\u00e1 s\u00e1 \u00e9g mann sem var \u00e1 a\u00f0 l\u00edta eins og hann v\u00e6ri \u00far eir. Hann haf\u00f0i l\u00edn\u00fer\u00e1\u00f0 og m\u00e6likvar\u00f0a \u00ed hendi og st\u00f3\u00f0 \u00ed hli\u00f0inu. 4 Ma\u00f0urinn sag\u00f0i vi\u00f0 <a href=\"https:\/\/biblian.is\/biblian\/esekiel-40-kafli\/\"> [&#8230;]<\/a><\/p>\n","protected":false},"author":1,"featured_media":0,"parent":0,"menu_order":0,"comment_status":"open","ping_status":"open","template":"bibliukaflar_NT.php","meta":{"footnotes":""},"class_list":["post-2459","page","type-page","status-publish","hentry"],"_links":{"self":[{"href":"https:\/\/biblian.is\/biblian\/wp-json\/wp\/v2\/pages\/2459","targetHints":{"allow":["GET"]}}],"collection":[{"href":"https:\/\/biblian.is\/biblian\/wp-json\/wp\/v2\/pages"}],"about":[{"href":"https:\/\/biblian.is\/biblian\/wp-json\/wp\/v2\/types\/page"}],"author":[{"embeddable":true,"href":"https:\/\/biblian.is\/biblian\/wp-json\/wp\/v2\/users\/1"}],"replies":[{"embeddable":true,"href":"https:\/\/biblian.is\/biblian\/wp-json\/wp\/v2\/comments?post=2459"}],"version-history":[{"count":0,"href":"https:\/\/biblian.is\/biblian\/wp-json\/wp\/v2\/pages\/2459\/revisions"}],"wp:attachment":[{"href":"https:\/\/biblian.is\/biblian\/wp-json\/wp\/v2\/media?parent=2459"}],"curies":[{"name":"wp","href":"https:\/\/api.w.org\/{rel}","templated":true}]}}