{"id":2458,"date":"2017-12-30T21:03:18","date_gmt":"2017-12-30T21:03:18","guid":{"rendered":"http:\/\/biblian.is\/biblian\/esek%c2%92el-39-kafli\/"},"modified":"2024-07-03T22:14:12","modified_gmt":"2024-07-03T22:14:12","slug":"esekiel-39-kafli","status":"publish","type":"page","link":"https:\/\/biblian.is\/biblian\/esekiel-39-kafli\/","title":{"rendered":"Esek\u00edel 39. kafli"},"content":{"rendered":"<p><a name=\"1\"><span class=\"versanumer_2007\">1<\/span><\/a> En \u00fe\u00fa, mannssonur, sp\u00e1\u00f0u gegn G\u00f3g og seg\u00f0u: Svo segir Drottinn Gu\u00f0: N\u00fa held \u00e9g gegn \u00fe\u00e9r, G\u00f3g, st\u00f3rfursti \u00ed Mesek og T\u00fabal. <a name=\"2\"><span class=\"versanumer_2007\">2<\/span><\/a> \u00c9g sn\u00fd \u00fe\u00e9r vi\u00f0, lei\u00f0i \u00feig og sendi fr\u00e1 hinum nor\u00f0l\u00e6gustu l\u00f6ndum upp \u00ed fjalllendi \u00cdsraels. <a name=\"3\"><span class=\"versanumer_2007\">3<\/span><\/a> \u00c9g mun sl\u00e1 bogann \u00far vinstri hendi \u00feinni og l\u00e1ta \u00f6rvarnar falla \u00far \u00feeirri h\u00e6gri. <a name=\"4\"><span class=\"versanumer_2007\">4<\/span><\/a> Sj\u00e1lfur munt \u00fe\u00fa falla \u00e1 fj\u00f6llum \u00cdsraels \u00e1samt \u00f6llum hersveitum \u00fe\u00ednum og \u00fej\u00f3\u00f0unum sem fylgja \u00fe\u00e9r. \u00c9g mun f\u00e1 \u00feig r\u00e1nfuglum og \u00f6\u00f0rum v\u00e6ngju\u00f0um skepnum \u00e1samt d\u00fdrum merkurinnar a\u00f0 br\u00e1\u00f0. <a name=\"5\"><span class=\"versanumer_2007\">5<\/span><\/a> \u00de\u00fa munt falla \u00e1 v\u00ed\u00f0avangi. \u00c9g hef tala\u00f0, segir Drottinn Gu\u00f0.<br \/> <a name=\"6\"><span class=\"versanumer_2007\">6<\/span><\/a> \u00c9g mun senda eld gegn Mag\u00f3g og hinum \u00e1hyggjulausu eyjarskeggjum. \u00de\u00e1 munu \u00feeir skilja a\u00f0 \u00e9g er Drottinn. <a name=\"7\"><span class=\"versanumer_2007\">7<\/span><\/a> Og \u00e9g mun kunngj\u00f6ra mitt heilaga nafn me\u00f0al l\u00fd\u00f0s m\u00edns, \u00cdsraels, og \u00e9g mun aldrei framar vanhelga mitt heilaga nafn. \u00deannig munu \u00fej\u00f3\u00f0irnar skilja a\u00f0 \u00e9g er Drottinn, Hinn heilagi \u00ed \u00cdsrael. <a name=\"8\"><span class=\"versanumer_2007\">8<\/span><\/a> \u00deetta kemur fram og ver\u00f0ur, segir Drottinn Gu\u00f0. \u00deetta er dagurinn sem \u00e9g tala\u00f0i um.<br \/> <a name=\"9\"><span class=\"versanumer_2007\">9<\/span><\/a> \u00cdb\u00faar borganna \u00ed \u00cdsrael munu fara \u00fat og kveikja b\u00e1l. \u00deeir munu kveikja \u00ed herkl\u00e6\u00f0um s\u00ednum, litlum skj\u00f6ldum og st\u00f3rum, bogum og \u00f6rvum, kastspj\u00f3tum og lensum. \u00deeir munu halda b\u00e1linu logandi \u00ed sj\u00f6 \u00e1r me\u00f0 \u00feessu. <a name=\"10\"><span class=\"versanumer_2007\">10<\/span><\/a> \u00deeir munu hvorki safna vi\u00f0i \u00e1 v\u00ed\u00f0avangi n\u00e9 fella tr\u00e9 \u00ed sk\u00f3gunum, heldur munu \u00feeir kynda b\u00e1li\u00f0 me\u00f0 herb\u00fana\u00f0inum. \u00deeir munu r\u00e6na \u00fe\u00e1 menn sem r\u00e6ndu \u00fe\u00e1 og taka herfang af \u00feeim sem af \u00feeim t\u00f3ku herfang, segir Drottinn Gu\u00f0.<br \/> <a name=\"11\"><span class=\"versanumer_2007\">11<\/span><\/a> \u00c1 \u00feeim degi f\u00e6 \u00e9g G\u00f3g legsta\u00f0 \u00ed \u00cdsrael, \u00ed \u00d3ber\u00edm austan hafsins. Gr\u00f6fin mun loka veginum fyrir \u00feeim sem \u00fear fara um \u00fev\u00ed a\u00f0 G\u00f3g ver\u00f0ur grafinn \u00fear og allar hersveitir hans og sta\u00f0urinn mun nefndur Ham\u00f3n G\u00f3g. <a name=\"12\"><span class=\"versanumer_2007\">12<\/span><\/a> \u00cdsraelsmenn munu grafa \u00fe\u00e1 til a\u00f0 hreinsa landi\u00f0. \u00dea\u00f0 mun taka sj\u00f6 m\u00e1nu\u00f0i <a name=\"13\"><span class=\"versanumer_2007\">13<\/span><\/a> og allt f\u00f3lki\u00f0 \u00ed landinu mun taka \u00fe\u00e1tt \u00ed greftruninni. \u00dea\u00f0 skal ver\u00f0a \u00feeim \u00e1litsauki daginn sem \u00e9g birti d\u00fdr\u00f0 m\u00edna, segir Drottinn Gu\u00f0. <a name=\"14\"><span class=\"versanumer_2007\">14<\/span><\/a> Velja skal s\u00e9rstaka menn sem s\u00edfellt skulu fer\u00f0ast um landi\u00f0 og grafa \u00fe\u00e1 sem eftir liggja \u00e1 v\u00ed\u00f0avangi til a\u00f0 hreinsa landi\u00f0. Eftir sj\u00f6 m\u00e1nu\u00f0i skulu \u00feeir kanna landi\u00f0 r\u00e6kilega <a name=\"15\"><span class=\"versanumer_2007\">15<\/span><\/a> og finni einhver leitarmannanna mannabein skal hann hla\u00f0a v\u00f6r\u00f0u hj\u00e1 \u00feeim \u00fear til grafararnir hafa grafi\u00f0 \u00fea\u00f0 \u00ed Ham\u00f3n G\u00f3g. <a name=\"16\"><span class=\"versanumer_2007\">16<\/span><\/a> Ham\u00f3na er einnig nafn borgar. \u00deannig skulu \u00feeir hreinsa landi\u00f0.<br \/> <a name=\"17\"><span class=\"versanumer_2007\">17<\/span><\/a> En \u00fe\u00fa, mannssonur, svo segir Drottinn Gu\u00f0: \u00c1varpa fuglana, \u00f6ll v\u00e6ngju\u00f0 d\u00fdr og \u00f6ll villid\u00fdr merkurinnar: Safnist saman og komi\u00f0. Komi\u00f0 saman \u00far \u00f6llum \u00e1ttum. \u00c9g f\u00e6ri mikla sl\u00e1turf\u00f3rn fyrir ykkur \u00e1 fj\u00f6llum \u00cdsraels. \u00dei\u00f0 skulu\u00f0 f\u00e1 kj\u00f6t a\u00f0 eta og bl\u00f3\u00f0 a\u00f0 drekka. <a name=\"18\"><span class=\"versanumer_2007\">18<\/span><\/a> \u00dei\u00f0 munu\u00f0 f\u00e1 kj\u00f6t af k\u00f6ppum a\u00f0 eta og bl\u00f3\u00f0 \u00far \u00fej\u00f3\u00f0h\u00f6f\u00f0ingjum jar\u00f0ar a\u00f0 drekka, \u00feetta eru hr\u00fatar, l\u00f6mb, geithafrar og naut, allt alid\u00fdr fr\u00e1 Basan. <a name=\"19\"><span class=\"versanumer_2007\">19<\/span><\/a> \u00dei\u00f0 skulu\u00f0 eta fylli ykkar af feitu kj\u00f6ti og drekka ykkur drukkna af bl\u00f3\u00f0i sl\u00e1turf\u00f3rnarinnar sem \u00e9g f\u00e6ri fyrir ykkur. <a name=\"20\"><span class=\"versanumer_2007\">20<\/span><\/a> Vi\u00f0 bor\u00f0 mitt skulu\u00f0 \u00fei\u00f0 f\u00e1 fylli ykkar af hestum og riddurum, k\u00f6ppum og alls kyns herm\u00f6nnum.<\/p>\n<h3 class=\"millifyrirsogn_2007\">Endurreisn \u00cdsraels<\/h3>\n<p><a name=\"21\"><span class=\"versanumer_2007\">21<\/span><\/a> \u00c9g birti d\u00fdr\u00f0 m\u00edna \u00e1 me\u00f0al \u00fej\u00f3\u00f0anna. Allar \u00fej\u00f3\u00f0ir skulu sj\u00e1 hvernig \u00e9g fulln\u00e6gi refsid\u00f3mi m\u00ednum og sj\u00e1 h\u00f6nd m\u00edna sem \u00e9g legg \u00e1 \u00fe\u00e1. <a name=\"22\"><span class=\"versanumer_2007\">22<\/span><\/a> Fr\u00e1 \u00feeim degi og um alla framt\u00ed\u00f0 munu \u00cdsraelsmenn skilja a\u00f0 \u00e9g er Drottinn, Gu\u00f0 \u00feeirra. <a name=\"23\"><span class=\"versanumer_2007\">23<\/span><\/a> \u00dej\u00f3\u00f0irnar munu skilja a\u00f0 \u00cdsraelsmenn f\u00f3ru \u00ed \u00fatleg\u00f0 vegna sektar sinnar. \u00c9g huldi auglit mitt fyrir \u00feeim, af \u00fev\u00ed a\u00f0 \u00feeir sviku mig, og seldi \u00fe\u00e1 \u00ed hendur fjandmanna \u00feeirra svo a\u00f0 \u00feeir f\u00e9llu allir fyrir sver\u00f0i. <a name=\"24\"><span class=\"versanumer_2007\">24<\/span><\/a> \u00c9g f\u00f3r me\u00f0 \u00fe\u00e1 eins og \u00feeir \u00e1ttu skili\u00f0 vegna saurgunar sinnar og afbrota.<br \/> <a name=\"25\"><span class=\"versanumer_2007\">25<\/span><\/a> \u00deess vegna segir Drottinn Gu\u00f0 svo: N\u00fa sn\u00fd \u00e9g h\u00f6gum Jakobs og s\u00fdni \u00f6llum \u00cdsraelsm\u00f6nnum miskunn og \u00e9g er fullur af \u00e1kafri afbr\u00fd\u00f0i vegna m\u00edns heilaga nafns. <a name=\"26\"><span class=\"versanumer_2007\">26<\/span><\/a> \u00deeir ver\u00f0a a\u00f0 bera sm\u00e1n s\u00edna og \u00f6ll s\u00edn svik vi\u00f0 mig \u00feegar \u00feeir eru sestir a\u00f0 \u00f3hultir \u00ed landi s\u00ednu og enginn hrekur \u00fe\u00e1 burt. <a name=\"27\"><span class=\"versanumer_2007\">27<\/span><\/a> \u00deegar \u00e9g hef leitt \u00fe\u00e1 fr\u00e1 framandi \u00fej\u00f3\u00f0um og safna\u00f0 \u00feeim saman \u00far l\u00f6ndum fjandmanna \u00feeirra mun \u00e9g birta heilagleika minn \u00e1 \u00feeim fyrir augum fj\u00f6lmargra \u00fej\u00f3\u00f0a. <a name=\"28\"><span class=\"versanumer_2007\">28<\/span><\/a> \u00de\u00e1 munu \u00feeir skilja a\u00f0 \u00e9g er Drottinn, Gu\u00f0 \u00feeirra \u00fev\u00ed a\u00f0 eftir a\u00f0 \u00e9g haf\u00f0i l\u00e1ti\u00f0 flytja \u00fe\u00e1 til framandi \u00fej\u00f3\u00f0a \u00ed \u00fatleg\u00f0 safna\u00f0i \u00e9g \u00feeim saman aftur \u00ed \u00feeirra eigin landi og skildi engan eftir. <a name=\"29\"><span class=\"versanumer_2007\">29<\/span><\/a> \u00c9g mun aldrei framar hylja auglit mitt fyrir \u00feeim \u00feegar \u00e9g hef \u00fathellt anda m\u00ednum yfir \u00cdsraelsmenn, segir Drottinn Gu\u00f0.<\/p>\n","protected":false},"excerpt":{"rendered":"<p>1 En \u00fe\u00fa, mannssonur, sp\u00e1\u00f0u gegn G\u00f3g og seg\u00f0u: Svo segir Drottinn Gu\u00f0: N\u00fa held \u00e9g gegn \u00fe\u00e9r, G\u00f3g, st\u00f3rfursti \u00ed Mesek og T\u00fabal. 2 \u00c9g sn\u00fd \u00fe\u00e9r vi\u00f0, lei\u00f0i \u00feig og sendi fr\u00e1 hinum nor\u00f0l\u00e6gustu l\u00f6ndum upp \u00ed fjalllendi \u00cdsraels. 3 \u00c9g mun sl\u00e1 bogann \u00far vinstri hendi \u00feinni og l\u00e1ta \u00f6rvarnar falla \u00far \u00feeirri h\u00e6gri. 4 Sj\u00e1lfur munt \u00fe\u00fa falla \u00e1 fj\u00f6llum \u00cdsraels \u00e1samt \u00f6llum hersveitum \u00fe\u00ednum og \u00fej\u00f3\u00f0unum sem fylgja \u00fe\u00e9r. \u00c9g mun f\u00e1 \u00feig r\u00e1nfuglum og \u00f6\u00f0rum v\u00e6ngju\u00f0um skepnum \u00e1samt d\u00fdrum merkurinnar a\u00f0 br\u00e1\u00f0. 5 \u00de\u00fa munt falla \u00e1 v\u00ed\u00f0avangi. \u00c9g hef tala\u00f0, segir Drottinn Gu\u00f0. <a href=\"https:\/\/biblian.is\/biblian\/esekiel-39-kafli\/\"> [&#8230;]<\/a><\/p>\n","protected":false},"author":1,"featured_media":0,"parent":0,"menu_order":0,"comment_status":"open","ping_status":"open","template":"bibliukaflar_NT.php","meta":{"footnotes":""},"class_list":["post-2458","page","type-page","status-publish","hentry"],"_links":{"self":[{"href":"https:\/\/biblian.is\/biblian\/wp-json\/wp\/v2\/pages\/2458","targetHints":{"allow":["GET"]}}],"collection":[{"href":"https:\/\/biblian.is\/biblian\/wp-json\/wp\/v2\/pages"}],"about":[{"href":"https:\/\/biblian.is\/biblian\/wp-json\/wp\/v2\/types\/page"}],"author":[{"embeddable":true,"href":"https:\/\/biblian.is\/biblian\/wp-json\/wp\/v2\/users\/1"}],"replies":[{"embeddable":true,"href":"https:\/\/biblian.is\/biblian\/wp-json\/wp\/v2\/comments?post=2458"}],"version-history":[{"count":0,"href":"https:\/\/biblian.is\/biblian\/wp-json\/wp\/v2\/pages\/2458\/revisions"}],"wp:attachment":[{"href":"https:\/\/biblian.is\/biblian\/wp-json\/wp\/v2\/media?parent=2458"}],"curies":[{"name":"wp","href":"https:\/\/api.w.org\/{rel}","templated":true}]}}