{"id":2457,"date":"2017-12-30T21:03:13","date_gmt":"2017-12-30T21:03:13","guid":{"rendered":"http:\/\/biblian.is\/biblian\/esek%c2%92el-38-kafli\/"},"modified":"2024-07-03T22:14:12","modified_gmt":"2024-07-03T22:14:12","slug":"esekiel-38-kafli","status":"publish","type":"page","link":"https:\/\/biblian.is\/biblian\/esekiel-38-kafli\/","title":{"rendered":"Esek\u00edel 38. kafli"},"content":{"rendered":"<h3 class=\"millifyrirsogn_2007\"> Sp\u00e1d\u00f3mar gegn G\u00f3g<\/h3>\n<p><a name=\"1\"><span class=\"versanumer_2007\">1<\/span><\/a> Or\u00f0 Drottins kom til m\u00edn: <br \/><a name=\"2\"><span class=\"versanumer_2007\">2<\/span><\/a> Mannssonur, sn\u00fa\u00f0u \u00fe\u00e9r gegn G\u00f3g \u00ed landinu Mag\u00f3g, st\u00f3rfursta \u00ed Mesek og T\u00fabal. Flyt sp\u00e1mannlegan bo\u00f0skap gegn honum <a name=\"3\"><span class=\"versanumer_2007\">3<\/span><\/a> og seg: Svo segir Drottinn Gu\u00f0: N\u00fa held \u00e9g gegn \u00fe\u00e9r, G\u00f3g, st\u00f3rfursti \u00ed Mesek og T\u00fabal. <a name=\"4\"><span class=\"versanumer_2007\">4<\/span><\/a> \u00c9g sn\u00fd \u00fe\u00e9r vi\u00f0, kr\u00e6ki kr\u00f3kum \u00ed kj\u00e1lka \u00fe\u00e9r og lei\u00f0i \u00feig burt \u00e1samt \u00f6llum \u00fe\u00ednum her, hestum og riddurum, \u00f6llum albrynju\u00f0um. \u00c9g lei\u00f0i \u00feetta mikla li\u00f0 burt sem b\u00fai\u00f0 er st\u00f3rum og sm\u00e1um skj\u00f6ldum og me\u00f0 brug\u00f0in sver\u00f0. <a name=\"5\"><span class=\"versanumer_2007\">5<\/span><\/a> Menn fr\u00e1 Pers\u00edu, K\u00fas og P\u00fat eru me\u00f0 \u00feeim, allir b\u00fanir skildi og hj\u00e1lmi. <a name=\"6\"><span class=\"versanumer_2007\">6<\/span><\/a> G\u00f3mer og allar hersveitir hans, einnig Bet T\u00f3garma fr\u00e1 hinum fjarl\u00e6gustu bygg\u00f0um \u00ed nor\u00f0ri og allar hersveitir hans. \u00de\u00e9r fylgja fj\u00f6lmargar \u00fej\u00f3\u00f0ir. <a name=\"7\"><span class=\"versanumer_2007\">7<\/span><\/a> Taktu vopn \u00fe\u00edn og v\u00edgb\u00fa\u00f0u \u00feig og allan li\u00f0safna\u00f0 \u00feinn og veri\u00f0 \u00e1 ver\u00f0i fyrir mig. <a name=\"8\"><span class=\"versanumer_2007\">8<\/span><\/a> Eftir nokkurn t\u00edma f\u00e6r\u00f0 \u00fe\u00fa fyrirm\u00e6li \u00fe\u00edn. A\u00f0 m\u00f6rgum \u00e1rum li\u00f0num kemur \u00fe\u00fa til lands sem hefur veri\u00f0 unni\u00f0 aftur undan valdi sver\u00f0sins. \u00de\u00fa kemur til \u00fej\u00f3\u00f0ar sem safna\u00f0 var saman fr\u00e1 m\u00f6rgum \u00fej\u00f3\u00f0um \u00e1 fj\u00f6llum \u00cdsraels en \u00feau voru lengi \u00ed ey\u00f0i. \u00deessi \u00fej\u00f3\u00f0 var leidd fr\u00e1 framandi \u00fej\u00f3\u00f0um og n\u00fa b\u00fdr h\u00fan \u00f6ll \u00f3hult \u00fear. <a name=\"9\"><span class=\"versanumer_2007\">9<\/span><\/a> \u00de\u00fa skalt fara \u00feanga\u00f0 upp eftir eins og \u00ferumuve\u00f0ur, koma eins og \u00f3ve\u00f0urssk\u00fd til a\u00f0 hylja landi\u00f0, \u00fe\u00fa og allar hersveitir \u00fe\u00ednar og margar \u00fej\u00f3\u00f0ir.<br \/> <a name=\"10\"><span class=\"versanumer_2007\">10<\/span><\/a> Svo segir Drottinn Gu\u00f0: \u00c1 \u00feeim degi munu hugsanir koma upp \u00ed huga \u00fe\u00e9r og \u00fe\u00fa munt taka a\u00f0 hyggja \u00e1 illt <a name=\"11\"><span class=\"versanumer_2007\">11<\/span><\/a> og segja: \u00c9g \u00e6tla a\u00f0 fara upp eftir gegn \u00f3v\u00f6r\u00f0u landi, r\u00e1\u00f0ast \u00e1 fri\u00f0samt f\u00f3lk sem b\u00fdr \u00fear \u00e1hyggjulaust. Allir b\u00faa \u00fear \u00e1n varnarm\u00fara og hafa hvorki hli\u00f0 n\u00e9 slagbranda. <a name=\"12\"><span class=\"versanumer_2007\">12<\/span><\/a> \u00de\u00fa kemur til a\u00f0 r\u00e6na og taka herfang, fara r\u00e1nshendi um r\u00fastirnar sem bygg\u00f0ar eru a\u00f0 n\u00fdju. \u00de\u00fa heldur gegn f\u00f3lki sem hefur veri\u00f0 safna\u00f0 saman fr\u00e1 framandi \u00fej\u00f3\u00f0um, f\u00f3lki sem hefur afla\u00f0 s\u00e9r eigna og au\u00f0s og b\u00fdr \u00e1 nafla jar\u00f0ar. <a name=\"13\"><span class=\"versanumer_2007\">13<\/span><\/a> \u00de\u00e1 mun f\u00f3lk fr\u00e1 Saba og Dedan og umbo\u00f0smenn fr\u00e1 Tarsis og allir kaupmennirnir \u00fea\u00f0an spyrja \u00feig: \u201eKemur \u00fe\u00fa til a\u00f0 r\u00e6na og taka herfang, safna\u00f0ir \u00fe\u00fa a\u00f0 \u00fe\u00e9r hersveitum til a\u00f0 r\u00e6na og taka herfang, stela silfri og gulli, r\u00e6na eignum manna og au\u00f0i og komast yfir mikinn r\u00e1nsfeng?\u201c<br \/> <a name=\"14\"><span class=\"versanumer_2007\">14<\/span><\/a> Mannssonur, sp\u00e1\u00f0u og seg\u00f0u vi\u00f0 G\u00f3g: Svo segir Drottinn Gu\u00f0: Heldur \u00fe\u00fa ekki af sta\u00f0 \u00feegar l\u00fd\u00f0ur minn \u00cdsrael hefur komi\u00f0 s\u00e9r fyrir \u00f3hultur? <a name=\"15\"><span class=\"versanumer_2007\">15<\/span><\/a> Kemur \u00fe\u00fa ekki fr\u00e1 landi \u00fe\u00ednu lengst \u00ed nor\u00f0ri, \u00fe\u00fa og margar \u00fej\u00f3\u00f0ir me\u00f0 \u00fe\u00e9r, allir r\u00ed\u00f0andi \u00e1 hestum, mikill li\u00f0safna\u00f0ur og voldugur her? <a name=\"16\"><span class=\"versanumer_2007\">16<\/span><\/a> \u00de\u00e1 munt \u00fe\u00fa halda upp eftir gegn l\u00fd\u00f0 m\u00ednum, \u00cdsrael, eins og \u00f3ve\u00f0urssk\u00fd til a\u00f0 hylja landi\u00f0. \u00c1 hinum s\u00ed\u00f0ustu d\u00f6gum sendi \u00e9g \u00feig gegn landi m\u00ednu svo a\u00f0 \u00fej\u00f3\u00f0irnar \u00feekki mig \u00feegar \u00e9g birti heilagleika minn vegna \u00fe\u00edn, G\u00f3g, fyrir augum \u00feeirra.<br \/> <a name=\"17\"><span class=\"versanumer_2007\">17<\/span><\/a> Svo segir Drottinn Gu\u00f0: \u00de\u00fa ert s\u00e1 sem \u00e9g tala\u00f0i um fyrir munn \u00fej\u00f3na minna, sp\u00e1manna \u00cdsraels, \u00e1 fyrri t\u00edmum. \u00deeir bo\u00f0u\u00f0u \u00e1 \u00feeim d\u00f6gum a\u00f0 \u00e9g myndi lei\u00f0a \u00feig gegn \u00feeim. <a name=\"18\"><span class=\"versanumer_2007\">18<\/span><\/a> En \u00feann dag, daginn sem G\u00f3g heldur gegn landi \u00cdsraels, mun heiftin \u00f3lga \u00ed m\u00e9r segir Drottinn Gu\u00f0. <a name=\"19\"><span class=\"versanumer_2007\">19<\/span><\/a> \u00c9g sag\u00f0i \u00ed \u00e1kafa m\u00ednum, \u00ed brennandi heift minni: \u00c1 \u00feeim degi ver\u00f0ur g\u00edfurlegur jar\u00f0skj\u00e1lfti \u00ed landi \u00cdsraels. <a name=\"20\"><span class=\"versanumer_2007\">20<\/span><\/a> \u00de\u00e1 munu fiskar sj\u00e1varins og fuglar himinsins og d\u00fdr merkurinnar og \u00f6ll kvikindin sem skr\u00ed\u00f0a \u00e1 j\u00f6r\u00f0inni og allir menn \u00e1 j\u00f6r\u00f0inni skj\u00e1lfa frammi fyrir augliti m\u00ednu. Fj\u00f6llin munu klofna og hamrarnir hrynja og allir m\u00farveggir jafnast vi\u00f0 j\u00f6r\u00f0u. <a name=\"21\"><span class=\"versanumer_2007\">21<\/span><\/a> \u00c9g mun bj\u00f3\u00f0a \u00fat hvers kyns \u00f3gnum gegn G\u00f3g, segir Drottinn Gu\u00f0, hver ma\u00f0ur mun beita sver\u00f0i m\u00ednu gegn n\u00e1unga s\u00ednum. <a name=\"22\"><span class=\"versanumer_2007\">22<\/span><\/a> \u00c9g fulln\u00e6gi refsid\u00f3mi m\u00ednum yfir honum me\u00f0 dreps\u00f3tt og bl\u00f3\u00f0i og steypiregni, hagli og eldi og \u00e9g helli brennisteini yfir hann og li\u00f0ssveitir hans og hinar fj\u00f6lm\u00f6rgu \u00fej\u00f3\u00f0ir sem fylgja honum. <a name=\"23\"><span class=\"versanumer_2007\">23<\/span><\/a> \u00deannig mun \u00e9g s\u00fdna a\u00f0 \u00e9g er mikill og heilagur og gera mig kunnan \u00ed augs\u00fdn margra \u00fej\u00f3\u00f0a. \u00de\u00e1 munu \u00feeir skilja a\u00f0 \u00e9g er Drottinn.<\/p>\n","protected":false},"excerpt":{"rendered":"<p>Sp\u00e1d\u00f3mar gegn G\u00f3g 1 Or\u00f0 Drottins kom til m\u00edn: 2 Mannssonur, sn\u00fa\u00f0u \u00fe\u00e9r gegn G\u00f3g \u00ed landinu Mag\u00f3g, st\u00f3rfursta \u00ed Mesek og T\u00fabal. Flyt sp\u00e1mannlegan bo\u00f0skap gegn honum 3 og seg: Svo segir Drottinn Gu\u00f0: N\u00fa held \u00e9g gegn \u00fe\u00e9r, G\u00f3g, st\u00f3rfursti \u00ed Mesek og T\u00fabal. 4 \u00c9g sn\u00fd \u00fe\u00e9r vi\u00f0, kr\u00e6ki kr\u00f3kum \u00ed kj\u00e1lka \u00fe\u00e9r og lei\u00f0i \u00feig burt \u00e1samt \u00f6llum \u00fe\u00ednum her, hestum og riddurum, \u00f6llum albrynju\u00f0um. \u00c9g lei\u00f0i \u00feetta mikla li\u00f0 burt sem b\u00fai\u00f0 er st\u00f3rum og sm\u00e1um skj\u00f6ldum og me\u00f0 brug\u00f0in sver\u00f0. 5 Menn fr\u00e1 Pers\u00edu, K\u00fas og P\u00fat eru me\u00f0 \u00feeim, allir b\u00fanir skildi og <a href=\"https:\/\/biblian.is\/biblian\/esekiel-38-kafli\/\"> [&#8230;]<\/a><\/p>\n","protected":false},"author":1,"featured_media":0,"parent":0,"menu_order":0,"comment_status":"open","ping_status":"open","template":"bibliukaflar_NT.php","meta":{"footnotes":""},"class_list":["post-2457","page","type-page","status-publish","hentry"],"_links":{"self":[{"href":"https:\/\/biblian.is\/biblian\/wp-json\/wp\/v2\/pages\/2457","targetHints":{"allow":["GET"]}}],"collection":[{"href":"https:\/\/biblian.is\/biblian\/wp-json\/wp\/v2\/pages"}],"about":[{"href":"https:\/\/biblian.is\/biblian\/wp-json\/wp\/v2\/types\/page"}],"author":[{"embeddable":true,"href":"https:\/\/biblian.is\/biblian\/wp-json\/wp\/v2\/users\/1"}],"replies":[{"embeddable":true,"href":"https:\/\/biblian.is\/biblian\/wp-json\/wp\/v2\/comments?post=2457"}],"version-history":[{"count":0,"href":"https:\/\/biblian.is\/biblian\/wp-json\/wp\/v2\/pages\/2457\/revisions"}],"wp:attachment":[{"href":"https:\/\/biblian.is\/biblian\/wp-json\/wp\/v2\/media?parent=2457"}],"curies":[{"name":"wp","href":"https:\/\/api.w.org\/{rel}","templated":true}]}}