{"id":2456,"date":"2017-12-30T21:03:13","date_gmt":"2017-12-30T21:03:13","guid":{"rendered":"http:\/\/biblian.is\/biblian\/esek%c2%92el-37-kafli\/"},"modified":"2024-07-03T22:14:12","modified_gmt":"2024-07-03T22:14:12","slug":"esekiel-37-kafli","status":"publish","type":"page","link":"https:\/\/biblian.is\/biblian\/esekiel-37-kafli\/","title":{"rendered":"Esek\u00edel 37. kafli"},"content":{"rendered":"<h3 class=\"millifyrirsogn_2007\"> Beinin \u00ed dalnum<\/h3>\n<p><a name=\"1\"><span class=\"versanumer_2007\">1<\/span><\/a> H\u00f6nd Drottins kom yfir mig. Hann leiddi mig burt \u00ed anda s\u00ednum og l\u00e9t mig nema sta\u00f0ar \u00ed dalbotninum mi\u00f0jum. Hann var \u00feakinn beinum. <a name=\"2\"><span class=\"versanumer_2007\">2<\/span><\/a> Hann leiddi mig umhverfis \u00feau \u00e1 alla vegu og \u00e9g s\u00e1 a\u00f0 \u00feau voru fj\u00f6lm\u00f6rg, skinin bein, dreif\u00f0 um dalbotninn. <br \/> <a name=\"3\"><span class=\"versanumer_2007\">3<\/span><\/a> \u00de\u00e1 spur\u00f0i hann mig: \u201eMannssonur, geta \u00feessi bein lifna\u00f0 vi\u00f0?\u201c \u00c9g svara\u00f0i: \u201eDrottinn Gu\u00f0. \u00de\u00fa einn veist \u00fea\u00f0.\u201c <a name=\"4\"><span class=\"versanumer_2007\">4<\/span><\/a> \u00de\u00e1 sag\u00f0i hann vi\u00f0 mig: \u201eFlyt \u00feessum beinum sp\u00e1d\u00f3m og seg\u00f0u vi\u00f0 \u00feau: \u00dei\u00f0, skinin bein, heyri\u00f0 or\u00f0 Drottins. <a name=\"5\"><span class=\"versanumer_2007\">5<\/span><\/a> Svo segir Drottinn Gu\u00f0 vi\u00f0 \u00feessi bein: \u00c9g sendi anda \u00ed ykkur svo a\u00f0 \u00fei\u00f0 lifni\u00f0 vi\u00f0. <a name=\"6\"><span class=\"versanumer_2007\">6<\/span><\/a> \u00c9g festi \u00e1 ykkur sinar, \u00feek ykkur me\u00f0 holdi, dreg \u00fear h\u00f6rund yfir og gef ykkur anda svo a\u00f0 \u00fei\u00f0 lifni\u00f0 vi\u00f0. \u00de\u00e1 munu\u00f0 \u00fei\u00f0 skilja a\u00f0 \u00e9g er Drottinn.\u201c<br \/> <a name=\"7\"><span class=\"versanumer_2007\">7<\/span><\/a> \u00dev\u00ed n\u00e6st bo\u00f0a\u00f0i \u00e9g \u00fea\u00f0 sem fyrir mig var lagt. \u00c1 me\u00f0an \u00e9g tala\u00f0i heyr\u00f0ist allt \u00ed einu h\u00e1r hvinur og beinin f\u00e6r\u00f0ust saman, hvert beini\u00f0 a\u00f0 \u00f6\u00f0ru. <a name=\"8\"><span class=\"versanumer_2007\">8<\/span><\/a> \u00c9g horf\u00f0i \u00e1 \u00feetta og s\u00e1 a\u00f0 hold og h\u00f6rund \u00feakti \u00feau en enginn l\u00edfsandi var \u00ed \u00feeim. <br \/> <a name=\"9\"><span class=\"versanumer_2007\">9<\/span><\/a> \u00de\u00e1 sag\u00f0i hann vi\u00f0 mig: \u201eFlyt andanum sp\u00e1d\u00f3m, mannssonur, flyt sp\u00e1d\u00f3m og seg vi\u00f0 andann: Svo segir Drottinn Gu\u00f0: Kom, andi, \u00far \u00e1ttunum fj\u00f3rum og bl\u00e1s \u00e1 \u00feessa vegnu menn svo a\u00f0 \u00feeir lifni vi\u00f0.\u201c<br \/> <a name=\"10\"><span class=\"versanumer_2007\">10<\/span><\/a> \u00de\u00e1 tala\u00f0i \u00e9g eins og hann bau\u00f0 m\u00e9r og l\u00edfsandinn kom \u00ed \u00fe\u00e1 svo a\u00f0 \u00feeir lifnu\u00f0u vi\u00f0. \u00deeir risu \u00e1 f\u00e6tur og var \u00fea\u00f0 geysifj\u00f6lmennur her.<br \/> <a name=\"11\"><span class=\"versanumer_2007\">11<\/span><\/a> \u00de\u00e1 sag\u00f0i hann vi\u00f0 mig: \u201eMannssonur, \u00feessi bein eru allir \u00cdsraelsmenn. \u00deeir segja: Bein okkar eru skinin, von okkar brostin, \u00fea\u00f0 er \u00fati um okkur. <a name=\"12\"><span class=\"versanumer_2007\">12<\/span><\/a> Sp\u00e1 \u00fev\u00ed og seg vi\u00f0 \u00fe\u00e1: Svo segir Drottinn Gu\u00f0: \u00c9g opna grafir ykkar og lei\u00f0i ykkur, \u00fej\u00f3\u00f0 m\u00edna, \u00far gr\u00f6fum ykkar og flyt ykkur til lands \u00cdsraels. <a name=\"13\"><span class=\"versanumer_2007\">13<\/span><\/a> \u00dei\u00f0 munu\u00f0 skilja a\u00f0 \u00e9g er Drottinn \u00feegar \u00e9g opna grafir ykkar og lei\u00f0i ykkur, \u00fej\u00f3\u00f0 m\u00edn, upp \u00far gr\u00f6fum ykkar. <a name=\"14\"><span class=\"versanumer_2007\">14<\/span><\/a> \u00c9g sendi anda minn \u00ed ykkur svo a\u00f0 \u00fei\u00f0 lifni\u00f0 vi\u00f0 og b\u00fd ykkur hv\u00edld \u00ed ykkar eigin landi. \u00de\u00e1 munu\u00f0 \u00fei\u00f0 skilja a\u00f0 \u00e9g er Drottinn. \u00c9g hef tala\u00f0 og \u00e9g geri eins og \u00e9g segi, segir Drottinn.\u201c<\/p>\n<h3 class=\"millifyrirsogn_2007\">Sameining \u00cdsraels og J\u00fada<\/h3>\n<p><a name=\"15\"><span class=\"versanumer_2007\">15<\/span><\/a> Or\u00f0 Drottins kom til m\u00edn: <a name=\"16\"><span class=\"versanumer_2007\">16<\/span><\/a> En \u00fe\u00fa, mannssonur, tak tr\u00e9staf og skrifa \u00e1 hann: J\u00fada og \u00cdsraelsmenn, bandamenn hans. Taktu s\u00ed\u00f0an annan tr\u00e9staf og skrifa\u00f0u \u00e1 hann: J\u00f3sef og allir \u00cdsraelsmenn, bandamenn hans. <a name=\"17\"><span class=\"versanumer_2007\">17<\/span><\/a> Skeyttu \u00fe\u00e1 s\u00ed\u00f0an saman svo a\u00f0 \u00feeir ver\u00f0i einn stafur \u00ed hendi \u00fe\u00e9r. <a name=\"18\"><span class=\"versanumer_2007\">18<\/span><\/a> En ef landar \u00fe\u00ednir segja vi\u00f0 \u00feig: \u201eViltu ekki sk\u00fdra fyrir okkur hva\u00f0 \u00feetta \u00e1 a\u00f0 \u00fe\u00fd\u00f0a?\u201c <a name=\"19\"><span class=\"versanumer_2007\">19<\/span><\/a> svara\u00f0u \u00feeim \u00fe\u00e1: Svo segir Drottinn Gu\u00f0: H\u00e9r me\u00f0 tek \u00e9g staf J\u00f3sefs og \u00e6ttb\u00e1lka \u00cdsraels og bandamanna hans, sem er \u00ed hendi Efra\u00edms, og b\u00e6ti staf J\u00fada vi\u00f0 hann. \u00c9g geri \u00fe\u00e1 a\u00f0 einum tr\u00e9staf svo a\u00f0 \u00e9g hafi a\u00f0eins einn staf \u00ed hendi m\u00e9r. <a name=\"20\"><span class=\"versanumer_2007\">20<\/span><\/a> Stafina, sem \u00fe\u00fa hefur skrifa\u00f0 \u00e1, skaltu hafa \u00ed hendi \u00fe\u00e9r fyrir augum \u00feeirra. <a name=\"21\"><span class=\"versanumer_2007\">21<\/span><\/a> Seg\u00f0u s\u00ed\u00f0an vi\u00f0 \u00fe\u00e1: Svo segir Drottinn Gu\u00f0: \u00c9g s\u00e6ki \u00cdsraelsmenn til \u00fej\u00f3\u00f0anna sem \u00feeir f\u00f3ru til og safna \u00feeim \u00far \u00f6llum \u00e1ttum og flyt \u00fe\u00e1 til \u00feeirra eigin lands. <a name=\"22\"><span class=\"versanumer_2007\">22<\/span><\/a> \u00c9g geri \u00fe\u00e1 a\u00f0 einni \u00fej\u00f3\u00f0 \u00ed landinu, \u00ed fjalllendi \u00cdsraels, og einn konungur skal vera konungur \u00feeirra allra. \u00deeir skulu aldrei framar ver\u00f0a tv\u00e6r \u00fej\u00f3\u00f0ir n\u00e9 heldur skiptast \u00ed tv\u00f6 konungsr\u00edki. <a name=\"23\"><span class=\"versanumer_2007\">23<\/span><\/a> \u00deeir munu aldrei framar saurga sig \u00e1 skur\u00f0go\u00f0um, andstyggilegum gu\u00f0amyndum e\u00f0a afbrotum s\u00ednum. \u00c9g mun bjarga \u00feeim fr\u00e1 fr\u00e1hvarfi \u00feeirra sem leiddi \u00fe\u00e1 til syndar. \u00c9g mun hreinsa \u00fe\u00e1 og \u00feeir ver\u00f0a minn l\u00fd\u00f0ur og \u00e9g ver\u00f0 Gu\u00f0 \u00feeirra. <a name=\"24\"><span class=\"versanumer_2007\">24<\/span><\/a> Dav\u00ed\u00f0, \u00fej\u00f3nn minn, ver\u00f0ur konungur yfir \u00feeim og \u00feeir munu allir hafa einn hir\u00f0i. \u00deeir munu breyta eftir reglum m\u00ednum og halda l\u00f6g m\u00edn og framfylgja \u00feeim. <a name=\"25\"><span class=\"versanumer_2007\">25<\/span><\/a> \u00deeir munu b\u00faa \u00ed landinu sem \u00e9g gaf Jakobi, \u00fej\u00f3ni m\u00ednum, og forfe\u00f0ur \u00feeirra bjuggu \u00ed. \u00dear munu \u00feeir \u00e6vinlega b\u00faa, b\u00f6rn \u00feeirra og barnab\u00f6rn, og Dav\u00ed\u00f0, \u00fej\u00f3nn minn, ver\u00f0ur h\u00f6f\u00f0ingi \u00feeirra um allan aldur. <a name=\"26\"><span class=\"versanumer_2007\">26<\/span><\/a> \u00c9g mun gera vi\u00f0 \u00fe\u00e1 s\u00e1ttm\u00e1la \u00feeim til heilla og \u00fea\u00f0 skal ver\u00f0a \u00e6varandi s\u00e1ttm\u00e1li vi\u00f0 \u00fe\u00e1. \u00c9g mun fj\u00f6lga \u00feeim og setja helgid\u00f3m minn mitt \u00e1 me\u00f0al \u00feeirra um alla framt\u00ed\u00f0. <a name=\"27\"><span class=\"versanumer_2007\">27<\/span><\/a> B\u00fasta\u00f0ur minn ver\u00f0ur hj\u00e1 \u00feeim og \u00e9g ver\u00f0 Gu\u00f0 \u00feeirra og \u00feeir ver\u00f0a \u00fej\u00f3\u00f0 m\u00edn. <a name=\"28\"><span class=\"versanumer_2007\">28<\/span><\/a> \u00dej\u00f3\u00f0irnar munu skilja a\u00f0 \u00e9g er Drottinn sem helgar \u00cdsrael \u00feegar helgid\u00f3mur minn ver\u00f0ur \u00e6vinlega \u00e1 me\u00f0al \u00feeirra.<\/p>\n","protected":false},"excerpt":{"rendered":"<p>Beinin \u00ed dalnum 1 H\u00f6nd Drottins kom yfir mig. Hann leiddi mig burt \u00ed anda s\u00ednum og l\u00e9t mig nema sta\u00f0ar \u00ed dalbotninum mi\u00f0jum. Hann var \u00feakinn beinum. 2 Hann leiddi mig umhverfis \u00feau \u00e1 alla vegu og \u00e9g s\u00e1 a\u00f0 \u00feau voru fj\u00f6lm\u00f6rg, skinin bein, dreif\u00f0 um dalbotninn. 3 \u00de\u00e1 spur\u00f0i hann mig: \u201eMannssonur, geta \u00feessi bein lifna\u00f0 vi\u00f0?\u201c \u00c9g svara\u00f0i: \u201eDrottinn Gu\u00f0. \u00de\u00fa einn veist \u00fea\u00f0.\u201c 4 \u00de\u00e1 sag\u00f0i hann vi\u00f0 mig: \u201eFlyt \u00feessum beinum sp\u00e1d\u00f3m og seg\u00f0u vi\u00f0 \u00feau: \u00dei\u00f0, skinin bein, heyri\u00f0 or\u00f0 Drottins. 5 Svo segir Drottinn Gu\u00f0 vi\u00f0 \u00feessi bein: \u00c9g sendi anda \u00ed <a href=\"https:\/\/biblian.is\/biblian\/esekiel-37-kafli\/\"> [&#8230;]<\/a><\/p>\n","protected":false},"author":1,"featured_media":0,"parent":0,"menu_order":0,"comment_status":"open","ping_status":"open","template":"bibliukaflar_NT.php","meta":{"footnotes":""},"class_list":["post-2456","page","type-page","status-publish","hentry"],"_links":{"self":[{"href":"https:\/\/biblian.is\/biblian\/wp-json\/wp\/v2\/pages\/2456","targetHints":{"allow":["GET"]}}],"collection":[{"href":"https:\/\/biblian.is\/biblian\/wp-json\/wp\/v2\/pages"}],"about":[{"href":"https:\/\/biblian.is\/biblian\/wp-json\/wp\/v2\/types\/page"}],"author":[{"embeddable":true,"href":"https:\/\/biblian.is\/biblian\/wp-json\/wp\/v2\/users\/1"}],"replies":[{"embeddable":true,"href":"https:\/\/biblian.is\/biblian\/wp-json\/wp\/v2\/comments?post=2456"}],"version-history":[{"count":0,"href":"https:\/\/biblian.is\/biblian\/wp-json\/wp\/v2\/pages\/2456\/revisions"}],"wp:attachment":[{"href":"https:\/\/biblian.is\/biblian\/wp-json\/wp\/v2\/media?parent=2456"}],"curies":[{"name":"wp","href":"https:\/\/api.w.org\/{rel}","templated":true}]}}