{"id":2453,"date":"2017-12-30T21:03:13","date_gmt":"2017-12-30T21:03:13","guid":{"rendered":"http:\/\/biblian.is\/biblian\/esek%c2%92el-34-kafli\/"},"modified":"2024-07-03T22:14:11","modified_gmt":"2024-07-03T22:14:11","slug":"esekiel-34-kafli","status":"publish","type":"page","link":"https:\/\/biblian.is\/biblian\/esekiel-34-kafli\/","title":{"rendered":"Esek\u00edel 34. kafli"},"content":{"rendered":"<h3 class=\"millifyrirsogn_2007\"> Hj\u00f6r\u00f0 Gu\u00f0s og hir\u00f0ar<\/h3>\n<p><a name=\"1\"><span class=\"versanumer_2007\">1<\/span><\/a> Or\u00f0 Drottins kom til m\u00edn: <br \/><a name=\"2\"><span class=\"versanumer_2007\">2<\/span><\/a> Mannssonur, sp\u00e1\u00f0u gegn hir\u00f0um \u00cdsraels og seg\u00f0u vi\u00f0 \u00fe\u00e1: Svo segir Drottinn Gu\u00f0: Vei hir\u00f0um \u00cdsraels sem a\u00f0eins hir\u00f0a um sj\u00e1lfa sig. Eiga \u00feeir ekki a\u00f0 halda f\u00e9nu \u00e1 beit? <a name=\"3\"><span class=\"versanumer_2007\">3<\/span><\/a> \u00dei\u00f0 drekki\u00f0 mj\u00f3lkina og kl\u00e6\u00f0ist ullinni, sl\u00e1tri\u00f0 feitustu sau\u00f0unum en um hj\u00f6r\u00f0ina hir\u00f0i\u00f0 \u00fei\u00f0 ekki. <a name=\"4\"><span class=\"versanumer_2007\">4<\/span><\/a> \u00dei\u00f0 hafi\u00f0 ekki hj\u00e1lpa\u00f0 hinu veikbur\u00f0a, ekki l\u00e6kna\u00f0 hi\u00f0 sj\u00faka, ekki bundi\u00f0 um hi\u00f0 s\u00e6r\u00f0a og hvorki s\u00f3tt \u00fea\u00f0 sem hraktist burt n\u00e9 leita\u00f0 \u00feess sem t\u00fdndist, en hi\u00f0 sterka hafi\u00f0 \u00fei\u00f0 leitt me\u00f0 har\u00f0ri hendi. <a name=\"5\"><span class=\"versanumer_2007\">5<\/span><\/a> F\u00e9 mitt tv\u00edstra\u00f0ist \u00fear sem hir\u00f0ir var enginn og \u00fea\u00f0 var\u00f0 villid\u00fdrum a\u00f0 br\u00e1\u00f0. F\u00e9 mitt tv\u00edstra\u00f0ist <a name=\"6\"><span class=\"versanumer_2007\">6<\/span><\/a> og r\u00e1sa\u00f0i um \u00f6ll fj\u00f6ll og alla h\u00e1a h\u00f3la. Sau\u00f0irnir \u00far hj\u00f6r\u00f0 minni dreif\u00f0ust um allar jar\u00f0ir en enginn spur\u00f0i um \u00fe\u00e1 og enginn leita\u00f0i \u00feeirra. <a name=\"7\"><span class=\"versanumer_2007\">7<\/span><\/a> Heyri\u00f0 \u00fev\u00ed, hir\u00f0ar, or\u00f0 Drottins: <a name=\"8\"><span class=\"versanumer_2007\">8<\/span><\/a> Svo sannarlega sem \u00e9g lifi, segir Drottinn Gu\u00f0: Sau\u00f0unum \u00ed hj\u00f6r\u00f0 minni hefur veri\u00f0 r\u00e6nt og f\u00e9 mitt or\u00f0i\u00f0 villid\u00fdrum a\u00f0 br\u00e1\u00f0 \u00fati \u00e1 bersv\u00e6\u00f0i \u00fear sem hir\u00f0ir var enginn. Hir\u00f0ar m\u00ednir leitu\u00f0u ekki fj\u00e1r m\u00edns en hirtu a\u00f0eins um sj\u00e1lfa sig en ekki um sau\u00f0i m\u00edna. <a name=\"9\"><span class=\"versanumer_2007\">9<\/span><\/a> Heyri\u00f0 \u00fev\u00ed, hir\u00f0ar, or\u00f0 Drottins. <a name=\"10\"><span class=\"versanumer_2007\">10<\/span><\/a> Svo segir Drottinn Gu\u00f0: Hlusti\u00f0. \u00c9g \u00e6tla a\u00f0 halda gegn hir\u00f0unum og krefjast sau\u00f0a minna \u00far hendi \u00feeirra. \u00c9g l\u00e6t \u00fe\u00e1 h\u00e6tta a\u00f0 hir\u00f0a um f\u00e9 mitt, \u00feeir skulu ekki f\u00e1 a\u00f0 hir\u00f0a um eigin hag framar. \u00c9g bjarga hj\u00f6r\u00f0 minni \u00far munni \u00feeirra, h\u00fan skal ekki ver\u00f0a f\u00e6\u00f0a \u00feeirra framar.<\/p>\n<h3 class=\"millifyrirsogn_2007\">G\u00f3\u00f0i hir\u00f0irinn<\/h3>\n<p><a name=\"11\"><span class=\"versanumer_2007\">11<\/span><\/a> \u00dev\u00ed a\u00f0 svo segir Drottinn Gu\u00f0: N\u00fa \u00e6tla \u00e9g sj\u00e1lfur a\u00f0 leita sau\u00f0a minna og l\u00edta eftir \u00feeim. <a name=\"12\"><span class=\"versanumer_2007\">12<\/span><\/a> Eins og hir\u00f0ir l\u00edtur eftir hj\u00f6r\u00f0 sinni \u00feegar h\u00fan er \u00e1 dreif \u00ed kringum hann mun \u00e9g fylgjast me\u00f0 m\u00ednu f\u00e9. \u00c9g mun bjarga sau\u00f0um m\u00ednum fr\u00e1 \u00f6llum \u00feeim st\u00f6\u00f0um sem \u00feeir dreif\u00f0ust til \u00e1 hinum dimma og drungalega degi. <a name=\"13\"><span class=\"versanumer_2007\">13<\/span><\/a> \u00c9g mun lei\u00f0a \u00fe\u00e1 burt fr\u00e1 \u00fej\u00f3\u00f0unum, safna \u00feeim saman \u00far l\u00f6ndunum og lei\u00f0a \u00fe\u00e1 heim til s\u00edns eigin lands. \u00c9g mun halda \u00feeim \u00ed haga \u00e1 fj\u00f6llum \u00cdsraels, \u00ed daladr\u00f6gum og \u00e1 hverju bygg\u00f0u b\u00f3li \u00ed landinu. <a name=\"14\"><span class=\"versanumer_2007\">14<\/span><\/a> \u00c9g mun sj\u00e1lfur halda \u00feeim til beitar \u00ed g\u00f3\u00f0u haglendi, beitiland \u00feeirra ver\u00f0ur \u00e1 h\u00e1fj\u00f6llum \u00cdsraels. \u00dear munu \u00feeir leggjast og ganga \u00ed frj\u00f3s\u00f6mu haglendi \u00e1 fj\u00f6llum \u00cdsraels. <a name=\"15\"><span class=\"versanumer_2007\">15<\/span><\/a> \u00c9g mun sj\u00e1lfur halda f\u00e9 m\u00ednu til beitar og sj\u00e1 \u00fev\u00ed fyrir hv\u00edldarsta\u00f0, segir Drottinn Gu\u00f0. <a name=\"16\"><span class=\"versanumer_2007\">16<\/span><\/a> \u00c9g mun leita \u00feess sem villist og s\u00e6kja hi\u00f0 hrakta, binda um hi\u00f0 limlesta og styrkja hi\u00f0 veikbur\u00f0a. \u00c9g mun g\u00e6ta hins feita og \u00fer\u00f3ttmikla og halda \u00fev\u00ed \u00ed haga eins og r\u00e9tt er.<br \/> <a name=\"17\"><span class=\"versanumer_2007\">17<\/span><\/a> En \u00fe\u00fa, hj\u00f6r\u00f0 m\u00edn, svo segir Drottinn Gu\u00f0: \u00c9g d\u00e6mi milli kindar og kindar, milli hr\u00fata og hafra. <a name=\"18\"><span class=\"versanumer_2007\">18<\/span><\/a> N\u00e6gir ykkur ekki a\u00f0 ganga \u00ed besta haglendi? \u00deurfi\u00f0 \u00fei\u00f0 a\u00f0 tra\u00f0ka \u00fea\u00f0 ni\u00f0ur sem eftir er af haga ykkar? \u00deegar \u00fei\u00f0 hafi\u00f0 drukki\u00f0 t\u00e6rt vatn, \u00feurfi\u00f0 \u00fei\u00f0 \u00fe\u00e1 a\u00f0 grugga \u00fea\u00f0 sem eftir er me\u00f0 f\u00f3tunum? <a name=\"19\"><span class=\"versanumer_2007\">19<\/span><\/a> \u00de\u00e1 ver\u00f0a sau\u00f0irnir \u00ed hj\u00f6r\u00f0 minni a\u00f0 vera \u00e1 beit \u00ed flaginu sem f\u00e6tur ykkar hafa tra\u00f0ka\u00f0 og drekka \u00fea\u00f0 sem f\u00e6tur ykkar hafa grugga\u00f0. <a name=\"20\"><span class=\"versanumer_2007\">20<\/span><\/a> \u00deess vegna segir Drottinn Gu\u00f0 vi\u00f0 ykkur: \u00c9g mun sj\u00e1lfur d\u00e6ma milli v\u00e6nna sau\u00f0a og magurra. <a name=\"21\"><span class=\"versanumer_2007\">21<\/span><\/a> \u00dear sem \u00fei\u00f0 ry\u00f0ji\u00f0 \u00f6llum hinum veikbur\u00f0a \u00far vegi me\u00f0 hupp og b\u00f3gi og stangi\u00f0 \u00fe\u00e1 me\u00f0 hornunum \u00fear til \u00fei\u00f0 hafi\u00f0 hraki\u00f0 \u00fe\u00e1 \u00ed burtu <a name=\"22\"><span class=\"versanumer_2007\">22<\/span><\/a> \u00e6tla \u00e9g a\u00f0 hj\u00e1lpa sau\u00f0um m\u00ednum svo a\u00f0 \u00feeir ver\u00f0i ekki framar teknir sem r\u00e1nsfengur. \u00c9g mun d\u00e6ma milli kindar og kindar. <a name=\"23\"><span class=\"versanumer_2007\">23<\/span><\/a> \u00c9g mun setja einn hir\u00f0i yfir \u00fe\u00e1 sem mun halda \u00feeim \u00ed haga, \u00fej\u00f3n minn Dav\u00ed\u00f0. Hann mun halda \u00feeim \u00ed haga og hann ver\u00f0ur hir\u00f0ir \u00feeirra. <a name=\"24\"><span class=\"versanumer_2007\">24<\/span><\/a> \u00c9g sj\u00e1lfur, Drottinn, ver\u00f0 Gu\u00f0 \u00feeirra en Dav\u00ed\u00f0, \u00fej\u00f3nn minn, ver\u00f0ur h\u00f6f\u00f0ingi \u00e1 me\u00f0al \u00feeirra. \u00c9g, Drottinn, hef tala\u00f0.<br \/> <a name=\"25\"><span class=\"versanumer_2007\">25<\/span><\/a> \u00c9g mun gera s\u00e1ttm\u00e1la vi\u00f0 \u00fe\u00e1 \u00feeim til heilla og ey\u00f0a r\u00e1nd\u00fdrum \u00far landinu. \u00de\u00e1 munu \u00feeir b\u00faa \u00f3hultir \u00ed ey\u00f0im\u00f6rkinni og sofa \u00ed sk\u00f3gunum. <a name=\"26\"><span class=\"versanumer_2007\">26<\/span><\/a> \u00c9g l\u00e6t \u00fe\u00e1 og umhverfi h\u00e6\u00f0ar minnar bera blessun og \u00e9g mun senda regn \u00e1 r\u00e9ttum t\u00edma, regn til blessunar. <a name=\"27\"><span class=\"versanumer_2007\">27<\/span><\/a> Tr\u00e9n \u00e1 sl\u00e9ttunni skulu bera \u00e1v\u00f6xt og landi\u00f0 gefa af s\u00e9r og \u00feeir ver\u00f0a \u00f3hultir \u00ed landi s\u00ednu. \u00deeir munu skilja a\u00f0 \u00e9g er Drottinn \u00feegar \u00e9g br\u00fdt oki\u00f0 af \u00feeim og frelsa \u00fe\u00e1 \u00far greipum \u00feeirra sem \u00fer\u00e6lka \u00fe\u00e1. <a name=\"28\"><span class=\"versanumer_2007\">28<\/span><\/a> \u00deeir skulu ekki framar ver\u00f0a r\u00e1nsfengur framandi \u00fej\u00f3\u00f0a og villid\u00fdrin \u00ed landinu munu ekki heldur r\u00edfa \u00fe\u00e1 \u00ed sig. \u00deeir munu b\u00faa \u00f3hultir og enginn mun hrekja \u00fe\u00e1 \u00ed burtu.<br \/> <a name=\"29\"><span class=\"versanumer_2007\">29<\/span><\/a> \u00deeim til heilla mun \u00e9g r\u00e6kta \u00feeim gar\u00f0<span class=\"nedan_mal\" title=\" Or\u00f0r\u00e9tt: \u00c9g mun gr\u00f3\u00f0ursetja handa \u00feeim nafntoga\u00f0an gar\u00f0.\">[<\/span> svo a\u00f0 \u00feeir ver\u00f0i ekki framar hungri a\u00f0 br\u00e1\u00f0 \u00ed landinu og \u00feurfi ekki a\u00f0 \u00feola sm\u00e1naryr\u00f0i framandi \u00fej\u00f3\u00f0a. <a name=\"30\"><span class=\"versanumer_2007\">30<\/span><\/a> \u00de\u00e1 munu \u00feeir skilja a\u00f0 \u00e9g, Drottinn, er Gu\u00f0 \u00feeirra. \u00c9g er me\u00f0 \u00feeim og \u00cdsraelsmenn eru \u00fej\u00f3\u00f0 m\u00edn, segir Drottinn Gu\u00f0. <br \/> <a name=\"31\"><span class=\"versanumer_2007\">31<\/span><\/a> \u00dei\u00f0 eru\u00f0 hj\u00f6r\u00f0 m\u00edn sem \u00e9g held \u00ed haga. \u00c9g er Gu\u00f0 ykkar, segir Drottinn Gu\u00f0.<\/p>\n","protected":false},"excerpt":{"rendered":"<p>Hj\u00f6r\u00f0 Gu\u00f0s og hir\u00f0ar 1 Or\u00f0 Drottins kom til m\u00edn: 2 Mannssonur, sp\u00e1\u00f0u gegn hir\u00f0um \u00cdsraels og seg\u00f0u vi\u00f0 \u00fe\u00e1: Svo segir Drottinn Gu\u00f0: Vei hir\u00f0um \u00cdsraels sem a\u00f0eins hir\u00f0a um sj\u00e1lfa sig. Eiga \u00feeir ekki a\u00f0 halda f\u00e9nu \u00e1 beit? 3 \u00dei\u00f0 drekki\u00f0 mj\u00f3lkina og kl\u00e6\u00f0ist ullinni, sl\u00e1tri\u00f0 feitustu sau\u00f0unum en um hj\u00f6r\u00f0ina hir\u00f0i\u00f0 \u00fei\u00f0 ekki. 4 \u00dei\u00f0 hafi\u00f0 ekki hj\u00e1lpa\u00f0 hinu veikbur\u00f0a, ekki l\u00e6kna\u00f0 hi\u00f0 sj\u00faka, ekki bundi\u00f0 um hi\u00f0 s\u00e6r\u00f0a og hvorki s\u00f3tt \u00fea\u00f0 sem hraktist burt n\u00e9 leita\u00f0 \u00feess sem t\u00fdndist, en hi\u00f0 sterka hafi\u00f0 \u00fei\u00f0 leitt me\u00f0 har\u00f0ri hendi. 5 F\u00e9 mitt tv\u00edstra\u00f0ist \u00fear sem <a href=\"https:\/\/biblian.is\/biblian\/esekiel-34-kafli\/\"> [&#8230;]<\/a><\/p>\n","protected":false},"author":1,"featured_media":0,"parent":0,"menu_order":0,"comment_status":"open","ping_status":"open","template":"bibliukaflar_NT.php","meta":{"footnotes":""},"class_list":["post-2453","page","type-page","status-publish","hentry"],"_links":{"self":[{"href":"https:\/\/biblian.is\/biblian\/wp-json\/wp\/v2\/pages\/2453","targetHints":{"allow":["GET"]}}],"collection":[{"href":"https:\/\/biblian.is\/biblian\/wp-json\/wp\/v2\/pages"}],"about":[{"href":"https:\/\/biblian.is\/biblian\/wp-json\/wp\/v2\/types\/page"}],"author":[{"embeddable":true,"href":"https:\/\/biblian.is\/biblian\/wp-json\/wp\/v2\/users\/1"}],"replies":[{"embeddable":true,"href":"https:\/\/biblian.is\/biblian\/wp-json\/wp\/v2\/comments?post=2453"}],"version-history":[{"count":0,"href":"https:\/\/biblian.is\/biblian\/wp-json\/wp\/v2\/pages\/2453\/revisions"}],"wp:attachment":[{"href":"https:\/\/biblian.is\/biblian\/wp-json\/wp\/v2\/media?parent=2453"}],"curies":[{"name":"wp","href":"https:\/\/api.w.org\/{rel}","templated":true}]}}