{"id":2452,"date":"2017-12-30T21:03:13","date_gmt":"2017-12-30T21:03:13","guid":{"rendered":"http:\/\/biblian.is\/biblian\/esek%c2%92el-33-kafli\/"},"modified":"2024-07-03T22:14:11","modified_gmt":"2024-07-03T22:14:11","slug":"esekiel-33-kafli","status":"publish","type":"page","link":"https:\/\/biblian.is\/biblian\/esekiel-33-kafli\/","title":{"rendered":"Esek\u00edel 33. kafli"},"content":{"rendered":"<h3 class=\"millifyrirsogn_2007\"> Hj\u00e1lpr\u00e6\u00f0i \u00cdsraels<\/h3>\n<p><a name=\"1\"><span class=\"versanumer_2007\">1<\/span><\/a> Or\u00f0 Drottins kom til m\u00edn: <a name=\"2\"><span class=\"versanumer_2007\">2<\/span><\/a> Mannssonur, \u00e1varpa\u00f0u landa \u00fe\u00edna og seg\u00f0u vi\u00f0 \u00fe\u00e1: \u00deegar \u00e9g sendi sver\u00f0 gegn einhverju landi velur \u00fej\u00f3\u00f0in mann \u00far s\u00ednum h\u00f3pi og gerir hann a\u00f0 var\u00f0manni s\u00ednum. <a name=\"3\"><span class=\"versanumer_2007\">3<\/span><\/a> \u00deegar hann s\u00e9r sver\u00f0i\u00f0 n\u00e1lgast landi\u00f0 \u00e1 hann a\u00f0 \u00feeyta hafurshorn og vara f\u00f3lki\u00f0 vi\u00f0. <a name=\"4\"><span class=\"versanumer_2007\">4<\/span><\/a> Ef einhver heyrir \u00feyt hornsins, en skeytir ekki um hann, og sver\u00f0i\u00f0 kemur og l\u00fdstur hann kemur bl\u00f3\u00f0 hans yfir h\u00f6fu\u00f0 hans. <a name=\"5\"><span class=\"versanumer_2007\">5<\/span><\/a> Hann heyr\u00f0i l\u00fa\u00f0urhlj\u00f3minn en skeytti ekki um og \u00fev\u00ed kemur bl\u00f3\u00f0 hans yfir h\u00f6fu\u00f0 hans. Hef\u00f0i hann skeytt vi\u00f0v\u00f6runinni hef\u00f0i hann bjarga\u00f0 l\u00edfi s\u00ednu. <a name=\"6\"><span class=\"versanumer_2007\">6<\/span><\/a> En sj\u00e1i v\u00f6r\u00f0urinn sver\u00f0i\u00f0 n\u00e1lgast og \u00feeytir ekki horni\u00f0 og varar f\u00f3lki\u00f0 ekki vi\u00f0 og sver\u00f0i\u00f0 kemur og l\u00fdstur einhvern hefur \u00feessi ma\u00f0ur veri\u00f0 lostinn vegna eigin sektar en \u00e9g mun krefjast bl\u00f3\u00f0s hans \u00far hendi var\u00f0arins.<br \/> <a name=\"7\"><span class=\"versanumer_2007\">7<\/span><\/a> En \u00feig, mannssonur, hef \u00e9g gert a\u00f0 ver\u00f0i fyrir \u00cdsraelsmenn. \u00deegar \u00fe\u00fa heyrir or\u00f0 \u00far munni m\u00ednum \u00e1tt \u00fe\u00fa a\u00f0 vara \u00fe\u00e1 vi\u00f0 m\u00e9r. <a name=\"8\"><span class=\"versanumer_2007\">8<\/span><\/a> \u00deegar \u00e9g segi vi\u00f0 gu\u00f0lausan mann: \u201e\u00de\u00fa skalt vissulega deyja,\u201c og \u00fe\u00fa hefur ekki tala\u00f0 vi\u00f0 hinn gu\u00f0lausa til a\u00f0 vara hann vi\u00f0 breytni sinni er hann sekur. Hann skal deyja vegna syndar sinnar en \u00e9g mun krefjast bl\u00f3\u00f0s hans \u00far hendi \u00feinni. <a name=\"9\"><span class=\"versanumer_2007\">9<\/span><\/a> En hafir \u00fe\u00fa vara\u00f0 hinn gu\u00f0lausa vi\u00f0 breytni sinni til a\u00f0 hann hverfi fr\u00e1 henni, en hann hefur ekki horfi\u00f0 fr\u00e1 breytni sinni, skal hann deyja vegna syndar sinnar en \u00fe\u00fa hefur bjarga\u00f0 l\u00edfi \u00fe\u00ednu. <\/p>\n<h3 class=\"millifyrirsogn_2007\">\u00c1byrg\u00f0 \u00e1 eigin verkum<\/h3>\n<p><a name=\"10\"><span class=\"versanumer_2007\">10<\/span><\/a> En \u00fe\u00fa, mannssonur, seg\u00f0u vi\u00f0 \u00cdsraelsmenn: \u00dei\u00f0 segi\u00f0: \u201eAfbrot okkar og syndir hv\u00edla \u00e1 okkur og vegna \u00feeirra veslumst vi\u00f0 upp. Hvernig getum vi\u00f0 \u00fe\u00e1 haldi\u00f0 l\u00edfi?\u201c <a name=\"11\"><span class=\"versanumer_2007\">11<\/span><\/a> Seg\u00f0u vi\u00f0 \u00fe\u00e1: Svo sannarlega sem \u00e9g lifi, segir Drottinn Gu\u00f0: M\u00e9r \u00fe\u00f3knast ekki dau\u00f0i gu\u00f0lausra, heldur a\u00f0 hinn gu\u00f0lausi hverfi fr\u00e1 breytni sinni og lifi. Sn\u00fai\u00f0 vi\u00f0, hverfi\u00f0 fr\u00e1 ykkar illu breytni. Hvers vegna vilji\u00f0 \u00fei\u00f0 deyja, \u00cdsraelsmenn?<br \/> <a name=\"12\"><span class=\"versanumer_2007\">12<\/span><\/a> En \u00fe\u00fa, mannssonur, seg\u00f0u vi\u00f0 landa \u00fe\u00edna: R\u00e9ttl\u00e6ti hins r\u00e9ttl\u00e1ta mun ekki bjarga honum daginn sem hann br\u00fdtur af s\u00e9r. Rangl\u00e6ti hins rangl\u00e1ta mun ekki heldur fella hann daginn sem hann hverfur fr\u00e1 rangl\u00e6ti s\u00ednu. Hinn r\u00e9ttl\u00e1ti mun ekki halda l\u00edfi vegna r\u00e9ttl\u00e6tis s\u00edns \u00feegar hann syndgar. <a name=\"13\"><span class=\"versanumer_2007\">13<\/span><\/a> \u00deegar \u00e9g segi um hinn r\u00e9ttl\u00e1ta: \u201eHann skal lifa,\u201c en hann treystir \u00e1 r\u00e9ttl\u00e6ti sitt og fremur rangl\u00e6ti skal engra r\u00e9ttl\u00e1tra verka hans minnst ver\u00f0a. Hann skal deyja vegna \u00feess rangl\u00e6tis sem hann framdi.<br \/> <a name=\"14\"><span class=\"versanumer_2007\">14<\/span><\/a> En segi \u00e9g vi\u00f0 hinn rangl\u00e1ta: \u201e\u00de\u00fa skalt deyja,\u201c og hann hverfur fr\u00e1 synd sinni og i\u00f0kar r\u00e9tt og r\u00e9ttl\u00e6ti, <a name=\"15\"><span class=\"versanumer_2007\">15<\/span><\/a> skilar aftur ve\u00f0i, b\u00e6tir fyrir r\u00e1nsfeng, breytir eftir \u00feeim \u00e1kv\u00e6\u00f0um sem lei\u00f0a til l\u00edfs og gerist ekki sekur um rangl\u00e6ti, \u00fe\u00e1 skal hann vissulega lifa, hann skal ekki deyja. <a name=\"16\"><span class=\"versanumer_2007\">16<\/span><\/a> Engra \u00feeirra synda, sem hann hefur dr\u00fdgt, skal minnst. Hann hefur i\u00f0ka\u00f0 r\u00e9tt og r\u00e9ttl\u00e6ti, hann skal l\u00edfi halda.<br \/> <a name=\"17\"><span class=\"versanumer_2007\">17<\/span><\/a> Landar \u00fe\u00ednir segja: \u201eBreytni Drottins er ekki r\u00e9tt,\u201c en \u00fea\u00f0 er \u00feeirra eigin breytni sem ekki er r\u00e9tt. <a name=\"18\"><span class=\"versanumer_2007\">18<\/span><\/a> \u00deegar hinn r\u00e9ttl\u00e1ti sn\u00fdr fr\u00e1 r\u00e9ttl\u00e6ti s\u00ednu og fremur rangl\u00e6ti skal hann deyja vegna \u00feess. <a name=\"19\"><span class=\"versanumer_2007\">19<\/span><\/a> En \u00feegar hinn rangl\u00e1ti sn\u00fdr fr\u00e1 rangl\u00e6ti s\u00ednu og i\u00f0kar r\u00e9tt og r\u00e9ttl\u00e6ti skal hann l\u00edfi halda vegna \u00feess. <a name=\"20\"><span class=\"versanumer_2007\">20<\/span><\/a> Samt segi\u00f0 \u00fei\u00f0, \u00cdsraelsmenn: \u201eBreytni Drottins er ekki r\u00e9tt.\u201c En \u00e9g mun d\u00e6ma ykkur, \u00cdsraelsmenn, hvern og einn eftir breytni sinni.<\/p>\n<h3 class=\"millifyrirsogn_2007\">Fr\u00e9tt um fall Jer\u00fasalem<\/h3>\n<p><a name=\"21\"><span class=\"versanumer_2007\">21<\/span><\/a> \u00c1 fimmta degi t\u00edunda m\u00e1na\u00f0ar \u00e1 t\u00f3lfta<span class=\"nedan_mal\" title=\" Sum handrit og fornar \u00fe\u00fd\u00f0ingar nefna ellefta \u00e1ri\u00f0. \">[<\/span> \u00e1rinu fr\u00e1 \u00fev\u00ed vi\u00f0 vorum reknir \u00ed \u00fatleg\u00f0 kom fl\u00f3ttama\u00f0ur fr\u00e1 Jer\u00fasalem til m\u00edn og sag\u00f0i: \u201eBorgin er unnin.\u201c <a name=\"22\"><span class=\"versanumer_2007\">22<\/span><\/a> Kv\u00f6ldi\u00f0 \u00e1\u00f0ur en fl\u00f3ttama\u00f0urinn kom haf\u00f0i h\u00f6nd Drottins komi\u00f0 yfir mig og \u00e1\u00f0ur en fl\u00f3ttama\u00f0urinn kom til m\u00edn um morguninn lauk Drottinn upp munni m\u00ednum. Munnur minn laukst upp og \u00e9g var ekki lengur m\u00e1llaus.<br \/> <a name=\"23\"><span class=\"versanumer_2007\">23<\/span><\/a> Or\u00f0 Drottins kom til m\u00edn: <a name=\"24\"><span class=\"versanumer_2007\">24<\/span><\/a> Mannssonur, \u00edb\u00faarnir \u00ed r\u00fastunum \u00ed landi \u00cdsraels segja: \u201eAbraham var a\u00f0eins einn ma\u00f0ur, en hann eigna\u00f0ist landi\u00f0. Vi\u00f0 erum margir og okkur hefur veri\u00f0 fengi\u00f0 \u00fea\u00f0 til eignar.\u201c<br \/> <a name=\"25\"><span class=\"versanumer_2007\">25<\/span><\/a> Seg\u00f0u \u00fev\u00ed vi\u00f0 \u00fe\u00e1: Svo segir Drottinn Gu\u00f0: \u00dei\u00f0 eti\u00f0 kj\u00f6ti\u00f0 me\u00f0 bl\u00f3\u00f0inu, m\u00e6ni\u00f0 \u00e1 skur\u00f0go\u00f0 ykkar og \u00fathelli\u00f0 bl\u00f3\u00f0i. \u00c6tli\u00f0 \u00fei\u00f0 a\u00f0 taka landi\u00f0 til eignar? <a name=\"26\"><span class=\"versanumer_2007\">26<\/span><\/a> \u00dei\u00f0 treysti\u00f0 sver\u00f0i ykkar, fremji\u00f0 vi\u00f0urstyggileg verk og hver og einn saurgar eiginkonu n\u00e1unga s\u00edns. \u00c6tli\u00f0 \u00fei\u00f0 svo a\u00f0 taka landi\u00f0 til eignar?<br \/> <a name=\"27\"><span class=\"versanumer_2007\">27<\/span><\/a> \u00deannig skaltu segja vi\u00f0 \u00fe\u00e1: Svo segir Drottinn Gu\u00f0: Svo sannarlega sem \u00e9g lifi skulu \u00feeir sem eru \u00ed r\u00fastunum falla fyrir sver\u00f0i, \u00fe\u00e1 sem eftir eru \u00e1 bersv\u00e6\u00f0i gef \u00e9g villid\u00fdrum a\u00f0 br\u00e1\u00f0 og \u00feeir sem eru \u00ed klettavirkjum og giljum munu deyja \u00far dreps\u00f3tt. <a name=\"28\"><span class=\"versanumer_2007\">28<\/span><\/a> \u00c9g mun gera landi\u00f0 a\u00f0 ey\u00f0im\u00f6rk og au\u00f0n. Hi\u00f0 gl\u00e6sta veldi mun l\u00ed\u00f0a undir lok og fj\u00f6ll \u00cdsraels ver\u00f0a au\u00f0n sem enginn fer um. <a name=\"29\"><span class=\"versanumer_2007\">29<\/span><\/a> \u00deeir munu skilja a\u00f0 \u00e9g er Drottinn \u00feegar \u00e9g geri landi\u00f0 a\u00f0 ey\u00f0im\u00f6rk og au\u00f0n vegna allrar \u00feeirrar sv\u00edvir\u00f0u sem \u00feeir hafa frami\u00f0.<\/p>\n<h3 class=\"millifyrirsogn_2007\">\u00c1lit manna \u00e1 sp\u00e1manninum<\/h3>\n<p><a name=\"30\"><span class=\"versanumer_2007\">30<\/span><\/a> \u00de\u00fa, mannssonur. Landar \u00fe\u00ednir r\u00e6\u00f0ast vi\u00f0 um \u00feig, upp vi\u00f0 veggi og \u00ed h\u00fasdyrum, og segja hver vi\u00f0 annan, hver ma\u00f0ur vi\u00f0 br\u00f3\u00f0ur sinn: \u201eKomi\u00f0 og heyri\u00f0 or\u00f0i\u00f0 sem er komi\u00f0 fr\u00e1 Drottni.\u201c <a name=\"31\"><span class=\"versanumer_2007\">31<\/span><\/a> S\u00ed\u00f0an flykkjast \u00feeir a\u00f0 \u00fe\u00e9r eins og \u00e6stur m\u00fagur og setjast frammi fyrir \u00fe\u00e9r eins og \u00feeir s\u00e9u mitt f\u00f3lk og hlusta \u00e1 or\u00f0 m\u00edn. En \u00feeir fara ekki eftir \u00feeim, lygi<span class=\"nedan_mal\" title=\" \u00d6nnur hugsanleg \u00fe\u00fd\u00f0ing: girnd. \">[<\/span> er \u00e1 v\u00f6rum \u00feeirra \u00fev\u00ed a\u00f0 hugur \u00feeirra er bundinn vi\u00f0 eigin gr\u00f3\u00f0a. <a name=\"32\"><span class=\"versanumer_2007\">32<\/span><\/a> \u00de\u00fa ert \u00feeim eins og s\u00e1 sem syngur \u00e1starlj\u00f3\u00f0 vi\u00f0 g\u00f3\u00f0an undirleik. \u00deeir hlusta \u00e1 or\u00f0 \u00fe\u00edn en fara ekki eftir \u00feeim. <a name=\"33\"><span class=\"versanumer_2007\">33<\/span><\/a> En \u00feegar \u00fea\u00f0 kemur fram sem \u00fe\u00fa hefur sagt, og \u00fea\u00f0 mun koma fram, skilja \u00feeir a\u00f0 sp\u00e1ma\u00f0ur hefur veri\u00f0 \u00e1 me\u00f0al \u00feeirra.<\/p>\n","protected":false},"excerpt":{"rendered":"<p>Hj\u00e1lpr\u00e6\u00f0i \u00cdsraels 1 Or\u00f0 Drottins kom til m\u00edn: 2 Mannssonur, \u00e1varpa\u00f0u landa \u00fe\u00edna og seg\u00f0u vi\u00f0 \u00fe\u00e1: \u00deegar \u00e9g sendi sver\u00f0 gegn einhverju landi velur \u00fej\u00f3\u00f0in mann \u00far s\u00ednum h\u00f3pi og gerir hann a\u00f0 var\u00f0manni s\u00ednum. 3 \u00deegar hann s\u00e9r sver\u00f0i\u00f0 n\u00e1lgast landi\u00f0 \u00e1 hann a\u00f0 \u00feeyta hafurshorn og vara f\u00f3lki\u00f0 vi\u00f0. 4 Ef einhver heyrir \u00feyt hornsins, en skeytir ekki um hann, og sver\u00f0i\u00f0 kemur og l\u00fdstur hann kemur bl\u00f3\u00f0 hans yfir h\u00f6fu\u00f0 hans. 5 Hann heyr\u00f0i l\u00fa\u00f0urhlj\u00f3minn en skeytti ekki um og \u00fev\u00ed kemur bl\u00f3\u00f0 hans yfir h\u00f6fu\u00f0 hans. Hef\u00f0i hann skeytt vi\u00f0v\u00f6runinni hef\u00f0i hann bjarga\u00f0 l\u00edfi s\u00ednu. <a href=\"https:\/\/biblian.is\/biblian\/esekiel-33-kafli\/\"> [&#8230;]<\/a><\/p>\n","protected":false},"author":1,"featured_media":0,"parent":0,"menu_order":0,"comment_status":"open","ping_status":"open","template":"bibliukaflar_NT.php","meta":{"footnotes":""},"class_list":["post-2452","page","type-page","status-publish","hentry"],"_links":{"self":[{"href":"https:\/\/biblian.is\/biblian\/wp-json\/wp\/v2\/pages\/2452","targetHints":{"allow":["GET"]}}],"collection":[{"href":"https:\/\/biblian.is\/biblian\/wp-json\/wp\/v2\/pages"}],"about":[{"href":"https:\/\/biblian.is\/biblian\/wp-json\/wp\/v2\/types\/page"}],"author":[{"embeddable":true,"href":"https:\/\/biblian.is\/biblian\/wp-json\/wp\/v2\/users\/1"}],"replies":[{"embeddable":true,"href":"https:\/\/biblian.is\/biblian\/wp-json\/wp\/v2\/comments?post=2452"}],"version-history":[{"count":0,"href":"https:\/\/biblian.is\/biblian\/wp-json\/wp\/v2\/pages\/2452\/revisions"}],"wp:attachment":[{"href":"https:\/\/biblian.is\/biblian\/wp-json\/wp\/v2\/media?parent=2452"}],"curies":[{"name":"wp","href":"https:\/\/api.w.org\/{rel}","templated":true}]}}