{"id":2451,"date":"2017-12-30T21:03:13","date_gmt":"2017-12-30T21:03:13","guid":{"rendered":"http:\/\/biblian.is\/biblian\/esek%c2%92el-32-kafli\/"},"modified":"2024-07-03T22:14:11","modified_gmt":"2024-07-03T22:14:11","slug":"esekiel-32-kafli","status":"publish","type":"page","link":"https:\/\/biblian.is\/biblian\/esekiel-32-kafli\/","title":{"rendered":"Esek\u00edel 32. kafli"},"content":{"rendered":"<h3 class=\"millifyrirsogn_2007\"> Harmlj\u00f3\u00f0 yfir kr\u00f3k\u00f3d\u00edlnum fara\u00f3<\/h3>\n<p><a name=\"1\"><span class=\"versanumer_2007\">1<\/span><\/a> \u00c1 fyrsta degi t\u00f3lfta m\u00e1na\u00f0ar t\u00f3lfta \u00e1rsins kom or\u00f0 Drottins til m\u00edn:<br \/> <a name=\"2\"><span class=\"versanumer_2007\">2<\/span><\/a> Mannssonur, hef upp harmlj\u00f3\u00f0 um fara\u00f3, konung Egyptalands, og seg\u00f0u vi\u00f0 hann:<br \/> <span class=\"ljodatexti\"> \u00de\u00fa l\u00edkist lj\u00f3ni \u00fej\u00f3\u00f0anna.<br \/>\u00de\u00fa varst eins og kr\u00f3k\u00f3d\u00edll \u00ed v\u00f6tnum, <br \/>bl\u00e9st vatninu me\u00f0 n\u00f6sum \u00fe\u00ednum,<br \/>grugga\u00f0ir \u00fea\u00f0 me\u00f0 f\u00f3tum \u00fe\u00ednum<br \/>og \u00e6stir upp \u00f6ldurnar.<br \/> <\/span> <span class=\"ljodatexti\"> <a name=\"3\"><span class=\"versanumer_ljod\">3<\/span><\/a>Svo segir Drottinn Gu\u00f0:<br \/>\u00c9g mun \u00feenja net mitt yfir \u00feig<br \/>me\u00f0 hj\u00e1lp margra \u00fej\u00f3\u00f0a sem safnast hafa saman.<br \/>\u00de\u00e6r munu draga \u00feig upp \u00ed neti m\u00ednu.<br \/> <\/span> <span class=\"ljodatexti\"> <a name=\"4\"><span class=\"versanumer_ljod\">4<\/span><\/a>S\u00ed\u00f0an kasta \u00e9g \u00fe\u00e9r upp \u00e1 \u00feurrt land,<br \/>fleygi \u00fe\u00e9r \u00fat \u00e1 bersv\u00e6\u00f0i,<br \/>l\u00e6t alla fugla himinsins setjast a\u00f0 \u00e1 \u00fe\u00e9r,<br \/>og se\u00f0 \u00f6ll d\u00fdr merkurinnar me\u00f0 \u00fe\u00e9r.<br \/> <\/span> <span class=\"ljodatexti\"> <a name=\"5\"><span class=\"versanumer_ljod\">5<\/span><\/a>\u00c9g mun l\u00e1ta kj\u00f6t \u00feitt \u00e1 fj\u00f6llin<br \/>og fylla dalina hr\u00e6i \u00fe\u00ednu.<br \/> <\/span> <span class=\"ljodatexti\"> <a name=\"6\"><span class=\"versanumer_ljod\">6<\/span><\/a>\u00c9g brynni j\u00f6r\u00f0inni me\u00f0 \u00fev\u00ed sem \u00far \u00fe\u00e9r streymir<br \/>og fylli farvegina \u00ed fj\u00f6llunum bl\u00f3\u00f0i \u00fe\u00ednu.<br \/> <\/span> <span class=\"ljodatexti\"> <a name=\"7\"><span class=\"versanumer_ljod\">7<\/span><\/a>\u00c9g mun byrgja himininn<br \/>\u00feegar l\u00edf \u00feitt fjarar \u00fat.<br \/>\u00c9g mun myrkva stj\u00f6rnurnar,<br \/>hylja s\u00f3lina sk\u00fdjum<br \/>og tungli\u00f0 mun ekki bera birtu.<br \/> <\/span> <span class=\"ljodatexti\"> <a name=\"8\"><span class=\"versanumer_ljod\">8<\/span><\/a>Allan lj\u00f3ma himinlj\u00f3sanna<br \/>myrkva \u00e9g vegna \u00fe\u00edn<br \/>og sendi myrkur yfir land \u00feitt,<br \/>segir Drottinn Gu\u00f0. <\/span> <br \/> <a name=\"9\"><span class=\"versanumer_2007\">9<\/span><\/a> \u00c9g mun valda \u00f3kyrr\u00f0 me\u00f0al margra \u00fej\u00f3\u00f0a \u00feegar \u00e9g tilkynni fall \u00feitt \u00ed l\u00f6ndum sem \u00fe\u00fa \u00feekkir ekki. <a name=\"10\"><span class=\"versanumer_2007\">10<\/span><\/a> \u00c9g mun skelfa margar \u00fej\u00f3\u00f0ir \u00fe\u00edn vegna og h\u00e1rin munu r\u00edsa \u00e1 h\u00f6f\u00f0um konunga \u00feeirra \u00feegar \u00e9g rei\u00f0i sver\u00f0 mitt gegn \u00feeim. \u00deeir munu allir sem einn titra og skj\u00e1lfa og \u00f3ttast um l\u00edf sitt daginn sem \u00fe\u00fa fellur. <a name=\"11\"><span class=\"versanumer_2007\">11<\/span><\/a> \u00dev\u00ed a\u00f0 svo segir Drottinn Gu\u00f0: Sver\u00f0 konungsins \u00ed Bab\u00fdlon mun koma gegn \u00fe\u00e9r.<br \/> <span class=\"ljodatexti\"> <a name=\"12\"><span class=\"versanumer_ljod\">12<\/span><\/a>\u00c9g mun fella mannmerg\u00f0 \u00fe\u00edna <br \/>me\u00f0 sver\u00f0i hermannanna<br \/>sem allir eru fr\u00e1 grimmustu \u00fej\u00f3\u00f0um.<br \/>\u00deeir munu ey\u00f0a stolti Egypta<br \/>og allri d\u00fdr\u00f0 \u00feeirra ver\u00f0ur tort\u00edmt.<br \/> <\/span> <span class=\"ljodatexti\"> <a name=\"13\"><span class=\"versanumer_ljod\">13<\/span><\/a>\u00c9g mun ey\u00f0a \u00f6llu kvikf\u00e9 \u00feeirra<br \/>vi\u00f0 hin miklu v\u00f6tn<br \/>og hvorki mun mannsf\u00f3tur grugga \u00feau framar <br \/>n\u00e9 klaufir nokkurrar skepnu.<br \/> <\/span> <span class=\"ljodatexti\"> <a name=\"14\"><span class=\"versanumer_ljod\">14<\/span><\/a>\u00de\u00e1 l\u00e6t \u00e9g gruggi\u00f0 \u00ed v\u00f6tnum \u00feeirra setjast<br \/>og l\u00e6t flj\u00f3t \u00feeirra streyma sem ol\u00edu,<br \/>segir Drottinn Gu\u00f0.<br \/> <\/span> <span class=\"ljodatexti\"> <a name=\"15\"><span class=\"versanumer_ljod\">15<\/span><\/a>\u00deegar \u00e9g geri Egyptaland a\u00f0 ey\u00f0im\u00f6rk <br \/>og \u00fea\u00f0 ver\u00f0ur svipt gn\u00e6gtum s\u00ednum,<br \/>\u00feegar \u00e9g felli alla sem \u00fear b\u00faa,<br \/>munu \u00feeir skilja a\u00f0 \u00e9g er Drottinn. <\/span> <br \/> <a name=\"16\"><span class=\"versanumer_2007\">16<\/span><\/a> \u00deetta er harmlj\u00f3\u00f0 og skal flutt sem harmlj\u00f3\u00f0. D\u00e6tur \u00fej\u00f3\u00f0anna skulu syngja \u00fea\u00f0 sem harmlj\u00f3\u00f0, \u00fe\u00e6r skulu syngja \u00fea\u00f0 um Egyptaland og alla d\u00fdr\u00f0 \u00feess, segir Drottinn Gu\u00f0.<\/p>\n<h3 class=\"millifyrirsogn_2007\">Harmlj\u00f3\u00f0 um fara\u00f3 og fylgdarli\u00f0 hans<\/h3>\n<p><a name=\"17\"><span class=\"versanumer_2007\">17<\/span><\/a> \u00c1 fimmt\u00e1nda degi fyrsta m\u00e1na\u00f0ar \u00ed t\u00f3lfta \u00e1rinu kom or\u00f0 Drottins til m\u00edn:<br \/> <a name=\"18\"><span class=\"versanumer_2007\">18<\/span><\/a> Mannssonur, harma \u00fe\u00fa d\u00fdr\u00f0 Egyptalands og sendu hana ni\u00f0ur til \u00fej\u00f3\u00f0anna. Sendu hana ni\u00f0ur \u00ed undirheima, til \u00feeirra sem grafnir eru.<br \/> <span class=\"ljodatexti\"> <a name=\"19\"><span class=\"versanumer_ljod\">19<\/span><\/a>Ber\u00f0u af einhverjum a\u00f0 fegur\u00f0?<br \/>Far\u00f0u ni\u00f0ur og leggstu hj\u00e1 hinum \u00f3umskornu.<br \/> <\/span> <span class=\"ljodatexti\"> <a name=\"20\"><span class=\"versanumer_ljod\">20<\/span><\/a>\u00deeir munu falla<br \/>innan um hina vopnbitnu.<br \/> <\/span> <span class=\"ljodatexti\"> <a name=\"21\"><span class=\"versanumer_ljod\">21<\/span><\/a>Hinir sterku kappar tala vi\u00f0 Egyptaland <br \/>og bandamenn \u00feess mitt \u00far r\u00edki dau\u00f0ra og segja:<br \/>\u201eHinir \u00f3umskornu, hinir vopnbitnu,<br \/>f\u00f3ru ni\u00f0ur og l\u00f6g\u00f0ust fyrir.\u201c<br \/> <\/span> <span class=\"ljodatexti\"> <a name=\"22\"><span class=\"versanumer_ljod\">22<\/span><\/a> \u00dearna er Ass\u00far og allt hans li\u00f0,<br \/>umhverfis hann eru grafir hans.<br \/>\u00deeir voru allir reknir \u00ed gegn,<br \/>f\u00e9llu fyrir sver\u00f0i.<br \/> <\/span> <span class=\"ljodatexti\"> <a name=\"23\"><span class=\"versanumer_ljod\">23<\/span><\/a> Honum var fengin gr\u00f6f<br \/>\u00ed hyld\u00fdpinu,<br \/>li\u00f0 hans er umhverfis gr\u00f6f hans.<br \/>\u00deeir voru allir reknir \u00ed gegn,<br \/>f\u00e9llu fyrir sver\u00f0i,<br \/>\u00feeir sem breiddu \u00fat skelfingu<br \/>\u00e1 landi lifenda.<br \/> <\/span> <span class=\"ljodatexti\"> <a name=\"24\"><span class=\"versanumer_ljod\">24<\/span><\/a> \u00dearna er Elam og allt hans li\u00f0<br \/>umhverfis gr\u00f6f hans.<br \/>\u00deeir voru allir reknir \u00ed gegn, <br \/>f\u00e9llu fyrir sver\u00f0i.<br \/>\u00deeir f\u00f3ru \u00f3umskornir<br \/>til undirheima.<br \/>\u00deeir sem breiddu \u00fat skelfingu<br \/>\u00e1 landi lifenda,<br \/>\u00feeir bera n\u00fa sk\u00f6mm s\u00edna<br \/>\u00e1samt \u00feeim sem grafnir voru.<br \/> <\/span> <span class=\"ljodatexti\"> <a name=\"25\"><span class=\"versanumer_ljod\">25<\/span><\/a> Elam og \u00f6llu li\u00f0i hans var fengin hv\u00edla <br \/>me\u00f0al \u00feeirra sem reknir voru \u00ed gegn.<br \/> Umhverfis hann eru grafir \u00feeirra,<br \/>allra hinna \u00f3umskornu<br \/>sem voru lag\u00f0ir sver\u00f0i<br \/>og breiddu \u00fat skelfingu<br \/>\u00e1 landi lifenda.<br \/>\u00deeir bera n\u00fa sk\u00f6mm s\u00edna<br \/>\u00e1samt \u00feeim sem grafnir voru.<br \/>\u00deeim var komi\u00f0 fyrir innan um vopnbitna menn.<br \/> <\/span> <span class=\"ljodatexti\"> <a name=\"26\"><span class=\"versanumer_ljod\">26<\/span><\/a> \u00dearna eru Mesek og T\u00fabal og allt \u00feeirra li\u00f0.<br \/>Umhverfis hann eru grafir \u00feeirra,<br \/>allra hinna \u00f3umskornu<br \/>sem voru lag\u00f0ir sver\u00f0i<br \/>\u00fe\u00f3 a\u00f0 \u00feeir breiddu \u00fat skelfingu<br \/>\u00e1 landi lifenda. <br \/> <\/span> <span class=\"ljodatexti\"> <a name=\"27\"><span class=\"versanumer_ljod\">27<\/span><\/a> \u00deeir liggja ekki hj\u00e1 f\u00f6llnum k\u00f6ppum fort\u00ed\u00f0ar<br \/>sem stigu herkl\u00e6ddir ni\u00f0ur \u00ed undirheima <br \/>og l\u00f6g\u00f0u sver\u00f0 s\u00edn undir h\u00f6fu\u00f0 s\u00e9r<br \/>en skildir \u00feeirra l\u00e1gu \u00e1 beinum \u00feeirra.<br \/>\u00dev\u00ed a\u00f0 \u00f3tti vi\u00f0 kappana<br \/>hv\u00edldi yfir landi lifenda.<br \/> <\/span> <span class=\"ljodatexti\"> <a name=\"28\"><span class=\"versanumer_ljod\">28<\/span><\/a> \u00de\u00fa ver\u00f0ur einnig m\u00f6lbrotinn \u00e1 me\u00f0al \u00f3umskorinna<br \/>og munt liggja hj\u00e1 \u00feeim sem lag\u00f0ir voru sver\u00f0i.<br \/> <\/span> <span class=\"ljodatexti\"> <a name=\"29\"><span class=\"versanumer_ljod\">29<\/span><\/a> \u00dearna er Ed\u00f3m, konungar hans og allir h\u00f6f\u00f0ingjar.<br \/>\u00der\u00e1tt fyrir hreysti s\u00edna var \u00feeim komi\u00f0 fyrir<br \/>innan um \u00fe\u00e1 sem lag\u00f0ir voru sver\u00f0i.<br \/>\u00deeir liggja hj\u00e1 hinum \u00f3umskornu<br \/>og \u00feeim sem grafnir voru.<br \/> <\/span> <span class=\"ljodatexti\"> <a name=\"30\"><span class=\"versanumer_ljod\">30<\/span><\/a> \u00dearna eru allir h\u00f6f\u00f0ingjar landanna \u00ed nor\u00f0ri<br \/>og allir fr\u00e1 S\u00eddon. <span class=\"nedan_mal\" title=\" \u00de.e. F\u00f6nik\u00edumenn.\">[<\/span> <br \/>\u00deeir stigu ni\u00f0ur \u00e1samt vopnbitnum m\u00f6nnum<br \/>\u00fer\u00e1tt fyrir skelfinguna sem \u00feeir breiddu \u00fat.<br \/> \u00deeir ur\u00f0u til skammar \u00fer\u00e1tt fyrir hreysti s\u00edna.<br \/>\u00deeir liggja \u00f3umskornir hj\u00e1 \u00feeim sem lag\u00f0ir voru sver\u00f0i<br \/>og bera sk\u00f6mm s\u00edna<br \/>\u00e1samt \u00feeim sem grafnir voru.<br \/> <\/span> <span class=\"ljodatexti\"> <a name=\"31\"><span class=\"versanumer_ljod\">31<\/span><\/a> Fara\u00f3 mun sj\u00e1 \u00fe\u00e1<br \/>og l\u00e1ta huggast eftir missi allrar d\u00fdr\u00f0ar sinnar.<br \/>Fara\u00f3 og allar hersveitir hans<br \/>hafa n\u00fa veri\u00f0 lag\u00f0ir sver\u00f0i,<br \/>segir Drottinn Gu\u00f0.<br \/> <\/span> <span class=\"ljodatexti\"> <a name=\"32\"><span class=\"versanumer_ljod\">32<\/span><\/a> \u00dev\u00ed a\u00f0 \u00e9g hef breitt \u00fat \u00f3tta <br \/>vi\u00f0 hann \u00e1 landi lifenda.<br \/>Fara\u00f3 og \u00f6llum hersveitum hans ver\u00f0ur komi\u00f0 fyrir<br \/>\u00e1 me\u00f0al \u00f3umskorinna, hj\u00e1 \u00feeim sem lag\u00f0ir voru sver\u00f0i,<br \/>segir Drottinn Gu\u00f0. <\/span> <\/p>\n","protected":false},"excerpt":{"rendered":"<p>Harmlj\u00f3\u00f0 yfir kr\u00f3k\u00f3d\u00edlnum fara\u00f3 1 \u00c1 fyrsta degi t\u00f3lfta m\u00e1na\u00f0ar t\u00f3lfta \u00e1rsins kom or\u00f0 Drottins til m\u00edn: 2 Mannssonur, hef upp harmlj\u00f3\u00f0 um fara\u00f3, konung Egyptalands, og seg\u00f0u vi\u00f0 hann: \u00de\u00fa l\u00edkist lj\u00f3ni \u00fej\u00f3\u00f0anna.\u00de\u00fa varst eins og kr\u00f3k\u00f3d\u00edll \u00ed v\u00f6tnum, bl\u00e9st vatninu me\u00f0 n\u00f6sum \u00fe\u00ednum,grugga\u00f0ir \u00fea\u00f0 me\u00f0 f\u00f3tum \u00fe\u00ednumog \u00e6stir upp \u00f6ldurnar. 3Svo segir Drottinn Gu\u00f0:\u00c9g mun \u00feenja net mitt yfir \u00feigme\u00f0 hj\u00e1lp margra \u00fej\u00f3\u00f0a sem safnast hafa saman.\u00de\u00e6r munu draga \u00feig upp \u00ed neti m\u00ednu. 4S\u00ed\u00f0an kasta \u00e9g \u00fe\u00e9r upp \u00e1 \u00feurrt land,fleygi \u00fe\u00e9r \u00fat \u00e1 bersv\u00e6\u00f0i,l\u00e6t alla fugla himinsins setjast a\u00f0 \u00e1 \u00fe\u00e9r,og se\u00f0 \u00f6ll d\u00fdr merkurinnar me\u00f0 <a href=\"https:\/\/biblian.is\/biblian\/esekiel-32-kafli\/\"> [&#8230;]<\/a><\/p>\n","protected":false},"author":1,"featured_media":0,"parent":0,"menu_order":0,"comment_status":"open","ping_status":"open","template":"bibliukaflar_NT.php","meta":{"footnotes":""},"class_list":["post-2451","page","type-page","status-publish","hentry"],"_links":{"self":[{"href":"https:\/\/biblian.is\/biblian\/wp-json\/wp\/v2\/pages\/2451","targetHints":{"allow":["GET"]}}],"collection":[{"href":"https:\/\/biblian.is\/biblian\/wp-json\/wp\/v2\/pages"}],"about":[{"href":"https:\/\/biblian.is\/biblian\/wp-json\/wp\/v2\/types\/page"}],"author":[{"embeddable":true,"href":"https:\/\/biblian.is\/biblian\/wp-json\/wp\/v2\/users\/1"}],"replies":[{"embeddable":true,"href":"https:\/\/biblian.is\/biblian\/wp-json\/wp\/v2\/comments?post=2451"}],"version-history":[{"count":0,"href":"https:\/\/biblian.is\/biblian\/wp-json\/wp\/v2\/pages\/2451\/revisions"}],"wp:attachment":[{"href":"https:\/\/biblian.is\/biblian\/wp-json\/wp\/v2\/media?parent=2451"}],"curies":[{"name":"wp","href":"https:\/\/api.w.org\/{rel}","templated":true}]}}