{"id":2450,"date":"2017-12-30T21:03:13","date_gmt":"2017-12-30T21:03:13","guid":{"rendered":"http:\/\/biblian.is\/biblian\/esek%c2%92el-31-kafli\/"},"modified":"2024-07-03T22:14:11","modified_gmt":"2024-07-03T22:14:11","slug":"esekiel-31-kafli","status":"publish","type":"page","link":"https:\/\/biblian.is\/biblian\/esekiel-31-kafli\/","title":{"rendered":"Esek\u00edel 31. kafli"},"content":{"rendered":"<h3 class=\"millifyrirsogn_2007\"> L\u00edfstr\u00e9\u00f0 og fara\u00f3<\/h3>\n<p><a name=\"1\"><span class=\"versanumer_2007\">1<\/span><\/a> \u00c1 fyrsta degi \u00feri\u00f0ja m\u00e1na\u00f0ar \u00ed ellefta \u00e1rinu kom or\u00f0 Drottins til m\u00edn: <a name=\"2\"><span class=\"versanumer_2007\">2<\/span><\/a> Mannssonur, seg\u00f0u vi\u00f0 fara\u00f3, konung Egyptalands, og fylgdarli\u00f0 hans:<br \/> <span class=\"ljodatexti\"> Hverjum l\u00edkist \u00fe\u00fa \u00ed veldi \u00fe\u00ednu?<br \/> <\/span> <span class=\"ljodatexti\"> <a name=\"3\"><span class=\"versanumer_ljod\">3<\/span><\/a>Mikill mei\u00f0ur, sedrusvi\u00f0ur, \u00f3x \u00e1 L\u00edbanon.<br \/>Fagrar greinar ger\u00f0u sk\u00f3ginn skuggs\u00e6lan, <br \/>stofninn \u00f3x h\u00e1tt og kr\u00f3na hans<br \/>gn\u00e6f\u00f0i h\u00e1tt me\u00f0al sk\u00fdjanna.<br \/> <\/span> <span class=\"ljodatexti\"> <a name=\"4\"><span class=\"versanumer_ljod\">4<\/span><\/a>Vatni\u00f0 j\u00f3k v\u00f6xt hans,<br \/>frumdj\u00fapi\u00f0 h\u00e6\u00f0 hans.<br \/>\u00dea\u00f0 l\u00e9t \u00e1r s\u00ednar fl\u00e6\u00f0a<br \/>umhverfis gr\u00f3\u00f0urreit hans<br \/>og veitti l\u00e6kjum s\u00ednum til allra trj\u00e1a \u00e1 sl\u00e9ttlendinu.<br \/> <\/span> <span class=\"ljodatexti\"> <a name=\"5\"><span class=\"versanumer_ljod\">5<\/span><\/a>Hann var\u00f0 \u00fev\u00ed h\u00e6rri vexti<br \/>en \u00f6ll tr\u00e9n \u00e1 sl\u00e9ttunni.<br \/>Greinunum fj\u00f6lga\u00f0i,<br \/>limi\u00f0 breiddi \u00far s\u00e9r<br \/>af \u00f6llu vatninu<br \/>sem rann til hans.<br \/> <\/span> <span class=\"ljodatexti\"> <a name=\"6\"><span class=\"versanumer_ljod\">6<\/span><\/a>\u00cd greinum hans ger\u00f0u allir fuglar himins s\u00e9r hrei\u00f0ur<br \/>og undir liminu<br \/>\u00f3lu \u00f6ll d\u00fdr merkurinnar afkv\u00e6mi<br \/>og allar st\u00f3r\u00fej\u00f3\u00f0ir bjuggu \u00ed skugga \u00feess.<br \/> <\/span> <span class=\"ljodatexti\"> <a name=\"7\"><span class=\"versanumer_ljod\">7<\/span><\/a>Sedrusvi\u00f0urinn var\u00f0 mikilfenglegur og fagur <br \/>vegna hinna l\u00f6ngu greina<br \/>\u00fev\u00ed a\u00f0 r\u00f3t hans<br \/>n\u00e1\u00f0i til mikilla vatna.<br \/> <\/span> <span class=\"ljodatexti\"> <a name=\"8\"><span class=\"versanumer_ljod\">8<\/span><\/a>Enginn sedrusvi\u00f0ur l\u00edktist honum<br \/>\u00ed gar\u00f0i Gu\u00f0s,<br \/>k\u00fdprustr\u00e9\u00f0 haf\u00f0i ekki jafn miklar greinar<br \/>og lim platanvi\u00f0arins l\u00edktist ekki limi hans.<br \/>Ekkert tr\u00e9 \u00ed gar\u00f0i Gu\u00f0s<br \/>var jafn fagurt og hann.<br \/> <\/span> <span class=\"ljodatexti\"> <a name=\"9\"><span class=\"versanumer_ljod\">9<\/span><\/a>\u00c9g ger\u00f0i hann fagran<br \/>me\u00f0 s\u00ednu mikla limi.<br \/>\u00d6ll Edenstr\u00e9 \u00ed gar\u00f0i Gu\u00f0s<br \/>hlutu a\u00f0 \u00f6funda hann. <\/span> <br \/> <a name=\"10\"><span class=\"versanumer_2007\">10<\/span><\/a> \u00deess vegna segir Drottinn Gu\u00f0 svo: \u00dear sem hann var\u00f0 h\u00e1vaxinn og teyg\u00f0i kr\u00f3nu s\u00edna upp \u00e1 milli sk\u00fdjanna ger\u00f0ist hann hrokafullur vegna h\u00e6\u00f0ar sinnar. <a name=\"11\"><span class=\"versanumer_2007\">11<\/span><\/a> \u00dev\u00ed seldi \u00e9g hann hinum voldugasta lei\u00f0toga \u00fej\u00f3\u00f0anna \u00ed hendur. Hann f\u00f3r me\u00f0 hann eins og hann \u00e1tti skili\u00f0 fyrir gu\u00f0leysi sitt og \u00e9g hafna\u00f0i honum. <a name=\"12\"><span class=\"versanumer_2007\">12<\/span><\/a> Framandi menn \u00far h\u00f3pi grimmustu \u00fej\u00f3\u00f0a hjuggu hann ni\u00f0ur og fleyg\u00f0u honum \u00ed burt. Lim hans f\u00e9ll \u00e1 fj\u00f6llin og alla dali og greinar hans brotnu\u00f0u \u00ed \u00f6llum glj\u00fafrum landsins. Allar \u00fej\u00f3\u00f0ir heims fl\u00fd\u00f0u \u00far skugga hans og l\u00e9tu hann eiga sig. <a name=\"13\"><span class=\"versanumer_2007\">13<\/span><\/a> Allir fuglar himinsins bjuggu um sig \u00e1 f\u00f6llnum stofninum og \u00f6ll d\u00fdr merkurinnar komu s\u00e9r fyrir \u00ed limi hans. <a name=\"14\"><span class=\"versanumer_2007\">14<\/span><\/a> \u00deess vegna skulu engin tr\u00e9 vi\u00f0 vatni\u00f0 ver\u00f0a h\u00e1vaxin framar og teygja kr\u00f3nur s\u00ednar upp \u00e1 milli sk\u00fdjanna. Engin tr\u00e9, sem drekka vatn, skulu n\u00e1 h\u00e6\u00f0 \u00feeirra<span class=\"nedan_mal\" title=\" \u00d6nnur hugsanleg \u00fe\u00fd\u00f0ing: rei\u00f0a sig \u00e1 h\u00e6\u00f0 s\u00edna.\">[<\/span> \u00fev\u00ed a\u00f0 \u00feau ver\u00f0a \u00f6ll ofurseld dau\u00f0anum. \u00deau munu fara ni\u00f0ur til undirheimanna, til \u00feeirra manna sem grafnir hafa veri\u00f0.<br \/> <a name=\"15\"><span class=\"versanumer_2007\">15<\/span><\/a> Svo segir Drottinn Gu\u00f0: Daginn sem sedrusvi\u00f0urinn f\u00f3r ni\u00f0ur til r\u00edkis hinna dau\u00f0u l\u00e9t \u00e9g frumdj\u00fapi\u00f0 harma hann og hylja. \u00c9g h\u00e9lt aftur af kv\u00edslum \u00feess og hinum miklu v\u00f6tnum var haldi\u00f0 \u00ed skefjum. Vegna hans kl\u00e6ddi \u00e9g L\u00edbanon \u00ed sorgarb\u00faning og \u00f6ll tr\u00e9n \u00e1 sl\u00e9ttlendinu visnu\u00f0u. <a name=\"16\"><span class=\"versanumer_2007\">16<\/span><\/a> \u00c9g l\u00e9t \u00fej\u00f3\u00f0irnar n\u00f6tra vi\u00f0 dynkinn af falli hans \u00feegar \u00e9g sendi hann til r\u00edkis hinna dau\u00f0u \u00e1samt \u00feeim sem fara ni\u00f0ur \u00ed gryfjuna. En \u00ed undirheimum l\u00e9tu \u00f6ll Edenstr\u00e9 huggast, \u00e1g\u00e6tustu tr\u00e9 L\u00edbanons, \u00f6ll tr\u00e9n sem drekka vatn. <a name=\"17\"><span class=\"versanumer_2007\">17<\/span><\/a> \u00deau f\u00f3ru \u00e1samt sedrusvi\u00f0num til undirheima, til \u00feeirra sem f\u00e9llu fyrir sver\u00f0i, \u00e1samt ni\u00f0jum s\u00ednum, og bjuggu \u00e1\u00f0ur me\u00f0al \u00fej\u00f3\u00f0anna \u00ed skugga hans. <br \/> <a name=\"18\"><span class=\"versanumer_2007\">18<\/span><\/a> Hva\u00f0a Edenstr\u00e9 var\u00f0 jafna\u00f0 vi\u00f0 \u00feig a\u00f0 st\u00e6r\u00f0 og gl\u00e6sileika? \u00de\u00e9r ver\u00f0ur steypt \u00e1samt Edenstrj\u00e1num til undirheima. \u00de\u00fa munt liggja innan um \u00f3umskorna og vopnbitna.<br \/>\u00deannig fer fyrir fara\u00f3 og allri hans d\u00fdr\u00f0, segir Drottinn Gu\u00f0.<\/p>\n","protected":false},"excerpt":{"rendered":"<p>L\u00edfstr\u00e9\u00f0 og fara\u00f3 1 \u00c1 fyrsta degi \u00feri\u00f0ja m\u00e1na\u00f0ar \u00ed ellefta \u00e1rinu kom or\u00f0 Drottins til m\u00edn: 2 Mannssonur, seg\u00f0u vi\u00f0 fara\u00f3, konung Egyptalands, og fylgdarli\u00f0 hans: Hverjum l\u00edkist \u00fe\u00fa \u00ed veldi \u00fe\u00ednu? 3Mikill mei\u00f0ur, sedrusvi\u00f0ur, \u00f3x \u00e1 L\u00edbanon.Fagrar greinar ger\u00f0u sk\u00f3ginn skuggs\u00e6lan, stofninn \u00f3x h\u00e1tt og kr\u00f3na hansgn\u00e6f\u00f0i h\u00e1tt me\u00f0al sk\u00fdjanna. 4Vatni\u00f0 j\u00f3k v\u00f6xt hans,frumdj\u00fapi\u00f0 h\u00e6\u00f0 hans.\u00dea\u00f0 l\u00e9t \u00e1r s\u00ednar fl\u00e6\u00f0aumhverfis gr\u00f3\u00f0urreit hansog veitti l\u00e6kjum s\u00ednum til allra trj\u00e1a \u00e1 sl\u00e9ttlendinu. 5Hann var\u00f0 \u00fev\u00ed h\u00e6rri vextien \u00f6ll tr\u00e9n \u00e1 sl\u00e9ttunni.Greinunum fj\u00f6lga\u00f0i,limi\u00f0 breiddi \u00far s\u00e9raf \u00f6llu vatninusem rann til hans. 6\u00cd greinum hans ger\u00f0u allir fuglar himins s\u00e9r hrei\u00f0urog undir <a href=\"https:\/\/biblian.is\/biblian\/esekiel-31-kafli\/\"> [&#8230;]<\/a><\/p>\n","protected":false},"author":1,"featured_media":0,"parent":0,"menu_order":0,"comment_status":"open","ping_status":"open","template":"bibliukaflar_NT.php","meta":{"footnotes":""},"class_list":["post-2450","page","type-page","status-publish","hentry"],"_links":{"self":[{"href":"https:\/\/biblian.is\/biblian\/wp-json\/wp\/v2\/pages\/2450","targetHints":{"allow":["GET"]}}],"collection":[{"href":"https:\/\/biblian.is\/biblian\/wp-json\/wp\/v2\/pages"}],"about":[{"href":"https:\/\/biblian.is\/biblian\/wp-json\/wp\/v2\/types\/page"}],"author":[{"embeddable":true,"href":"https:\/\/biblian.is\/biblian\/wp-json\/wp\/v2\/users\/1"}],"replies":[{"embeddable":true,"href":"https:\/\/biblian.is\/biblian\/wp-json\/wp\/v2\/comments?post=2450"}],"version-history":[{"count":0,"href":"https:\/\/biblian.is\/biblian\/wp-json\/wp\/v2\/pages\/2450\/revisions"}],"wp:attachment":[{"href":"https:\/\/biblian.is\/biblian\/wp-json\/wp\/v2\/media?parent=2450"}],"curies":[{"name":"wp","href":"https:\/\/api.w.org\/{rel}","templated":true}]}}