{"id":2449,"date":"2017-12-30T21:03:13","date_gmt":"2017-12-30T21:03:13","guid":{"rendered":"http:\/\/biblian.is\/biblian\/esek%c2%92el-30-kafli\/"},"modified":"2024-07-03T22:14:11","modified_gmt":"2024-07-03T22:14:11","slug":"esekiel-30-kafli","status":"publish","type":"page","link":"https:\/\/biblian.is\/biblian\/esekiel-30-kafli\/","title":{"rendered":"Esek\u00edel 30. kafli"},"content":{"rendered":"<h3 class=\"millifyrirsogn_2007\"> D\u00f3mur Drottins yfir Egyptalandi<\/h3>\n<p><a name=\"1\"><span class=\"versanumer_2007\">1<\/span><\/a> Or\u00f0 Drottins kom til m\u00edn:<br \/> <span class=\"ljodatexti\"> <a name=\"2\"><span class=\"versanumer_ljod\">2<\/span><\/a>Mannssonur, sp\u00e1 \u00fe\u00fa og seg: Svo segir Drottinn Gu\u00f0:<br \/>Gr\u00e1ti\u00f0 og kveini\u00f0 yfir \u00feessum degi.<br \/> <\/span> <span class=\"ljodatexti\"> <a name=\"3\"><span class=\"versanumer_ljod\">3<\/span><\/a>\u00dev\u00ed a\u00f0 dagurinn er \u00ed n\u00e1nd,<br \/>dagur Drottins er \u00ed n\u00e1nd,<br \/>dagur dimmra sk\u00fdja.<br \/>Hann ver\u00f0ur endad\u00e6gur \u00fej\u00f3\u00f0anna.<br \/> <\/span> <span class=\"ljodatexti\"> <a name=\"4\"><span class=\"versanumer_ljod\">4<\/span><\/a>Sver\u00f0 kemur gegn Egyptalandi<br \/>og K\u00fas tekur a\u00f0 n\u00f6tra<br \/>\u00feegar hinir vegnu falla \u00ed Egyptalandi<br \/>og fj\u00e1rsj\u00f3\u00f0ir landsins ver\u00f0a teknir<br \/>og grunnm\u00farar \u00feess jafna\u00f0ir vi\u00f0 j\u00f6r\u00f0u.<br \/> <\/span> <span class=\"ljodatexti\"> <a name=\"5\"><span class=\"versanumer_ljod\">5<\/span><\/a>F\u00f3lki\u00f0 fr\u00e1 K\u00fas, P\u00fat og L\u00fad,<br \/>hinar \u00f3l\u00edkustu \u00fej\u00f3\u00f0ir, f\u00f3lk fr\u00e1 K\u00fata <br \/>og f\u00f3lk fr\u00e1 landinu, sem \u00e9g ger\u00f0i s\u00e1ttm\u00e1la vi\u00f0,<br \/>mun falla fyrir sver\u00f0inu \u00e1samt \u00feeim.<br \/> <\/span> <span class=\"ljodatexti\"> <a name=\"6\"><span class=\"versanumer_ljod\">6<\/span><\/a>Svo segir Drottinn:<br \/>\u00deeir sem sty\u00f0ja Egypta munu falla,<br \/>hi\u00f0 mikill\u00e1ta veldi \u00feeirra mun hrapa.<br \/>Fr\u00e1 Migd\u00f3l til S\u00fdene<br \/>munu \u00feeir falla fyrir sver\u00f0i,<br \/>segir Drottinn Gu\u00f0.<br \/> <\/span> <span class=\"ljodatexti\"> <a name=\"7\"><span class=\"versanumer_ljod\">7<\/span><\/a>Egyptaland ver\u00f0ur au\u00f0n<br \/>me\u00f0al annarra eyddra landa<br \/>og borgir \u00feess ver\u00f0a me\u00f0al borga \u00ed r\u00fastum.<br \/> <\/span> <span class=\"ljodatexti\"> <a name=\"8\"><span class=\"versanumer_ljod\">8<\/span><\/a>\u00deeir munu skilja a\u00f0 \u00e9g er Drottinn<br \/>\u00feegar \u00e9g legg eld a\u00f0 Egyptalandi<br \/>og allir stu\u00f0ningsmenn \u00feess farast.<br \/> <\/span> <span class=\"ljodatexti\"> <a name=\"9\"><span class=\"versanumer_ljod\">9<\/span><\/a>\u00c1 \u00feeim degi munu bo\u00f0berar m\u00ednir halda af sta\u00f0 \u00e1 skipum<br \/>til a\u00f0 skelfa hina \u00e1hyggjulausu \u00edb\u00faa \u00ed K\u00fas.<br \/>\u00deeir ver\u00f0a gripnir skj\u00e1lfta \u00e1 degi Egyptalands,<br \/>\u00fev\u00ed a\u00f0 hann mun koma.<br \/> <\/span> <span class=\"ljodatexti\"> <a name=\"10\"><span class=\"versanumer_ljod\">10<\/span><\/a>Svo segir Drottinn Gu\u00f0:<br \/>\u00c9g mun gera d\u00fdr\u00f0 <span class=\"nedan_mal\" title=\" \u00d6nnur hugsanleg \u00fe\u00fd\u00f0ing: mannmerg\u00f0.\">[<\/span> Egyptalands l\u00fd\u00f0a a\u00f0 engu<br \/>me\u00f0 hendi Neb\u00fakadresars,<br \/>konungs \u00ed Bab\u00fdlon.<br \/> <\/span> <span class=\"ljodatexti\"> <a name=\"11\"><span class=\"versanumer_ljod\">11<\/span><\/a>Hann og her hans,<br \/>hinar grimmustu \u00fej\u00f3\u00f0ir,<br \/>ver\u00f0a s\u00f3ttir til a\u00f0 ey\u00f0a landi\u00f0.<br \/>\u00deeir munu draga sver\u00f0 \u00far sl\u00ed\u00f0rum gegn Egyptalandi<br \/>og fylla landi\u00f0 vegnum m\u00f6nnum.<br \/> <\/span> <span class=\"ljodatexti\"> <a name=\"12\"><span class=\"versanumer_ljod\">12<\/span><\/a>\u00c9g mun \u00feurrka upp kv\u00edslar N\u00edlar<br \/>og selja landi\u00f0 illmennum \u00ed hendur.<br \/>\u00c9g mun gerey\u00f0a landi\u00f0 og allt, sem \u00fear er,<br \/>me\u00f0 h\u00f6ndum erlendra manna.<br \/>\u00c9g, Drottinn, hef tala\u00f0.<br \/> <\/span> <span class=\"ljodatexti\"> <a name=\"13\"><span class=\"versanumer_ljod\">13<\/span><\/a>Svo segir Drottinn Gu\u00f0:<br \/>\u00c9g mun ey\u00f0a skur\u00f0go\u00f0unum,<br \/>l\u00e1ta gu\u00f0ina \u00ed N\u00f3f <span class=\"nedan_mal\" title=\" \u00de.e. Memfis.\">[<\/span> l\u00ed\u00f0a undir lok.<br \/>Br\u00e1tt ver\u00f0ur enginn \u00fej\u00f3\u00f0h\u00f6f\u00f0ingi \u00ed Egyptalandi.<br \/>\u00c9g mun senda \u00f3tta yfir Egyptaland.<br \/> <\/span> <span class=\"ljodatexti\"> <a name=\"14\"><span class=\"versanumer_ljod\">14<\/span><\/a>\u00c9g mun ey\u00f0a Patr\u00f3s,<br \/>leggja eld a\u00f0 S\u00f3an,<br \/>fulln\u00e6gja refsid\u00f3mum \u00e1 N\u00f3.<br \/> <\/span> <span class=\"ljodatexti\"> <a name=\"15\"><span class=\"versanumer_ljod\">15<\/span><\/a>\u00c9g mun hella heift minni yfir S\u00edn,<br \/>virki Egyptalands,<br \/>og ey\u00f0a d\u00fdr\u00f0inni \u00ed N\u00f3.<br \/> <\/span> <span class=\"ljodatexti\"> <a name=\"16\"><span class=\"versanumer_ljod\">16<\/span><\/a>\u00c9g mun leggja eld a\u00f0 Egyptalandi,<br \/>S\u00edn mun engjast sundur og saman.<br \/>\u00deeir munu brj\u00f3ta s\u00e9r lei\u00f0 inn \u00ed N\u00f3<br \/>og fjandmenn r\u00e1\u00f0ast \u00e1 N\u00f3 um h\u00e1bjartan dag.<br \/> <\/span> <span class=\"ljodatexti\"> <a name=\"17\"><span class=\"versanumer_ljod\">17<\/span><\/a>Ungmenni fr\u00e1 \u00d3n og P\u00edbeset munu<br \/>falla fyrir sver\u00f0inu<br \/>og \u00edb\u00faarnir munu reknir \u00ed \u00fatleg\u00f0.<br \/> <\/span> <span class=\"ljodatexti\"> <a name=\"18\"><span class=\"versanumer_ljod\">18<\/span><\/a>\u00cd Takpankes ver\u00f0ur dagurinn dimmur<br \/>\u00feegar \u00e9g br\u00fdt \u00fear veldissprota Egyptalands,<br \/>\u00fe\u00e1 mun hi\u00f0 mikill\u00e1ta veldi \u00feess l\u00ed\u00f0a undir lok,<br \/>sk\u00fdja\u00feykkni mun hylja landi\u00f0<br \/>og d\u00e6tur \u00feess fara \u00ed \u00fatleg\u00f0.<br \/> <\/span> <span class=\"ljodatexti\"> <a name=\"19\"><span class=\"versanumer_ljod\">19<\/span><\/a>\u00deannig fulln\u00e6gi \u00e9g refsid\u00f3mnum yfir Egyptalandi,<br \/>\u00fe\u00e1 munu \u00feeir skilja a\u00f0 \u00e9g er Drottinn. <\/span> <br \/> <a name=\"20\"><span class=\"versanumer_2007\">20<\/span><\/a> \u00c1 sj\u00f6unda degi fyrsta m\u00e1na\u00f0ar ellefta \u00e1rsins kom or\u00f0 Drottins til m\u00edn: <a name=\"21\"><span class=\"versanumer_2007\">21<\/span><\/a> Mannssonur, \u00e9g hef broti\u00f0 handlegg<span class=\"nedan_mal\" title=\" Handleggur merkir afl, vald. \">[<\/span> fara\u00f3s, konungs \u00ed Egyptalandi. Hvorki ver\u00f0ur bundi\u00f0 um hann n\u00e9 hann vafinn umb\u00fa\u00f0um til a\u00f0 gr\u00e6\u00f0a hann og styrkja svo a\u00f0 hann geti aftur gripi\u00f0 til sver\u00f0sins. <a name=\"22\"><span class=\"versanumer_2007\">22<\/span><\/a> \u00deess vegna segir Drottinn Gu\u00f0 svo: N\u00fa held \u00e9g gegn fara\u00f3, konungi Egyptalands: \u00c9g mun brj\u00f3ta b\u00e1\u00f0a handleggi hans, b\u00e6\u00f0i \u00feann heila og hinn brotna, og sl\u00e1 sver\u00f0i\u00f0 \u00far hendi hans. <a name=\"23\"><span class=\"versanumer_2007\">23<\/span><\/a> \u00c9g mun tv\u00edstra Egyptum \u00e1 me\u00f0al \u00fej\u00f3\u00f0anna og dreifa \u00feeim um l\u00f6ndin. <a name=\"24\"><span class=\"versanumer_2007\">24<\/span><\/a> \u00c9g mun styrkja handleggi konungsins \u00ed Bab\u00fdlon og f\u00e1 honum sver\u00f0 mitt \u00ed h\u00f6nd. En handleggi fara\u00f3s mun \u00e9g brj\u00f3ta og hann mun stynja frammi fyrir konungi Bab\u00fdlonar eins og hels\u00e6r\u00f0ir menn. <a name=\"25\"><span class=\"versanumer_2007\">25<\/span><\/a> \u00c9g mun styrkja handleggi konungsins \u00ed Bab\u00fdlon en handleggir fara\u00f3s munu hanga m\u00e1ttvana. \u00deegar \u00e9g f\u00e6 konunginum \u00ed Bab\u00fdlon sver\u00f0 mitt \u00ed hendur, og hann rei\u00f0ir \u00fea\u00f0 gegn Egyptalandi, munu \u00feeir skilja a\u00f0 \u00e9g er Drottinn. <a name=\"26\"><span class=\"versanumer_2007\">26<\/span><\/a> \u00c9g mun tv\u00edstra Egyptum me\u00f0al \u00fej\u00f3\u00f0anna og dreifa \u00feeim \u00fat um l\u00f6ndin. \u00de\u00e1 munu \u00feeir skilja a\u00f0 \u00e9g er Drottinn.<\/p>\n","protected":false},"excerpt":{"rendered":"<p>D\u00f3mur Drottins yfir Egyptalandi 1 Or\u00f0 Drottins kom til m\u00edn: 2Mannssonur, sp\u00e1 \u00fe\u00fa og seg: Svo segir Drottinn Gu\u00f0:Gr\u00e1ti\u00f0 og kveini\u00f0 yfir \u00feessum degi. 3\u00dev\u00ed a\u00f0 dagurinn er \u00ed n\u00e1nd,dagur Drottins er \u00ed n\u00e1nd,dagur dimmra sk\u00fdja.Hann ver\u00f0ur endad\u00e6gur \u00fej\u00f3\u00f0anna. 4Sver\u00f0 kemur gegn Egyptalandiog K\u00fas tekur a\u00f0 n\u00f6tra\u00feegar hinir vegnu falla \u00ed Egyptalandiog fj\u00e1rsj\u00f3\u00f0ir landsins ver\u00f0a teknirog grunnm\u00farar \u00feess jafna\u00f0ir vi\u00f0 j\u00f6r\u00f0u. 5F\u00f3lki\u00f0 fr\u00e1 K\u00fas, P\u00fat og L\u00fad,hinar \u00f3l\u00edkustu \u00fej\u00f3\u00f0ir, f\u00f3lk fr\u00e1 K\u00fata og f\u00f3lk fr\u00e1 landinu, sem \u00e9g ger\u00f0i s\u00e1ttm\u00e1la vi\u00f0,mun falla fyrir sver\u00f0inu \u00e1samt \u00feeim. 6Svo segir Drottinn:\u00deeir sem sty\u00f0ja Egypta munu falla,hi\u00f0 mikill\u00e1ta veldi \u00feeirra mun hrapa.Fr\u00e1 Migd\u00f3l <a href=\"https:\/\/biblian.is\/biblian\/esekiel-30-kafli\/\"> [&#8230;]<\/a><\/p>\n","protected":false},"author":1,"featured_media":0,"parent":0,"menu_order":0,"comment_status":"open","ping_status":"open","template":"bibliukaflar_NT.php","meta":{"footnotes":""},"class_list":["post-2449","page","type-page","status-publish","hentry"],"_links":{"self":[{"href":"https:\/\/biblian.is\/biblian\/wp-json\/wp\/v2\/pages\/2449","targetHints":{"allow":["GET"]}}],"collection":[{"href":"https:\/\/biblian.is\/biblian\/wp-json\/wp\/v2\/pages"}],"about":[{"href":"https:\/\/biblian.is\/biblian\/wp-json\/wp\/v2\/types\/page"}],"author":[{"embeddable":true,"href":"https:\/\/biblian.is\/biblian\/wp-json\/wp\/v2\/users\/1"}],"replies":[{"embeddable":true,"href":"https:\/\/biblian.is\/biblian\/wp-json\/wp\/v2\/comments?post=2449"}],"version-history":[{"count":0,"href":"https:\/\/biblian.is\/biblian\/wp-json\/wp\/v2\/pages\/2449\/revisions"}],"wp:attachment":[{"href":"https:\/\/biblian.is\/biblian\/wp-json\/wp\/v2\/media?parent=2449"}],"curies":[{"name":"wp","href":"https:\/\/api.w.org\/{rel}","templated":true}]}}