{"id":2448,"date":"2017-12-30T21:03:13","date_gmt":"2017-12-30T21:03:13","guid":{"rendered":"http:\/\/biblian.is\/biblian\/esek%c2%92el-29-kafli\/"},"modified":"2024-07-03T22:14:10","modified_gmt":"2024-07-03T22:14:10","slug":"esekiel-29-kafli","status":"publish","type":"page","link":"https:\/\/biblian.is\/biblian\/esekiel-29-kafli\/","title":{"rendered":"Esek\u00edel 29. kafli"},"content":{"rendered":"<h3 class=\"millifyrirsogn_2007\"> Gegn fara\u00f3<\/h3>\n<p><a name=\"1\"><span class=\"versanumer_2007\">1<\/span><\/a> \u00c1 t\u00f3lfta degi t\u00edunda m\u00e1na\u00f0ar \u00e1 t\u00edunda \u00e1rinu kom or\u00f0 Drottins til m\u00edn: <a name=\"2\"><span class=\"versanumer_2007\">2<\/span><\/a> Mannssonur, sn\u00fa\u00f0u \u00fe\u00e9r a\u00f0 fara\u00f3, konungi Egyptalands, og sp\u00e1\u00f0u gegn honum og \u00f6llu Egyptalandi. <a name=\"3\"><span class=\"versanumer_2007\">3<\/span><\/a> Seg\u00f0u: Svo segir Drottinn Gu\u00f0:<br \/> <span class=\"ljodatexti\"> N\u00fa held \u00e9g gegn \u00fe\u00e9r, fara\u00f3,<br \/>konungur Egyptalands,<br \/>\u00fe\u00fa mikli kr\u00f3k\u00f3d\u00edll<br \/>sem liggur milli kv\u00edsla N\u00edlar<br \/>og segir: \u201e\u00c9g \u00e1 kv\u00edslar N\u00edlar<br \/>og bj\u00f3 \u00fe\u00e6r til.\u201c<br \/> <\/span> <span class=\"ljodatexti\"> <a name=\"4\"><span class=\"versanumer_ljod\">4<\/span><\/a>\u00c9g set kr\u00f3ka \u00ed kj\u00e1lka \u00fe\u00edna, <br \/>l\u00e6t fiskana \u00ed flj\u00f3tinu lo\u00f0a vi\u00f0 hreistri\u00f0 \u00e1 \u00fe\u00e9r,<br \/>dreg \u00feig upp \u00far flj\u00f3tskv\u00edslum \u00fe\u00ednum<br \/>\u00e1samt \u00f6llum fiskunum \u00ed N\u00edl<br \/>sem lo\u00f0a vi\u00f0 hreistur \u00feitt.<br \/> <\/span> <span class=\"ljodatexti\"> <a name=\"5\"><span class=\"versanumer_ljod\">5<\/span><\/a>S\u00ed\u00f0an varpa \u00e9g \u00fe\u00e9r \u00fat \u00ed ey\u00f0im\u00f6rkina<br \/>\u00e1samt \u00f6llum fiskunum \u00far kv\u00edslum \u00fe\u00ednum.<br \/>\u00de\u00fa munt liggja \u00fati \u00e1 v\u00ed\u00f0avangi<br \/>og ver\u00f0ur hvorki tekinn upp n\u00e9 grafinn.<br \/>\u00c9g mun gefa \u00feig d\u00fdrum merkurinnar og fuglum himinsins a\u00f0 \u00e6ti<br \/> <\/span> <span class=\"ljodatexti\"> <a name=\"6\"><span class=\"versanumer_ljod\">6<\/span><\/a>og allir \u00edb\u00faar Egyptalands<br \/>munu skilja a\u00f0 \u00e9g er Drottinn.<br \/>\u00de\u00fa reyndist \u00cdsraelsm\u00f6nnum reyrstafur.<br \/> <\/span> <span class=\"ljodatexti\"> <a name=\"7\"><span class=\"versanumer_ljod\">7<\/span><\/a>\u00deegar \u00feeir gripu um \u00feig hr\u00f6kkst \u00fe\u00fa \u00ed sundur<br \/>og flei\u00f0ra\u00f0ir alla h\u00f6nd \u00feeirra<br \/>og \u00feegar \u00feeir studdust vi\u00f0 \u00feig brotna\u00f0ir \u00fe\u00fa<br \/>og \u00feeir kiknu\u00f0u allir \u00ed mj\u00f6\u00f0mum.<br \/> <\/span> <span class=\"ljodatexti\"> <a name=\"8\"><span class=\"versanumer_ljod\">8<\/span><\/a>\u00deess vegna segir Drottinn Gu\u00f0: <br \/>\u00c9g sendi sver\u00f0 gegn \u00fe\u00e9r <br \/>og tort\u00edmi m\u00f6nnum og skepnum. <br \/> <\/span> <span class=\"ljodatexti\"> <a name=\"9\"><span class=\"versanumer_ljod\">9<\/span><\/a>Egyptaland skal ver\u00f0a ey\u00f0im\u00f6rk og r\u00fastahaugur. <br \/>\u00de\u00e1 munu \u00feeir skilja a\u00f0 \u00e9g er Drottinn.<br \/>\u00de\u00fa hefur sagt: \u201e\u00c9g \u00e1 N\u00edl,<br \/>\u00e9g bj\u00f3 flj\u00f3ti\u00f0 til.\u201c <\/span> <br \/> <a name=\"10\"><span class=\"versanumer_2007\">10<\/span><\/a> \u00deess vegna held \u00e9g n\u00fa gegn \u00fe\u00e9r og kv\u00edslum \u00fe\u00ednum og geri Egyptaland a\u00f0 r\u00fastum og ey\u00f0im\u00f6rk fr\u00e1 Migd\u00f3l til S\u00fdene og a\u00f0 landam\u00e6rum K\u00fass. <a name=\"11\"><span class=\"versanumer_2007\">11<\/span><\/a> Hvorki ma\u00f0ur n\u00e9 d\u00fdr munu st\u00edga \u00fear f\u00e6ti n\u00e9 fara \u00fear um og \u00fea\u00f0 ver\u00f0ur \u00f3byggt \u00ed fj\u00f6rut\u00edu \u00e1r. <a name=\"12\"><span class=\"versanumer_2007\">12<\/span><\/a> \u00c9g geri Egyptaland a\u00f0 ey\u00f0im\u00f6rk innan um \u00f6nnur eydd l\u00f6nd og borgir landsins skulu liggja \u00ed ey\u00f0i \u00ed fj\u00f6rut\u00edu \u00e1r eins og a\u00f0rar borgir \u00ed r\u00fastum. \u00c9g mun tv\u00edstra Egyptum \u00e1 me\u00f0al framandi \u00fej\u00f3\u00f0a og dreifa \u00feeim um l\u00f6ndin.<br \/> <a name=\"13\"><span class=\"versanumer_2007\">13<\/span><\/a> Enn fremur segir Drottinn Gu\u00f0 svo: \u00deegar fj\u00f6rut\u00edu \u00e1r eru li\u00f0in mun \u00e9g safna Egyptum saman fr\u00e1 \u00fej\u00f3\u00f0unum sem \u00feeim var dreift \u00e1 me\u00f0al. <a name=\"14\"><span class=\"versanumer_2007\">14<\/span><\/a> \u00de\u00e1 mun \u00e9g gerbreyta h\u00f6gum Egypta og flytja \u00fe\u00e1 aftur til Patr\u00f3sh\u00e9ra\u00f0s, en \u00fea\u00f0an eru \u00feeir. \u00dear munu \u00feeir mynda l\u00edtilfj\u00f6rlegt r\u00edki, <a name=\"15\"><span class=\"versanumer_2007\">15<\/span><\/a> l\u00edtilfj\u00f6rlegra en \u00f6nnur konungsr\u00edki. \u00dea\u00f0 mun ekki framar hefja sig yfir a\u00f0rar \u00fej\u00f3\u00f0ir. \u00c9g mun gera \u00fe\u00e1 of f\u00e1a til a\u00f0 drottna yfir \u00f6\u00f0rum \u00fej\u00f3\u00f0um. <a name=\"16\"><span class=\"versanumer_2007\">16<\/span><\/a> \u00cdsraelsmenn munu ekki treysta Egyptum framar og ekki minna mig oftar \u00e1 sekt s\u00edna me\u00f0 \u00fev\u00ed a\u00f0 fylgja \u00feeim. \u00de\u00e1 skulu \u00feeir skilja a\u00f0 \u00e9g er Drottinn Gu\u00f0.<\/p>\n<h3 class=\"millifyrirsogn_2007\">Sigur Neb\u00fakadresars \u00e1 Egyptum<\/h3>\n<p><a name=\"17\"><span class=\"versanumer_2007\">17<\/span><\/a> \u00c1 fyrsta degi fyrsta m\u00e1na\u00f0arins \u00e1 tuttugasta og sj\u00f6unda \u00e1rinu kom or\u00f0 Drottins til m\u00edn: <a name=\"18\"><span class=\"versanumer_2007\">18<\/span><\/a> Mannssonur, Neb\u00fakadresar, konungur \u00ed Bab\u00fdlon, hefur l\u00e1ti\u00f0 her sinn vinna st\u00f3rvirki \u00e1 T\u00fdrus. Hvert h\u00f6fu\u00f0 var\u00f0 sk\u00f6ll\u00f3tt og hver \u00f6xl var\u00f0 slitin. En hvorki hann n\u00e9 her hans hlutu nein laun fr\u00e1 T\u00fdrus fyrir verki\u00f0 sem \u00feeir unnu gegn henni. <br \/> <a name=\"19\"><span class=\"versanumer_2007\">19<\/span><\/a> \u00deess vegna segir Drottinn Gu\u00f0 svo: H\u00e9r me\u00f0 gef \u00e9g Neb\u00fakadresari, konungi \u00ed Bab\u00fdlon, Egyptaland. Hann mun taka me\u00f0 s\u00e9r fj\u00e1rsj\u00f3\u00f0i Egypta, r\u00e6na \u00fev\u00ed sem \u00feeir hafa r\u00e6nt og taka herfang \u00feeirra herfangi og \u00fea\u00f0 ver\u00f0a laun hers hans. <a name=\"20\"><span class=\"versanumer_2007\">20<\/span><\/a> \u00c9g hef fengi\u00f0 honum Egyptaland a\u00f0 launum fyrir erfi\u00f0i\u00f0 sem hann lag\u00f0i \u00e1 sig fyrir mig, segir Drottinn Gu\u00f0. <a name=\"21\"><span class=\"versanumer_2007\">21<\/span><\/a> \u00c1 \u00feeim degi l\u00e6t \u00e9g \u00cdsraelsm\u00f6nnum vaxa horn<span class=\"nedan_mal\" title=\" Horn er t\u00e1kn um styrkleika.\">[<\/span> og \u00e9g mun lj\u00faka upp munni \u00fe\u00ednum me\u00f0al \u00feeirra. \u00de\u00e1 munu \u00feeir skilja a\u00f0 \u00e9g er Drottinn.<\/p>\n","protected":false},"excerpt":{"rendered":"<p>Gegn fara\u00f3 1 \u00c1 t\u00f3lfta degi t\u00edunda m\u00e1na\u00f0ar \u00e1 t\u00edunda \u00e1rinu kom or\u00f0 Drottins til m\u00edn: 2 Mannssonur, sn\u00fa\u00f0u \u00fe\u00e9r a\u00f0 fara\u00f3, konungi Egyptalands, og sp\u00e1\u00f0u gegn honum og \u00f6llu Egyptalandi. 3 Seg\u00f0u: Svo segir Drottinn Gu\u00f0: N\u00fa held \u00e9g gegn \u00fe\u00e9r, fara\u00f3,konungur Egyptalands,\u00fe\u00fa mikli kr\u00f3k\u00f3d\u00edllsem liggur milli kv\u00edsla N\u00edlarog segir: \u201e\u00c9g \u00e1 kv\u00edslar N\u00edlarog bj\u00f3 \u00fe\u00e6r til.\u201c 4\u00c9g set kr\u00f3ka \u00ed kj\u00e1lka \u00fe\u00edna, l\u00e6t fiskana \u00ed flj\u00f3tinu lo\u00f0a vi\u00f0 hreistri\u00f0 \u00e1 \u00fe\u00e9r,dreg \u00feig upp \u00far flj\u00f3tskv\u00edslum \u00fe\u00ednum\u00e1samt \u00f6llum fiskunum \u00ed N\u00edlsem lo\u00f0a vi\u00f0 hreistur \u00feitt. 5S\u00ed\u00f0an varpa \u00e9g \u00fe\u00e9r \u00fat \u00ed ey\u00f0im\u00f6rkina\u00e1samt \u00f6llum fiskunum \u00far kv\u00edslum \u00fe\u00ednum.\u00de\u00fa munt liggja <a href=\"https:\/\/biblian.is\/biblian\/esekiel-29-kafli\/\"> [&#8230;]<\/a><\/p>\n","protected":false},"author":1,"featured_media":0,"parent":0,"menu_order":0,"comment_status":"open","ping_status":"open","template":"bibliukaflar_NT.php","meta":{"footnotes":""},"class_list":["post-2448","page","type-page","status-publish","hentry"],"_links":{"self":[{"href":"https:\/\/biblian.is\/biblian\/wp-json\/wp\/v2\/pages\/2448","targetHints":{"allow":["GET"]}}],"collection":[{"href":"https:\/\/biblian.is\/biblian\/wp-json\/wp\/v2\/pages"}],"about":[{"href":"https:\/\/biblian.is\/biblian\/wp-json\/wp\/v2\/types\/page"}],"author":[{"embeddable":true,"href":"https:\/\/biblian.is\/biblian\/wp-json\/wp\/v2\/users\/1"}],"replies":[{"embeddable":true,"href":"https:\/\/biblian.is\/biblian\/wp-json\/wp\/v2\/comments?post=2448"}],"version-history":[{"count":0,"href":"https:\/\/biblian.is\/biblian\/wp-json\/wp\/v2\/pages\/2448\/revisions"}],"wp:attachment":[{"href":"https:\/\/biblian.is\/biblian\/wp-json\/wp\/v2\/media?parent=2448"}],"curies":[{"name":"wp","href":"https:\/\/api.w.org\/{rel}","templated":true}]}}