{"id":2447,"date":"2017-12-30T21:03:13","date_gmt":"2017-12-30T21:03:13","guid":{"rendered":"http:\/\/biblian.is\/biblian\/esek%c2%92el-28-kafli\/"},"modified":"2024-07-03T22:14:10","modified_gmt":"2024-07-03T22:14:10","slug":"esekiel-28-kafli","status":"publish","type":"page","link":"https:\/\/biblian.is\/biblian\/esekiel-28-kafli\/","title":{"rendered":"Esek\u00edel 28. kafli"},"content":{"rendered":"<h3 class=\"millifyrirsogn_2007\"> Gegn h\u00f6f\u00f0ingja T\u00fdrusar<\/h3>\n<p><a name=\"1\"><span class=\"versanumer_2007\">1<\/span><\/a> Or\u00f0 Drottins kom til m\u00edn: <a name=\"2\"><span class=\"versanumer_2007\">2<\/span><\/a> Mannssonur, seg\u00f0u \u00feetta vi\u00f0 h\u00f6f\u00f0ingja T\u00fdrusar: Svo segir Drottinn Gu\u00f0: Hjarta \u00feitt var\u00f0 svo hrokafullt a\u00f0 \u00fe\u00fa sag\u00f0ir: \u201e\u00c9g er Gu\u00f0. \u00c9g b\u00fd \u00ed b\u00fasta\u00f0 gu\u00f0a \u00ed mi\u00f0ju hafi.\u201c En \u00fe\u00fa ert ma\u00f0ur en ekki gu\u00f0 \u00fe\u00f3tt \u00fe\u00fa h\u00e9ldir a\u00f0 \u00fe\u00fa l\u00edktist gu\u00f0i. <br \/> <span class=\"ljodatexti\"> <a name=\"3\"><span class=\"versanumer_ljod\">3<\/span><\/a>V\u00edst ertu vitrari en Dan\u00edel,<br \/>enginn leyndard\u00f3mur er \u00fe\u00e9r hulinn.<br \/> <\/span> <span class=\"ljodatexti\"> <a name=\"4\"><span class=\"versanumer_ljod\">4<\/span><\/a>\u00de\u00fa afla\u00f0ir au\u00f0s me\u00f0 visku og skilningi,<br \/>dr\u00f3st saman gull og silfur \u00ed fj\u00e1rhirslu \u00fe\u00edna.<br \/> <\/span> <span class=\"ljodatexti\"> <a name=\"5\"><span class=\"versanumer_ljod\">5<\/span><\/a>Me\u00f0 mikilli \u00feekkingu og verslun<br \/>j\u00f3kstu au\u00f0\u00e6fi \u00fe\u00edn<br \/>og hjarta \u00feitt var\u00f0 \u00fe\u00f3ttafullt vegna au\u00f0s \u00fe\u00edns.<br \/> <\/span> <span class=\"ljodatexti\"> <a name=\"6\"><span class=\"versanumer_ljod\">6<\/span><\/a>\u00deess vegna segir Drottinn Gu\u00f0 svo:<br \/>\u00dear sem \u00fe\u00fa heldur \u00ed hjarta \u00fe\u00ednu a\u00f0 \u00fe\u00fa s\u00e9rt Gu\u00f0i l\u00edkur<br \/> <\/span> <span class=\"ljodatexti\"> <a name=\"7\"><span class=\"versanumer_ljod\">7<\/span><\/a>sendi \u00e9g framandi \u00fej\u00f3\u00f0ir gegn \u00fe\u00e9r,<br \/>grimmar \u00fej\u00f3\u00f0ir.<br \/>\u00de\u00e6r draga sver\u00f0 \u00far sl\u00ed\u00f0rum <br \/>gegn \u00feinni f\u00f6gru visku,<br \/>vanhelga lj\u00f3ma \u00feinn.<br \/> <\/span> <span class=\"ljodatexti\"> <a name=\"8\"><span class=\"versanumer_ljod\">8<\/span><\/a>\u00deeir senda \u00feig ni\u00f0ur \u00ed gryfjuna<br \/>og \u00fe\u00fa hl\u00fdtur dau\u00f0a hins vopnbitna \u00fati \u00e1 r\u00famsj\u00f3.<br \/> <\/span> <span class=\"ljodatexti\"> <a name=\"9\"><span class=\"versanumer_ljod\">9<\/span><\/a>\u00c6tlar \u00fe\u00fa enn a\u00f0 segja: \u201e\u00c9g er gu\u00f0,\u201c<br \/>frammi fyrir \u00feeim sem svipta \u00feig l\u00edfi?<br \/>\u00de\u00fa ert ma\u00f0ur, ekki gu\u00f0,<br \/>\u00ed h\u00f6ndum \u00feeirra sem vega \u00feig.<br \/> <\/span> <span class=\"ljodatexti\"> <a name=\"10\"><span class=\"versanumer_ljod\">10<\/span><\/a>\u00de\u00fa hl\u00fdtur dau\u00f0a \u00f3umskorinna<br \/>fyrir hendi framandi manna.<br \/>\u00c9g hef tala\u00f0, segir Drottinn Gu\u00f0. <\/span> <\/p>\n<h3 class=\"millifyrirsogn_2007\">Harmlj\u00f3\u00f0 um konunginn \u00ed T\u00fdrus<\/h3>\n<p><a name=\"11\"><span class=\"versanumer_2007\">11<\/span><\/a> Or\u00f0 Drottins kom til m\u00edn:<br \/> <a name=\"12\"><span class=\"versanumer_2007\">12<\/span><\/a> Mannssonur, flyttu harmlj\u00f3\u00f0 um konunginn \u00ed T\u00fdrus og seg\u00f0u vi\u00f0 hann: Svo segir Drottinn Gu\u00f0:<br \/> <span class=\"ljodatexti\"> \u00de\u00fa varst fullkomleikinn sj\u00e1lfur,<br \/>fullur visku og fullkominn a\u00f0 fegur\u00f0.<br \/> <\/span> <span class=\"ljodatexti\"> <a name=\"13\"><span class=\"versanumer_ljod\">13<\/span><\/a>\u00de\u00fa varst \u00ed Eden, gar\u00f0i Gu\u00f0s,<br \/>\u00feakinn alls kyns d\u00fdrum steinum:<br \/>r\u00fab\u00edn, t\u00f3pas og jaspis,<br \/>kr\u00fdsol\u00edt, karneol og \u00f3nyx,<br \/>lap\u00eds, granat og smarag\u00f0,<br \/>og skart \u00far gulli, hamra\u00f0 og grafi\u00f0,<br \/>var eign \u00fe\u00edn,<br \/>sett \u00e1 \u00feig daginn sem \u00fe\u00fa varst skapa\u00f0ur.<br \/> <\/span> <span class=\"ljodatexti\"> <a name=\"14\"><span class=\"versanumer_ljod\">14<\/span><\/a>\u00c9g ger\u00f0i \u00feig verndarker\u00fab, <br \/>\u00fe\u00fa varst \u00e1 heil\u00f6gu fjalli gu\u00f0anna,<br \/>gekkst innan um gl\u00f3andi steina.<br \/> <\/span> <span class=\"ljodatexti\"> <a name=\"15\"><span class=\"versanumer_ljod\">15<\/span><\/a>Breytni \u00fe\u00edn var flekklaus <br \/>fr\u00e1 sk\u00f6punardegi \u00fe\u00ednum<br \/>\u00fear til misgj\u00f6r\u00f0 fannst hj\u00e1 \u00fe\u00e9r.<br \/> <\/span> <span class=\"ljodatexti\"> <a name=\"16\"><span class=\"versanumer_ljod\">16<\/span><\/a>Vegna verslunarumsvifa \u00feinna<br \/>fylltist \u00fe\u00fa ofr\u00edki<br \/>svo a\u00f0 \u00fe\u00fa syndga\u00f0ir.<br \/>\u00de\u00e1 rak \u00e9g \u00feig, <br \/>hinn verndandi ker\u00fab,<br \/>og rak \u00feig af gu\u00f0afjalli,<br \/>burt fr\u00e1 hinum gl\u00f3andi steinum.<br \/> <\/span> <span class=\"ljodatexti\"> <a name=\"17\"><span class=\"versanumer_ljod\">17<\/span><\/a>En fegur\u00f0 \u00fe\u00edn fyllti \u00feig hroka<br \/>og \u00fe\u00fa spilltir visku \u00feinni<br \/>vegna lj\u00f3ma \u00fe\u00edns.<br \/>\u00c9g fleyg\u00f0i \u00fe\u00e9r til jar\u00f0ar,<br \/>fyrir f\u00e6tur konunga,<br \/>svo a\u00f0 \u00feeir g\u00e6tu noti\u00f0 \u00feess a\u00f0 horfa \u00e1 \u00feig.<br \/> <\/span> <span class=\"ljodatexti\"> <a name=\"18\"><span class=\"versanumer_ljod\">18<\/span><\/a>\u00de\u00fa vanhelga\u00f0ir helgid\u00f3ma \u00fe\u00edna<br \/>me\u00f0 \u00feinni miklu sekt<br \/>og \u00f3hei\u00f0arlegum vi\u00f0skiptum.<br \/>\u00c9g l\u00e9t \u00fev\u00ed eld brj\u00f3tast \u00fat \u00ed \u00fe\u00e9r<br \/>sem eyddi \u00fe\u00e9r.<br \/>\u00c9g ger\u00f0i \u00feig a\u00f0 \u00f6sku \u00e1 j\u00f6r\u00f0inni<br \/>fyrir augum allra sem horf\u00f0u \u00e1 \u00feig.<br \/> <\/span> <span class=\"ljodatexti\"> <a name=\"19\"><span class=\"versanumer_ljod\">19<\/span><\/a>Allar \u00fej\u00f3\u00f0ir, sem \u00feekktu \u00feig,<br \/>hryllti vi\u00f0 \u00fe\u00e9r.<br \/>Endalok \u00fe\u00edn skelfa,<br \/>\u00fe\u00fa ert me\u00f0 \u00f6llu horfinn. <\/span> <\/p>\n<h3 class=\"millifyrirsogn_2007\">Gegn S\u00eddon<\/h3>\n<p><a name=\"20\"><span class=\"versanumer_2007\">20<\/span><\/a> Or\u00f0 Drottins kom til m\u00edn: <a name=\"21\"><span class=\"versanumer_2007\">21<\/span><\/a> Mannssonur, sn\u00fa\u00f0u \u00fe\u00e9r a\u00f0 S\u00eddon, sp\u00e1\u00f0u gegn henni <a name=\"22\"><span class=\"versanumer_2007\">22<\/span><\/a> og seg\u00f0u: Svo segir Drottinn Gu\u00f0:<br \/> <span class=\"ljodatexti\"> N\u00fa held \u00e9g gegn \u00fe\u00e9r, S\u00eddon:<br \/>\u00c9g \u00e6tla a\u00f0 birta d\u00fdr\u00f0 m\u00edna innan m\u00fara \u00feinna, <br \/>\u00edb\u00faar \u00fe\u00ednir munu skilja a\u00f0 \u00e9g er Drottinn<br \/>\u00feegar \u00e9g fulln\u00e6gi refsid\u00f3mnum yfir borginni<br \/>og birti heilagleika minn \u00ed henni.<br \/> <\/span> <span class=\"ljodatexti\"> <a name=\"23\"><span class=\"versanumer_ljod\">23<\/span><\/a> \u00c9g sendi dreps\u00f3tt gegn henni<br \/>og bl\u00f3\u00f0 \u00e1 str\u00e6ti hennar.<br \/>Vegnir falla \u00ed borginni<br \/>fyrir sver\u00f0i sem s\u00e6kir hvarvetna a\u00f0.<br \/>\u00de\u00e1 munu \u00feeir skilja a\u00f0 \u00e9g er Drottinn. <\/span> <\/p>\n<h3 class=\"millifyrirsogn_2007\">\u00cdsrael gefi\u00f0 fyrirheit<\/h3>\n<p><a name=\"24\"><span class=\"versanumer_2007\">24<\/span><\/a> \u00cdsraelsmenn skulu ekki framar n\u00edstir \u00feyrnum e\u00f0a stungnir \u00feistlum n\u00e1granna\u00fej\u00f3\u00f0anna sem h\u00e6\u00f0ast a\u00f0 \u00feeim. \u00de\u00e1 munu \u00feeir skilja a\u00f0 \u00e9g er Drottinn Gu\u00f0.<br \/> <a name=\"25\"><span class=\"versanumer_2007\">25<\/span><\/a> Svo segir Drottinn Gu\u00f0: \u00deegar \u00e9g safna \u00cdsraelsm\u00f6nnum saman fr\u00e1 \u00fej\u00f3\u00f0unum sem \u00feeim var dreift \u00e1 me\u00f0al mun \u00e9g birta heilagleika minn vegna \u00feeirra \u00ed augs\u00fdn \u00fej\u00f3\u00f0anna. \u00deeir skulu b\u00faa \u00ed landi s\u00ednu sem \u00e9g gaf Jakobi, \u00fej\u00f3ni m\u00ednum. <a name=\"26\"><span class=\"versanumer_2007\">26<\/span><\/a> \u00dear munu \u00feeir b\u00faa \u00f3hultir, byggja h\u00fas og gr\u00f3\u00f0ursetja v\u00edngar\u00f0a. \u00deeir munu vera \u00f3hultir \u00feegar \u00e9g fulln\u00e6gi refsid\u00f3mum \u00e1 \u00f6llum n\u00e1gr\u00f6nnum \u00feeirra sem hafa fyrirliti\u00f0 \u00fe\u00e1. \u00deeir munu skilja a\u00f0 \u00e9g er Drottinn, Gu\u00f0 \u00feeirra.<\/p>\n","protected":false},"excerpt":{"rendered":"<p>Gegn h\u00f6f\u00f0ingja T\u00fdrusar 1 Or\u00f0 Drottins kom til m\u00edn: 2 Mannssonur, seg\u00f0u \u00feetta vi\u00f0 h\u00f6f\u00f0ingja T\u00fdrusar: Svo segir Drottinn Gu\u00f0: Hjarta \u00feitt var\u00f0 svo hrokafullt a\u00f0 \u00fe\u00fa sag\u00f0ir: \u201e\u00c9g er Gu\u00f0. \u00c9g b\u00fd \u00ed b\u00fasta\u00f0 gu\u00f0a \u00ed mi\u00f0ju hafi.\u201c En \u00fe\u00fa ert ma\u00f0ur en ekki gu\u00f0 \u00fe\u00f3tt \u00fe\u00fa h\u00e9ldir a\u00f0 \u00fe\u00fa l\u00edktist gu\u00f0i. 3V\u00edst ertu vitrari en Dan\u00edel,enginn leyndard\u00f3mur er \u00fe\u00e9r hulinn. 4\u00de\u00fa afla\u00f0ir au\u00f0s me\u00f0 visku og skilningi,dr\u00f3st saman gull og silfur \u00ed fj\u00e1rhirslu \u00fe\u00edna. 5Me\u00f0 mikilli \u00feekkingu og verslunj\u00f3kstu au\u00f0\u00e6fi \u00fe\u00ednog hjarta \u00feitt var\u00f0 \u00fe\u00f3ttafullt vegna au\u00f0s \u00fe\u00edns. 6\u00deess vegna segir Drottinn Gu\u00f0 svo:\u00dear sem \u00fe\u00fa heldur \u00ed <a href=\"https:\/\/biblian.is\/biblian\/esekiel-28-kafli\/\"> [&#8230;]<\/a><\/p>\n","protected":false},"author":1,"featured_media":0,"parent":0,"menu_order":0,"comment_status":"open","ping_status":"open","template":"bibliukaflar_NT.php","meta":{"footnotes":""},"class_list":["post-2447","page","type-page","status-publish","hentry"],"_links":{"self":[{"href":"https:\/\/biblian.is\/biblian\/wp-json\/wp\/v2\/pages\/2447","targetHints":{"allow":["GET"]}}],"collection":[{"href":"https:\/\/biblian.is\/biblian\/wp-json\/wp\/v2\/pages"}],"about":[{"href":"https:\/\/biblian.is\/biblian\/wp-json\/wp\/v2\/types\/page"}],"author":[{"embeddable":true,"href":"https:\/\/biblian.is\/biblian\/wp-json\/wp\/v2\/users\/1"}],"replies":[{"embeddable":true,"href":"https:\/\/biblian.is\/biblian\/wp-json\/wp\/v2\/comments?post=2447"}],"version-history":[{"count":0,"href":"https:\/\/biblian.is\/biblian\/wp-json\/wp\/v2\/pages\/2447\/revisions"}],"wp:attachment":[{"href":"https:\/\/biblian.is\/biblian\/wp-json\/wp\/v2\/media?parent=2447"}],"curies":[{"name":"wp","href":"https:\/\/api.w.org\/{rel}","templated":true}]}}