{"id":2446,"date":"2017-12-30T21:03:13","date_gmt":"2017-12-30T21:03:13","guid":{"rendered":"http:\/\/biblian.is\/biblian\/esek%c2%92el-27-kafli\/"},"modified":"2024-07-03T22:14:10","modified_gmt":"2024-07-03T22:14:10","slug":"esekiel-27-kafli","status":"publish","type":"page","link":"https:\/\/biblian.is\/biblian\/esekiel-27-kafli\/","title":{"rendered":"Esek\u00edel 27. kafli"},"content":{"rendered":"<h3 class=\"millifyrirsogn_2007\"> Skipi\u00f0 T\u00fdrus ferst<\/h3>\n<p><a name=\"1\"><span class=\"versanumer_2007\">1<\/span><\/a> Or\u00f0 Drottins kom til m\u00edn: <a name=\"2\"><span class=\"versanumer_2007\">2<\/span><\/a> Mannssonur, flyttu harmlj\u00f3\u00f0 um T\u00fdrus. <a name=\"3\"><span class=\"versanumer_2007\">3<\/span><\/a> Seg\u00f0u \u00feetta vi\u00f0 T\u00fdrus, sem liggur vi\u00f0 \u00c6gisdyr, vi\u00f0 kaupkonuna sem verslar vi\u00f0 framandi \u00fej\u00f3\u00f0ir \u00e1 fjarl\u00e6gum eyjum:<br \/>Svo segir Drottinn Gu\u00f0:<br \/> <span class=\"ljodatexti\"> T\u00fdrus, \u00fe\u00fa sag\u00f0ir:<br \/>\u201eFegur\u00f0 m\u00edn er fullkomin.\u201c<br \/> <\/span> <span class=\"ljodatexti\"> <a name=\"4\"><span class=\"versanumer_ljod\">4<\/span><\/a>Land \u00feitt er \u00fati \u00ed mi\u00f0ju hafi, <span class=\"nedan_mal\" title=\" T\u00fdrusborg var bygg\u00f0 \u00e1 eyju.\">[<\/span> <br \/>\u00feeir sem reistu \u00feig<br \/>fullkomnu\u00f0u fegur\u00f0 \u00fe\u00edna.<br \/> <\/span> <span class=\"ljodatexti\"> <a name=\"5\"><span class=\"versanumer_ljod\">5<\/span><\/a>\u00dar k\u00fdprusvi\u00f0i fr\u00e1 Sen\u00edrfj\u00f6llum <br \/>voru \u00feiljur \u00fe\u00ednar ger\u00f0ar \u00e1 b\u00e6\u00f0i bor\u00f0,<br \/>sedrusvi\u00f0ur, s\u00f3ttur fr\u00e1 L\u00edbanon,<br \/>var haf\u00f0ur \u00ed sigluna.<br \/> <\/span> <span class=\"ljodatexti\"> <a name=\"6\"><span class=\"versanumer_ljod\">6<\/span><\/a>\u00dar h\u00e6stu eikum Basans <br \/>voru \u00e1rar ger\u00f0ar,<br \/>\u00feilfari\u00f0 gert \u00far f\u00edlabeini og k\u00fdprusvi\u00f0i<br \/>fr\u00e1 eyjum Kitta. <br \/> <\/span> <span class=\"ljodatexti\"> <a name=\"7\"><span class=\"versanumer_ljod\">7<\/span><\/a>Segli\u00f0 var glitofi\u00f0 l\u00edn fr\u00e1 Egyptalandi,<br \/>\u00fea\u00f0 var au\u00f0kenni \u00feitt,<br \/>s\u00f3ltj\u00f6ld \u00fe\u00edn \u00far bl\u00e1um purpura og rau\u00f0um<br \/>fr\u00e1 str\u00f6ndum El\u00edsa. <br \/> <\/span> <span class=\"ljodatexti\"> <a name=\"8\"><span class=\"versanumer_ljod\">8<\/span><\/a>H\u00f6f\u00f0ingjar fr\u00e1 S\u00eddon og Arvad<br \/>voru r\u00e6\u00f0arar \u00fe\u00ednir,<br \/>\u00fe\u00ednir h\u00e6fustu menn, T\u00fdrus, voru um bor\u00f0,<br \/>\u00feeir voru h\u00e1setar \u00fe\u00ednir.<br \/> <\/span> <span class=\"ljodatexti\"> <a name=\"9\"><span class=\"versanumer_ljod\">9<\/span><\/a>\u00d6ldungar fr\u00e1 Gebal og hagleiksmenn \u00fea\u00f0an<br \/>voru smi\u00f0ir um bor\u00f0.<br \/>\u00d6ll hafskip og \u00e1hafnir \u00feeirra komu til \u00fe\u00edn <br \/>til a\u00f0 versla vi\u00f0 \u00feig.<br \/> <\/span> <span class=\"ljodatexti\"> <a name=\"10\"><span class=\"versanumer_ljod\">10<\/span><\/a>Menn fr\u00e1 Paras, L\u00fad og P\u00fat<br \/>gegndu \u00fej\u00f3nustu \u00ed her \u00fe\u00ednum,<br \/>\u00feeir hengdu upp skj\u00f6ld og hj\u00e1lm \u00ed \u00fe\u00e9r,<br \/>\u00fea\u00f0 var pr\u00fd\u00f0i \u00fe\u00edn. <\/span> <br \/> <a name=\"11\"><span class=\"versanumer_2007\">11<\/span><\/a> Menn fr\u00e1 Arvad st\u00f3\u00f0u \u00e1 m\u00farum \u00fe\u00ednum \u00e1samt \u00fe\u00ednum eigin her og Gammadar voru \u00ed turnum \u00fe\u00ednum. \u00deeir hengdu skildi s\u00edna \u00e1 m\u00fara \u00fe\u00edna hringinn \u00ed kring og fullkomnu\u00f0u gl\u00e6sileik \u00feinn.<br \/> <a name=\"12\"><span class=\"versanumer_2007\">12<\/span><\/a> Tarsis versla\u00f0i \u00ed umbo\u00f0i \u00fe\u00ednu vegna au\u00f0s \u00fe\u00edns. Tarsismenn seldu v\u00f6rur \u00fe\u00ednar fyrir silfur, j\u00e1rn, tin og bl\u00fd. <a name=\"13\"><span class=\"versanumer_2007\">13<\/span><\/a> Javan, T\u00fabal og Mesek verslu\u00f0u \u00ed umbo\u00f0i \u00fe\u00ednu. \u00deeir l\u00e9tu \u00fer\u00e6la og eir fyrir v\u00f6rur \u00fe\u00ednar. <a name=\"14\"><span class=\"versanumer_2007\">14<\/span><\/a> Fr\u00e1 Bet T\u00f3garma voru \u00fe\u00e9r fengnir dr\u00e1ttarhestar, g\u00e6\u00f0ingar og m\u00fald\u00fdr fyrir v\u00f6rur \u00fe\u00ednar. <a name=\"15\"><span class=\"versanumer_2007\">15<\/span><\/a> R\u00f3dosb\u00faar verslu\u00f0u \u00ed umbo\u00f0i \u00fe\u00ednu. Margir \u00e1 fjarl\u00e6gum eyjum voru kaupmenn \u00ed \u00fej\u00f3nustu \u00feinni og guldu \u00fe\u00e9r \u00ed f\u00edlabeini og \u00edbenvi\u00f0i. <a name=\"16\"><span class=\"versanumer_2007\">16<\/span><\/a> Ed\u00f3m versla\u00f0i \u00ed umbo\u00f0i \u00fe\u00ednu vegna fj\u00f6lbreyttrar framlei\u00f0slu \u00feinnar. Ed\u00f3m\u00edtar seldu v\u00f6rur \u00fe\u00ednar fyrir granatsteina, rau\u00f0an purpura, glitvefna\u00f0, b\u00fdssusl\u00edn, k\u00f3ralla og r\u00fab\u00edna. <a name=\"17\"><span class=\"versanumer_2007\">17<\/span><\/a> J\u00fada og \u00cdsrael voru kaupmenn \u00fe\u00ednir og seldu hveiti fr\u00e1 Minn\u00edt, vax, hunang, ol\u00edu og balsam fyrir varning \u00feinn. <a name=\"18\"><span class=\"versanumer_2007\">18<\/span><\/a> Damaskus versla\u00f0i \u00ed umbo\u00f0i \u00fe\u00ednu me\u00f0 fj\u00f6lbreytta framlei\u00f0slu \u00fe\u00edna vegna au\u00f0s \u00fe\u00edns. Menn \u00fea\u00f0an seldu v\u00f6rur \u00fe\u00ednar fyrir v\u00edn fr\u00e1 Helb\u00f3n og ull fr\u00e1 Sahar. <a name=\"19\"><span class=\"versanumer_2007\">19<\/span><\/a> Fr\u00e1 \u00dasal f\u00e9kkstu sm\u00ed\u00f0aj\u00e1rn, kanel og reyr fyrir v\u00f6rur \u00fe\u00ednar. <a name=\"20\"><span class=\"versanumer_2007\">20<\/span><\/a> Dedan \u00e1tti vi\u00f0skipti vi\u00f0 \u00feig me\u00f0 s\u00f6\u00f0ul\u00e1kl\u00e6\u00f0i. <a name=\"21\"><span class=\"versanumer_2007\">21<\/span><\/a> Arab\u00eda og allir h\u00f6f\u00f0ingjarnir fr\u00e1 Kedar verslu\u00f0u \u00ed umbo\u00f0i \u00fe\u00ednu og greiddu \u00fe\u00e9r me\u00f0 l\u00f6mbum, hr\u00fatum og geitum. <a name=\"22\"><span class=\"versanumer_2007\">22<\/span><\/a> Menn fr\u00e1 Saba og Raema voru kaupmenn \u00fe\u00ednir og l\u00e9tu \u00farvalssmyrsl, e\u00f0alsteina og gull fyrir v\u00f6rur \u00fe\u00ednar. <a name=\"23\"><span class=\"versanumer_2007\">23<\/span><\/a> Haran, Kanne og Eden og kaupmennirnir fr\u00e1 Saba, Ass\u00fdr\u00edu og allri Med\u00edu verslu\u00f0u vi\u00f0 \u00feig. <a name=\"24\"><span class=\"versanumer_2007\">24<\/span><\/a> \u00deeir verslu\u00f0u fyrir \u00feig me\u00f0 skrautkl\u00e6\u00f0i, bl\u00e1ar purpurak\u00e1pur, glitvefna\u00f0 og \u00fe\u00e9tt fl\u00e9ttu\u00f0 reipi. <a name=\"25\"><span class=\"versanumer_2007\">25<\/span><\/a> Tarsisskip voru \u00falfaldalestir \u00fe\u00ednar og fluttu v\u00f6rur \u00fe\u00ednar. <br \/> <span class=\"ljodatexti\"> \u00de\u00fa varst fullfermd og mj\u00f6g gl\u00e6sileg<br \/>\u00fati \u00e1 r\u00famsj\u00f3.<br \/> <\/span> <span class=\"ljodatexti\"> <a name=\"26\"><span class=\"versanumer_ljod\">26<\/span><\/a> R\u00e6\u00f0arar \u00fe\u00ednir komu \u00fe\u00e9r <br \/>\u00fat \u00e1 reginhaf,<br \/>austanstormurinn braut \u00feig \u00ed sp\u00f3n<br \/>\u00fati \u00e1 r\u00famsj\u00f3. <\/span> <br \/> <a name=\"27\"><span class=\"versanumer_2007\">27<\/span><\/a> Au\u00f0ur \u00feinn, verslunarv\u00f6rur og annar varningur, h\u00e1setar \u00fe\u00ednir og st\u00fdrimenn, smi\u00f0irnir sem ger\u00f0u vi\u00f0 glufurnar og \u00feeir sem verslu\u00f0u me\u00f0 v\u00f6rur \u00fe\u00ednar, allir hermennirnir sem \u00fe\u00fa fluttir, allur mannfj\u00f6ldinn um bor\u00f0, s\u00f6kk \u00ed dj\u00fap hafsins daginn sem \u00fe\u00fa f\u00f3rst.<br \/> <span class=\"ljodatexti\"> <a name=\"28\"><span class=\"versanumer_ljod\">28<\/span><\/a> Vi\u00f0 ney\u00f0ar\u00f3p sj\u00f3manna \u00feinna<br \/>skj\u00e1lfa strendurnar.<br \/> <\/span> <span class=\"ljodatexti\"> <a name=\"29\"><span class=\"versanumer_ljod\">29<\/span><\/a> Allir sem kn\u00fdja \u00e1rar <br \/>fl\u00fdja skip sitt,<br \/>st\u00fdrimenn, allir h\u00e1setar \u00e1 hafinu<br \/>ganga \u00e1 land. <br \/> <\/span> <span class=\"ljodatexti\"> <a name=\"30\"><span class=\"versanumer_ljod\">30<\/span><\/a> \u00deeir hefja upp r\u00f6dd s\u00edna<br \/>og gr\u00e1ta beisklega,<br \/>ausa mold \u00e1 h\u00f6fu\u00f0 s\u00e9r,<br \/>velta s\u00e9r \u00e1 j\u00f6r\u00f0inni.<br \/> <\/span> <span class=\"ljodatexti\"> <a name=\"31\"><span class=\"versanumer_ljod\">31<\/span><\/a> \u00deeir raka \u00e1 sig skalla vegna \u00fe\u00edn<br \/>og gyr\u00f0ast h\u00e6rusekk,<br \/>gr\u00e1ta beisklega yfir \u00fe\u00e9r <br \/>\u00ed s\u00e1rri sorg.<br \/> <\/span> <span class=\"ljodatexti\"> <a name=\"32\"><span class=\"versanumer_ljod\">32<\/span><\/a> \u00cd sorg sinni hefja \u00feeir upp harmlj\u00f3\u00f0 um \u00feig,<br \/>flytja sorgar\u00f3\u00f0 vegna \u00fe\u00edn:<br \/>\u201eHver er sem T\u00fdrus <br \/>\u00fati \u00e1 reginhafi?\u201c<br \/> <\/span> <span class=\"ljodatexti\"> <a name=\"33\"><span class=\"versanumer_ljod\">33<\/span><\/a> \u00deegar varningur \u00feinn kom af hafi<br \/>metta\u00f0ir \u00fe\u00fa margar \u00fej\u00f3\u00f0ir.<br \/>\u00de\u00fa au\u00f0ga\u00f0ir konunga jar\u00f0arinnar<br \/>me\u00f0 au\u00f0i \u00fe\u00ednum og verslunarv\u00f6rum.<br \/> <\/span> <span class=\"ljodatexti\"> <a name=\"34\"><span class=\"versanumer_ljod\">34<\/span><\/a> N\u00fa liggur \u00fe\u00fa brotin \u00ed sp\u00f3n \u00ed sj\u00f3num,<br \/>\u00ed dj\u00fapi hafsins.<br \/>Varningur \u00feinn og allur mannafli \u00feinn<br \/>s\u00f6kk me\u00f0 \u00fe\u00e9r.<br \/> <\/span> <span class=\"ljodatexti\"> <a name=\"35\"><span class=\"versanumer_ljod\">35<\/span><\/a> Allir sem b\u00faa \u00e1 str\u00f6ndunum<br \/>skelfast yfir \u00fe\u00e9r,<br \/>h\u00e1rin r\u00edsa \u00e1 h\u00f6f\u00f0i konunganna,<br \/>andlit \u00feeirra eru afskr\u00e6md.<br \/> <\/span> <span class=\"ljodatexti\"> <a name=\"36\"><span class=\"versanumer_ljod\">36<\/span><\/a> Umbo\u00f0smenn \u00fe\u00ednir me\u00f0al \u00fej\u00f3\u00f0anna<br \/>hnussa vi\u00f0 \u00fe\u00e9r. <span class=\"nedan_mal\" title=\" Or\u00f0r\u00e9tt: bl\u00edstra \u00e1 \u00feig. \">[<\/span> <br \/>Endalok \u00fe\u00edn skelfa, <br \/>\u00fe\u00fa ert me\u00f0 \u00f6llu horfin. <\/span> <\/p>\n","protected":false},"excerpt":{"rendered":"<p>Skipi\u00f0 T\u00fdrus ferst 1 Or\u00f0 Drottins kom til m\u00edn: 2 Mannssonur, flyttu harmlj\u00f3\u00f0 um T\u00fdrus. 3 Seg\u00f0u \u00feetta vi\u00f0 T\u00fdrus, sem liggur vi\u00f0 \u00c6gisdyr, vi\u00f0 kaupkonuna sem verslar vi\u00f0 framandi \u00fej\u00f3\u00f0ir \u00e1 fjarl\u00e6gum eyjum:Svo segir Drottinn Gu\u00f0: T\u00fdrus, \u00fe\u00fa sag\u00f0ir:\u201eFegur\u00f0 m\u00edn er fullkomin.\u201c 4Land \u00feitt er \u00fati \u00ed mi\u00f0ju hafi, [ \u00feeir sem reistu \u00feigfullkomnu\u00f0u fegur\u00f0 \u00fe\u00edna. 5\u00dar k\u00fdprusvi\u00f0i fr\u00e1 Sen\u00edrfj\u00f6llum voru \u00feiljur \u00fe\u00ednar ger\u00f0ar \u00e1 b\u00e6\u00f0i bor\u00f0,sedrusvi\u00f0ur, s\u00f3ttur fr\u00e1 L\u00edbanon,var haf\u00f0ur \u00ed sigluna. 6\u00dar h\u00e6stu eikum Basans voru \u00e1rar ger\u00f0ar,\u00feilfari\u00f0 gert \u00far f\u00edlabeini og k\u00fdprusvi\u00f0ifr\u00e1 eyjum Kitta. 7Segli\u00f0 var glitofi\u00f0 l\u00edn fr\u00e1 Egyptalandi,\u00fea\u00f0 var au\u00f0kenni \u00feitt,s\u00f3ltj\u00f6ld \u00fe\u00edn \u00far bl\u00e1um <a href=\"https:\/\/biblian.is\/biblian\/esekiel-27-kafli\/\"> [&#8230;]<\/a><\/p>\n","protected":false},"author":1,"featured_media":0,"parent":0,"menu_order":0,"comment_status":"open","ping_status":"open","template":"bibliukaflar_NT.php","meta":{"footnotes":""},"class_list":["post-2446","page","type-page","status-publish","hentry"],"_links":{"self":[{"href":"https:\/\/biblian.is\/biblian\/wp-json\/wp\/v2\/pages\/2446","targetHints":{"allow":["GET"]}}],"collection":[{"href":"https:\/\/biblian.is\/biblian\/wp-json\/wp\/v2\/pages"}],"about":[{"href":"https:\/\/biblian.is\/biblian\/wp-json\/wp\/v2\/types\/page"}],"author":[{"embeddable":true,"href":"https:\/\/biblian.is\/biblian\/wp-json\/wp\/v2\/users\/1"}],"replies":[{"embeddable":true,"href":"https:\/\/biblian.is\/biblian\/wp-json\/wp\/v2\/comments?post=2446"}],"version-history":[{"count":0,"href":"https:\/\/biblian.is\/biblian\/wp-json\/wp\/v2\/pages\/2446\/revisions"}],"wp:attachment":[{"href":"https:\/\/biblian.is\/biblian\/wp-json\/wp\/v2\/media?parent=2446"}],"curies":[{"name":"wp","href":"https:\/\/api.w.org\/{rel}","templated":true}]}}