{"id":2445,"date":"2017-12-30T21:03:13","date_gmt":"2017-12-30T21:03:13","guid":{"rendered":"http:\/\/biblian.is\/biblian\/esek%c2%92el-26-kafli\/"},"modified":"2024-07-03T22:14:10","modified_gmt":"2024-07-03T22:14:10","slug":"esekiel-26-kafli","status":"publish","type":"page","link":"https:\/\/biblian.is\/biblian\/esekiel-26-kafli\/","title":{"rendered":"Esek\u00edel 26. kafli"},"content":{"rendered":"<h3 class=\"millifyrirsogn_2007\"> Gegn T\u00fdrus<\/h3>\n<p><a name=\"1\"><span class=\"versanumer_2007\">1<\/span><\/a> \u00c1 fyrsta degi m\u00e1na\u00f0arins \u00e1 ellefta \u00e1rinu kom or\u00f0 Drottins til m\u00edn: <a name=\"2\"><span class=\"versanumer_2007\">2<\/span><\/a> Mannssonur, T\u00fdrus segir um Jer\u00fasalem: \u201eHli\u00f0 \u00fej\u00f3\u00f0anna er broti\u00f0. M\u00e9r hlotnast au\u00f0ur hennar \u00fear sem h\u00fan liggur \u00ed r\u00fastum.\u201c <a name=\"3\"><span class=\"versanumer_2007\">3<\/span><\/a> \u00dev\u00ed segir Drottinn Gu\u00f0: N\u00fa held \u00e9g gegn \u00fe\u00e9r, T\u00fdrus. \u00c9g mun senda margar \u00fej\u00f3\u00f0ir gegn \u00fe\u00e9r, eins og brim\u00f6ldur hafsins. <a name=\"4\"><span class=\"versanumer_2007\">4<\/span><\/a> \u00de\u00e6r munu brj\u00f3ta m\u00fara T\u00fdrusar og r\u00edfa ni\u00f0ur turna hennar. \u00c9g mun s\u00f3pa burt jar\u00f0vegi hennar og gera hana a\u00f0 berri kl\u00f6pp. <a name=\"5\"><span class=\"versanumer_2007\">5<\/span><\/a> Borgin skal ver\u00f0a \u00feerrireitur fyrir fiskinet \u00fati \u00ed mi\u00f0ju hafi \u00fev\u00ed a\u00f0 \u00e9g hef tala\u00f0, segir Drottinn Gu\u00f0. H\u00fan ver\u00f0ur herfang framandi \u00fej\u00f3\u00f0a. <a name=\"6\"><span class=\"versanumer_2007\">6<\/span><\/a> En d\u00e6tur hennar \u00e1 meginlandinu ver\u00f0a vegnar me\u00f0 sver\u00f0i. \u00de\u00e1 munu menn skilja a\u00f0 \u00e9g er Drottinn.<br \/> <a name=\"7\"><span class=\"versanumer_2007\">7<\/span><\/a> \u00dev\u00ed a\u00f0 svo segir Drottinn Gu\u00f0: N\u00fa sendi \u00e9g Neb\u00fakadresar, konung \u00ed Bab\u00fdlon, konung konunganna, \u00far nor\u00f0ri gegn T\u00fdrus me\u00f0 hesta, vagna, riddara, herli\u00f0 og mikinn herstyrk. <a name=\"8\"><span class=\"versanumer_2007\">8<\/span><\/a> Hann mun fella d\u00e6tur \u00fe\u00ednar \u00e1 meginlandinu me\u00f0 sver\u00f0i. Hann mun reisa ums\u00e1tursvirki gegn \u00fe\u00e9r, gera v\u00edggir\u00f0ingu gegn \u00fe\u00e9r og setja upp skjald\u00fe\u00f6k gegn \u00fe\u00e9r. <a name=\"9\"><span class=\"versanumer_2007\">9<\/span><\/a> Hann mun l\u00e1ta h\u00f6gg m\u00farbrj\u00f3ts s\u00edns dynja \u00e1 m\u00farum \u00fe\u00ednum og m\u00f6lva turna \u00fe\u00edna me\u00f0 j\u00e1rnk\u00f6rlum. <a name=\"10\"><span class=\"versanumer_2007\">10<\/span><\/a> Merg\u00f0 hrossa hans er sl\u00edk a\u00f0 j\u00f3reykurinn f\u00e6rir \u00feig \u00ed kaf. Dynur fr\u00e1 h\u00f3faskellum og vagnhj\u00f3lum skekur m\u00fara \u00fe\u00edna \u00feegar hann fer um borgarhli\u00f0 \u00fe\u00edn eins og \u00feegar haldi\u00f0 er inn \u00ed h\u00e1lfhrunda borg. <a name=\"11\"><span class=\"versanumer_2007\">11<\/span><\/a> Hann mun tra\u00f0ka str\u00e6ti \u00fe\u00edn me\u00f0 h\u00f3fum hesta sinna, fella \u00edb\u00faana me\u00f0 sver\u00f0i og steypa voldugum s\u00falum \u00fe\u00ednum til jar\u00f0ar. <a name=\"12\"><span class=\"versanumer_2007\">12<\/span><\/a> \u00deeir munu r\u00e6na au\u00f0\u00e6fum \u00fe\u00ednum, hir\u00f0a gr\u00f3\u00f0ann af verslun \u00feinni. M\u00fara \u00fe\u00edna munu \u00feeir r\u00edfa og brj\u00f3ta ni\u00f0ur hinar gl\u00e6silegu byggingar \u00fe\u00ednar. \u00deeir munu fleygja steinunum, vi\u00f0unum og leirnum \u00far \u00fe\u00e9r \u00fat \u00ed hafsauga. <a name=\"13\"><span class=\"versanumer_2007\">13<\/span><\/a> \u00c9g mun \u00feagga ni\u00f0ur s\u00f6ngva \u00fe\u00edna og s\u00edtarhlj\u00f3mur \u00feinn mun ekki heyrast framar. <a name=\"14\"><span class=\"versanumer_2007\">14<\/span><\/a> \u00c9g mun gera \u00feig a\u00f0 berri kl\u00f6pp. \u00de\u00fa skalt ver\u00f0a \u00feerrireitur fyrir fiskinet, \u00fe\u00fa ver\u00f0ur aldrei endurreist \u00fev\u00ed a\u00f0 \u00e9g, Drottinn, hef tala\u00f0, segir Drottinn Gu\u00f0. <br \/> <a name=\"15\"><span class=\"versanumer_2007\">15<\/span><\/a> Svo segir Drottinn Gu\u00f0 vi\u00f0 T\u00fdrus: Munu eyjarnar ekki n\u00f6tra vi\u00f0 dynkinn af falli \u00fe\u00ednu og stunur hels\u00e6r\u00f0ra \u00feegar bl\u00f3\u00f0ba\u00f0i\u00f0 ver\u00f0ur skefjalaust \u00ed borginni? <a name=\"16\"><span class=\"versanumer_2007\">16<\/span><\/a> \u00de\u00e1 munu allir \u00fej\u00f3\u00f0h\u00f6f\u00f0ingjar strandr\u00edkjanna st\u00edga ni\u00f0ur \u00far h\u00e1s\u00e6tum s\u00ednum, leggja af s\u00e9r skikkjur s\u00ednar og fara \u00far skartkl\u00e6\u00f0um s\u00ednum. \u00deeir munu kl\u00e6\u00f0ast \u00f3tta, setjast \u00e1 j\u00f6r\u00f0ina og titra og skj\u00e1lfa vegna \u00fe\u00edn. <a name=\"17\"><span class=\"versanumer_2007\">17<\/span><\/a> \u00deeir munu flytja harmlj\u00f3\u00f0 yfir \u00fe\u00e9r og segja vi\u00f0 \u00feig:<br \/> <span class=\"ljodatexti\"> N\u00fa ertu eydd, <br \/>horfin af h\u00f6funum, <br \/>\u00fe\u00fa v\u00ed\u00f0fr\u00e6ga borg<br \/>sem varst voldug \u00e1 hafinu,<br \/>\u00fe\u00fa og \u00edb\u00faar \u00fe\u00ednir,<br \/>\u00fe\u00fa sem skelfdir alla<br \/>sem bjuggu \u00fear.<br \/> <\/span> <span class=\"ljodatexti\"> <a name=\"18\"><span class=\"versanumer_ljod\">18<\/span><\/a>En n\u00fa skj\u00e1lfa eyjarnar<br \/>\u00e1 degi falls \u00fe\u00edns.<br \/>Eyjarnar \u00ed hafinu<br \/>skelfast yfir afdrifum \u00fe\u00ednum. <\/span> <br \/> <a name=\"19\"><span class=\"versanumer_2007\">19<\/span><\/a> \u00dev\u00ed a\u00f0 svo segir Drottinn Gu\u00f0: \u00c9g geri \u00feig a\u00f0 r\u00fast eins og borgirnar sem ekki eru lengur bygg\u00f0ar. \u00deegar \u00e9g l\u00e6t frumdj\u00fapi\u00f0 ganga yfir \u00feig og hin miklu v\u00f6tn hylja \u00feig <a name=\"20\"><span class=\"versanumer_2007\">20<\/span><\/a> steypi \u00e9g \u00fe\u00e9r ni\u00f0ur \u00e1samt \u00feeim sem fara ofan \u00ed gryfjuna til fyrri t\u00ed\u00f0ar manna. \u00c9g b\u00fd \u00fe\u00e9r sta\u00f0 \u00ed i\u00f0rum jar\u00f0ar eins og \u00ed eldfornum r\u00fastum svo a\u00f0 \u00fe\u00fa r\u00edkir ekki aftur \u00e1 landi lifenda. <a name=\"21\"><span class=\"versanumer_2007\">21<\/span><\/a> \u00c9g b\u00fd \u00fe\u00e9r skelfileg endalok og \u00fe\u00fa munt ekki framar til ver\u00f0a. \u00de\u00edn ver\u00f0ur leita\u00f0 en \u00fe\u00fa finnst aldrei, segir Drottinn Gu\u00f0.<\/p>\n","protected":false},"excerpt":{"rendered":"<p>Gegn T\u00fdrus 1 \u00c1 fyrsta degi m\u00e1na\u00f0arins \u00e1 ellefta \u00e1rinu kom or\u00f0 Drottins til m\u00edn: 2 Mannssonur, T\u00fdrus segir um Jer\u00fasalem: \u201eHli\u00f0 \u00fej\u00f3\u00f0anna er broti\u00f0. M\u00e9r hlotnast au\u00f0ur hennar \u00fear sem h\u00fan liggur \u00ed r\u00fastum.\u201c 3 \u00dev\u00ed segir Drottinn Gu\u00f0: N\u00fa held \u00e9g gegn \u00fe\u00e9r, T\u00fdrus. \u00c9g mun senda margar \u00fej\u00f3\u00f0ir gegn \u00fe\u00e9r, eins og brim\u00f6ldur hafsins. 4 \u00de\u00e6r munu brj\u00f3ta m\u00fara T\u00fdrusar og r\u00edfa ni\u00f0ur turna hennar. \u00c9g mun s\u00f3pa burt jar\u00f0vegi hennar og gera hana a\u00f0 berri kl\u00f6pp. 5 Borgin skal ver\u00f0a \u00feerrireitur fyrir fiskinet \u00fati \u00ed mi\u00f0ju hafi \u00fev\u00ed a\u00f0 \u00e9g hef tala\u00f0, segir Drottinn Gu\u00f0. H\u00fan <a href=\"https:\/\/biblian.is\/biblian\/esekiel-26-kafli\/\"> [&#8230;]<\/a><\/p>\n","protected":false},"author":1,"featured_media":0,"parent":0,"menu_order":0,"comment_status":"open","ping_status":"open","template":"bibliukaflar_NT.php","meta":{"footnotes":""},"class_list":["post-2445","page","type-page","status-publish","hentry"],"_links":{"self":[{"href":"https:\/\/biblian.is\/biblian\/wp-json\/wp\/v2\/pages\/2445","targetHints":{"allow":["GET"]}}],"collection":[{"href":"https:\/\/biblian.is\/biblian\/wp-json\/wp\/v2\/pages"}],"about":[{"href":"https:\/\/biblian.is\/biblian\/wp-json\/wp\/v2\/types\/page"}],"author":[{"embeddable":true,"href":"https:\/\/biblian.is\/biblian\/wp-json\/wp\/v2\/users\/1"}],"replies":[{"embeddable":true,"href":"https:\/\/biblian.is\/biblian\/wp-json\/wp\/v2\/comments?post=2445"}],"version-history":[{"count":0,"href":"https:\/\/biblian.is\/biblian\/wp-json\/wp\/v2\/pages\/2445\/revisions"}],"wp:attachment":[{"href":"https:\/\/biblian.is\/biblian\/wp-json\/wp\/v2\/media?parent=2445"}],"curies":[{"name":"wp","href":"https:\/\/api.w.org\/{rel}","templated":true}]}}