{"id":2444,"date":"2017-12-30T21:03:13","date_gmt":"2017-12-30T21:03:13","guid":{"rendered":"http:\/\/biblian.is\/biblian\/esek%c2%92el-25-kafli\/"},"modified":"2024-07-03T22:14:10","modified_gmt":"2024-07-03T22:14:10","slug":"esekiel-25-kafli","status":"publish","type":"page","link":"https:\/\/biblian.is\/biblian\/esekiel-25-kafli\/","title":{"rendered":"Esek\u00edel 25. kafli"},"content":{"rendered":"<h3 class=\"millifyrirsogn_2007\"> Gegn Amm\u00f3n\u00edtum<\/h3>\n<p><a name=\"1\"><span class=\"versanumer_2007\">1<\/span><\/a> Or\u00f0 Drottins kom til m\u00edn: <a name=\"2\"><span class=\"versanumer_2007\">2<\/span><\/a> Mannssonur. Sn\u00fa\u00f0u \u00fe\u00e9r \u00ed \u00e1ttina a\u00f0 Amm\u00f3n\u00edtum, flyttu sp\u00e1mannlegan bo\u00f0skap gegn \u00feeim <a name=\"3\"><span class=\"versanumer_2007\">3<\/span><\/a> og seg\u00f0u vi\u00f0 Amm\u00f3n\u00edta: Hl\u00fd\u00f0i\u00f0 \u00e1 bo\u00f0skap Drottins Gu\u00f0s. Svo segir Drottinn Gu\u00f0: \u00de\u00fa hlakka\u00f0ir yfir \u00fev\u00ed a\u00f0 helgid\u00f3mur minn var vanhelga\u00f0ur, landi \u00cdsraels eytt og J\u00fadamenn reknir \u00ed \u00fatleg\u00f0. <a name=\"4\"><span class=\"versanumer_2007\">4<\/span><\/a> \u00deess vegna f\u00e6 \u00e9g \u00feig \u00fej\u00f3\u00f0unum fyrir austan til eignar. \u00de\u00e6r munu sl\u00e1 upp tjaldb\u00fa\u00f0um s\u00ednum \u00ed \u00fe\u00e9r og reisa s\u00e9r \u00fear b\u00fasta\u00f0i. \u00de\u00e6r munu h\u00e1ma \u00ed sig \u00e1vexti \u00fe\u00edna og svolgra mj\u00f3lk \u00fe\u00edna. <a name=\"5\"><span class=\"versanumer_2007\">5<\/span><\/a> \u00c9g mun gera Rabba<span class=\"nedan_mal\" title=\" N\u00fa Amman, h\u00f6fu\u00f0borg J\u00f3rdan\u00edu.\">[<\/span> a\u00f0 beitilandi fyrir \u00falfalda og borgir Amm\u00f3n\u00edta a\u00f0 bith\u00f6gum fyrir sau\u00f0f\u00e9. <a name=\"6\"><span class=\"versanumer_2007\">6<\/span><\/a> \u00dev\u00ed a\u00f0 svo segir Drottinn Gu\u00f0: \u00de\u00fa klappa\u00f0ir saman l\u00f3fum og stappa\u00f0ir ni\u00f0ur f\u00f3tum og fylltist innilegri meinf\u00fdsi og fyrirlitningu \u00e1 landi \u00cdsraels. <a name=\"7\"><span class=\"versanumer_2007\">7<\/span><\/a> \u00deess vegna r\u00e9tti \u00e9g h\u00f6nd m\u00edna gegn \u00fe\u00e9r og framsel \u00feig framandi \u00fej\u00f3\u00f0um sem herfang. \u00c9g tort\u00edmi \u00fe\u00e9r sem \u00fej\u00f3\u00f0 me\u00f0al \u00fej\u00f3\u00f0a og afm\u00e1i \u00feig sem land me\u00f0al landa. \u00de\u00e1 muntu skilja a\u00f0 \u00e9g er Drottinn.<\/p>\n<h3 class=\"millifyrirsogn_2007\">Gegn M\u00f3ab\u00edtum<\/h3>\n<p><a name=\"8\"><span class=\"versanumer_2007\">8<\/span><\/a> Svo segir Drottinn Gu\u00f0: M\u00f3ab og Se\u00edr segja: \u201eJ\u00fadamenn eru eins og allar a\u00f0rar \u00fej\u00f3\u00f0ir.\u201c <a name=\"9\"><span class=\"versanumer_2007\">9<\/span><\/a> \u00deess vegna geri \u00e9g fjallshl\u00ed\u00f0ar M\u00f3abs naktar me\u00f0 \u00fev\u00ed a\u00f0 ry\u00f0ja \u00fea\u00f0an borgunum, \u00f6llum sem einni, pr\u00fd\u00f0i landsins, Bet Jes\u00edm\u00f3t, Baal Meon og Kirjata\u00edm. <a name=\"10\"><span class=\"versanumer_2007\">10<\/span><\/a> \u00c9g f\u00e6 landi\u00f0 \u00fej\u00f3\u00f0unum \u00ed austri til eignar, auk Amm\u00f3ns, svo a\u00f0 Amm\u00f3n\u00edta ver\u00f0i ekki framar minnst sem \u00fej\u00f3\u00f0ar \u00e1 me\u00f0al \u00fej\u00f3\u00f0a. <a name=\"11\"><span class=\"versanumer_2007\">11<\/span><\/a> \u00c9g mun fulln\u00e6gja refsid\u00f3mnum yfir M\u00f3ab og \u00feeir munu skilja a\u00f0 \u00e9g er Drottinn.<\/p>\n<h3 class=\"millifyrirsogn_2007\">Gegn Ed\u00f3m\u00edtum<\/h3>\n<p><a name=\"12\"><span class=\"versanumer_2007\">12<\/span><\/a> Svo segir Drottinn Gu\u00f0: Ed\u00f3m hefur hefnt s\u00edn \u00e1 J\u00fadam\u00f6nnum og Ed\u00f3m\u00edtar ur\u00f0u mj\u00f6g sekir \u00feegar \u00feeir hefndu s\u00edn \u00e1 \u00feeim. <a name=\"13\"><span class=\"versanumer_2007\">13<\/span><\/a> \u00deess vegna segir Drottinn Gu\u00f0: \u00c9g mun r\u00e9tta \u00fat h\u00f6nd m\u00edna gegn Ed\u00f3m og ey\u00f0a \u00fear b\u00e6\u00f0i m\u00f6nnum og skepnum. \u00c9g mun gera \u00fea\u00f0 a\u00f0 au\u00f0n. Ed\u00f3m\u00edtar skulu falla fyrir sver\u00f0i fr\u00e1 Teman til Dedan. <a name=\"14\"><span class=\"versanumer_2007\">14<\/span><\/a> \u00c9g legg hefnd m\u00edna \u00e1 Ed\u00f3m \u00ed hendur \u00fej\u00f3\u00f0 minni, \u00cdsrael. \u00deeir munu fara me\u00f0 Ed\u00f3m eins og rei\u00f0i m\u00edn og heift gefur tilefni til. \u00de\u00e1 f\u00e1 Ed\u00f3m\u00edtar a\u00f0 kynnast hefnd minni, segir Drottinn Gu\u00f0.<\/p>\n<h3 class=\"millifyrirsogn_2007\">Gegn Filisteum<\/h3>\n<p><a name=\"15\"><span class=\"versanumer_2007\">15<\/span><\/a> Svo segir Drottinn Gu\u00f0: \u00cd hefndarhug hefndu Filistear s\u00edn, fullir fyrirlitningar \u00e1 J\u00fadam\u00f6nnum. Vegna forns fjandskapar vildu \u00feeir ey\u00f0a \u00feeim. <a name=\"16\"><span class=\"versanumer_2007\">16<\/span><\/a> \u00deess vegna segir Drottinn Gu\u00f0 svo: \u00c9g r\u00e9tti \u00fat h\u00f6nd m\u00edna gegn Filisteum og ey\u00f0i Keretum og \u00f6\u00f0rum \u00fej\u00f3\u00f0um \u00e1 str\u00f6nd hafsins. <a name=\"17\"><span class=\"versanumer_2007\">17<\/span><\/a> \u00c9g mun vinna \u00e1 \u00feeim mikil hefndarverk og hegna \u00feeim grimmilega. \u00deeir munu skilja a\u00f0 \u00e9g er Drottinn \u00feegar \u00e9g hefni m\u00edn \u00e1 \u00feeim.<\/p>\n","protected":false},"excerpt":{"rendered":"<p>Gegn Amm\u00f3n\u00edtum 1 Or\u00f0 Drottins kom til m\u00edn: 2 Mannssonur. Sn\u00fa\u00f0u \u00fe\u00e9r \u00ed \u00e1ttina a\u00f0 Amm\u00f3n\u00edtum, flyttu sp\u00e1mannlegan bo\u00f0skap gegn \u00feeim 3 og seg\u00f0u vi\u00f0 Amm\u00f3n\u00edta: Hl\u00fd\u00f0i\u00f0 \u00e1 bo\u00f0skap Drottins Gu\u00f0s. Svo segir Drottinn Gu\u00f0: \u00de\u00fa hlakka\u00f0ir yfir \u00fev\u00ed a\u00f0 helgid\u00f3mur minn var vanhelga\u00f0ur, landi \u00cdsraels eytt og J\u00fadamenn reknir \u00ed \u00fatleg\u00f0. 4 \u00deess vegna f\u00e6 \u00e9g \u00feig \u00fej\u00f3\u00f0unum fyrir austan til eignar. \u00de\u00e6r munu sl\u00e1 upp tjaldb\u00fa\u00f0um s\u00ednum \u00ed \u00fe\u00e9r og reisa s\u00e9r \u00fear b\u00fasta\u00f0i. \u00de\u00e6r munu h\u00e1ma \u00ed sig \u00e1vexti \u00fe\u00edna og svolgra mj\u00f3lk \u00fe\u00edna. 5 \u00c9g mun gera Rabba[ a\u00f0 beitilandi fyrir \u00falfalda og borgir Amm\u00f3n\u00edta a\u00f0 <a href=\"https:\/\/biblian.is\/biblian\/esekiel-25-kafli\/\"> [&#8230;]<\/a><\/p>\n","protected":false},"author":1,"featured_media":0,"parent":0,"menu_order":0,"comment_status":"open","ping_status":"open","template":"bibliukaflar_NT.php","meta":{"footnotes":""},"class_list":["post-2444","page","type-page","status-publish","hentry"],"_links":{"self":[{"href":"https:\/\/biblian.is\/biblian\/wp-json\/wp\/v2\/pages\/2444","targetHints":{"allow":["GET"]}}],"collection":[{"href":"https:\/\/biblian.is\/biblian\/wp-json\/wp\/v2\/pages"}],"about":[{"href":"https:\/\/biblian.is\/biblian\/wp-json\/wp\/v2\/types\/page"}],"author":[{"embeddable":true,"href":"https:\/\/biblian.is\/biblian\/wp-json\/wp\/v2\/users\/1"}],"replies":[{"embeddable":true,"href":"https:\/\/biblian.is\/biblian\/wp-json\/wp\/v2\/comments?post=2444"}],"version-history":[{"count":0,"href":"https:\/\/biblian.is\/biblian\/wp-json\/wp\/v2\/pages\/2444\/revisions"}],"wp:attachment":[{"href":"https:\/\/biblian.is\/biblian\/wp-json\/wp\/v2\/media?parent=2444"}],"curies":[{"name":"wp","href":"https:\/\/api.w.org\/{rel}","templated":true}]}}