{"id":2441,"date":"2017-12-30T21:03:13","date_gmt":"2017-12-30T21:03:13","guid":{"rendered":"http:\/\/biblian.is\/biblian\/esek%c2%92el-22-kafli\/"},"modified":"2024-07-03T22:14:09","modified_gmt":"2024-07-03T22:14:09","slug":"esekiel-22-kafli","status":"publish","type":"page","link":"https:\/\/biblian.is\/biblian\/esekiel-22-kafli\/","title":{"rendered":"Esek\u00edel 22. kafli"},"content":{"rendered":"<h3 class=\"millifyrirsogn_2007\"> Borgin bl\u00f3\u00f0i drifna<\/h3>\n<p><a name=\"1\"><span class=\"versanumer_2007\">1<\/span><\/a> Or\u00f0 Drottins kom til m\u00edn:<br \/> <a name=\"2\"><span class=\"versanumer_2007\">2<\/span><\/a> Mannssonur, viltu ekki d\u00e6ma, viltu ekki d\u00e6ma \u00feessa mor\u00f0seku borg? Leiddu henni fyrir sj\u00f3nir \u00f6ll hin vi\u00f0urstyggilegu verk hennar <a name=\"3\"><span class=\"versanumer_2007\">3<\/span><\/a> og seg\u00f0u: Svo segir Drottinn Gu\u00f0: \u00de\u00fa borg, sem \u00fathellir bl\u00f3\u00f0i \u00e1 str\u00e6tum \u00fe\u00ednum, t\u00edmi reikningsskilanna kemur. \u00de\u00fa ger\u00f0ir \u00fe\u00e9r skur\u00f0go\u00f0 sem \u00fe\u00fa saurgast af, <a name=\"4\"><span class=\"versanumer_2007\">4<\/span><\/a> \u00fe\u00fa ert sek vegna bl\u00f3\u00f0sins sem \u00fe\u00fa hefur \u00fathellt og saurgu\u00f0 vegna skur\u00f0go\u00f0anna sem \u00fe\u00fa ger\u00f0ir. Dagar \u00fe\u00ednir eru taldir, \u00e1r \u00fe\u00edn eru \u00e1 enda. \u00deess vegna hef \u00e9g l\u00e1ti\u00f0 a\u00f0rar \u00fej\u00f3\u00f0ir hl\u00e6ja a\u00f0 \u00fe\u00e9r og gert \u00feig a\u00f0 athl\u00e6gi um \u00f6ll l\u00f6nd. <a name=\"5\"><span class=\"versanumer_2007\">5<\/span><\/a> B\u00e6\u00f0i \u00feeir sem b\u00faa n\u00e6rri \u00fe\u00e9r og \u00feeir sem b\u00faa \u00fe\u00e9r fjarri hl\u00e6ja a\u00f0 \u00fe\u00e9r \u00fev\u00ed a\u00f0 mannor\u00f0 \u00feitt er flekka\u00f0, svo r\u00f3stus\u00f6m sem \u00fe\u00fa ert. <br \/> <a name=\"6\"><span class=\"versanumer_2007\">6<\/span><\/a> H\u00f6f\u00f0ingjar \u00cdsraels, sem bjuggu \u00ed \u00fe\u00e9r, treystu allir \u00e1 m\u00e1tt sinn til a\u00f0 \u00fathella bl\u00f3\u00f0i. <a name=\"7\"><span class=\"versanumer_2007\">7<\/span><\/a> Fa\u00f0ir og m\u00f3\u00f0ir eru fyrirlitin \u00ed \u00fe\u00e9r og \u00feeir sem leita h\u00e6lis beittir ofbeldi innan m\u00fara \u00feinna, ekkjan og muna\u00f0arleysinginn k\u00fagu\u00f0 \u00ed \u00fe\u00e9r. <a name=\"8\"><span class=\"versanumer_2007\">8<\/span><\/a> \u00de\u00fa fyrirl\u00edtur \u00fea\u00f0 sem m\u00e9r er heilagt, vanhelgar hv\u00edldardaga m\u00edna. <a name=\"9\"><span class=\"versanumer_2007\">9<\/span><\/a> \u00cd \u00fe\u00e9r eru r\u00f3gberar sem \u00fathella bl\u00f3\u00f0i, menn sem halda f\u00f3rnarm\u00e1lt\u00ed\u00f0ir \u00e1 fj\u00f6llum. Innan borgarm\u00fara \u00feinna i\u00f0ka menn saurlifna\u00f0, <a name=\"10\"><span class=\"versanumer_2007\">10<\/span><\/a> sv\u00edvir\u00f0a konu f\u00f6\u00f0ur s\u00edns, misnota konu sem hefur \u00e1 kl\u00e6\u00f0um, <a name=\"11\"><span class=\"versanumer_2007\">11<\/span><\/a> \u00fear fremja menn sv\u00edvir\u00f0u me\u00f0 eiginkonu n\u00e1unga s\u00edns, \u00fe\u00e1 sv\u00edvir\u00f0u a\u00f0 flekka tengdad\u00f3ttur s\u00edna og nau\u00f0ga systur sinni, d\u00f3ttur f\u00f6\u00f0ur s\u00edns. <a name=\"12\"><span class=\"versanumer_2007\">12<\/span><\/a> \u00cd \u00fe\u00e9r \u00feiggja menn m\u00fatur til a\u00f0 \u00fathella bl\u00f3\u00f0i. \u00de\u00fa tekur vexti, stundar okur og hefur f\u00e9 af n\u00e1unga \u00fe\u00ednum me\u00f0 ofr\u00edki en m\u00e9r hefur \u00fe\u00fa gleymt, segir Drottinn Gu\u00f0.<br \/> <a name=\"13\"><span class=\"versanumer_2007\">13<\/span><\/a> \u00c9g sl\u00e6 saman h\u00f6ndum m\u00ednum vegna okurgr\u00f3\u00f0ans sem \u00fe\u00fa hefur afla\u00f0 \u00fe\u00e9r og s\u00f6kum bl\u00f3\u00f0sins sem \u00fathellt hefur veri\u00f0 \u00e1 str\u00e6tum \u00fe\u00ednum. <a name=\"14\"><span class=\"versanumer_2007\">14<\/span><\/a> Ver\u00f0ur hugrekki \u00feitt \u00f3buga\u00f0, halda hendur \u00fe\u00ednar styrk s\u00ednum \u00feegar \u00feeir dagar koma er \u00e9g tek \u00feig fyrir? \u00c9g, Drottinn, hef tala\u00f0 og \u00e9g mun gera eins og \u00e9g hef sagt. <br \/> <a name=\"15\"><span class=\"versanumer_2007\">15<\/span><\/a> \u00c9g mun tv\u00edstra \u00edb\u00faum \u00fe\u00ednum me\u00f0al framandi \u00fej\u00f3\u00f0a og dreifa \u00feeim um l\u00f6ndin. \u00c9g bind enda \u00e1 saurgun \u00fe\u00edna, <a name=\"16\"><span class=\"versanumer_2007\">16<\/span><\/a> vegna \u00fe\u00edn mun \u00e9g vanhelgast<span class=\"nedan_mal\" title=\" \u00cd hebreska textanum stendur: \u00fe\u00fa munt vanhelgast. H\u00e9r er fylgt gr\u00edsku sj\u00f6t\u00edumanna\u00fe\u00fd\u00f0ingunni.\">[<\/span> \u00ed augum \u00fej\u00f3\u00f0anna. \u00de\u00fa munt vi\u00f0urkenna a\u00f0 \u00e9g er Drottinn.<\/p>\n<h3 class=\"millifyrirsogn_2007\">\u00cdsrael \u00ed br\u00e6\u00f0sluofninum<\/h3>\n<p><a name=\"17\"><span class=\"versanumer_2007\">17<\/span><\/a> Or\u00f0 Drottins kom til m\u00edn:<br \/> <a name=\"18\"><span class=\"versanumer_2007\">18<\/span><\/a> Mannssonur, \u00cdsraelsmenn eru or\u00f0nir m\u00e9r sori. \u00deeir eru allir kopar, tin, j\u00e1rn og bl\u00fd \u00ed br\u00e6\u00f0sluofni. \u00deeir eru or\u00f0nir sorasilfur. <a name=\"19\"><span class=\"versanumer_2007\">19<\/span><\/a> Seg\u00f0u \u00fev\u00ed: Svo segir Drottinn Gu\u00f0: \u00dear sem \u00fei\u00f0 eru\u00f0 allir or\u00f0nir sori safna \u00e9g ykkur saman \u00ed Jer\u00fasalem mi\u00f0ri. <a name=\"20\"><span class=\"versanumer_2007\">20<\/span><\/a> Eins og silfri, kopar, j\u00e1rni, bl\u00fdi og tini er safna\u00f0 saman \u00ed br\u00e6\u00f0sluofni og s\u00ed\u00f0an bl\u00e1si\u00f0 a\u00f0 eldinum og \u00fea\u00f0 br\u00e6tt \u00ed honum, eins mun \u00e9g safna ykkur saman \u00ed rei\u00f0i minni og heift \u00ed Jer\u00fasalem og br\u00e6\u00f0a ykkur. <a name=\"21\"><span class=\"versanumer_2007\">21<\/span><\/a> \u00c9g mun safna ykkur og bl\u00e1sa eldi br\u00e6\u00f0i minnar a\u00f0 ykkur svo a\u00f0 \u00fei\u00f0 br\u00e1\u00f0ni\u00f0 \u00ed honum. <a name=\"22\"><span class=\"versanumer_2007\">22<\/span><\/a> Eins og silfur er br\u00e6tt \u00ed ofni ver\u00f0i\u00f0 \u00fei\u00f0 br\u00e6ddir \u00ed eldi. \u00de\u00e1 munu\u00f0 \u00fei\u00f0 skilja a\u00f0 \u00e9g er Drottinn.<br \/> <a name=\"23\"><span class=\"versanumer_2007\">23<\/span><\/a> Or\u00f0 Drottins kom til m\u00edn: <a name=\"24\"><span class=\"versanumer_2007\">24<\/span><\/a> Mannssonur, seg\u00f0u vi\u00f0 landi\u00f0: \u00de\u00fa ert land sem ekki rigndi \u00e1, ekki var v\u00f6kva\u00f0 \u00e1 degi rei\u00f0innar. <a name=\"25\"><span class=\"versanumer_2007\">25<\/span><\/a> H\u00f6f\u00f0ingjar \u00feess l\u00edktust \u00f6skrandi lj\u00f3num sem r\u00edfa \u00ed sig br\u00e1\u00f0. \u00deeir gleyptu \u00ed sig menn, hrifsu\u00f0u til s\u00edn ver\u00f0m\u00e6ti og d\u00fdrgripi og fj\u00f6lgu\u00f0u ekkjunum \u00ed landinu. <a name=\"26\"><span class=\"versanumer_2007\">26<\/span><\/a> Prestar landsins brutu l\u00f6g m\u00edn og vanhelgu\u00f0u helgigjafir m\u00ednar. \u00deeir ger\u00f0u engan mun \u00e1 helgu og vanhelgu, n\u00e9 heldur fr\u00e6ddu \u00feeir um mun \u00e1 hreinu og \u00f3hreinu, og loku\u00f0u augum s\u00ednum fyrir hv\u00edldard\u00f6gum m\u00ednum. \u00deannig vanhelga\u00f0ist \u00e9g \u00e1 me\u00f0al \u00feeirra. <a name=\"27\"><span class=\"versanumer_2007\">27<\/span><\/a> Emb\u00e6ttismennirnir \u00ed landinu voru eins og \u00falfar sem r\u00edfa \u00ed sig br\u00e1\u00f0, \u00fathelltu bl\u00f3\u00f0i og eyddu mannsl\u00edfum til a\u00f0 komast yfir gr\u00f3\u00f0a. <a name=\"28\"><span class=\"versanumer_2007\">28<\/span><\/a> Sp\u00e1menn landsins k\u00f6lku\u00f0u fyrir \u00fe\u00e1 yfir \u00feetta allt me\u00f0 t\u00e1ls\u00fdnum og upplognum sp\u00e1mannsor\u00f0um og s\u00f6g\u00f0u: \u201eSvo segir Drottinn Gu\u00f0,\u201c \u00fe\u00f3tt Drottinn hafi ekki tala\u00f0. <a name=\"29\"><span class=\"versanumer_2007\">29<\/span><\/a> Almenningur beitti ofbeldi og r\u00e6ndi, k\u00faga\u00f0i f\u00e1t\u00e6ka og umkomulausa og beitti \u00fe\u00e1 ofr\u00edki sem leitu\u00f0u \u00e1 n\u00e1\u00f0ir hans og meina\u00f0i \u00feeim a\u00f0 leita r\u00e9ttar s\u00edns. <a name=\"30\"><span class=\"versanumer_2007\">30<\/span><\/a> \u00c9g leita\u00f0i a\u00f0 einhverjum \u00feeirra \u00e1 me\u00f0al sem vildi reisa varnarvegg e\u00f0a taka s\u00e9r st\u00f6\u00f0u andsp\u00e6nis m\u00e9r, \u00ed skar\u00f0inu \u00ed m\u00farnum, landinu til varnar svo a\u00f0 \u00e9g \u00feyrfti ekki a\u00f0 ey\u00f0a \u00fev\u00ed. En \u00e9g fann engan. <a name=\"31\"><span class=\"versanumer_2007\">31<\/span><\/a> \u00de\u00e1 j\u00f3s \u00e9g heift minni yfir \u00fe\u00e1, \u00e9g gereyddi \u00feeim \u00ed heiftarb\u00e1li m\u00ednu. \u00c9g l\u00e9t breytni \u00feeirra koma ni\u00f0ur \u00e1 \u00feeim, segir Drottinn Gu\u00f0.<\/p>\n","protected":false},"excerpt":{"rendered":"<p>Borgin bl\u00f3\u00f0i drifna 1 Or\u00f0 Drottins kom til m\u00edn: 2 Mannssonur, viltu ekki d\u00e6ma, viltu ekki d\u00e6ma \u00feessa mor\u00f0seku borg? Leiddu henni fyrir sj\u00f3nir \u00f6ll hin vi\u00f0urstyggilegu verk hennar 3 og seg\u00f0u: Svo segir Drottinn Gu\u00f0: \u00de\u00fa borg, sem \u00fathellir bl\u00f3\u00f0i \u00e1 str\u00e6tum \u00fe\u00ednum, t\u00edmi reikningsskilanna kemur. \u00de\u00fa ger\u00f0ir \u00fe\u00e9r skur\u00f0go\u00f0 sem \u00fe\u00fa saurgast af, 4 \u00fe\u00fa ert sek vegna bl\u00f3\u00f0sins sem \u00fe\u00fa hefur \u00fathellt og saurgu\u00f0 vegna skur\u00f0go\u00f0anna sem \u00fe\u00fa ger\u00f0ir. Dagar \u00fe\u00ednir eru taldir, \u00e1r \u00fe\u00edn eru \u00e1 enda. \u00deess vegna hef \u00e9g l\u00e1ti\u00f0 a\u00f0rar \u00fej\u00f3\u00f0ir hl\u00e6ja a\u00f0 \u00fe\u00e9r og gert \u00feig a\u00f0 athl\u00e6gi um \u00f6ll l\u00f6nd. 5 <a href=\"https:\/\/biblian.is\/biblian\/esekiel-22-kafli\/\"> [&#8230;]<\/a><\/p>\n","protected":false},"author":1,"featured_media":0,"parent":0,"menu_order":0,"comment_status":"open","ping_status":"open","template":"bibliukaflar_NT.php","meta":{"footnotes":""},"class_list":["post-2441","page","type-page","status-publish","hentry"],"_links":{"self":[{"href":"https:\/\/biblian.is\/biblian\/wp-json\/wp\/v2\/pages\/2441","targetHints":{"allow":["GET"]}}],"collection":[{"href":"https:\/\/biblian.is\/biblian\/wp-json\/wp\/v2\/pages"}],"about":[{"href":"https:\/\/biblian.is\/biblian\/wp-json\/wp\/v2\/types\/page"}],"author":[{"embeddable":true,"href":"https:\/\/biblian.is\/biblian\/wp-json\/wp\/v2\/users\/1"}],"replies":[{"embeddable":true,"href":"https:\/\/biblian.is\/biblian\/wp-json\/wp\/v2\/comments?post=2441"}],"version-history":[{"count":0,"href":"https:\/\/biblian.is\/biblian\/wp-json\/wp\/v2\/pages\/2441\/revisions"}],"wp:attachment":[{"href":"https:\/\/biblian.is\/biblian\/wp-json\/wp\/v2\/media?parent=2441"}],"curies":[{"name":"wp","href":"https:\/\/api.w.org\/{rel}","templated":true}]}}