{"id":2440,"date":"2017-12-30T21:03:13","date_gmt":"2017-12-30T21:03:13","guid":{"rendered":"http:\/\/biblian.is\/biblian\/esek%c2%92el-21-kafli\/"},"modified":"2024-07-03T22:14:09","modified_gmt":"2024-07-03T22:14:09","slug":"esekiel-21-kafli","status":"publish","type":"page","link":"https:\/\/biblian.is\/biblian\/esekiel-21-kafli\/","title":{"rendered":"Esek\u00edel 21. kafli"},"content":{"rendered":"<h3 class=\"millifyrirsogn_2007\"> Sver\u00f0 Drottins<\/h3>\n<p><a name=\"1\"><span class=\"versanumer_2007\">1<\/span><\/a> Or\u00f0 Drottins kom til m\u00edn:<br \/> <a name=\"2\"><span class=\"versanumer_2007\">2<\/span><\/a> Mannssonur, horf\u00f0u \u00ed su\u00f0ur og l\u00e1ttu bo\u00f0skap \u00feinn streyma gegn su\u00f0rinu, komdu fram sem sp\u00e1ma\u00f0ur og l\u00e1ttu bo\u00f0skap \u00feinn streyma gegn sk\u00f3ginum \u00ed Su\u00f0urlandinu. <a name=\"3\"><span class=\"versanumer_2007\">3<\/span><\/a> Seg\u00f0u vi\u00f0 sk\u00f3g Su\u00f0urlandsins: Hl\u00fdddu \u00e1 or\u00f0 Drottins. Svo segir Drottinn Gu\u00f0: \u00c9g mun kveikja eld \u00ed \u00fe\u00e9r sem mun gleypa s\u00e9rhvert gr\u00e6nt og skr\u00e6lna\u00f0 tr\u00e9. Hinn logandi eldur er \u00f3sl\u00f6kkvandi og s\u00e9rhvert andlit, fr\u00e1 su\u00f0ri til nor\u00f0urs, mun svi\u00f0na \u00ed honum. <a name=\"4\"><span class=\"versanumer_2007\">4<\/span><\/a> \u00de\u00e1 munu allir dau\u00f0legir skilja a\u00f0 \u00e9g, Drottinn, kveikti \u00feennan eld. Hann slokknar ekki.<br \/> <a name=\"5\"><span class=\"versanumer_2007\">5<\/span><\/a> \u00de\u00e1 sag\u00f0i \u00e9g: Drottinn Gu\u00f0. \u00deeir segja um mig: \u201eTalar hann ekki s\u00edfellt \u00ed l\u00edkingum?\u201c<br \/> <a name=\"6\"><span class=\"versanumer_2007\">6<\/span><\/a> \u00de\u00e1 kom or\u00f0 Drottins til m\u00edn: <a name=\"7\"><span class=\"versanumer_2007\">7<\/span><\/a> Mannssonur, sn\u00fa\u00f0u \u00fe\u00e9r a\u00f0 Jer\u00fasalem og l\u00e1ttu bo\u00f0skap \u00feinn streyma gegn helgid\u00f3mnum, komdu fram sem sp\u00e1ma\u00f0ur gegn helgid\u00f3mnum og tala\u00f0u gegn landi \u00cdsraels. <a name=\"8\"><span class=\"versanumer_2007\">8<\/span><\/a> Seg\u00f0u vi\u00f0 land \u00cdsraels: Svo segir Drottinn: \u00c9g r\u00e6\u00f0st gegn \u00fe\u00e9r. \u00c9g dreg sver\u00f0 mitt \u00far sl\u00ed\u00f0rum og tort\u00edmi b\u00e6\u00f0i r\u00e9ttl\u00e1tum og rangl\u00e1tum. <a name=\"9\"><span class=\"versanumer_2007\">9<\/span><\/a> \u00dear sem \u00e9g \u00e6tla a\u00f0 tort\u00edma \u00far landinu b\u00e6\u00f0i r\u00e9ttl\u00e1tum og rangl\u00e1tum ver\u00f0ur sver\u00f0 mitt dregi\u00f0 \u00far sl\u00ed\u00f0rum og \u00fev\u00ed beitt gegn \u00f6llum dau\u00f0legum fr\u00e1 su\u00f0ri til nor\u00f0urs. <a name=\"10\"><span class=\"versanumer_2007\">10<\/span><\/a> \u00de\u00e1 munu allir dau\u00f0legir skilja a\u00f0 \u00e9g, Drottinn, hef dregi\u00f0 sver\u00f0 mitt \u00far sl\u00ed\u00f0rum s\u00ednum. \u00dea\u00f0 ver\u00f0ur ekki sl\u00ed\u00f0ra\u00f0 aftur.<br \/> <a name=\"11\"><span class=\"versanumer_2007\">11<\/span><\/a> \u00de\u00fa, mannssonur, styn \u00feungan. \u00de\u00fa skalt stynja fyrir augum \u00feeirra, skj\u00e1lfandi \u00e1 beinum og af s\u00e1rri kv\u00f6l. <a name=\"12\"><span class=\"versanumer_2007\">12<\/span><\/a> Ef \u00feeir spyrja: \u201eHvers vegna stynur \u00fe\u00fa?\u201c skaltu svara: \u201eVegna fregnar sem mun berast og \u00feegar h\u00fan berst mun hvert hjarta bresta, hver h\u00f6nd missa m\u00e1ttinn, hver ma\u00f0ur missa m\u00f3\u00f0inn og s\u00e9rhvert hn\u00e9 kikna. Fregnin berst og \u00fea\u00f0 sem \u00ed henni felst mun ver\u00f0a, segir Drottinn Gu\u00f0.\u201c <br \/> <span class=\"ljodatexti\"> <a name=\"13\"><span class=\"versanumer_ljod\">13<\/span><\/a>Or\u00f0 Drottins kom til m\u00edn:<br \/> <\/span> <span class=\"ljodatexti\"> <a name=\"14\"><span class=\"versanumer_ljod\">14<\/span><\/a>Mannssonur, komdu fram sem sp\u00e1ma\u00f0ur og seg\u00f0u: Svo segir Drottinn Gu\u00f0:<br \/>Sver\u00f0, sver\u00f0,<br \/>hvesst og f\u00e6gt,<br \/> <\/span> <span class=\"ljodatexti\"> <a name=\"15\"><span class=\"versanumer_ljod\">15<\/span><\/a>til dr\u00e1ps, til dr\u00e1ps var \u00fea\u00f0 hvesst,<br \/>f\u00e6gt til a\u00f0 blika sem elding. <span class=\"nedan_mal\" title=\" Hebreski textinn er torskilinn.\">[<\/span> <br \/> <\/span> <span class=\"ljodatexti\"> <a name=\"16\"><span class=\"versanumer_ljod\">16<\/span><\/a>\u00dea\u00f0 var fengi\u00f0 \u00feeim sem f\u00e6g\u00f0i \u00fea\u00f0,<br \/>s\u00ed\u00f0an gripi\u00f0 me\u00f0 hendinni.<br \/>Sver\u00f0i\u00f0 var hvesst og f\u00e6gt,<br \/>b\u00fai\u00f0 \u00ed hendur vegandanum.<br \/> <\/span> <span class=\"ljodatexti\"> <a name=\"17\"><span class=\"versanumer_ljod\">17<\/span><\/a>Mannssonur, \u00e6ptu og kveina\u00f0u, ma\u00f0ur.<br \/>\u00dev\u00ed er beint gegn \u00fej\u00f3\u00f0 minni, <br \/>gegn \u00f6llum h\u00f6f\u00f0ingjum \u00cdsraels. <br \/>\u00deeir eru seldir undir sver\u00f0i\u00f0<br \/>\u00e1samt \u00fej\u00f3\u00f0 minni.<br \/>Ber\u00f0u \u00fe\u00e9r \u00e1 brj\u00f3st. <span class=\"nedan_mal\" title=\" Or\u00f0r\u00e9tt: Sl\u00e1\u00f0u \u00e1 lend \u00fe\u00edna. T\u00e1kn um sorg og \u00fej\u00e1ningu. \">[<\/span> <br \/> <\/span> <span class=\"ljodatexti\"> <a name=\"18\"><span class=\"versanumer_ljod\">18<\/span><\/a>\u00dev\u00ed a\u00f0 \u00feetta var reynt. <span class=\"nedan_mal\" title=\" Hebreski textinn er torskilinn.\">[<\/span> <br \/> <\/span> <span class=\"ljodatexti\"> <a name=\"19\"><span class=\"versanumer_ljod\">19<\/span><\/a>En \u00fe\u00fa, mannssonur, tala\u00f0u sem sp\u00e1ma\u00f0ur, <br \/>sl\u00e1\u00f0u saman h\u00f6ndum.<br \/>Sver\u00f0i\u00f0 h\u00f6ggvi tvisvar, \u00ferisvar.<br \/>\u00deetta er dr\u00e1pssver\u00f0, sver\u00f0 til v\u00edga,<br \/>hi\u00f0 mikla sver\u00f0 sem s\u00e6kir a\u00f0 \u00far \u00f6llum \u00e1ttum.<br \/> <\/span> <span class=\"ljodatexti\"> <a name=\"20\"><span class=\"versanumer_ljod\">20<\/span><\/a> Svo a\u00f0 hugrekki\u00f0 bresti <span class=\"nedan_mal\" title=\" Or\u00f0r\u00e9tt: Svo a\u00f0 hjarta\u00f0 breg\u00f0ist. \">[<\/span> <br \/>og f\u00f6llnum fj\u00f6lgi<br \/>\u00ed \u00f6llum borgarhli\u00f0um \u00feeirra<br \/>hef \u00e9g stefnt sver\u00f0inu til dr\u00e1ps.<br \/>\u00dea\u00f0 er gert til a\u00f0 leiftra,<br \/>f\u00e6gt til v\u00edga.<br \/> <\/span> <span class=\"ljodatexti\"> <a name=\"21\"><span class=\"versanumer_ljod\">21<\/span><\/a>S\u00fdndu hvassa egg, <br \/>h\u00f6gg\u00f0u til h\u00e6gri og vinstri,<br \/>h\u00f6gg\u00f0u hvert sem eggin beinist.<br \/> <\/span> <span class=\"ljodatexti\"> <a name=\"22\"><span class=\"versanumer_ljod\">22<\/span><\/a> \u00c9g mun einnig sl\u00e1 saman h\u00f6ndum<br \/>og svala heift minni.<br \/>\u00c9g, Drottinn, hef tala\u00f0. <\/span> <\/p>\n<h3 class=\"millifyrirsogn_2007\">Sver\u00f0 konungsins \u00ed Bab\u00fdlon gegn Jer\u00fasalem<\/h3>\n<p><a name=\"23\"><span class=\"versanumer_2007\">23<\/span><\/a> Or\u00f0 Drottins kom til m\u00edn: <br \/><a name=\"24\"><span class=\"versanumer_2007\">24<\/span><\/a> Mannssonur, legg\u00f0u tvo vegi sem sver\u00f0 konungsins \u00ed Bab\u00fdlon skal koma eftir. B\u00e1\u00f0ir vegirnir skulu liggja fr\u00e1 sama landi. \u00dear sem \u00feeir byrja skaltu koma fyrir vegv\u00edsi sem v\u00edsar veginn til borgar. <a name=\"25\"><span class=\"versanumer_2007\">25<\/span><\/a> V\u00edsa\u00f0u veginn sem sver\u00f0i\u00f0 \u00e1 a\u00f0 fara til Rabba, borgar Amm\u00f3n\u00edtanna, og til J\u00fada og hinnar v\u00edggirtu borgar Jer\u00fasalem. <a name=\"26\"><span class=\"versanumer_2007\">26<\/span><\/a> \u00dev\u00ed a\u00f0 konungurinn \u00ed Bab\u00fdlon stendur vi\u00f0 vegam\u00f3tin. <a name=\"27\"><span class=\"versanumer_2007\">27<\/span><\/a> Hann leita\u00f0i go\u00f0svars, hristi \u00f6rvarnar, spur\u00f0i skur\u00f0go\u00f0in, sko\u00f0a\u00f0i lifrina. \u00cd h\u00e6gri h\u00f6nd hans kom hlutur Jer\u00fasalem. \u00dear mun hann setja upp m\u00farbrj\u00f3ta, lj\u00faka upp munni og hr\u00f3pa, l\u00e1ta her\u00f3p gjalla, beina m\u00farbrj\u00f3tum gegn borgarhli\u00f0unum, gera ums\u00e1tursvirki og reisa \u00e1r\u00e1sarturna. <a name=\"28\"><span class=\"versanumer_2007\">28<\/span><\/a> En borgarb\u00faar \u00e1litu go\u00f0svari\u00f0 uppspuna \u00fev\u00ed a\u00f0 \u00feeir h\u00f6f\u00f0u tryggt \u00feig me\u00f0 ei\u00f0um. En konungur mun minna \u00fe\u00e1 \u00e1 sekt \u00feeirra og taka \u00fe\u00e1 til fanga.<br \/> <a name=\"29\"><span class=\"versanumer_2007\">29<\/span><\/a> \u00deess vegna segir Drottinn Gu\u00f0: \u00dear sem \u00fei\u00f0 minntu\u00f0 sj\u00e1lfir \u00e1 sekt ykkar me\u00f0 auglj\u00f3sum afbrotum ykkar me\u00f0 \u00fev\u00ed a\u00f0 s\u00fdna syndir ykkar \u00ed \u00f6llu sem \u00fei\u00f0 ger\u00f0u\u00f0, \u00fear sem \u00fei\u00f0 minntu\u00f0 \u00e1 \u00feetta, ver\u00f0i\u00f0 \u00fei\u00f0 teknir til fanga og beittir har\u00f0r\u00e6\u00f0i. <a name=\"30\"><span class=\"versanumer_2007\">30<\/span><\/a> Og \u00fe\u00fa, vanhelgi og gu\u00f0lausi \u00fej\u00f3\u00f0h\u00f6f\u00f0ingi \u00cdsraels, n\u00fa er dagur \u00feinn kominn, t\u00edmi lokauppgj\u00f6rs. <a name=\"31\"><span class=\"versanumer_2007\">31<\/span><\/a> Svo segir Drottinn Gu\u00f0: Burt me\u00f0 vefjarh\u00f6ttinn, ni\u00f0ur me\u00f0 k\u00f3r\u00f3nuna. Ekkert ver\u00f0ur eins og \u00fea\u00f0 var. Upp me\u00f0 hi\u00f0 l\u00e1ga, ni\u00f0ur me\u00f0 hi\u00f0 h\u00e1a. <a name=\"32\"><span class=\"versanumer_2007\">32<\/span><\/a> A\u00f0 r\u00fastum, r\u00fastum, r\u00fastum mun \u00e9g gera \u00feessa borg. \u00deetta ver\u00f0ur ekki fyrr en s\u00e1 kemur sem hefur \u00fea\u00f0 d\u00f3msvald sem \u00e9g veiti honum.<\/p>\n<h3 class=\"millifyrirsogn_2007\">Sver\u00f0 Drottins gegn Amm\u00f3n\u00edtum<\/h3>\n<p><a name=\"33\"><span class=\"versanumer_2007\">33<\/span><\/a> \u00de\u00fa, mannssonur, komdu fram sem sp\u00e1ma\u00f0ur og seg\u00f0u: Svo segir Drottinn Gu\u00f0, gegn Amm\u00f3n\u00edtum og h\u00e1\u00f0syr\u00f0um \u00feeirra. Seg\u00f0u: Sver\u00f0, sver\u00f0, brug\u00f0i\u00f0 til a\u00f0 bana, f\u00e6gt til a\u00f0 ey\u00f0a, a\u00f0 glampa sem elding. <a name=\"34\"><span class=\"versanumer_2007\">34<\/span><\/a> \u00der\u00e1tt fyrir upplognar s\u00fdnir um \u00feig, uppspunnin go\u00f0sv\u00f6r um \u00feig, um sver\u00f0 reitt a\u00f0 h\u00e1lsi gu\u00f0lausra, er dagur \u00feeirra kominn, t\u00edmi lokauppgj\u00f6rs. <a name=\"35\"><span class=\"versanumer_2007\">35<\/span><\/a> Sl\u00ed\u00f0ra\u00f0u \u00fea\u00f0 aftur. \u00c1 sta\u00f0num \u00fear sem \u00fe\u00fa varst skapa\u00f0ur, \u00ed upprunalandi \u00fe\u00ednu, mun \u00e9g d\u00e6ma \u00feig. <a name=\"36\"><span class=\"versanumer_2007\">36<\/span><\/a> \u00c9g mun \u00fathella heift minni yfir \u00feig, bl\u00e1sa \u00e1 \u00feig logandi rei\u00f0i minni og l\u00e6t \u00feig ganga \u00ed greipar hrottum sem hyggja \u00e1 ey\u00f0ingu. <a name=\"37\"><span class=\"versanumer_2007\">37<\/span><\/a> Eldsmatur skaltu ver\u00f0a, bl\u00f3\u00f0 \u00feitt skal flj\u00f3ta \u00ed landi \u00fe\u00ednu, \u00fe\u00edn ver\u00f0ur aldrei minnst framar \u00fev\u00ed a\u00f0 \u00e9g, Drottinn, hef tala\u00f0.<\/p>\n","protected":false},"excerpt":{"rendered":"<p>Sver\u00f0 Drottins 1 Or\u00f0 Drottins kom til m\u00edn: 2 Mannssonur, horf\u00f0u \u00ed su\u00f0ur og l\u00e1ttu bo\u00f0skap \u00feinn streyma gegn su\u00f0rinu, komdu fram sem sp\u00e1ma\u00f0ur og l\u00e1ttu bo\u00f0skap \u00feinn streyma gegn sk\u00f3ginum \u00ed Su\u00f0urlandinu. 3 Seg\u00f0u vi\u00f0 sk\u00f3g Su\u00f0urlandsins: Hl\u00fdddu \u00e1 or\u00f0 Drottins. Svo segir Drottinn Gu\u00f0: \u00c9g mun kveikja eld \u00ed \u00fe\u00e9r sem mun gleypa s\u00e9rhvert gr\u00e6nt og skr\u00e6lna\u00f0 tr\u00e9. Hinn logandi eldur er \u00f3sl\u00f6kkvandi og s\u00e9rhvert andlit, fr\u00e1 su\u00f0ri til nor\u00f0urs, mun svi\u00f0na \u00ed honum. 4 \u00de\u00e1 munu allir dau\u00f0legir skilja a\u00f0 \u00e9g, Drottinn, kveikti \u00feennan eld. Hann slokknar ekki. 5 \u00de\u00e1 sag\u00f0i \u00e9g: Drottinn Gu\u00f0. \u00deeir segja um <a href=\"https:\/\/biblian.is\/biblian\/esekiel-21-kafli\/\"> [&#8230;]<\/a><\/p>\n","protected":false},"author":1,"featured_media":0,"parent":0,"menu_order":0,"comment_status":"open","ping_status":"open","template":"bibliukaflar_NT.php","meta":{"footnotes":""},"class_list":["post-2440","page","type-page","status-publish","hentry"],"_links":{"self":[{"href":"https:\/\/biblian.is\/biblian\/wp-json\/wp\/v2\/pages\/2440","targetHints":{"allow":["GET"]}}],"collection":[{"href":"https:\/\/biblian.is\/biblian\/wp-json\/wp\/v2\/pages"}],"about":[{"href":"https:\/\/biblian.is\/biblian\/wp-json\/wp\/v2\/types\/page"}],"author":[{"embeddable":true,"href":"https:\/\/biblian.is\/biblian\/wp-json\/wp\/v2\/users\/1"}],"replies":[{"embeddable":true,"href":"https:\/\/biblian.is\/biblian\/wp-json\/wp\/v2\/comments?post=2440"}],"version-history":[{"count":0,"href":"https:\/\/biblian.is\/biblian\/wp-json\/wp\/v2\/pages\/2440\/revisions"}],"wp:attachment":[{"href":"https:\/\/biblian.is\/biblian\/wp-json\/wp\/v2\/media?parent=2440"}],"curies":[{"name":"wp","href":"https:\/\/api.w.org\/{rel}","templated":true}]}}