{"id":2437,"date":"2017-12-30T21:03:08","date_gmt":"2017-12-30T21:03:08","guid":{"rendered":"http:\/\/biblian.is\/biblian\/esek%c2%92el-18-kafli\/"},"modified":"2024-07-03T22:14:08","modified_gmt":"2024-07-03T22:14:08","slug":"esekiel-18-kafli","status":"publish","type":"page","link":"https:\/\/biblian.is\/biblian\/esekiel-18-kafli\/","title":{"rendered":"Esek\u00edel 18. kafli"},"content":{"rendered":"<h3 class=\"millifyrirsogn_2007\"> S\u00e9rhver er \u00e1byrgur ger\u00f0a sinna<\/h3>\n<p><a name=\"1\"><span class=\"versanumer_2007\">1<\/span><\/a> Or\u00f0 Drottins kom til m\u00edn: <a name=\"2\"><span class=\"versanumer_2007\">2<\/span><\/a> Hvernig dettur ykkur \u00ed hug a\u00f0 taka ykkur \u00feetta or\u00f0tak \u00ed munn \u00ed landi \u00cdsraels: <br \/>\u201eFe\u00f0urnir eta s\u00far v\u00ednber og synirnir f\u00e1 slj\u00f3ar tennur?\u201c <br \/> <a name=\"3\"><span class=\"versanumer_2007\">3<\/span><\/a> Svo sannarlega sem \u00e9g lifi, segir Drottinn Gu\u00f0, skal enginn ykkar taka s\u00e9r \u00feetta or\u00f0tak \u00ed munn framar \u00ed \u00cdsrael. <a name=\"4\"><span class=\"versanumer_2007\">4<\/span><\/a> L\u00edf allra manna er m\u00edn eign, l\u00edf f\u00f6\u00f0ur jafnt og l\u00edf sonar er m\u00edn eign. A\u00f0eins s\u00e1 sem syndgar skal deyja.<br \/> <a name=\"5\"><span class=\"versanumer_2007\">5<\/span><\/a> S\u00e9 einhver r\u00e9ttl\u00e1tur i\u00f0kar hann r\u00e9tt og r\u00e9ttl\u00e6ti. <a name=\"6\"><span class=\"versanumer_2007\">6<\/span><\/a> Hann heldur ekki f\u00f3rnarm\u00e1lt\u00ed\u00f0 \u00e1 fj\u00f6llum og hefur ekki upp augu s\u00edn til skur\u00f0go\u00f0a \u00cdsraelsmanna, hann sv\u00edvir\u00f0ir ekki eiginkonu n\u00e1unga s\u00edns og leggst ekki me\u00f0 konu sem hefur \u00e1 kl\u00e6\u00f0um, <a name=\"7\"><span class=\"versanumer_2007\">7<\/span><\/a> hann beitir engan ofr\u00edki, skilar skuldunauti ve\u00f0i s\u00ednu, hann fremur ekki r\u00e1n, hann gefur hungru\u00f0um mat sinn, hann sk\u00fdlir n\u00f6ktum me\u00f0 kl\u00e6\u00f0um, <a name=\"8\"><span class=\"versanumer_2007\">8<\/span><\/a> hann l\u00e1nar ekki gegn v\u00f6xtum, stundar ekki okur, hann heldur hendi sinni fr\u00e1 illum verkum, hann fellir \u00f3vilhallan \u00farskur\u00f0 \u00ed deilum manna, <a name=\"9\"><span class=\"versanumer_2007\">9<\/span><\/a> hann fer a\u00f0 l\u00f6gum m\u00ednum og breytir \u00ed \u00f6llu eftir reglum m\u00ednum og fylgir \u00feeim. Hann er r\u00e9ttl\u00e1tur. \u00deess vegna mun hann lifa, segir Drottinn Gu\u00f0.<br \/> <a name=\"10\"><span class=\"versanumer_2007\">10<\/span><\/a> Eignist \u00feessi ma\u00f0ur ofbeldishneig\u00f0an son sem \u00fathellir bl\u00f3\u00f0i og fremur eitthva\u00f0 af \u00fev\u00ed <a name=\"11\"><span class=\"versanumer_2007\">11<\/span><\/a> sem fa\u00f0ir hans l\u00e9t \u00f3gert, heldur f\u00f3rnarm\u00e1lt\u00ed\u00f0 \u00e1 fj\u00f6llum og sv\u00edvir\u00f0ir eiginkonu n\u00e1unga s\u00edns, <a name=\"12\"><span class=\"versanumer_2007\">12<\/span><\/a> beitir f\u00e1t\u00e6ka og hj\u00e1lparvana ofr\u00edki, fremur r\u00e1n, skilar skuldunauti ekki ve\u00f0i s\u00ednu, hefur augu s\u00edn upp til skur\u00f0go\u00f0a, fremur vi\u00f0urstyggilegt ath\u00e6fi, <a name=\"13\"><span class=\"versanumer_2007\">13<\/span><\/a> veitir l\u00e1n gegn v\u00f6xtum og stundar okur, \u00e1 hann a\u00f0 halda l\u00edfi? Nei, hann \u00e1 ekki a\u00f0 halda l\u00edfi. \u00dear sem hann hefur frami\u00f0 alla \u00feessa sv\u00edvir\u00f0u skal hann deyja. Bl\u00f3\u00f0 hans skal koma yfir h\u00f6fu\u00f0 hans.<br \/> <a name=\"14\"><span class=\"versanumer_2007\">14<\/span><\/a> N\u00fa eignast \u00feessi ma\u00f0ur einnig son sem s\u00e9r allar \u00fe\u00e6r syndir sem fa\u00f0ir hans dr\u00fdg\u00f0i, s\u00e9r \u00fe\u00e6r en dr\u00fdgir \u00fe\u00e6r ekki. <a name=\"15\"><span class=\"versanumer_2007\">15<\/span><\/a> Hann heldur ekki f\u00f3rnarm\u00e1lt\u00ed\u00f0 \u00e1 fj\u00f6llum, hann hefur ekki upp augu s\u00edn til skur\u00f0go\u00f0a \u00cdsraelsmanna, hann sv\u00edvir\u00f0ir ekki eiginkonu n\u00e1unga s\u00edns, <a name=\"16\"><span class=\"versanumer_2007\">16<\/span><\/a> hann beitir engan ofr\u00edki, hann krefst ekki ve\u00f0s, hann fremur ekki r\u00e1n, hann gefur hungru\u00f0um mat sinn, hann sk\u00fdlir n\u00f6ktum me\u00f0 kl\u00e6\u00f0um. <a name=\"17\"><span class=\"versanumer_2007\">17<\/span><\/a> Hann heldur hendi sinni fr\u00e1 illum verkum, tekur hvorki vexti n\u00e9 stundar okur, framfylgir reglum m\u00ednum og fer a\u00f0 l\u00f6gum m\u00ednum, \u00feessi ma\u00f0ur \u00e1 ekki a\u00f0 deyja vegna sektar f\u00f6\u00f0ur s\u00edns, hann \u00e1 a\u00f0 halda l\u00edfi. <a name=\"18\"><span class=\"versanumer_2007\">18<\/span><\/a> En fa\u00f0ir hans, sem beitti menn \u00fevingun, r\u00e6ndi og vann illvirki me\u00f0al skyldmenna sinna, hann skal deyja fyrir sekt s\u00edna.<br \/> <a name=\"19\"><span class=\"versanumer_2007\">19<\/span><\/a> Samt spyrji\u00f0 \u00fei\u00f0: \u201eHvers vegna tekur sonurinn ekki \u00e1 sig sekt f\u00f6\u00f0ur s\u00edns?\u201c \u00dear sem sonurinn hefur i\u00f0ka\u00f0 r\u00e9tt og r\u00e9ttl\u00e6ti og hefur g\u00e6tt \u00feess a\u00f0 halda \u00f6ll \u00e1kv\u00e6\u00f0i laga minna og framfylgja \u00feeim skal hann vissulega l\u00edfi halda. <a name=\"20\"><span class=\"versanumer_2007\">20<\/span><\/a> S\u00e1 ma\u00f0ur sem syndgar skal deyja. Hvorki skal sonur taka \u00e1 sig sekt f\u00f6\u00f0ur s\u00edns n\u00e9 fa\u00f0ir taka \u00e1 sig sekt sonar s\u00edns. R\u00e9ttl\u00e6ti r\u00e9ttl\u00e1ts manns skal tilreikna\u00f0 honum sj\u00e1lfum og rangl\u00e6ti gu\u00f0lauss manns skal koma ni\u00f0ur \u00e1 honum sj\u00e1lfum. <a name=\"21\"><span class=\"versanumer_2007\">21<\/span><\/a> En sn\u00fai gu\u00f0laus ma\u00f0ur fr\u00e1 \u00f6llum s\u00ednum syndum, haldi hann \u00f6ll m\u00edn l\u00f6g og geri \u00fea\u00f0 sem er r\u00e9tt og r\u00e9ttl\u00e1tt, skal hann sannarlega lifa, hann skal ekki deyja. <a name=\"22\"><span class=\"versanumer_2007\">22<\/span><\/a> Afbrotanna, sem hann framdi, ver\u00f0ur ekki minnst honum til ska\u00f0a. Hann skal lifa vegna \u00feess r\u00e9ttl\u00e6tis sem hann i\u00f0kar. <a name=\"23\"><span class=\"versanumer_2007\">23<\/span><\/a> \u00de\u00f3knast m\u00e9r dau\u00f0i hins gu\u00f0lausa? segir Drottinn Gu\u00f0. \u00de\u00f3knast m\u00e9r ekki miklu fremur a\u00f0 hann sn\u00fai fr\u00e1 breytni sinni og lifi?<br \/> <a name=\"24\"><span class=\"versanumer_2007\">24<\/span><\/a> En sn\u00fai r\u00e9ttl\u00e1tur ma\u00f0ur fr\u00e1 r\u00e9ttl\u00e6ti s\u00ednu og fremji rangl\u00e6ti og vinni \u00f6ll \u00feau s\u00f6mu vi\u00f0urstyggilegu verk og hinn gu\u00f0lausi hefur unni\u00f0, \u00e1 hann \u00fe\u00e1 a\u00f0 halda l\u00edfi? R\u00e9ttl\u00e6tisverkanna sem hann vann ver\u00f0ur ekki minnst. Vegna sviksemi sinnar og syndanna sem hann dr\u00fdg\u00f0i skal hann deyja.<br \/> <a name=\"25\"><span class=\"versanumer_2007\">25<\/span><\/a> N\u00fa segi\u00f0 \u00fei\u00f0: \u201eDrottinn breytir ekki r\u00e9tt.\u201c En hlusti\u00f0 n\u00fa, \u00cdsraelsmenn: Er \u00fea\u00f0 breytni m\u00edn sem ekki er r\u00e9tt? Eru\u00f0 \u00fea\u00f0 ekki \u00f6llu fremur \u00fei\u00f0 sem breyti\u00f0 ekki r\u00e9tt? <a name=\"26\"><span class=\"versanumer_2007\">26<\/span><\/a> \u00deegar r\u00e9ttl\u00e1tur ma\u00f0ur hverfur fr\u00e1 r\u00e9ttl\u00e6ti s\u00ednu og fremur rangl\u00e6ti og deyr hefur hann d\u00e1i\u00f0 vegna \u00feess rangl\u00e6tis sem hann framdi. <a name=\"27\"><span class=\"versanumer_2007\">27<\/span><\/a> \u00deegar gu\u00f0laus ma\u00f0ur sn\u00fdr fr\u00e1 \u00fev\u00ed rangl\u00e6ti sem hann hefur frami\u00f0 og i\u00f0kar r\u00e9tt og r\u00e9ttl\u00e6ti mun hann halda l\u00edfi. <a name=\"28\"><span class=\"versanumer_2007\">28<\/span><\/a> Hann hefur s\u00e9\u00f0 a\u00f0 s\u00e9r og sn\u00fai\u00f0 baki vi\u00f0 afbrotunum sem hann framdi. Hann skal halda l\u00edfi, hann skal ekki deyja.<br \/> <a name=\"29\"><span class=\"versanumer_2007\">29<\/span><\/a> En \u00cdsraelsmenn segja: \u201eDrottinn breytir ekki r\u00e9tt.\u201c Er \u00fea\u00f0 breytni m\u00edn sem ekki er r\u00e9tt, \u00cdsraelsmenn, eru\u00f0 \u00fea\u00f0 ekki \u00f6llu fremur \u00fei\u00f0 sem breyti\u00f0 ekki r\u00e9tt? <a name=\"30\"><span class=\"versanumer_2007\">30<\/span><\/a> \u00dev\u00ed mun \u00e9g d\u00e6ma ykkur, \u00cdsraelsmenn, s\u00e9rhvern eftir sinni breytni, segir Drottinn Gu\u00f0. Sn\u00fai\u00f0 vi\u00f0, hverfi\u00f0 fr\u00e1 \u00f6llum afbrotum ykkar svo a\u00f0 \u00feau ver\u00f0i ykkur ekki a\u00f0 falli. <a name=\"31\"><span class=\"versanumer_2007\">31<\/span><\/a> Varpi\u00f0 fr\u00e1 ykkur \u00f6llum \u00feeim afbrotum sem \u00fei\u00f0 hafi\u00f0 frami\u00f0. F\u00e1i\u00f0 ykkur n\u00fdtt hjarta og n\u00fdjan anda. Hvers vegna vilji\u00f0 \u00fei\u00f0 deyja, \u00cdsraelsmenn? <a name=\"32\"><span class=\"versanumer_2007\">32<\/span><\/a> \u00dev\u00ed a\u00f0 m\u00e9r \u00fe\u00f3knast ekki dau\u00f0i nokkurs manns, segir Drottinn Gu\u00f0. Sn\u00fai\u00f0 vi\u00f0 svo a\u00f0 \u00fei\u00f0 lifi\u00f0. <\/p>\n","protected":false},"excerpt":{"rendered":"<p>S\u00e9rhver er \u00e1byrgur ger\u00f0a sinna 1 Or\u00f0 Drottins kom til m\u00edn: 2 Hvernig dettur ykkur \u00ed hug a\u00f0 taka ykkur \u00feetta or\u00f0tak \u00ed munn \u00ed landi \u00cdsraels: \u201eFe\u00f0urnir eta s\u00far v\u00ednber og synirnir f\u00e1 slj\u00f3ar tennur?\u201c 3 Svo sannarlega sem \u00e9g lifi, segir Drottinn Gu\u00f0, skal enginn ykkar taka s\u00e9r \u00feetta or\u00f0tak \u00ed munn framar \u00ed \u00cdsrael. 4 L\u00edf allra manna er m\u00edn eign, l\u00edf f\u00f6\u00f0ur jafnt og l\u00edf sonar er m\u00edn eign. A\u00f0eins s\u00e1 sem syndgar skal deyja. 5 S\u00e9 einhver r\u00e9ttl\u00e1tur i\u00f0kar hann r\u00e9tt og r\u00e9ttl\u00e6ti. 6 Hann heldur ekki f\u00f3rnarm\u00e1lt\u00ed\u00f0 \u00e1 fj\u00f6llum og hefur ekki upp augu <a href=\"https:\/\/biblian.is\/biblian\/esekiel-18-kafli\/\"> [&#8230;]<\/a><\/p>\n","protected":false},"author":1,"featured_media":0,"parent":0,"menu_order":0,"comment_status":"open","ping_status":"open","template":"bibliukaflar_NT.php","meta":{"footnotes":""},"class_list":["post-2437","page","type-page","status-publish","hentry"],"_links":{"self":[{"href":"https:\/\/biblian.is\/biblian\/wp-json\/wp\/v2\/pages\/2437","targetHints":{"allow":["GET"]}}],"collection":[{"href":"https:\/\/biblian.is\/biblian\/wp-json\/wp\/v2\/pages"}],"about":[{"href":"https:\/\/biblian.is\/biblian\/wp-json\/wp\/v2\/types\/page"}],"author":[{"embeddable":true,"href":"https:\/\/biblian.is\/biblian\/wp-json\/wp\/v2\/users\/1"}],"replies":[{"embeddable":true,"href":"https:\/\/biblian.is\/biblian\/wp-json\/wp\/v2\/comments?post=2437"}],"version-history":[{"count":0,"href":"https:\/\/biblian.is\/biblian\/wp-json\/wp\/v2\/pages\/2437\/revisions"}],"wp:attachment":[{"href":"https:\/\/biblian.is\/biblian\/wp-json\/wp\/v2\/media?parent=2437"}],"curies":[{"name":"wp","href":"https:\/\/api.w.org\/{rel}","templated":true}]}}