{"id":2436,"date":"2017-12-30T21:03:08","date_gmt":"2017-12-30T21:03:08","guid":{"rendered":"http:\/\/biblian.is\/biblian\/esek%c2%92el-17-kafli\/"},"modified":"2024-07-03T22:14:08","modified_gmt":"2024-07-03T22:14:08","slug":"esekiel-17-kafli","status":"publish","type":"page","link":"https:\/\/biblian.is\/biblian\/esekiel-17-kafli\/","title":{"rendered":"Esek\u00edel 17. kafli"},"content":{"rendered":"<h3 class=\"millifyrirsogn_2007\"> \u00d6rninn, sedrustr\u00e9\u00f0 og v\u00ednvi\u00f0urinn<\/h3>\n<p><a name=\"1\"><span class=\"versanumer_2007\">1<\/span><\/a> Or\u00f0 Drottins kom til m\u00edn:<br \/> <a name=\"2\"><span class=\"versanumer_2007\">2<\/span><\/a> Mannssonur, far\u00f0u me\u00f0 g\u00e1tu fyrir \u00cdsraelsmenn, flyttu \u00feeim l\u00edkingu <a name=\"3\"><span class=\"versanumer_2007\">3<\/span><\/a> og seg\u00f0u: Svo segir Drottinn Gu\u00f0:<br \/> <span class=\"ljodatexti\"> St\u00f3r \u00f6rn me\u00f0 v\u00edtt v\u00e6nghaf,<br \/>mikla v\u00e6ngi og \u00fe\u00e9ttan, marglitan fja\u00f0urham<br \/>kom til L\u00edbanons og svipti toppnum af sedrustr\u00e9nu.<br \/> <\/span> <span class=\"ljodatexti\"> <a name=\"4\"><span class=\"versanumer_ljod\">4<\/span><\/a>Hann reif af h\u00e6sta sprotann <br \/>og f\u00f3r me\u00f0 hann til lands kaupah\u00e9\u00f0na,<br \/>gr\u00f3\u00f0ursetti hann \u00ed borg prangaranna. <br \/> <\/span> <span class=\"ljodatexti\"> <a name=\"5\"><span class=\"versanumer_ljod\">5<\/span><\/a>\u00de\u00e1 t\u00f3k hann einnig fr\u00e6 \u00far landinu<br \/>og s\u00e1\u00f0i \u00fev\u00ed \u00ed frj\u00f3a j\u00f6r\u00f0<br \/>\u00fear sem n\u00f3g var af vatni.<br \/> <\/span> <span class=\"ljodatexti\"> <a name=\"6\"><span class=\"versanumer_ljod\">6<\/span><\/a>Fr\u00e6i\u00f0 dafna\u00f0i, var\u00f0 a\u00f0 v\u00ednvi\u00f0i<br \/>sem \u00feroska\u00f0ist, l\u00e1gur vexti.<br \/>Hann teyg\u00f0i greinar s\u00ednar til arnarins<br \/>en r\u00e6turnar uxu ni\u00f0ur.<br \/>Hann var\u00f0 a\u00f0 v\u00ednvi\u00f0i,<br \/>mynda\u00f0i r\u00f3tarskot og bar greinar.<br \/> <\/span> <span class=\"ljodatexti\"> <a name=\"7\"><span class=\"versanumer_ljod\">7<\/span><\/a>\u00de\u00e1 bar a\u00f0 annan \u00f6rn, st\u00f3ran,<br \/>me\u00f0 miki\u00f0 v\u00e6nghaf og \u00fe\u00e9ttar fja\u00f0rir<br \/>og v\u00ednvi\u00f0urinn sneri r\u00f3tum s\u00ednum til hans<br \/>og teyg\u00f0i greinar s\u00ednar til hans<br \/>svo a\u00f0 hann fengi v\u00f6kvun,<br \/>meiri en reiturinn<br \/>sem hann var gr\u00f3\u00f0ursettur \u00ed.<br \/> <\/span> <span class=\"ljodatexti\"> <a name=\"8\"><span class=\"versanumer_ljod\">8<\/span><\/a>Samt var hann gr\u00f3\u00f0ursettur \u00ed frj\u00f3a j\u00f6r\u00f0<br \/>\u00fear sem n\u00f3g var af vatni<br \/>svo a\u00f0 hann fengi greinar,<br \/>b\u00e6ri \u00e1v\u00f6xt<br \/>og yr\u00f0i gr\u00f3skumikill v\u00ednvi\u00f0ur.<br \/> <\/span> <span class=\"ljodatexti\"> <a name=\"9\"><span class=\"versanumer_ljod\">9<\/span><\/a>Seg\u00f0u: Svo segir Drottinn Gu\u00f0:<br \/>Mun hann dafna?<br \/>Ver\u00f0ur hann ekki rifinn upp me\u00f0 r\u00f3tum,<br \/>\u00e1vextirnir slitnir af honum<br \/>svo a\u00f0 safar\u00edkur vaxtarbroddurinn visnar?<br \/>\u00de\u00e1 \u00fearf hvorki sterkan handlegg <br \/>n\u00e9 marga menn<br \/>til a\u00f0 sl\u00edta hann af r\u00f3t sinni.<br \/> <\/span> <span class=\"ljodatexti\"> <a name=\"10\"><span class=\"versanumer_ljod\">10<\/span><\/a>Hann var a\u00f0 v\u00edsu gr\u00f3\u00f0ursettur<br \/>en mun hann dafna?<br \/>Hl\u00fdtur hann ekki a\u00f0 skr\u00e6lna<br \/>\u00feegar brennheitt austanroki\u00f0 bl\u00e6s \u00e1 hann?<br \/>Hann mun visna \u00ed reitnum \u00fear sem hann \u00f3x. <\/span> <br \/> <a name=\"11\"><span class=\"versanumer_2007\">11<\/span><\/a> Or\u00f0 Drottins kom til m\u00edn: <a name=\"12\"><span class=\"versanumer_2007\">12<\/span><\/a> Seg\u00f0u n\u00fa vi\u00f0 hina \u00fever\u00fa\u00f0ugu \u00fej\u00f3\u00f0: Skilji\u00f0 \u00fei\u00f0 \u00feetta ekki? Seg\u00f0u: Konungurinn \u00ed Bab\u00fdlon kom til Jer\u00fasalem og t\u00f3k konung hennar og h\u00f6f\u00f0ingja og flutti \u00fe\u00e1 heim me\u00f0 s\u00e9r til Bab\u00fdlonar. <a name=\"13\"><span class=\"versanumer_2007\">13<\/span><\/a> \u00dev\u00ed n\u00e6st valdi hann mann af konungs\u00e6ttinni, ger\u00f0i vi\u00f0 hann samning og t\u00f3k ei\u00f0 af honum.<span class=\"nedan_mal\" title=\" Or\u00f0r\u00e9tt: flutti hann undir b\u00f6lvun.\">[<\/span> Hann t\u00f3k einnig me\u00f0 s\u00e9r lei\u00f0toga landsins <a name=\"14\"><span class=\"versanumer_2007\">14<\/span><\/a> til a\u00f0 veikja konungsvaldi\u00f0 svo a\u00f0 \u00fea\u00f0 g\u00e6ti ekki eflst a\u00f0 n\u00fdju en konungurinn h\u00e9ldi samninginn vi\u00f0 konunginn \u00ed Bab\u00fdlon og a\u00f0 samningurinn st\u00e6\u00f0i \u00ed fullu gildi. <a name=\"15\"><span class=\"versanumer_2007\">15<\/span><\/a> En konungurinn \u00ed Jer\u00fasalem ger\u00f0i uppreisn gegn konunginum \u00ed Bab\u00fdlon er hann sendi menn til Egyptalands eftir hestum og miklu li\u00f0i. Getur \u00feeim sem gerir sl\u00edkt tekist \u00fea\u00f0? Getur s\u00e1 sem r\u00fdfur samning bjargast? <a name=\"16\"><span class=\"versanumer_2007\">16<\/span><\/a> Svo sannarlega sem \u00e9g lifi, segir Drottinn Gu\u00f0, skal hann deyja \u00ed borg konungsins, sem veitti honum konungd\u00f3m, \u00fear sem hann l\u00edtilsvirti ei\u00f0inn, sem hann vann honum, og rauf samninginn vi\u00f0 hann. <a name=\"17\"><span class=\"versanumer_2007\">17<\/span><\/a> Fara\u00f3 mun ekki hj\u00e1lpa honum \u00ed str\u00ed\u00f0inu, hvorki me\u00f0 \u00f6flugum her n\u00e9 fj\u00f6lmennu li\u00f0i, \u00feegar \u00e1r\u00e1sarvirki ver\u00f0a hla\u00f0in og turnar reistir til a\u00f0 ey\u00f0a m\u00f6rgum m\u00f6nnum. <a name=\"18\"><span class=\"versanumer_2007\">18<\/span><\/a> Hann hefur l\u00edtilsvirt ei\u00f0 me\u00f0 \u00fev\u00ed a\u00f0 rj\u00fafa samning sem hann meira a\u00f0 segja handsala\u00f0i. Allt \u00feetta hefur hann gert og mun ekki bjargast. <br \/> <a name=\"19\"><span class=\"versanumer_2007\">19<\/span><\/a> \u00deess vegna segir Drottinn Gu\u00f0: Svo sannarlega sem \u00e9g lifi mun \u00e9g l\u00e1ta ei\u00f0 minn, sem hann l\u00edtilsvirti, og samning minn, sem hann braut, koma honum \u00ed koll. <a name=\"20\"><span class=\"versanumer_2007\">20<\/span><\/a> \u00c9g mun \u00feenja net mitt yfir hann og hann mun festast \u00ed vei\u00f0arf\u00e6ri m\u00ednu. S\u00ed\u00f0an mun \u00e9g flytja hann til Bab\u00fdlonar. \u00dear mun \u00e9g koma fyrir r\u00e9tt \u00e1samt honum vegna sviksemi hans vi\u00f0 mig. <a name=\"21\"><span class=\"versanumer_2007\">21<\/span><\/a> Allar \u00farvalssveitir hans munu falla fyrir sver\u00f0i og a\u00f0rar hersveitir hans. \u00deeim af li\u00f0i hans sem af komast mun dreift \u00ed vindinn. \u00de\u00e1 munu\u00f0 \u00fei\u00f0 skilja a\u00f0 \u00e9g, Drottinn, hef tala\u00f0.<br \/> <a name=\"22\"><span class=\"versanumer_2007\">22<\/span><\/a> Svo segir Drottinn Gu\u00f0: \u00c9g mun sj\u00e1lfur svipta burt efstu greinunum \u00e1 hinu h\u00e1a sedrustr\u00e9. \u00c9g mun brj\u00f3ta af efsta brumkvistinum og sj\u00e1lfur gr\u00f3\u00f0ursetja hann \u00e1 h\u00e1u og gn\u00e6fandi fjalli. <a name=\"23\"><span class=\"versanumer_2007\">23<\/span><\/a> \u00c9g mun gr\u00f3\u00f0ursetja hann \u00e1 h\u00e6sta fjalli \u00cdsraels og hann mun skj\u00f3ta greinum og bera \u00e1v\u00f6xt og ver\u00f0a voldugt sedrustr\u00e9. Hvers kyns fuglar munu setjast a\u00f0 \u00ed \u00fev\u00ed og alls kyns v\u00e6ngju\u00f0 d\u00fdr finna s\u00e9r skj\u00f3l \u00ed skugga greina \u00feess. <a name=\"24\"><span class=\"versanumer_2007\">24<\/span><\/a> \u00de\u00e1 munu \u00f6ll tr\u00e9n \u00e1 sl\u00e9ttlendinu komast a\u00f0 raun um a\u00f0 \u00e9g er Drottinn:<br \/> <span class=\"ljodatexti\"> \u00c9g l\u00e6kka hi\u00f0 h\u00e1a tr\u00e9,<br \/>h\u00e6kka hi\u00f0 l\u00e1ga.<br \/>\u00c9g l\u00e6t hi\u00f0 gr\u00e6na tr\u00e9 \u00feorna,<br \/>hi\u00f0 visna l\u00e6t \u00e9g bl\u00f3mgast.<br \/>\u00c9g, Drottinn, hef tala\u00f0 og mun gera \u00fea\u00f0 sem \u00e9g sag\u00f0i. <\/span> <\/p>\n","protected":false},"excerpt":{"rendered":"<p>\u00d6rninn, sedrustr\u00e9\u00f0 og v\u00ednvi\u00f0urinn 1 Or\u00f0 Drottins kom til m\u00edn: 2 Mannssonur, far\u00f0u me\u00f0 g\u00e1tu fyrir \u00cdsraelsmenn, flyttu \u00feeim l\u00edkingu 3 og seg\u00f0u: Svo segir Drottinn Gu\u00f0: St\u00f3r \u00f6rn me\u00f0 v\u00edtt v\u00e6nghaf,mikla v\u00e6ngi og \u00fe\u00e9ttan, marglitan fja\u00f0urhamkom til L\u00edbanons og svipti toppnum af sedrustr\u00e9nu. 4Hann reif af h\u00e6sta sprotann og f\u00f3r me\u00f0 hann til lands kaupah\u00e9\u00f0na,gr\u00f3\u00f0ursetti hann \u00ed borg prangaranna. 5\u00de\u00e1 t\u00f3k hann einnig fr\u00e6 \u00far landinuog s\u00e1\u00f0i \u00fev\u00ed \u00ed frj\u00f3a j\u00f6r\u00f0\u00fear sem n\u00f3g var af vatni. 6Fr\u00e6i\u00f0 dafna\u00f0i, var\u00f0 a\u00f0 v\u00ednvi\u00f0isem \u00feroska\u00f0ist, l\u00e1gur vexti.Hann teyg\u00f0i greinar s\u00ednar til arnarinsen r\u00e6turnar uxu ni\u00f0ur.Hann var\u00f0 a\u00f0 v\u00ednvi\u00f0i,mynda\u00f0i r\u00f3tarskot og bar greinar. <a href=\"https:\/\/biblian.is\/biblian\/esekiel-17-kafli\/\"> [&#8230;]<\/a><\/p>\n","protected":false},"author":1,"featured_media":0,"parent":0,"menu_order":0,"comment_status":"open","ping_status":"open","template":"bibliukaflar_NT.php","meta":{"footnotes":""},"class_list":["post-2436","page","type-page","status-publish","hentry"],"_links":{"self":[{"href":"https:\/\/biblian.is\/biblian\/wp-json\/wp\/v2\/pages\/2436","targetHints":{"allow":["GET"]}}],"collection":[{"href":"https:\/\/biblian.is\/biblian\/wp-json\/wp\/v2\/pages"}],"about":[{"href":"https:\/\/biblian.is\/biblian\/wp-json\/wp\/v2\/types\/page"}],"author":[{"embeddable":true,"href":"https:\/\/biblian.is\/biblian\/wp-json\/wp\/v2\/users\/1"}],"replies":[{"embeddable":true,"href":"https:\/\/biblian.is\/biblian\/wp-json\/wp\/v2\/comments?post=2436"}],"version-history":[{"count":0,"href":"https:\/\/biblian.is\/biblian\/wp-json\/wp\/v2\/pages\/2436\/revisions"}],"wp:attachment":[{"href":"https:\/\/biblian.is\/biblian\/wp-json\/wp\/v2\/media?parent=2436"}],"curies":[{"name":"wp","href":"https:\/\/api.w.org\/{rel}","templated":true}]}}