{"id":2435,"date":"2017-12-30T21:03:08","date_gmt":"2017-12-30T21:03:08","guid":{"rendered":"http:\/\/biblian.is\/biblian\/esek%c2%92el-16-kafli\/"},"modified":"2024-07-03T22:14:08","modified_gmt":"2024-07-03T22:14:08","slug":"esekiel-16-kafli","status":"publish","type":"page","link":"https:\/\/biblian.is\/biblian\/esekiel-16-kafli\/","title":{"rendered":"Esek\u00edel 16. kafli"},"content":{"rendered":"<h3 class=\"millifyrirsogn_2007\"> \u00d3tr\u00fa eiginkona<\/h3>\n<p><a name=\"1\"><span class=\"versanumer_2007\">1<\/span><\/a> Or\u00f0 Drottins kom til m\u00edn:<br \/> <a name=\"2\"><span class=\"versanumer_2007\">2<\/span><\/a> Mannssonur, leiddu Jer\u00fasalem andstyggilega breytni hennar fyrir sj\u00f3nir <a name=\"3\"><span class=\"versanumer_2007\">3<\/span><\/a> og seg\u00f0u: Svo segir Drottinn Gu\u00f0 vi\u00f0 Jer\u00fasalem: \u00de\u00fa \u00e1tt \u00e6tt og uppruna \u00ed landi Kanverja. Fa\u00f0ir \u00feinn var Amor\u00edti en m\u00f3\u00f0ir \u00fe\u00edn Het\u00edti. <a name=\"4\"><span class=\"versanumer_2007\">4<\/span><\/a> \u00dea\u00f0 er a\u00f0 segja af f\u00e6\u00f0ingu \u00feinni a\u00f0 daginn sem \u00fe\u00fa f\u00e6ddist var hvorki skori\u00f0 \u00e1 naflastreng \u00feinn n\u00e9 \u00fe\u00fa b\u00f6\u00f0u\u00f0 \u00ed vatni, ekki n\u00fain salti og ekki vafin reifum. <a name=\"5\"><span class=\"versanumer_2007\">5<\/span><\/a> Enginn leit til \u00fe\u00edn v\u00e6g\u00f0arauga e\u00f0a haf\u00f0i n\u00e6ga sam\u00fa\u00f0 me\u00f0 \u00fe\u00e9r til a\u00f0 gera \u00fe\u00e9r neitt af \u00feessu til g\u00f3\u00f0a. \u00devert \u00e1 m\u00f3ti var \u00fe\u00e9r hent \u00fat \u00e1 berangur, svo l\u00edtils var l\u00edf \u00feitt meti\u00f0 daginn sem \u00fe\u00fa f\u00e6ddist.<br \/> <a name=\"6\"><span class=\"versanumer_2007\">6<\/span><\/a> \u00de\u00e1 gekk \u00e9g fram \u00e1 \u00feig og s\u00e1 \u00feig sprikla \u00ed bl\u00f3\u00f0i \u00fe\u00ednu. \u00de\u00e1 sag\u00f0i \u00e9g vi\u00f0 \u00feig \u00fear sem \u00fe\u00fa l\u00e1st albl\u00f3\u00f0ug: Lif\u00f0u <a name=\"7\"><span class=\"versanumer_2007\">7<\/span><\/a> og dafna\u00f0u. \u00c9g ger\u00f0i \u00feig eins og bl\u00f3m \u00ed haga. \u00de\u00fa \u00f3xt \u00far grasi og var\u00f0st gjafvaxta. Brj\u00f3stin ur\u00f0u stinn og h\u00e1r \u00feitt \u00f3x en nakin varstu og kl\u00e6\u00f0laus sem fyrr. <a name=\"8\"><span class=\"versanumer_2007\">8<\/span><\/a> \u00de\u00e1 var\u00f0 m\u00e9r aftur gengi\u00f0 fram \u00e1 \u00feig og \u00feegar \u00e9g virti \u00feig fyrir m\u00e9r s\u00e1 \u00e9g a\u00f0 \u00feinn t\u00edmi var kominn, t\u00edmi til \u00e1sta. \u00c9g breiddi k\u00e1pulaf mitt yfir \u00feig og huldi nekt \u00fe\u00edna. \u00c9g vann \u00fe\u00e9r ei\u00f0 og ger\u00f0i vi\u00f0 \u00feig s\u00e1ttm\u00e1la, segir Drottinn Gu\u00f0, og \u00fe\u00fa var\u00f0st m\u00edn. <a name=\"9\"><span class=\"versanumer_2007\">9<\/span><\/a> \u00dev\u00ed n\u00e6st ba\u00f0a\u00f0i \u00e9g \u00feig \u00far vatni, \u00fevo\u00f0i af \u00fe\u00e9r bl\u00f3\u00f0i\u00f0 og smur\u00f0i \u00feig ol\u00edu, <a name=\"10\"><span class=\"versanumer_2007\">10<\/span><\/a> bj\u00f3 \u00feig skartkl\u00e6\u00f0um, setti \u00e1 \u00feig ilsk\u00f3 \u00far d\u00fdrindis le\u00f0ri,<span class=\"nedan_mal\" title=\" Or\u00f0r\u00e9tt: takasle\u00f0ri, sbr. 2M\u00f3s 25.5. \">[<\/span> sveipa\u00f0i \u00feig l\u00edni og hj\u00fapa\u00f0i \u00feig silki. <a name=\"11\"><span class=\"versanumer_2007\">11<\/span><\/a> \u00c9g skreytti \u00feig skarti, dr\u00f3 armb\u00f6nd \u00e1 handleggi \u00fe\u00edna og lag\u00f0i men um h\u00e1ls \u00fe\u00e9r, <a name=\"12\"><span class=\"versanumer_2007\">12<\/span><\/a> setti hring \u00ed nasir \u00fe\u00e9r, eyrnahringi \u00ed eyru \u00fe\u00e9r og setti d\u00fdrindis dj\u00e1sn \u00e1 h\u00f6fu\u00f0 \u00fe\u00e9r. <a name=\"13\"><span class=\"versanumer_2007\">13<\/span><\/a> \u00de\u00fa skreyttir \u00feig gulli og silfri og kl\u00e6ddist l\u00edni, silki og skrautvefna\u00f0i, \u00fe\u00fa haf\u00f0ir f\u00ednmala\u00f0 mj\u00f6l, hunang og ol\u00edu til matar og \u00fe\u00fa varst \u00e6gif\u00f6gur og hlaust jafnvel drottningartign. <a name=\"14\"><span class=\"versanumer_2007\">14<\/span><\/a> Or\u00f0r\u00f3murinn um fegur\u00f0 \u00fe\u00edna barst til framandi \u00fej\u00f3\u00f0a \u00fev\u00ed a\u00f0 h\u00fan var\u00f0 fullkomin vegna skartsins sem \u00e9g haf\u00f0i sett \u00e1 \u00feig, segir Drottinn Gu\u00f0.<br \/> <a name=\"15\"><span class=\"versanumer_2007\">15<\/span><\/a> En \u00fe\u00fa reiddir \u00feig \u00e1 fegur\u00f0 \u00fe\u00edna og or\u00f0i\u00f0 sem af \u00fe\u00e9r f\u00f3r og h\u00f3fst a\u00f0 stunda sk\u00e6kjulifna\u00f0 og \u00fer\u00f6ngva\u00f0ir h\u00f3rd\u00f3mi \u00fe\u00ednum upp \u00e1 hvern \u00feann sem \u00e1tti lei\u00f0 um og \u00fe\u00fa var\u00f0st hans. <a name=\"16\"><span class=\"versanumer_2007\">16<\/span><\/a> Og af sumum skartkl\u00e6\u00f0a \u00feinna ger\u00f0ir \u00fe\u00fa \u00fe\u00e9r marglitar f\u00f3rnarh\u00e6\u00f0ir og h\u00f3ra\u00f0ist \u00e1 \u00feeim.<span class=\"nedan_mal\" title=\" E.t.v. er \u00e1tt vi\u00f0 mislit tj\u00f6ld bl\u00f3tsta\u00f0a \u00e1 f\u00f3rnarh\u00e6\u00f0um.\">[<\/span> <a name=\"17\"><span class=\"versanumer_2007\">17<\/span><\/a> \u00de\u00fa t\u00f3kst gersemar \u00fe\u00ednar, sem voru \u00far gulli m\u00ednu og silfri og \u00e9g haf\u00f0i gefi\u00f0 \u00fe\u00e9r, og ger\u00f0ir \u00far \u00feeim l\u00edkneski af karlm\u00f6nnum og h\u00f3ra\u00f0ist me\u00f0 \u00feeim. <a name=\"18\"><span class=\"versanumer_2007\">18<\/span><\/a> \u00de\u00fa t\u00f3kst einnig skrautkl\u00e6\u00f0i \u00fe\u00edn og lag\u00f0ir \u00feau yfir l\u00edkneskin og settir einnig ol\u00edu m\u00edna og reykelsi fram fyrir \u00feau. <a name=\"19\"><span class=\"versanumer_2007\">19<\/span><\/a> Matinn, sem \u00e9g gaf \u00fe\u00e9r, mat \u00far f\u00ednm\u00f6lu\u00f0u mj\u00f6li, ol\u00edu og hunangi, sem \u00e9g gaf \u00fe\u00e9r a\u00f0 eta, barst \u00fe\u00fa fram fyrir \u00feessi l\u00edkneski sem \u00feekkan f\u00f3rnarilm. J\u00e1, \u00feannig var \u00fea\u00f0, segir Drottinn Gu\u00f0. <a name=\"20\"><span class=\"versanumer_2007\">20<\/span><\/a> \u00de\u00fa t\u00f3kst synina og d\u00e6turnar sem \u00fe\u00fa f\u00e6ddir m\u00e9r og f\u00e6r\u00f0ir l\u00edkneskjunum \u00ed sl\u00e1turf\u00f3rnir til matar. N\u00e6g\u00f0i h\u00f3rd\u00f3mur \u00feinn ekki? <a name=\"21\"><span class=\"versanumer_2007\">21<\/span><\/a> \u00deurftir \u00fe\u00fa l\u00edka a\u00f0 sl\u00e1tra sonum \u00fe\u00ednum og f\u00e6ra \u00fe\u00e1 skur\u00f0go\u00f0unum a\u00f0 f\u00f3rn me\u00f0 \u00fev\u00ed a\u00f0 l\u00e1ta \u00fe\u00e1 ganga \u00ed gegnum eld? <a name=\"22\"><span class=\"versanumer_2007\">22<\/span><\/a> En \u00ed \u00f6llum \u00f3d\u00e6\u00f0isverkum \u00fe\u00ednum og h\u00f3rd\u00f3mi minntist \u00fe\u00fa ekki bernskudaga \u00feinna \u00feegar \u00fe\u00fa varst nakin og kl\u00e6\u00f0laus og sprikla\u00f0ir \u00ed bl\u00f3\u00f0i \u00fe\u00ednu. <a name=\"23\"><span class=\"versanumer_2007\">23<\/span><\/a> Eftir \u00f6ll \u00feessi illvirki, vei, vei \u00fe\u00e9r, segir Drottinn Gu\u00f0, <a name=\"24\"><span class=\"versanumer_2007\">24<\/span><\/a> reistir \u00fe\u00fa stall og ger\u00f0ir \u00fe\u00e9r f\u00f3rnarh\u00e6\u00f0 vi\u00f0 hvert torg <a name=\"25\"><span class=\"versanumer_2007\">25<\/span><\/a> og f\u00f3rnarh\u00e6\u00f0ir vi\u00f0 hvert g\u00f6tuhorn. \u00de\u00fa afskr\u00e6mdir fegur\u00f0 \u00fe\u00edna og glenntir sundur f\u00e6tur \u00fe\u00edna fyrir hvern sem \u00e1tti lei\u00f0 um. \u00de\u00fa j\u00f3kst h\u00f3rd\u00f3m \u00feinn <a name=\"26\"><span class=\"versanumer_2007\">26<\/span><\/a> og h\u00f3ra\u00f0ist me\u00f0 Egyptum, hinum hre\u00f0jamiklu n\u00e1gr\u00f6nnum \u00fe\u00ednum, og reittir mig til rei\u00f0i me\u00f0 s\u00edauknum h\u00f3rd\u00f3mi \u00fe\u00ednum.<br \/> <a name=\"27\"><span class=\"versanumer_2007\">27<\/span><\/a> \u00de\u00e1 r\u00e9tti \u00e9g \u00fat h\u00f6nd m\u00edna gegn \u00fe\u00e9r og sneiddi nokku\u00f0 af r\u00e9ttm\u00e6tri eign \u00feinni. S\u00ed\u00f0an ofurseldi \u00e9g \u00feig gr\u00e6\u00f0gi d\u00e6tra Filistea sem h\u00f6tu\u00f0u \u00feig og sem hneykslast h\u00f6f\u00f0u \u00e1 sk\u00e6kjul\u00edferni \u00fe\u00ednu. <a name=\"28\"><span class=\"versanumer_2007\">28<\/span><\/a> \u00de\u00fa h\u00f3ra\u00f0ist einnig me\u00f0 Ass\u00fdr\u00edum\u00f6nnum \u00fear sem \u00fe\u00fa haf\u00f0ir ekki fengi\u00f0 n\u00e6gju \u00fe\u00edna. \u00de\u00fa h\u00f3ra\u00f0ist me\u00f0 \u00feeim, f\u00e9kkst samt ekki n\u00f3g. <a name=\"29\"><span class=\"versanumer_2007\">29<\/span><\/a> \u00de\u00fa j\u00f3kst h\u00f3rd\u00f3m \u00feinn allt til Kaldeu, til lands kaupah\u00e9\u00f0nanna, en \u00fea\u00f0 var\u00f0 \u00fe\u00e9r ekki n\u00f3g. <a name=\"30\"><span class=\"versanumer_2007\">30<\/span><\/a> Hve s\u00f3ttheitt var hjarta \u00feitt, segir Drottinn Gu\u00f0, \u00feegar \u00fe\u00fa ger\u00f0ir allt \u00feetta og breyttir eins og argasta h\u00f3ra. <a name=\"31\"><span class=\"versanumer_2007\">31<\/span><\/a> \u00de\u00fa reistir stall \u00feinn vi\u00f0 hvert g\u00f6tuhorn og ger\u00f0ir \u00fe\u00e9r f\u00f3rnarh\u00e6\u00f0 vi\u00f0 hvert torg. En \u00fe\u00fa varst samt ekki eins og sk\u00e6kja \u00fear sem \u00fe\u00fa forsm\u00e1\u00f0ir sk\u00e6kjulaunin. <a name=\"32\"><span class=\"versanumer_2007\">32<\/span><\/a> Kona, sem dr\u00fdgir h\u00f3r, tekur annan mann \u00ed sta\u00f0 eiginmanns s\u00edns. <a name=\"33\"><span class=\"versanumer_2007\">33<\/span><\/a> \u00d6llum sk\u00e6kjum er greitt gjald en \u00fe\u00fa gafst \u00e1stm\u00f6nnum \u00fe\u00ednum gjafir, barst \u00e1 \u00fe\u00e1 f\u00e9 svo a\u00f0 \u00feeir k\u00e6mu til \u00fe\u00edn hva\u00f0an\u00e6va til a\u00f0 h\u00f3rast me\u00f0 \u00fe\u00e9r. <a name=\"34\"><span class=\"versanumer_2007\">34<\/span><\/a> H\u00f3rd\u00f3mur \u00feinn var me\u00f0 allt \u00f6\u00f0rum h\u00e6tti en annarra kvenna \u00fev\u00ed a\u00f0 ekki var leita\u00f0 \u00e1 \u00feig til fylgilags, \u00fe\u00fa greiddir fri\u00f0ilslaun en \u00fe\u00e9r voru ekki greidd sk\u00e6kjulaun. \u00deannig var atferli \u00feitt ger\u00f3l\u00edkt atferli annarra. <br \/> <a name=\"35\"><span class=\"versanumer_2007\">35<\/span><\/a> Hlusta\u00f0u \u00fev\u00ed, h\u00f3ra, \u00e1 \u00farskur\u00f0 Drottins. <a name=\"36\"><span class=\"versanumer_2007\">36<\/span><\/a> Svo segir Drottinn Gu\u00f0: \u00dear sem \u00fe\u00fa hefur bera\u00f0 blyg\u00f0un \u00fe\u00edna og svipt nekt \u00fe\u00edna kl\u00e6\u00f0um \u00feegar \u00fe\u00fa h\u00f3ra\u00f0ist me\u00f0 \u00e1stm\u00f6nnum \u00fe\u00ednum og \u00f6llum \u00fe\u00ednum vi\u00f0bj\u00f3\u00f0slegu skur\u00f0go\u00f0um og \u00fear sem \u00fe\u00fa \u00fathellir bl\u00f3\u00f0i barna \u00feinna handa \u00feeim <a name=\"37\"><span class=\"versanumer_2007\">37<\/span><\/a> safna \u00e9g n\u00fa saman \u00f6llum \u00e1stm\u00f6nnum \u00fe\u00ednum, sem \u00fe\u00fa girntist, b\u00e6\u00f0i \u00feeim sem \u00fe\u00fa elska\u00f0ir og hinum sem \u00fe\u00fa hata\u00f0ir. \u00c9g safna \u00feeim saman \u00far \u00f6llum \u00e1ttum og bera blyg\u00f0un \u00fe\u00edna fyrir \u00feeim svo a\u00f0 \u00feeir sj\u00e1i \u00feig \u00ed allri \u00feinni nekt. <a name=\"38\"><span class=\"versanumer_2007\">38<\/span><\/a> \u00dev\u00ed n\u00e6st kve\u00f0 \u00e9g upp d\u00f3m yfir \u00fe\u00e9r samkv\u00e6mt \u00e1kv\u00e6\u00f0um um konur sem fremja hj\u00faskaparbrot og mor\u00f0. \u00c9g mun gjalda \u00fe\u00e9r me\u00f0 bl\u00f3\u00f0i, heift og afbr\u00fd\u00f0i. <a name=\"39\"><span class=\"versanumer_2007\">39<\/span><\/a> \u00de\u00e1 sel \u00e9g \u00feig fri\u00f0lum \u00fe\u00ednum \u00ed hendur. \u00deeir munu brj\u00f3ta ni\u00f0ur stalla \u00fe\u00edna og r\u00edfa ni\u00f0ur f\u00f3rnarh\u00e6\u00f0ir \u00fe\u00ednar, reyta af \u00fe\u00e9r f\u00f6tin, svipta \u00feig d\u00fdrindis skarti \u00fe\u00ednu og skilja \u00feig eftir nakta og kl\u00e6\u00f0lausa. <a name=\"40\"><span class=\"versanumer_2007\">40<\/span><\/a> \u00deeir munu einnig senda m\u00fag manna gegn \u00fe\u00e9r sem mun gr\u00fdta \u00feig og h\u00f6ggva \u00feig \u00ed sundur me\u00f0 sver\u00f0um s\u00ednum. <a name=\"41\"><span class=\"versanumer_2007\">41<\/span><\/a> \u00deeir munu brenna h\u00fas \u00fe\u00edn og fulln\u00e6gja refsid\u00f3mum yfir \u00fe\u00e9r \u00ed augs\u00fdn margra kvenna. \u00deannig bind \u00e9g enda \u00e1 h\u00f3rd\u00f3m \u00feinn og \u00fe\u00fa munt ekki grei\u00f0a fri\u00f0ilslaun framar.<br \/> <a name=\"42\"><span class=\"versanumer_2007\">42<\/span><\/a> \u00deegar \u00e9g hef svala\u00f0 rei\u00f0i minni \u00e1 \u00fe\u00e9r mun afbr\u00fd\u00f0i m\u00edn hverfa. \u00c9g mun hlj\u00f3ta fri\u00f0 og ekki rei\u00f0ast framar. <a name=\"43\"><span class=\"versanumer_2007\">43<\/span><\/a> \u00dear sem \u00fe\u00fa minntist ekki bernskudaga \u00feinna og vaktir rei\u00f0i m\u00edna me\u00f0 \u00f6llu \u00feessu l\u00e6t \u00e9g breytni \u00fe\u00edna koma \u00fe\u00e9r \u00ed koll, segir Drottinn Gu\u00f0. Hefur\u00f0u ekki frami\u00f0 a\u00f0ra sv\u00edvir\u00f0u ofan \u00e1 \u00f6nnur vi\u00f0bj\u00f3\u00f0sleg verk \u00fe\u00edn?<br \/> <a name=\"44\"><span class=\"versanumer_2007\">44<\/span><\/a> S\u00e1 sem talar um \u00feig \u00ed m\u00e1lsh\u00e1ttum hl\u00fdtur a\u00f0 segja: \u201eM\u00e6r er jafnan m\u00f3\u00f0ur l\u00edk.\u201c <a name=\"45\"><span class=\"versanumer_2007\">45<\/span><\/a> \u00de\u00fa ert d\u00f3ttir m\u00f3\u00f0ur \u00feinnar sem haf\u00f0i andstygg\u00f0 \u00e1 eiginmanni s\u00ednum og b\u00f6rnum og \u00fe\u00fa ert systir systra \u00feinna sem h\u00f6f\u00f0u andstygg\u00f0 \u00e1 eiginm\u00f6nnum s\u00ednum og b\u00f6rnum. M\u00f3\u00f0ir ykkar var Het\u00edti og fa\u00f0ir ykkar Amor\u00edti. <a name=\"46\"><span class=\"versanumer_2007\">46<\/span><\/a> Eldri systir \u00fe\u00edn er Samar\u00eda, sem b\u00fdr me\u00f0 d\u00e6trum s\u00ednum nor\u00f0an vi\u00f0 \u00feig, og yngri systir \u00fe\u00edn er S\u00f3d\u00f3ma sem b\u00fdr sunnan vi\u00f0 \u00feig \u00e1samt d\u00e6trum s\u00ednum. <a name=\"47\"><span class=\"versanumer_2007\">47<\/span><\/a> En \u00fe\u00fa breyttir ekki a\u00f0eins eins og \u00fe\u00e6r og framdir s\u00f6mu sv\u00edvir\u00f0ingar og \u00fe\u00e6r, heldur t\u00f3kst \u00fe\u00fa \u00feeim flj\u00f3tlega fram \u00ed spilltu l\u00edferni. <a name=\"48\"><span class=\"versanumer_2007\">48<\/span><\/a> Svo sannarlega sem \u00e9g lifi, segir Drottinn Gu\u00f0, S\u00f3d\u00f3ma systir \u00fe\u00edn og d\u00e6tur hennar hafa aldrei gert \u00fea\u00f0 sem \u00fe\u00fa og d\u00e6tur \u00fe\u00ednar hafa gert. <a name=\"49\"><span class=\"versanumer_2007\">49<\/span><\/a> Sekt S\u00f3d\u00f3mu, systur \u00feinnar, var a\u00f0 h\u00fan og d\u00e6tur hennar lif\u00f0u \u00ed allsn\u00e6gtum og bjuggu \u00ed makindum en r\u00e9ttu hinum f\u00e1t\u00e6ku og hj\u00e1lparlausu ekki hj\u00e1lparh\u00f6nd. <a name=\"50\"><span class=\"versanumer_2007\">50<\/span><\/a> \u00de\u00e6r ur\u00f0u drambsamar og unnu vi\u00f0bj\u00f3\u00f0sleg verk frammi fyrir m\u00e9r. \u00deess vegna hafna\u00f0i \u00e9g \u00feeim eins og \u00fe\u00fa hefur s\u00e9\u00f0. <a name=\"51\"><span class=\"versanumer_2007\">51<\/span><\/a> Samar\u00eda hefur ekki einu sinni dr\u00fdgt helminginn af \u00fe\u00ednum syndum. \u00de\u00fa hefur unni\u00f0 miklu fleiri vi\u00f0bj\u00f3\u00f0sleg verk en b\u00e1\u00f0ar systur \u00fe\u00ednar. Vegna allra \u00feeirra vi\u00f0bj\u00f3\u00f0slegu verka sem \u00fe\u00fa hefur unni\u00f0 vir\u00f0ast systur \u00fe\u00ednar r\u00e9ttl\u00e1tar. <a name=\"52\"><span class=\"versanumer_2007\">52<\/span><\/a> Sj\u00e1lf m\u00e1ttu bera sm\u00e1n \u00fe\u00edna. \u00de\u00fa hefur veitt systrum \u00fe\u00ednum uppreisn \u00e6ru me\u00f0 syndum \u00fe\u00ednum sem eru vi\u00f0bj\u00f3\u00f0slegri en \u00feeirra svo a\u00f0 \u00fe\u00e6r vir\u00f0ast r\u00e9ttl\u00e1tari en \u00fe\u00fa. Skammastu \u00fe\u00edn og ber\u00f0u \u00fe\u00e1 hneisu a\u00f0 hafa s\u00fdnt fram \u00e1 a\u00f0 systur \u00fe\u00ednar eru r\u00e9ttl\u00e1tari en \u00fe\u00fa.<br \/> <a name=\"53\"><span class=\"versanumer_2007\">53<\/span><\/a> En \u00e9g mun sn\u00faa h\u00f6gum \u00feeirra, h\u00f6gum S\u00f3d\u00f3mu og d\u00e6tra hennar og h\u00f6gum Samar\u00edu og d\u00e6tra hennar og h\u00f6gum \u00fe\u00ednum sem ert \u00e1 milli \u00feeirra <a name=\"54\"><span class=\"versanumer_2007\">54<\/span><\/a> svo a\u00f0 \u00fe\u00fa takir sm\u00e1n \u00fe\u00edna \u00e1 \u00feig og fyrirver\u00f0ir \u00feig fyrir allt sem \u00fe\u00fa hefur gert og var\u00f0 \u00feeim til huggunar. <a name=\"55\"><span class=\"versanumer_2007\">55<\/span><\/a> Systir \u00fe\u00edn, S\u00f3d\u00f3ma, og d\u00e6tur hennar skulu ver\u00f0a aftur eins og \u00e1\u00f0ur og systir \u00fe\u00edn, Samar\u00eda, og d\u00e6tur hennar skulu ver\u00f0a aftur eins og \u00e1\u00f0ur og \u00fe\u00fa sj\u00e1lf og d\u00e6tur \u00fe\u00ednar skulu\u00f0 ver\u00f0a eins og \u00e1\u00f0ur.<br \/> <a name=\"56\"><span class=\"versanumer_2007\">56<\/span><\/a> R\u00e6g\u00f0ir \u00fe\u00fa ekki S\u00f3d\u00f3mu systur \u00fe\u00edna \u00e1 velmektard\u00f6gum \u00fe\u00ednum <a name=\"57\"><span class=\"versanumer_2007\">57<\/span><\/a> \u00e1\u00f0ur en illska \u00fe\u00edn var afhj\u00fapu\u00f0? N\u00fa l\u00edtilsvir\u00f0a konur Ed\u00f3m\u00edta \u00feig og allir n\u00e1grannar \u00feeirra og konur Filistea sem fyrirl\u00edta \u00feig. <a name=\"58\"><span class=\"versanumer_2007\">58<\/span><\/a> \u00de\u00fa ver\u00f0ur a\u00f0 taka aflei\u00f0ingum skammarlegrar heg\u00f0unar \u00feinnar og vi\u00f0bj\u00f3\u00f0slegra verka.<br \/> <a name=\"59\"><span class=\"versanumer_2007\">59<\/span><\/a> \u00dev\u00ed a\u00f0 svo segir Drottinn Gu\u00f0: \u00c9g geri \u00fe\u00e9r \u00fea\u00f0 sem \u00fe\u00fa hefur gert, \u00fe\u00fa sem haf\u00f0ir ei\u00f0inn a\u00f0 engu og raufst s\u00e1ttm\u00e1lann. <a name=\"60\"><span class=\"versanumer_2007\">60<\/span><\/a> En \u00e9g mun minnast s\u00e1ttm\u00e1la m\u00edns vi\u00f0 \u00feig fr\u00e1 bernskud\u00f6gum \u00fe\u00ednum og \u00e9g mun gera vi\u00f0 \u00feig \u00e6varandi s\u00e1ttm\u00e1la. <a name=\"61\"><span class=\"versanumer_2007\">61<\/span><\/a> \u00de\u00e1 muntu minnast breytni \u00feinnar og skammast \u00fe\u00edn \u00feegar \u00e9g veiti systrum \u00fe\u00ednum s\u00e6md, b\u00e6\u00f0i \u00feeim eldri og hinum yngri. \u00c9g gef \u00fe\u00e9r \u00fe\u00e6r a\u00f0 d\u00e6trum, \u00fe\u00f3 ekki vegna s\u00e1ttm\u00e1lans vi\u00f0 \u00feig. <a name=\"62\"><span class=\"versanumer_2007\">62<\/span><\/a> \u00c9g mun gera s\u00e1ttm\u00e1la minn vi\u00f0 \u00feig og \u00fe\u00fa munt skilja a\u00f0 \u00e9g er Drottinn <a name=\"63\"><span class=\"versanumer_2007\">63<\/span><\/a> svo a\u00f0 \u00fe\u00fa minnist \u00feess og skammist \u00fe\u00edn. \u00de\u00fa skalt ekki framar dirfast a\u00f0 opna munn \u00feinn af sk\u00f6mm \u00feegar \u00e9g hef b\u00e6tt fyrir allt sem \u00fe\u00fa hefur gert, segir Drottinn Gu\u00f0. <\/p>\n","protected":false},"excerpt":{"rendered":"<p>\u00d3tr\u00fa eiginkona 1 Or\u00f0 Drottins kom til m\u00edn: 2 Mannssonur, leiddu Jer\u00fasalem andstyggilega breytni hennar fyrir sj\u00f3nir 3 og seg\u00f0u: Svo segir Drottinn Gu\u00f0 vi\u00f0 Jer\u00fasalem: \u00de\u00fa \u00e1tt \u00e6tt og uppruna \u00ed landi Kanverja. Fa\u00f0ir \u00feinn var Amor\u00edti en m\u00f3\u00f0ir \u00fe\u00edn Het\u00edti. 4 \u00dea\u00f0 er a\u00f0 segja af f\u00e6\u00f0ingu \u00feinni a\u00f0 daginn sem \u00fe\u00fa f\u00e6ddist var hvorki skori\u00f0 \u00e1 naflastreng \u00feinn n\u00e9 \u00fe\u00fa b\u00f6\u00f0u\u00f0 \u00ed vatni, ekki n\u00fain salti og ekki vafin reifum. 5 Enginn leit til \u00fe\u00edn v\u00e6g\u00f0arauga e\u00f0a haf\u00f0i n\u00e6ga sam\u00fa\u00f0 me\u00f0 \u00fe\u00e9r til a\u00f0 gera \u00fe\u00e9r neitt af \u00feessu til g\u00f3\u00f0a. \u00devert \u00e1 m\u00f3ti var \u00fe\u00e9r hent <a href=\"https:\/\/biblian.is\/biblian\/esekiel-16-kafli\/\"> [&#8230;]<\/a><\/p>\n","protected":false},"author":1,"featured_media":0,"parent":0,"menu_order":0,"comment_status":"open","ping_status":"open","template":"bibliukaflar_NT.php","meta":{"footnotes":""},"class_list":["post-2435","page","type-page","status-publish","hentry"],"_links":{"self":[{"href":"https:\/\/biblian.is\/biblian\/wp-json\/wp\/v2\/pages\/2435","targetHints":{"allow":["GET"]}}],"collection":[{"href":"https:\/\/biblian.is\/biblian\/wp-json\/wp\/v2\/pages"}],"about":[{"href":"https:\/\/biblian.is\/biblian\/wp-json\/wp\/v2\/types\/page"}],"author":[{"embeddable":true,"href":"https:\/\/biblian.is\/biblian\/wp-json\/wp\/v2\/users\/1"}],"replies":[{"embeddable":true,"href":"https:\/\/biblian.is\/biblian\/wp-json\/wp\/v2\/comments?post=2435"}],"version-history":[{"count":0,"href":"https:\/\/biblian.is\/biblian\/wp-json\/wp\/v2\/pages\/2435\/revisions"}],"wp:attachment":[{"href":"https:\/\/biblian.is\/biblian\/wp-json\/wp\/v2\/media?parent=2435"}],"curies":[{"name":"wp","href":"https:\/\/api.w.org\/{rel}","templated":true}]}}