{"id":2434,"date":"2017-12-30T21:03:08","date_gmt":"2017-12-30T21:03:08","guid":{"rendered":"http:\/\/biblian.is\/biblian\/esek%c2%92el-15-kafli\/"},"modified":"2024-07-03T22:14:08","modified_gmt":"2024-07-03T22:14:08","slug":"esekiel-15-kafli","status":"publish","type":"page","link":"https:\/\/biblian.is\/biblian\/esekiel-15-kafli\/","title":{"rendered":"Esek\u00edel 15. kafli"},"content":{"rendered":"<h3 class=\"millifyrirsogn_2007\"> Gagnslaus v\u00ednvi\u00f0ur<\/h3>\n<p><a name=\"1\"><span class=\"versanumer_2007\">1<\/span><\/a> Or\u00f0 Drottins kom til m\u00edn:<br \/> <span class=\"ljodatexti\"> <a name=\"2\"><span class=\"versanumer_ljod\">2<\/span><\/a>Mannssonur. Hva\u00f0 hefur v\u00ednvi\u00f0urinn <br \/>fram yfir a\u00f0ra teinunga sem vaxa innan um sk\u00f3gartr\u00e9n?<br \/> <\/span> <span class=\"ljodatexti\"> <a name=\"3\"><span class=\"versanumer_ljod\">3<\/span><\/a>Er af honum tekinn efnivi\u00f0ur til a\u00f0 sm\u00ed\u00f0a eitthva\u00f0? <br \/>F\u00e6st \u00far honum snagi sem hengja megi ambo\u00f0 \u00e1?<br \/> <\/span> <span class=\"ljodatexti\"> <a name=\"4\"><span class=\"versanumer_ljod\">4<\/span><\/a>Nei, hann er haf\u00f0ur \u00ed eldivi\u00f0.<br \/>\u00deegar eldurinn hefur brennt b\u00e1\u00f0a enda<br \/>og mi\u00f0jan er svi\u00f0in<br \/>er hann \u00fe\u00e1 til nokkurs n\u00fdtur?<br \/> <\/span> <span class=\"ljodatexti\"> <a name=\"5\"><span class=\"versanumer_ljod\">5<\/span><\/a>\u00c1 me\u00f0an hann var heill<br \/>m\u00e1tti ekkert gagn af honum hafa,<br \/>enn s\u00ed\u00f0ur er hann til neins<br \/>\u00feegar eldur hefur svi\u00f0i\u00f0 hann og brennt.<br \/> <\/span> <span class=\"ljodatexti\"> <a name=\"6\"><span class=\"versanumer_ljod\">6<\/span><\/a>\u00deess vegna segir Drottinn Gu\u00f0:<br \/>Eins og \u00e9g hef fari\u00f0 me\u00f0 v\u00ednvi\u00f0inn<br \/>sem \u00f3x innan um sk\u00f3gartr\u00e9n<br \/>en \u00e9g fleyg\u00f0i \u00e1 eld sem brenni,<br \/>\u00feannig fer \u00e9g me\u00f0 y\u00f0ur,<br \/>Jer\u00fasalemb\u00faar.<br \/> <\/span> <span class=\"ljodatexti\"> <a name=\"7\"><span class=\"versanumer_ljod\">7<\/span><\/a>\u00c9g mun beina augliti m\u00ednu gegn \u00feeim.<br \/>\u00de\u00e1 ver\u00f0a \u00feeir sem sleppa \u00far eldinum<br \/>gleyptir af eldi.<br \/>\u00de\u00e9r munu\u00f0 skilja a\u00f0 \u00e9g er Drottinn<br \/>\u00feegar \u00e9g beini augliti m\u00ednu gegn \u00feeim.<br \/> <\/span> <span class=\"ljodatexti\"> <a name=\"8\"><span class=\"versanumer_ljod\">8<\/span><\/a>\u00c9g mun gera landi\u00f0 a\u00f0 au\u00f0n<br \/>af \u00fev\u00ed a\u00f0 \u00feeir hafa brug\u00f0ist m\u00e9r me\u00f0 svikum,<br \/>segir Drottinn Gu\u00f0. <\/span> <\/p>\n","protected":false},"excerpt":{"rendered":"<p>Gagnslaus v\u00ednvi\u00f0ur 1 Or\u00f0 Drottins kom til m\u00edn: 2Mannssonur. Hva\u00f0 hefur v\u00ednvi\u00f0urinn fram yfir a\u00f0ra teinunga sem vaxa innan um sk\u00f3gartr\u00e9n? 3Er af honum tekinn efnivi\u00f0ur til a\u00f0 sm\u00ed\u00f0a eitthva\u00f0? F\u00e6st \u00far honum snagi sem hengja megi ambo\u00f0 \u00e1? 4Nei, hann er haf\u00f0ur \u00ed eldivi\u00f0.\u00deegar eldurinn hefur brennt b\u00e1\u00f0a endaog mi\u00f0jan er svi\u00f0iner hann \u00fe\u00e1 til nokkurs n\u00fdtur? 5\u00c1 me\u00f0an hann var heillm\u00e1tti ekkert gagn af honum hafa,enn s\u00ed\u00f0ur er hann til neins\u00feegar eldur hefur svi\u00f0i\u00f0 hann og brennt. 6\u00deess vegna segir Drottinn Gu\u00f0:Eins og \u00e9g hef fari\u00f0 me\u00f0 v\u00ednvi\u00f0innsem \u00f3x innan um sk\u00f3gartr\u00e9nen \u00e9g fleyg\u00f0i \u00e1 eld sem brenni,\u00feannig <a href=\"https:\/\/biblian.is\/biblian\/esekiel-15-kafli\/\"> [&#8230;]<\/a><\/p>\n","protected":false},"author":1,"featured_media":0,"parent":0,"menu_order":0,"comment_status":"open","ping_status":"open","template":"bibliukaflar_NT.php","meta":{"footnotes":""},"class_list":["post-2434","page","type-page","status-publish","hentry"],"_links":{"self":[{"href":"https:\/\/biblian.is\/biblian\/wp-json\/wp\/v2\/pages\/2434","targetHints":{"allow":["GET"]}}],"collection":[{"href":"https:\/\/biblian.is\/biblian\/wp-json\/wp\/v2\/pages"}],"about":[{"href":"https:\/\/biblian.is\/biblian\/wp-json\/wp\/v2\/types\/page"}],"author":[{"embeddable":true,"href":"https:\/\/biblian.is\/biblian\/wp-json\/wp\/v2\/users\/1"}],"replies":[{"embeddable":true,"href":"https:\/\/biblian.is\/biblian\/wp-json\/wp\/v2\/comments?post=2434"}],"version-history":[{"count":0,"href":"https:\/\/biblian.is\/biblian\/wp-json\/wp\/v2\/pages\/2434\/revisions"}],"wp:attachment":[{"href":"https:\/\/biblian.is\/biblian\/wp-json\/wp\/v2\/media?parent=2434"}],"curies":[{"name":"wp","href":"https:\/\/api.w.org\/{rel}","templated":true}]}}