{"id":2433,"date":"2017-12-30T21:03:08","date_gmt":"2017-12-30T21:03:08","guid":{"rendered":"http:\/\/biblian.is\/biblian\/esek%c2%92el-14-kafli\/"},"modified":"2024-07-03T22:14:07","modified_gmt":"2024-07-03T22:14:07","slug":"esekiel-14-kafli","status":"publish","type":"page","link":"https:\/\/biblian.is\/biblian\/esekiel-14-kafli\/","title":{"rendered":"Esek\u00edel 14. kafli"},"content":{"rendered":"<h3 class=\"millifyrirsogn_2007\"> Hj\u00e1gu\u00f0ad\u00fdrkun<\/h3>\n<p><a name=\"1\"><span class=\"versanumer_2007\">1<\/span><\/a> Nokkrir af \u00f6ldungum \u00cdsraels komu einhverju sinni til m\u00edn og settust frammi fyrir m\u00e9r. <a name=\"2\"><span class=\"versanumer_2007\">2<\/span><\/a> \u00de\u00e1 kom or\u00f0 Drottins til m\u00edn:<br \/> <a name=\"3\"><span class=\"versanumer_2007\">3<\/span><\/a> Mannssonur, \u00feessir menn hafa sett skur\u00f0go\u00f0 s\u00edn ofar \u00f6\u00f0ru \u00ed hjarta s\u00e9r og sett \u00feau fyrir framan sig og \u00fea\u00f0 hefur or\u00f0i\u00f0 \u00feeim til hr\u00f6sunar. \u00c1 \u00e9g \u00fe\u00e1 a\u00f0 leyfa \u00feeim a\u00f0 leita svara hj\u00e1 m\u00e9r? <a name=\"4\"><span class=\"versanumer_2007\">4<\/span><\/a> \u00c1varpa\u00f0u \u00fe\u00e1 og seg\u00f0u: Svo segir Drottinn Gu\u00f0: Ef \u00cdsraelsma\u00f0ur, sem sett hefur skur\u00f0go\u00f0 s\u00edn ofar \u00f6\u00f0ru \u00ed hjarta s\u00e9r og sett \u00feau fyrir framan sig til hr\u00f6sunar, kemur til sp\u00e1manns, \u00fe\u00e1 mun \u00e9g sj\u00e1lfur, Drottinn, l\u00e1ta tillei\u00f0ast a\u00f0 svara \u00fer\u00e1tt fyrir hin m\u00f6rgu skur\u00f0go\u00f0 hans. <a name=\"5\"><span class=\"versanumer_2007\">5<\/span><\/a> \u00deannig mun \u00e9g gr\u00edpa hjarta \u00cdsraelsmanna sem hafa fjarl\u00e6gst mig vegna allra sinna skur\u00f0go\u00f0a. <a name=\"6\"><span class=\"versanumer_2007\">6<\/span><\/a> Seg\u00f0u \u00fev\u00ed vi\u00f0 \u00cdsraelsmenn: Svo segir Drottinn Gu\u00f0: Sn\u00fai\u00f0 vi\u00f0, sn\u00fai\u00f0 ykkur fr\u00e1 skur\u00f0go\u00f0um ykkar og sn\u00fai\u00f0 baki vi\u00f0 allri vi\u00f0urstygg\u00f0 ykkar. <a name=\"7\"><span class=\"versanumer_2007\">7<\/span><\/a> \u00dev\u00ed a\u00f0 hverjum \u00feeim \u00cdsraelsmanni og hverjum \u00feeim a\u00f0komumanni, sem n\u00fdtur verndar \u00ed \u00cdsrael, sem hefur fjarl\u00e6gst mig og hefur sett skur\u00f0go\u00f0 s\u00edn ofar \u00f6\u00f0ru \u00ed hjarta s\u00e9r, sett \u00feau fyrir framan sig s\u00e9r til hr\u00f6sunar og kemur s\u00ed\u00f0an til sp\u00e1manns til a\u00f0 hann leiti svara hj\u00e1 m\u00e9r, honum mun \u00e9g sj\u00e1lfur, Drottinn, svara. <a name=\"8\"><span class=\"versanumer_2007\">8<\/span><\/a> \u00c9g mun beina augliti m\u00ednu gegn \u00feessum manni og gera hann a\u00f0 t\u00e1kni og v\u00edti til varna\u00f0ar og loks mun \u00e9g uppr\u00e6ta hann \u00far \u00fej\u00f3\u00f0 minni. \u00de\u00e1 munu\u00f0 \u00fei\u00f0 skilja a\u00f0 \u00e9g er Drottinn. <a name=\"9\"><span class=\"versanumer_2007\">9<\/span><\/a> En l\u00e1ti sp\u00e1ma\u00f0urinn blekkjast til a\u00f0 flytja bo\u00f0skap hef \u00e9g sj\u00e1lfur, Drottinn, blekkt \u00feann sp\u00e1mann. \u00c9g mun r\u00e9tta \u00fat h\u00f6nd m\u00edna gegn honum og \u00fatr\u00fdma honum \u00far \u00fej\u00f3\u00f0 minni, \u00cdsrael, <a name=\"10\"><span class=\"versanumer_2007\">10<\/span><\/a> og b\u00e1\u00f0ir skulu bera sekt s\u00edna: Sp\u00e1ma\u00f0urinn er jafnsekur \u00feeim sem leita\u00f0i svara hj\u00e1 honum, <a name=\"11\"><span class=\"versanumer_2007\">11<\/span><\/a> svo a\u00f0 \u00cdsraelsmenn villist ekki framar fr\u00e1 m\u00e9r og saurgi sig ekki oftar \u00e1 \u00f6llum s\u00ednum syndum. \u00deeir skulu vera \u00fej\u00f3\u00f0 m\u00edn og \u00e9g skal vera Gu\u00f0 \u00feeirra, segir Drottinn Gu\u00f0. <\/p>\n<h3 class=\"millifyrirsogn_2007\">S\u00e9rhver er \u00e1byrgur ger\u00f0a sinna<\/h3>\n<p><a name=\"12\"><span class=\"versanumer_2007\">12<\/span><\/a> Or\u00f0 Drottins kom til m\u00edn:<br \/> <a name=\"13\"><span class=\"versanumer_2007\">13<\/span><\/a> Mannssonur, ef eitthvert land syndgar gegn m\u00e9r me\u00f0 svikum r\u00e9tti \u00e9g \u00fat h\u00f6nd m\u00edna gegn \u00fev\u00ed. \u00c9g svipti \u00fea\u00f0 \u00f6llum birg\u00f0um brau\u00f0s<span class=\"nedan_mal\" title=\" Or\u00f0r\u00e9tt: \u00e9g br\u00fdt staf brau\u00f0sins.\">[<\/span> og sendi hungur yfir \u00fea\u00f0 og ey\u00f0i \u00fea\u00f0 m\u00f6nnum og f\u00e9na\u00f0i. <a name=\"14\"><span class=\"versanumer_2007\">14<\/span><\/a> \u00de\u00f3 a\u00f0 \u00feeir \u00fer\u00edr, N\u00f3i, Dan\u00edel og Job, byggju \u00ed \u00fev\u00ed landi myndu \u00feeir a\u00f0eins bjarga eigin l\u00edfi me\u00f0 r\u00e9ttl\u00e6ti s\u00ednu, segir Drottinn Gu\u00f0. <a name=\"15\"><span class=\"versanumer_2007\">15<\/span><\/a> Ef \u00e9g sleppti villid\u00fdrum lausum \u00ed landinu svo a\u00f0 \u00fea\u00f0 eyddist a\u00f0 m\u00f6nnum og yr\u00f0i a\u00f0 ey\u00f0im\u00f6rk sem enginn \u00feyr\u00f0i a\u00f0 fara um vegna villid\u00fdranna, <a name=\"16\"><span class=\"versanumer_2007\">16<\/span><\/a> jafnvel \u00fe\u00f3tt \u00feessir \u00fer\u00edr menn v\u00e6ru \u00fear, svo sannarlega sem \u00e9g lifi, segir Drottinn Gu\u00f0, g\u00e6tu \u00feeir ekki bjarga\u00f0 sonum s\u00ednum og d\u00e6trum. \u00deeir einir mundu bjargast en landi\u00f0 yr\u00f0i au\u00f0n. <a name=\"17\"><span class=\"versanumer_2007\">17<\/span><\/a> E\u00f0a ef \u00e9g sendi sver\u00f0 gegn \u00feessu landi og seg\u00f0i: Sver\u00f0 skal fara um landi\u00f0 allt og ey\u00f0i \u00fea\u00f0 m\u00f6nnum og skepnum. <a name=\"18\"><span class=\"versanumer_2007\">18<\/span><\/a> Jafnvel \u00fe\u00f3tt \u00feessir \u00fer\u00edr menn v\u00e6ru \u00fear, svo sannarlega sem \u00e9g lifi, segir Drottinn Gu\u00f0, g\u00e6tu \u00feeir ekki bjarga\u00f0 sonum s\u00ednum og d\u00e6trum. \u00deeir einir myndu bjargast.<br \/> <a name=\"19\"><span class=\"versanumer_2007\">19<\/span><\/a> E\u00f0a ef \u00e9g sendi dreps\u00f3tt gegn \u00feessu landi og hellti heift minni yfir \u00fea\u00f0 me\u00f0 bl\u00f3\u00f0i til \u00feess a\u00f0 ey\u00f0a \u00fear m\u00f6nnum og skepnum. <a name=\"20\"><span class=\"versanumer_2007\">20<\/span><\/a> Jafnvel \u00fe\u00f3tt N\u00f3i, Dan\u00edel og Job v\u00e6ru \u00fear, svo sannarlega sem \u00e9g lifi, segir Drottinn Gu\u00f0, g\u00e6tu \u00feeir hvorki bjarga\u00f0 syni n\u00e9 d\u00f3ttur. \u00deeir g\u00e6tu a\u00f0eins bjarga\u00f0 sj\u00e1lfum s\u00e9r me\u00f0 r\u00e9ttl\u00e6ti s\u00ednu.<br \/> <a name=\"21\"><span class=\"versanumer_2007\">21<\/span><\/a> \u00dev\u00ed a\u00f0 svo segir Drottinn Gu\u00f0: \u00de\u00f3tt \u00e9g sendi fj\u00f3ra h\u00f6r\u00f0ustu refsivendi m\u00edna gegn Jer\u00fasalem, sver\u00f0, hungur, villid\u00fdr og dreps\u00f3tt, til a\u00f0 ey\u00f0a \u00ed henni m\u00f6nnum og skepnum <a name=\"22\"><span class=\"versanumer_2007\">22<\/span><\/a> ver\u00f0a samt nokkrir \u00ed henni sem sleppa. \u00deeir sem sleppa munu fara me\u00f0 syni s\u00edna og d\u00e6tur \u00fea\u00f0an og koma til ykkar. \u00deegar \u00fei\u00f0 sj\u00e1i\u00f0 breytni \u00feeirra og verk munu\u00f0 \u00fei\u00f0 l\u00e1ta huggast eftir \u00fe\u00e1 \u00f3g\u00e6fu sem \u00e9g sendi yfir Jer\u00fasalem, allt sem \u00e9g sendi yfir borgina. <a name=\"23\"><span class=\"versanumer_2007\">23<\/span><\/a> \u00dea\u00f0 ver\u00f0ur ykkur til huggunar a\u00f0 sj\u00e1 breytni \u00feeirra og verk. \u00de\u00e1 munu\u00f0 \u00fei\u00f0 skilja a\u00f0 \u00fea\u00f0 var ekki a\u00f0 \u00e1st\u00e6\u00f0ulausu a\u00f0 \u00e9g ger\u00f0i borginni allt \u00feetta, segir Drottinn Gu\u00f0.<\/p>\n","protected":false},"excerpt":{"rendered":"<p>Hj\u00e1gu\u00f0ad\u00fdrkun 1 Nokkrir af \u00f6ldungum \u00cdsraels komu einhverju sinni til m\u00edn og settust frammi fyrir m\u00e9r. 2 \u00de\u00e1 kom or\u00f0 Drottins til m\u00edn: 3 Mannssonur, \u00feessir menn hafa sett skur\u00f0go\u00f0 s\u00edn ofar \u00f6\u00f0ru \u00ed hjarta s\u00e9r og sett \u00feau fyrir framan sig og \u00fea\u00f0 hefur or\u00f0i\u00f0 \u00feeim til hr\u00f6sunar. \u00c1 \u00e9g \u00fe\u00e1 a\u00f0 leyfa \u00feeim a\u00f0 leita svara hj\u00e1 m\u00e9r? 4 \u00c1varpa\u00f0u \u00fe\u00e1 og seg\u00f0u: Svo segir Drottinn Gu\u00f0: Ef \u00cdsraelsma\u00f0ur, sem sett hefur skur\u00f0go\u00f0 s\u00edn ofar \u00f6\u00f0ru \u00ed hjarta s\u00e9r og sett \u00feau fyrir framan sig til hr\u00f6sunar, kemur til sp\u00e1manns, \u00fe\u00e1 mun \u00e9g sj\u00e1lfur, Drottinn, l\u00e1ta tillei\u00f0ast a\u00f0 <a href=\"https:\/\/biblian.is\/biblian\/esekiel-14-kafli\/\"> [&#8230;]<\/a><\/p>\n","protected":false},"author":1,"featured_media":0,"parent":0,"menu_order":0,"comment_status":"open","ping_status":"open","template":"bibliukaflar_NT.php","meta":{"footnotes":""},"class_list":["post-2433","page","type-page","status-publish","hentry"],"_links":{"self":[{"href":"https:\/\/biblian.is\/biblian\/wp-json\/wp\/v2\/pages\/2433","targetHints":{"allow":["GET"]}}],"collection":[{"href":"https:\/\/biblian.is\/biblian\/wp-json\/wp\/v2\/pages"}],"about":[{"href":"https:\/\/biblian.is\/biblian\/wp-json\/wp\/v2\/types\/page"}],"author":[{"embeddable":true,"href":"https:\/\/biblian.is\/biblian\/wp-json\/wp\/v2\/users\/1"}],"replies":[{"embeddable":true,"href":"https:\/\/biblian.is\/biblian\/wp-json\/wp\/v2\/comments?post=2433"}],"version-history":[{"count":0,"href":"https:\/\/biblian.is\/biblian\/wp-json\/wp\/v2\/pages\/2433\/revisions"}],"wp:attachment":[{"href":"https:\/\/biblian.is\/biblian\/wp-json\/wp\/v2\/media?parent=2433"}],"curies":[{"name":"wp","href":"https:\/\/api.w.org\/{rel}","templated":true}]}}