{"id":2431,"date":"2017-12-30T21:03:08","date_gmt":"2017-12-30T21:03:08","guid":{"rendered":"http:\/\/biblian.is\/biblian\/esek%c2%92el-12-kafli\/"},"modified":"2024-07-03T22:14:07","modified_gmt":"2024-07-03T22:14:07","slug":"esekiel-12-kafli","status":"publish","type":"page","link":"https:\/\/biblian.is\/biblian\/esekiel-12-kafli\/","title":{"rendered":"Esek\u00edel 12. kafli"},"content":{"rendered":"<h3 class=\"millifyrirsogn_2007\"> T\u00e1kn um \u00fatleg\u00f0<\/h3>\n<p><a name=\"1\"><span class=\"versanumer_2007\">1<\/span><\/a> Or\u00f0 Drottins kom til m\u00edn: <a name=\"2\"><span class=\"versanumer_2007\">2<\/span><\/a> Mannssonur, \u00fe\u00fa b\u00fdr\u00f0 \u00e1 me\u00f0al \u00fever\u00fa\u00f0ugra. \u00deeir hafa augu til a\u00f0 sj\u00e1 me\u00f0 en sj\u00e1 ekki og eyru til a\u00f0 heyra me\u00f0 en heyra ekki \u00fear sem \u00feeir eru \u00fever\u00fa\u00f0ugir. <a name=\"3\"><span class=\"versanumer_2007\">3<\/span><\/a> En \u00fe\u00fa, mannssonur, um h\u00e1bjartan dag \u00ed augs\u00fdn \u00feeirra skaltu taka saman farangur \u00feinn sem \u00fe\u00fa getur haft me\u00f0 \u00fe\u00e9r \u00ed \u00fatleg\u00f0. \u00de\u00fa skalt halda a\u00f0 heiman til annars sta\u00f0ar a\u00f0 \u00feeim \u00e1sj\u00e1andi. Ef til vill sj\u00e1 \u00feeir \u00fe\u00e1 og skilja \u00fe\u00f3 a\u00f0 \u00feeir s\u00e9u \u00fever\u00fa\u00f0ugir. <a name=\"4\"><span class=\"versanumer_2007\">4<\/span><\/a> \u00de\u00fa skalt bera \u00fat farangur \u00feinn eins og farangur \u00fatlaga um h\u00e1bjartan dag, \u00ed augs\u00fdn \u00feeirra. Sj\u00e1lfur skaltu ganga \u00fat um kv\u00f6ld a\u00f0 \u00feeim \u00e1sj\u00e1andi eins og \u00feeir sem fluttir eru \u00ed \u00fatleg\u00f0. <a name=\"5\"><span class=\"versanumer_2007\">5<\/span><\/a> Rj\u00faf\u00f0u skar\u00f0 \u00ed vegginn \u00ed augs\u00fdn \u00feeirra og far\u00f0u \u00fat um \u00fea\u00f0. <a name=\"6\"><span class=\"versanumer_2007\">6<\/span><\/a> Taktu farangurinn \u00e1 \u00f6xlina fyrir augum \u00feeirra og far\u00f0u me\u00f0 hann \u00e1 brott \u00ed myrkrinu. Hyldu andlit \u00feitt svo a\u00f0 \u00fe\u00fa sj\u00e1ir ekki landi\u00f0 \u00fev\u00ed a\u00f0 \u00e9g hef gert \u00feig a\u00f0 t\u00e1kni fyrir \u00cdsraelsmenn.<br \/> <a name=\"7\"><span class=\"versanumer_2007\">7<\/span><\/a> \u00c9g ger\u00f0i eins og fyrir mig var lagt. Um h\u00e1bjartan dag f\u00f3r \u00e9g f\u00f3r \u00fat me\u00f0 farangur minn eins og farangur \u00fatlaga. Um kv\u00f6ldi\u00f0 rauf \u00e9g skar\u00f0 \u00ed vegginn, h\u00e9lt af sta\u00f0 \u00ed myrkri og t\u00f3k farangurinn \u00e1 \u00f6xlina \u00ed augs\u00fdn \u00feeirra.<br \/> <a name=\"8\"><span class=\"versanumer_2007\">8<\/span><\/a> Or\u00f0 Drottins kom til m\u00edn morguninn eftir: <a name=\"9\"><span class=\"versanumer_2007\">9<\/span><\/a> \u00de\u00fa, mannssonur, hafa \u00cdsraelsmenn, \u00feessi \u00fever\u00fa\u00f0uga \u00fej\u00f3\u00f0, ekki spurt \u00feig: \u201eHva\u00f0 ert \u00fe\u00fa a\u00f0 gera?\u201c <a name=\"10\"><span class=\"versanumer_2007\">10<\/span><\/a> Svara\u00f0u \u00feeim \u00feannig: Svo segir Drottinn Gu\u00f0: \u00deessi bo\u00f0skapur \u00e1 vi\u00f0 um \u00fej\u00f3\u00f0h\u00f6f\u00f0ingjann \u00ed Jer\u00fasalem og alla \u00cdsraelsmenn sem \u00ed borginni eru. <a name=\"11\"><span class=\"versanumer_2007\">11<\/span><\/a> Seg\u00f0u: \u00c9g er t\u00e1kn fyrir ykkur. \u00dea\u00f0 sem \u00e9g hef gert ver\u00f0ur gert vi\u00f0 \u00fe\u00e1: \u00deeir fara \u00ed \u00fatleg\u00f0, \u00ed fangavist. <a name=\"12\"><span class=\"versanumer_2007\">12<\/span><\/a> \u00dej\u00f3\u00f0h\u00f6f\u00f0ingi \u00feeirra, sem er mitt \u00e1 me\u00f0al \u00feeirra, mun taka farangur sinn \u00e1 \u00f6xl s\u00e9r og fara me\u00f0 hann \u00e1 brott \u00ed ni\u00f0amyrkri. Veggurinn ver\u00f0ur rofinn svo a\u00f0 um hann megi fara me\u00f0 farangurinn. \u00dej\u00f3\u00f0h\u00f6f\u00f0inginn mun hylja andlit sitt svo a\u00f0 hann sj\u00e1i ekki landi\u00f0. <a name=\"13\"><span class=\"versanumer_2007\">13<\/span><\/a> \u00c9g mun \u00feenja net mitt \u00fat yfir hann og hann festist \u00ed vei\u00f0arf\u00e6ri m\u00ednu. \u00c9g mun flytja hann til Bab\u00fdlonar, til lands Kaldea, en hann mun ekki sj\u00e1 \u00fea\u00f0 og \u00fear mun hann deyja. <a name=\"14\"><span class=\"versanumer_2007\">14<\/span><\/a> \u00d6llum sem kringum hann eru honum til hj\u00e1lpar og \u00f6llum hersveitum hans mun \u00e9g tv\u00edstra \u00ed allar \u00e1ttir og elta \u00fe\u00e1 me\u00f0 brug\u00f0num brandi. <a name=\"15\"><span class=\"versanumer_2007\">15<\/span><\/a> \u00deegar \u00e9g tv\u00edstra \u00feeim me\u00f0al \u00fej\u00f3\u00f0anna og dreifi \u00feeim um l\u00f6ndin skulu \u00feeir skilja a\u00f0 \u00e9g er Drottinn. <a name=\"16\"><span class=\"versanumer_2007\">16<\/span><\/a> En \u00e9g mun l\u00e1ta \u00f6rf\u00e1a \u00feeirra komast undan sver\u00f0inu, hungursney\u00f0inni og dreps\u00f3ttinni svo a\u00f0 \u00feeir geti sk\u00fdrt \u00fej\u00f3\u00f0unum, sem \u00feeir fara til, fr\u00e1 \u00f6llum sv\u00edvir\u00f0ingum s\u00ednum. \u00de\u00e1 munu \u00feeir skilja a\u00f0 \u00e9g er Drottinn.<br \/> <a name=\"17\"><span class=\"versanumer_2007\">17<\/span><\/a> Or\u00f0 Drottins kom til m\u00edn:<br \/><a name=\"18\"><span class=\"versanumer_2007\">18<\/span><\/a> Mannssonur, \u00fe\u00fa skalt eta brau\u00f0 \u00feitt skj\u00e1lfandi og drekka vatn \u00feitt titrandi og \u00f3ttasleginn <a name=\"19\"><span class=\"versanumer_2007\">19<\/span><\/a> og segja vi\u00f0 \u00edb\u00faa landsins: Svo segir Drottinn Gu\u00f0 um \u00edb\u00faana \u00ed Jer\u00fasalem \u00ed landi \u00cdsraels: \u00deeir munu neyta brau\u00f0s s\u00edns \u00f3ttaslegnir og drekka vatn sitt skelfingu lostnir \u00fev\u00ed a\u00f0 land \u00feeirra ver\u00f0ur au\u00f0n, r\u00fai\u00f0 \u00f6llu s\u00f6kum ofbeldisins sem \u00edb\u00faarnir, allir sem einn, hafa frami\u00f0. <a name=\"20\"><span class=\"versanumer_2007\">20<\/span><\/a> Bygg\u00f0ar borgir ver\u00f0a lag\u00f0ar \u00ed r\u00fast og landi\u00f0 ver\u00f0ur au\u00f0n. \u00de\u00e1 munu\u00f0 \u00fei\u00f0 skilja a\u00f0 \u00e9g er Drottinn.<br \/> <a name=\"21\"><span class=\"versanumer_2007\">21<\/span><\/a> Or\u00f0 Drottins kom til m\u00edn:<br \/><a name=\"22\"><span class=\"versanumer_2007\">22<\/span><\/a> Mannssonur, hva\u00f0 merkir or\u00f0taki\u00f0 sem \u00fei\u00f0 hafi\u00f0 um land \u00cdsraels: \u201eDagar l\u00ed\u00f0a og allar s\u00fdnir eru marklausar?\u201c <a name=\"23\"><span class=\"versanumer_2007\">23<\/span><\/a> Seg\u00f0u \u00fev\u00ed vi\u00f0 \u00fe\u00e1: Svo segir Drottinn Gu\u00f0: \u00c9g mun l\u00e1ta \u00feetta or\u00f0tak hlj\u00f3\u00f0na svo a\u00f0 til \u00feess ver\u00f0i ekki oftar vitna\u00f0 \u00ed \u00cdsrael. Seg\u00f0u hins vegar vi\u00f0 \u00fe\u00e1: \u201e\u00deeir dagar n\u00e1lgast a\u00f0 s\u00e9rhver s\u00fdn r\u00e6tist.\u201c <a name=\"24\"><span class=\"versanumer_2007\">24<\/span><\/a> \u00dev\u00ed a\u00f0 h\u00e9r eftir ver\u00f0a hvorki til t\u00e1ls\u00fdnir n\u00e9 svikul sp\u00e1m\u00e6li \u00ed \u00cdsrael. <a name=\"25\"><span class=\"versanumer_2007\">25<\/span><\/a> En \u00e9g, Drottinn, mun tala og \u00fea\u00f0 sem \u00e9g segi kemur fram \u00e1n tafar. \u00deegar um ykkar daga, \u00feverm\u00f3\u00f0skufulla kynsl\u00f3\u00f0, mun \u00fea\u00f0 sem \u00e9g bo\u00f0a r\u00e6tast, segir Drottinn Gu\u00f0. <br \/> <a name=\"26\"><span class=\"versanumer_2007\">26<\/span><\/a> Or\u00f0 Drottins kom til m\u00edn: <br \/><a name=\"27\"><span class=\"versanumer_2007\">27<\/span><\/a> Mannssonur, \u00cdsraelsmenn segja: \u201eHann s\u00e9r \u00f3komna daga \u00ed s\u00fdn, hann bo\u00f0ar atbur\u00f0i \u00ed fjarl\u00e6gri framt\u00ed\u00f0.\u201c <a name=\"28\"><span class=\"versanumer_2007\">28<\/span><\/a> Seg\u00f0u \u00fev\u00ed vi\u00f0 \u00fe\u00e1: Svo segir Drottinn Gu\u00f0: Ekkert af \u00fev\u00ed sem \u00e9g hef bo\u00f0a\u00f0 mun dragast \u00e1 langinn. \u00dea\u00f0 sem \u00e9g segi ver\u00f0ur, segir Drottinn Gu\u00f0.<\/p>\n","protected":false},"excerpt":{"rendered":"<p>T\u00e1kn um \u00fatleg\u00f0 1 Or\u00f0 Drottins kom til m\u00edn: 2 Mannssonur, \u00fe\u00fa b\u00fdr\u00f0 \u00e1 me\u00f0al \u00fever\u00fa\u00f0ugra. \u00deeir hafa augu til a\u00f0 sj\u00e1 me\u00f0 en sj\u00e1 ekki og eyru til a\u00f0 heyra me\u00f0 en heyra ekki \u00fear sem \u00feeir eru \u00fever\u00fa\u00f0ugir. 3 En \u00fe\u00fa, mannssonur, um h\u00e1bjartan dag \u00ed augs\u00fdn \u00feeirra skaltu taka saman farangur \u00feinn sem \u00fe\u00fa getur haft me\u00f0 \u00fe\u00e9r \u00ed \u00fatleg\u00f0. \u00de\u00fa skalt halda a\u00f0 heiman til annars sta\u00f0ar a\u00f0 \u00feeim \u00e1sj\u00e1andi. Ef til vill sj\u00e1 \u00feeir \u00fe\u00e1 og skilja \u00fe\u00f3 a\u00f0 \u00feeir s\u00e9u \u00fever\u00fa\u00f0ugir. 4 \u00de\u00fa skalt bera \u00fat farangur \u00feinn eins og farangur \u00fatlaga um h\u00e1bjartan <a href=\"https:\/\/biblian.is\/biblian\/esekiel-12-kafli\/\"> [&#8230;]<\/a><\/p>\n","protected":false},"author":1,"featured_media":0,"parent":0,"menu_order":0,"comment_status":"open","ping_status":"open","template":"bibliukaflar_NT.php","meta":{"footnotes":""},"class_list":["post-2431","page","type-page","status-publish","hentry"],"_links":{"self":[{"href":"https:\/\/biblian.is\/biblian\/wp-json\/wp\/v2\/pages\/2431","targetHints":{"allow":["GET"]}}],"collection":[{"href":"https:\/\/biblian.is\/biblian\/wp-json\/wp\/v2\/pages"}],"about":[{"href":"https:\/\/biblian.is\/biblian\/wp-json\/wp\/v2\/types\/page"}],"author":[{"embeddable":true,"href":"https:\/\/biblian.is\/biblian\/wp-json\/wp\/v2\/users\/1"}],"replies":[{"embeddable":true,"href":"https:\/\/biblian.is\/biblian\/wp-json\/wp\/v2\/comments?post=2431"}],"version-history":[{"count":0,"href":"https:\/\/biblian.is\/biblian\/wp-json\/wp\/v2\/pages\/2431\/revisions"}],"wp:attachment":[{"href":"https:\/\/biblian.is\/biblian\/wp-json\/wp\/v2\/media?parent=2431"}],"curies":[{"name":"wp","href":"https:\/\/api.w.org\/{rel}","templated":true}]}}