{"id":2430,"date":"2017-12-30T21:03:08","date_gmt":"2017-12-30T21:03:08","guid":{"rendered":"http:\/\/biblian.is\/biblian\/esek%c2%92el-11-kafli\/"},"modified":"2024-07-03T22:14:07","modified_gmt":"2024-07-03T22:14:07","slug":"esekiel-11-kafli","status":"publish","type":"page","link":"https:\/\/biblian.is\/biblian\/esekiel-11-kafli\/","title":{"rendered":"Esek\u00edel 11. kafli"},"content":{"rendered":"<h3 class=\"millifyrirsogn_2007\"> D\u00f3mur yfir lei\u00f0togum Jer\u00fasalem<\/h3>\n<p><a name=\"1\"><span class=\"versanumer_2007\">1<\/span><\/a> \u00dev\u00ed n\u00e6st h\u00f3f andi mig upp og flutti mig a\u00f0 austurhli\u00f0inu \u00e1 h\u00fasi Drottins, hli\u00f0inu sem sn\u00fdr \u00ed austur. Vi\u00f0 innganginn \u00ed hli\u00f0i\u00f0 voru tuttugu og fimm menn og me\u00f0al \u00feeirra s\u00e1 \u00e9g Jaasanja Ass\u00farsson og Pelatja Benajason sem voru lei\u00f0togar f\u00f3lksins. <a name=\"2\"><span class=\"versanumer_2007\">2<\/span><\/a> Hann sag\u00f0i vi\u00f0 mig: \u201eMannssonur, \u00feetta eru \u00feeir menn sem leggja \u00e1 r\u00e1\u00f0in um rangindi og brugga ill r\u00e1\u00f0 <a name=\"3\"><span class=\"versanumer_2007\">3<\/span><\/a> og segja: \u00deess gerist ekki \u00fe\u00f6rf a\u00f0 reisa h\u00fas \u00e1 n\u00e6stunni. Borgin er potturinn og vi\u00f0 erum kj\u00f6ti\u00f0. <a name=\"4\"><span class=\"versanumer_2007\">4<\/span><\/a> Mannssonur, komdu fram sem sp\u00e1ma\u00f0ur, bo\u00f0a\u00f0u gegn \u00feeim.\u201c<br \/> <a name=\"5\"><span class=\"versanumer_2007\">5<\/span><\/a> \u00de\u00e1 greip andi Drottins mig og sag\u00f0i vi\u00f0 mig: \u201eSeg\u00f0u: Svo segir Drottinn: \u00deetta hafi\u00f0 \u00fei\u00f0 hugsa\u00f0 ykkur, \u00cdsraelsmenn, en \u00e9g veit hva\u00f0 ykkur kom \u00ed hug. <a name=\"6\"><span class=\"versanumer_2007\">6<\/span><\/a> \u00dei\u00f0 hafi\u00f0 drepi\u00f0 margt af ykkar eigin f\u00f3lki \u00ed \u00feessari borg og \u00fei\u00f0 hafi\u00f0 fyllt g\u00f6tur hennar vegnum m\u00f6nnum. <a name=\"7\"><span class=\"versanumer_2007\">7<\/span><\/a> \u00deess vegna segir Drottinn Gu\u00f0: \u00deeir ykkar sem \u00fei\u00f0 hafi\u00f0 vegi\u00f0 og skili\u00f0 eftir \u00e1 g\u00f6tum borgarinnar eru kj\u00f6ti\u00f0 og borgin er potturinn. En \u00e9g mun reka ykkur \u00fat \u00far henni. <a name=\"8\"><span class=\"versanumer_2007\">8<\/span><\/a> \u00dei\u00f0 \u00f3ttist sver\u00f0 og sver\u00f0 er \u00fea\u00f0 sem \u00e9g mun senda gegn ykkur, segir Drottinn Gu\u00f0. <a name=\"9\"><span class=\"versanumer_2007\">9<\/span><\/a> \u00c9g mun reka ykkur \u00fat \u00far borginni og selja ykkur \u00ed hendur \u00fatlendingum og fulln\u00e6gja refsid\u00f3mnum yfir ykkur. <a name=\"10\"><span class=\"versanumer_2007\">10<\/span><\/a> \u00dei\u00f0 munu\u00f0 falla fyrir sver\u00f0i. \u00c9g mun d\u00e6ma ykkur vi\u00f0 landam\u00e6ri \u00cdsraels. \u00de\u00e1 munu\u00f0 \u00fei\u00f0 skilja a\u00f0 \u00e9g er Drottinn. <a name=\"11\"><span class=\"versanumer_2007\">11<\/span><\/a> Borgin skal hvorki ver\u00f0a pottur fyrir ykkur n\u00e9 \u00fei\u00f0 kj\u00f6ti\u00f0 \u00ed honum. \u00c9g mun d\u00e6ma ykkur vi\u00f0 landam\u00e6ri \u00cdsraels. <a name=\"12\"><span class=\"versanumer_2007\">12<\/span><\/a> \u00de\u00e1 munu\u00f0 \u00fei\u00f0 skilja a\u00f0 \u00e9g er Drottinn og a\u00f0 \u00fei\u00f0 hafi\u00f0 ekki fari\u00f0 a\u00f0 l\u00f6gum m\u00ednum og ekki framfylgt reglum m\u00ednum en hins vegar hafi\u00f0 \u00fei\u00f0 fari\u00f0 eftir reglum \u00fej\u00f3\u00f0anna sem eru umhverfis ykkur.\u201c<br \/> <a name=\"13\"><span class=\"versanumer_2007\">13<\/span><\/a> \u00c1 me\u00f0an \u00e9g flutti \u00feessi sp\u00e1mannlegu or\u00f0 d\u00f3 Pelatja Benajason. \u00de\u00e1 f\u00e9ll \u00e9g fram \u00e1 \u00e1sj\u00f3nu m\u00edna og hr\u00f3pa\u00f0i h\u00e1rri r\u00f6ddu og sag\u00f0i: \u201eDrottinn Gu\u00f0. \u00c6tlar \u00fe\u00fa a\u00f0 ey\u00f0a \u00f6llum sem eftir eru af \u00cdsrael?\u201c <\/p>\n<h3 class=\"millifyrirsogn_2007\">Endurn\u00fdjun \u00cdsraels<\/h3>\n<p><a name=\"14\"><span class=\"versanumer_2007\">14<\/span><\/a> Or\u00f0 Drottins kom til m\u00edn: <a name=\"15\"><span class=\"versanumer_2007\">15<\/span><\/a> Mannssonur, allir br\u00e6\u00f0ur \u00fe\u00ednir, n\u00e1nustu skyldmenni \u00fe\u00edn og allir a\u00f0rir \u00cdsraelsmenn eru \u00feeir sem \u00edb\u00faar Jer\u00fasalem segja um: \u201e\u00deeir eru langt fr\u00e1 Drottni, landi\u00f0 var fengi\u00f0 okkur til eignar.\u201c <a name=\"16\"><span class=\"versanumer_2007\">16<\/span><\/a> Seg\u00f0u \u00fev\u00ed: Svo segir Drottinn Gu\u00f0: \u00dear sem \u00e9g flutti \u00fe\u00e1 langt \u00ed burt til framandi \u00fej\u00f3\u00f0a og dreif\u00f0i \u00feeim um l\u00f6ndin<span class=\"nedan_mal\" title=\" \u00d6nnur hugsanleg \u00fe\u00fd\u00f0ing: um h\u00fasi\u00f0.\">[<\/span> var\u00f0 \u00e9g \u00feeim eins konar helgid\u00f3mur \u00ed l\u00f6ndunum sem \u00feeir f\u00f3ru til. <a name=\"17\"><span class=\"versanumer_2007\">17<\/span><\/a> Seg\u00f0u \u00fev\u00ed: Svo segir Drottinn Gu\u00f0: \u00c9g mun safna ykkur saman fr\u00e1 \u00fej\u00f3\u00f0unum og s\u00e6kja ykkur til landanna sem ykkur var dreift um. S\u00ed\u00f0an mun \u00e9g gefa ykkur landi\u00f0 \u00cdsrael. <a name=\"18\"><span class=\"versanumer_2007\">18<\/span><\/a> \u00deegar \u00feeir koma \u00feanga\u00f0 munu \u00feeir fjarl\u00e6gja \u00fea\u00f0an allt sem er vi\u00f0bj\u00f3\u00f0slegt og vekur andstygg\u00f0. <a name=\"19\"><span class=\"versanumer_2007\">19<\/span><\/a> \u00de\u00e1 mun \u00e9g gefa \u00feeim eindr\u00e6gt hjarta og leggja \u00feeim n\u00fdjan anda \u00ed brj\u00f3st. \u00c9g mun fjarl\u00e6gja steinhjarta\u00f0 \u00far l\u00edkama \u00feeirra og gefa \u00feeim hjarta \u00far holdi <a name=\"20\"><span class=\"versanumer_2007\">20<\/span><\/a> svo a\u00f0 \u00feeir fylgi l\u00f6gum m\u00ednum og haldi reglur m\u00ednar og framfylgi \u00feeim. \u00de\u00e1 skulu \u00feeir ver\u00f0a m\u00edn \u00fej\u00f3\u00f0 og \u00e9g skal vera \u00feeirra Gu\u00f0. <a name=\"21\"><span class=\"versanumer_2007\">21<\/span><\/a> En \u00e9g mun l\u00e1ta breytni \u00feeirra koma \u00feeim \u00ed koll sem \u00ed hjarta s\u00ednu fylgja vi\u00f0bj\u00f3\u00f0slegum skur\u00f0go\u00f0um s\u00ednum sem vekja andstygg\u00f0, segir Drottinn Gu\u00f0.<\/p>\n<h3 class=\"millifyrirsogn_2007\">D\u00fdr\u00f0 Drottins yfirgefur Jer\u00fasalem<\/h3>\n<p><a name=\"22\"><span class=\"versanumer_2007\">22<\/span><\/a> \u00de\u00e1 lyftu ker\u00fabarnir v\u00e6ngjum s\u00ednum me\u00f0 hj\u00f3lin s\u00e9r vi\u00f0 hli\u00f0 en d\u00fdr\u00f0 Gu\u00f0s \u00cdsraels var yfir \u00feeim. <a name=\"23\"><span class=\"versanumer_2007\">23<\/span><\/a> D\u00fdr\u00f0 Drottins h\u00f3f sig upp fr\u00e1 borginni mi\u00f0ri og nam s\u00ed\u00f0an sta\u00f0ar \u00e1 fjallinu austan vi\u00f0 borgina. <a name=\"24\"><span class=\"versanumer_2007\">24<\/span><\/a> \u00cd sama mund h\u00f3f andi mig upp og flutti mig \u00ed s\u00fdn, fyrir anda Gu\u00f0s, til \u00fatlaganna \u00ed Kaldeu. S\u00ed\u00f0an hvarf m\u00e9r s\u00fdnin sem m\u00e9r haf\u00f0i birst. <a name=\"25\"><span class=\"versanumer_2007\">25<\/span><\/a> En \u00e9g greindi \u00fatl\u00f6gunum fr\u00e1 \u00f6llum or\u00f0um Drottins sem hann haf\u00f0i birt m\u00e9r. <\/p>\n","protected":false},"excerpt":{"rendered":"<p>D\u00f3mur yfir lei\u00f0togum Jer\u00fasalem 1 \u00dev\u00ed n\u00e6st h\u00f3f andi mig upp og flutti mig a\u00f0 austurhli\u00f0inu \u00e1 h\u00fasi Drottins, hli\u00f0inu sem sn\u00fdr \u00ed austur. Vi\u00f0 innganginn \u00ed hli\u00f0i\u00f0 voru tuttugu og fimm menn og me\u00f0al \u00feeirra s\u00e1 \u00e9g Jaasanja Ass\u00farsson og Pelatja Benajason sem voru lei\u00f0togar f\u00f3lksins. 2 Hann sag\u00f0i vi\u00f0 mig: \u201eMannssonur, \u00feetta eru \u00feeir menn sem leggja \u00e1 r\u00e1\u00f0in um rangindi og brugga ill r\u00e1\u00f0 3 og segja: \u00deess gerist ekki \u00fe\u00f6rf a\u00f0 reisa h\u00fas \u00e1 n\u00e6stunni. Borgin er potturinn og vi\u00f0 erum kj\u00f6ti\u00f0. 4 Mannssonur, komdu fram sem sp\u00e1ma\u00f0ur, bo\u00f0a\u00f0u gegn \u00feeim.\u201c 5 \u00de\u00e1 greip andi Drottins <a href=\"https:\/\/biblian.is\/biblian\/esekiel-11-kafli\/\"> [&#8230;]<\/a><\/p>\n","protected":false},"author":1,"featured_media":0,"parent":0,"menu_order":0,"comment_status":"open","ping_status":"open","template":"bibliukaflar_NT.php","meta":{"footnotes":""},"class_list":["post-2430","page","type-page","status-publish","hentry"],"_links":{"self":[{"href":"https:\/\/biblian.is\/biblian\/wp-json\/wp\/v2\/pages\/2430","targetHints":{"allow":["GET"]}}],"collection":[{"href":"https:\/\/biblian.is\/biblian\/wp-json\/wp\/v2\/pages"}],"about":[{"href":"https:\/\/biblian.is\/biblian\/wp-json\/wp\/v2\/types\/page"}],"author":[{"embeddable":true,"href":"https:\/\/biblian.is\/biblian\/wp-json\/wp\/v2\/users\/1"}],"replies":[{"embeddable":true,"href":"https:\/\/biblian.is\/biblian\/wp-json\/wp\/v2\/comments?post=2430"}],"version-history":[{"count":0,"href":"https:\/\/biblian.is\/biblian\/wp-json\/wp\/v2\/pages\/2430\/revisions"}],"wp:attachment":[{"href":"https:\/\/biblian.is\/biblian\/wp-json\/wp\/v2\/media?parent=2430"}],"curies":[{"name":"wp","href":"https:\/\/api.w.org\/{rel}","templated":true}]}}