{"id":2429,"date":"2017-12-30T21:03:08","date_gmt":"2017-12-30T21:03:08","guid":{"rendered":"http:\/\/biblian.is\/biblian\/esek%c2%92el-10-kafli\/"},"modified":"2024-07-03T22:14:07","modified_gmt":"2024-07-03T22:14:07","slug":"esekiel-10-kafli","status":"publish","type":"page","link":"https:\/\/biblian.is\/biblian\/esekiel-10-kafli\/","title":{"rendered":"Esek\u00edel 10. kafli"},"content":{"rendered":"<p><a name=\"1\"><span class=\"versanumer_2007\">1<\/span><\/a> \u00de\u00e1 s\u00e1 \u00e9g a\u00f0 ofan vi\u00f0 hvelfinguna yfir h\u00f6f\u00f0um ker\u00fabanna var eitthva\u00f0 sem leit \u00fat eins og saf\u00edr og l\u00edktist h\u00e1s\u00e6ti. <a name=\"2\"><span class=\"versanumer_2007\">2<\/span><\/a> Hann sag\u00f0i vi\u00f0 l\u00ednkl\u00e6dda manninn: \u201eFar\u00f0u inn \u00e1 milli hj\u00f3lanna sem eru undir ker\u00fabunum og fylltu b\u00e1\u00f0ar hendur af kolagl\u00f3\u00f0 sem er \u00e1 milli ker\u00fabanna og dreif\u00f0u henni yfir borgina.\u201c \u00de\u00e1 f\u00f3r hann inn a\u00f0 m\u00e9r \u00e1sj\u00e1andi. <a name=\"3\"><span class=\"versanumer_2007\">3<\/span><\/a> Ker\u00fabarnir st\u00f3\u00f0u a\u00f0 sunnanver\u00f0u vi\u00f0 h\u00fasi\u00f0 \u00feegar ma\u00f0urinn f\u00f3r inn og sk\u00fd fyllti innri forgar\u00f0inn. <a name=\"4\"><span class=\"versanumer_2007\">4<\/span><\/a> \u00de\u00e1 h\u00f3fst d\u00fdr\u00f0 Drottins upp fr\u00e1 ker\u00fabunum og f\u00e6r\u00f0i sig yfir \u00e1 \u00fer\u00f6skuld h\u00fassins. Sk\u00fdi\u00f0 fyllti h\u00fasi\u00f0 og lj\u00f3mi fr\u00e1 d\u00fdr\u00f0 Drottins fyllti forgar\u00f0inn. <a name=\"5\"><span class=\"versanumer_2007\">5<\/span><\/a> \u00deyturinn fr\u00e1 v\u00e6ngjum ker\u00fabanna heyr\u00f0ist \u00fat \u00ed ytri forgar\u00f0inn. Hann l\u00edktist r\u00f6dd Gu\u00f0s alm\u00e1ttugs \u00feegar hann talar. <a name=\"6\"><span class=\"versanumer_2007\">6<\/span><\/a> Hann skipa\u00f0i l\u00ednkl\u00e6dda manninum: \u201eS\u00e6ktu eld inn \u00e1 milli hj\u00f3lanna, inn \u00e1 milli ker\u00fabanna.\u201c S\u00ed\u00f0an f\u00f3r hann inn og t\u00f3k s\u00e9r st\u00f6\u00f0u vi\u00f0 eitt hj\u00f3li\u00f0. <a name=\"7\"><span class=\"versanumer_2007\">7<\/span><\/a> \u00de\u00e1 r\u00e9tti einn af ker\u00fabunum h\u00f6nd s\u00edna a\u00f0 eldinum sem var \u00e1 milli ker\u00fabanna, t\u00f3k nokku\u00f0 af honum og f\u00e9kk l\u00ednkl\u00e6dda manninum sem t\u00f3k vi\u00f0 honum og gekk \u00fat. <\/p>\n<h3 class=\"millifyrirsogn_2007\">D\u00fdr\u00f0 Drottins<\/h3>\n<p><a name=\"8\"><span class=\"versanumer_2007\">8<\/span><\/a> Undir v\u00e6ngjum ker\u00fabanna s\u00e1st eitthva\u00f0 sem l\u00edktist mannshendi. <a name=\"9\"><span class=\"versanumer_2007\">9<\/span><\/a> \u00c9g horf\u00f0i \u00e1 og s\u00e1 fj\u00f6gur hj\u00f3l vi\u00f0 hli\u00f0 ker\u00fabanna, eitt hj\u00f3l vi\u00f0 hli\u00f0 hvers ker\u00fabs. Hj\u00f3lin voru \u00e1 a\u00f0 l\u00edta eins og lj\u00f3mandi kr\u00fdsol\u00edtsteinn. <a name=\"10\"><span class=\"versanumer_2007\">10<\/span><\/a> \u00d6ll hj\u00f3lin litu eins \u00fat og virtust \u00feau vera hvert innan \u00ed \u00f6\u00f0ru. <a name=\"11\"><span class=\"versanumer_2007\">11<\/span><\/a> \u00deegar \u00feau hreyf\u00f0ust g\u00e1tu \u00feau sn\u00faist \u00ed allar fj\u00f3rar \u00e1ttir og breyttu ekki um stefnu \u00feegar \u00feau hreyf\u00f0ust. \u00dear sem \u00feau hreyf\u00f0ust \u00ed s\u00f6mu \u00e1tt og fremsta hj\u00f3li\u00f0 stefndi \u00ed breyttu \u00feau ekki um stefnu \u00e1 fer\u00f0 sinni. <a name=\"12\"><span class=\"versanumer_2007\">12<\/span><\/a> Allur l\u00edkami \u00feeirra, bak, hendur, v\u00e6ngir og \u00f6ll fj\u00f6gur hj\u00f3lin voru alsett augum allt um kring. <a name=\"13\"><span class=\"versanumer_2007\">13<\/span><\/a> Hj\u00f3lin voru nefnd Galgal<span class=\"nedan_mal\" title=\" Galgal merkir hvinur, hj\u00f3l, hvirfill.\">[<\/span> \u00ed m\u00edn eyru. <a name=\"14\"><span class=\"versanumer_2007\">14<\/span><\/a> Hver vera haf\u00f0i fj\u00f6gur andlit. Fyrsta andliti\u00f0 var ker\u00fabsandlit, anna\u00f0 mannsandlit, \u00feri\u00f0ja lj\u00f3nsandlit og fj\u00f3r\u00f0a arnarandlit. <a name=\"15\"><span class=\"versanumer_2007\">15<\/span><\/a> Og ker\u00fabarnir h\u00f3fu sig upp. \u00dea\u00f0 voru s\u00f6mu verur og \u00e9g haf\u00f0i s\u00e9\u00f0 vi\u00f0 Kebarflj\u00f3t. <a name=\"16\"><span class=\"versanumer_2007\">16<\/span><\/a> \u00deegar ker\u00fabarnir gengu snerust hj\u00f3lin vi\u00f0 hli\u00f0 \u00feeirra og \u00feegar ker\u00fabarnir lyftu v\u00e6ngjum s\u00ednum til a\u00f0 hefja sig upp fr\u00e1 j\u00f6r\u00f0inni sneru hj\u00f3lin ekki burt fr\u00e1 hli\u00f0 \u00feeirra. <a name=\"17\"><span class=\"versanumer_2007\">17<\/span><\/a> \u00deegar \u00feeir n\u00e1mu sta\u00f0ar sta\u00f0n\u00e6mdust hj\u00f3lin einnig og \u00feegar ker\u00fabarnir h\u00f3fu sig upp h\u00f3fust hj\u00f3lin me\u00f0 \u00feeim \u00fev\u00ed a\u00f0 andi veranna var \u00ed \u00feeim.<\/p>\n<h3 class=\"millifyrirsogn_2007\">Drottinn yfirgefur musteri\u00f0<\/h3>\n<p><a name=\"18\"><span class=\"versanumer_2007\">18<\/span><\/a> \u00de\u00e1 yfirgaf d\u00fdr\u00f0 Drottins \u00fer\u00f6skuld h\u00fassins og nam sta\u00f0ar yfir ker\u00fabunum. <a name=\"19\"><span class=\"versanumer_2007\">19<\/span><\/a> Ker\u00fabarnir lyftu \u00fe\u00e1 v\u00e6ngjum s\u00ednum og h\u00f3fu sig upp fr\u00e1 j\u00f6r\u00f0inni fyrir augum m\u00ednum. \u00deegar \u00feeir f\u00f3ru voru hj\u00f3lin vi\u00f0 hli\u00f0 \u00feeirra. \u00deeir n\u00e1mu sta\u00f0ar vi\u00f0 innganginn \u00ed austurhli\u00f0 h\u00fass Drottins og d\u00fdr\u00f0 Gu\u00f0s \u00cdsraels var yfir \u00feeim. <a name=\"20\"><span class=\"versanumer_2007\">20<\/span><\/a> \u00dea\u00f0 voru s\u00f6mu verurnar og \u00e9g haf\u00f0i s\u00e9\u00f0 undir Gu\u00f0i \u00cdsraels vi\u00f0 Kebarflj\u00f3t og \u00e9g ger\u00f0i m\u00e9r grein fyrir a\u00f0 \u00feetta voru ker\u00fabar. <a name=\"21\"><span class=\"versanumer_2007\">21<\/span><\/a> \u00deeir h\u00f6f\u00f0u fj\u00f6gur andlit og fj\u00f3ra v\u00e6ngi hver og undir v\u00e6ngjum s\u00ednum eitthva\u00f0 sem l\u00edktist mannsh\u00f6ndum. <a name=\"22\"><span class=\"versanumer_2007\">22<\/span><\/a> Andlitin voru eins \u00e1 a\u00f0 l\u00edta og andlitin sem \u00e9g s\u00e1 vi\u00f0 Kebarflj\u00f3t. Allir gengu \u00feeir beint af augum. <\/p>\n","protected":false},"excerpt":{"rendered":"<p>1 \u00de\u00e1 s\u00e1 \u00e9g a\u00f0 ofan vi\u00f0 hvelfinguna yfir h\u00f6f\u00f0um ker\u00fabanna var eitthva\u00f0 sem leit \u00fat eins og saf\u00edr og l\u00edktist h\u00e1s\u00e6ti. 2 Hann sag\u00f0i vi\u00f0 l\u00ednkl\u00e6dda manninn: \u201eFar\u00f0u inn \u00e1 milli hj\u00f3lanna sem eru undir ker\u00fabunum og fylltu b\u00e1\u00f0ar hendur af kolagl\u00f3\u00f0 sem er \u00e1 milli ker\u00fabanna og dreif\u00f0u henni yfir borgina.\u201c \u00de\u00e1 f\u00f3r hann inn a\u00f0 m\u00e9r \u00e1sj\u00e1andi. 3 Ker\u00fabarnir st\u00f3\u00f0u a\u00f0 sunnanver\u00f0u vi\u00f0 h\u00fasi\u00f0 \u00feegar ma\u00f0urinn f\u00f3r inn og sk\u00fd fyllti innri forgar\u00f0inn. 4 \u00de\u00e1 h\u00f3fst d\u00fdr\u00f0 Drottins upp fr\u00e1 ker\u00fabunum og f\u00e6r\u00f0i sig yfir \u00e1 \u00fer\u00f6skuld h\u00fassins. Sk\u00fdi\u00f0 fyllti h\u00fasi\u00f0 og lj\u00f3mi fr\u00e1 d\u00fdr\u00f0 Drottins fyllti <a href=\"https:\/\/biblian.is\/biblian\/esekiel-10-kafli\/\"> [&#8230;]<\/a><\/p>\n","protected":false},"author":1,"featured_media":0,"parent":0,"menu_order":0,"comment_status":"open","ping_status":"open","template":"bibliukaflar_NT.php","meta":{"footnotes":""},"class_list":["post-2429","page","type-page","status-publish","hentry"],"_links":{"self":[{"href":"https:\/\/biblian.is\/biblian\/wp-json\/wp\/v2\/pages\/2429","targetHints":{"allow":["GET"]}}],"collection":[{"href":"https:\/\/biblian.is\/biblian\/wp-json\/wp\/v2\/pages"}],"about":[{"href":"https:\/\/biblian.is\/biblian\/wp-json\/wp\/v2\/types\/page"}],"author":[{"embeddable":true,"href":"https:\/\/biblian.is\/biblian\/wp-json\/wp\/v2\/users\/1"}],"replies":[{"embeddable":true,"href":"https:\/\/biblian.is\/biblian\/wp-json\/wp\/v2\/comments?post=2429"}],"version-history":[{"count":0,"href":"https:\/\/biblian.is\/biblian\/wp-json\/wp\/v2\/pages\/2429\/revisions"}],"wp:attachment":[{"href":"https:\/\/biblian.is\/biblian\/wp-json\/wp\/v2\/media?parent=2429"}],"curies":[{"name":"wp","href":"https:\/\/api.w.org\/{rel}","templated":true}]}}