{"id":2428,"date":"2017-12-30T21:03:08","date_gmt":"2017-12-30T21:03:08","guid":{"rendered":"http:\/\/biblian.is\/biblian\/esek%c2%92el-9-kafli\/"},"modified":"2024-07-03T22:14:15","modified_gmt":"2024-07-03T22:14:15","slug":"esekiel-9-kafli","status":"publish","type":"page","link":"https:\/\/biblian.is\/biblian\/esekiel-9-kafli\/","title":{"rendered":"Esek\u00edel 9. kafli"},"content":{"rendered":"<h3 class=\"millifyrirsogn_2007\"> Ey\u00f0ing borgarinnar<\/h3>\n<p><a name=\"1\"><span class=\"versanumer_2007\">1<\/span><\/a> \u00dev\u00ed n\u00e6st hr\u00f3pa\u00f0i hann h\u00e1rri r\u00f6ddu \u00ed eyru m\u00e9r: \u201eRefsing borgarinnar n\u00e1lgast. S\u00e9rhver gr\u00edpi til ey\u00f0ingarvopns s\u00edns.\u201c <a name=\"2\"><span class=\"versanumer_2007\">2<\/span><\/a> \u00de\u00e1 komu sex menn fr\u00e1 efra hli\u00f0inu sem sn\u00fdr \u00ed nor\u00f0ur. Hver \u00feeirra haf\u00f0i sleggju \u00ed hendi. Me\u00f0al \u00feeirra var ma\u00f0ur \u00ed l\u00ednkl\u00e6\u00f0um og haf\u00f0i hann skriff\u00e6ri vi\u00f0 mj\u00f6\u00f0m s\u00e9r. \u00deeir komu inn og t\u00f3ku s\u00e9r st\u00f6\u00f0u vi\u00f0 hli\u00f0ina \u00e1 eiraltarinu. <a name=\"3\"><span class=\"versanumer_2007\">3<\/span><\/a> D\u00fdr\u00f0 Gu\u00f0s \u00cdsraels haf\u00f0i hafi\u00f0 sig fr\u00e1 ker\u00fabunum sem h\u00fan haf\u00f0i veri\u00f0 yfir og f\u00e6rt sig a\u00f0 \u00fer\u00f6skuldi h\u00fassins. \u00de\u00e1 hr\u00f3pa\u00f0i Drottinn til mannsins, sem bar l\u00ednkl\u00e6\u00f0in og haf\u00f0i skriff\u00e6ri vi\u00f0 mj\u00f6\u00f0m s\u00e9r, <a name=\"4\"><span class=\"versanumer_2007\">4<\/span><\/a> og Drottinn sag\u00f0i vi\u00f0 hann: \u201eGakktu gegnum mi\u00f0ja borgina, \u00fevert \u00ed gegnum Jer\u00fasalem, og skrifa\u00f0u t\u00e1kn \u00e1 enni \u00feeirra manna sem andvarpa og kveina yfir \u00f6llum \u00feeim sv\u00edvir\u00f0ingum sem framdar eru \u00ed borginni.\u201c <a name=\"5\"><span class=\"versanumer_2007\">5<\/span><\/a> En vi\u00f0 hina sag\u00f0i hann a\u00f0 m\u00e9r \u00e1heyrandi: \u201eGangi\u00f0 \u00e1 eftir honum \u00ed gegnum borgina og h\u00f6ggvi\u00f0. L\u00edti\u00f0 engan v\u00e6g\u00f0arauga og s\u00fdni\u00f0 enga miskunn. <a name=\"6\"><span class=\"versanumer_2007\">6<\/span><\/a> \u00dei\u00f0 skulu\u00f0 dey\u00f0a og tort\u00edma \u00f6ldru\u00f0um, piltum og st\u00falkum, b\u00f6rnum og konum en \u00fei\u00f0 megi\u00f0 engan snerta sem t\u00e1kni\u00f0 er \u00e1. \u00dei\u00f0 skulu\u00f0 hefjast handa hj\u00e1 helgid\u00f3mi m\u00ednum.\u201c \u00deeir byrju\u00f0u \u00e1 \u00f6ldungunum sem voru fyrir framan h\u00fasi\u00f0.<br \/> <a name=\"7\"><span class=\"versanumer_2007\">7<\/span><\/a> S\u00ed\u00f0an sag\u00f0i hann vi\u00f0 \u00fe\u00e1: \u201eSaurgi\u00f0 h\u00fasi\u00f0 og fylli\u00f0 forgar\u00f0ana vegnum m\u00f6nnum. Fari\u00f0 s\u00ed\u00f0an \u00fat og h\u00f6ggvi\u00f0 ni\u00f0ur f\u00f3lki\u00f0 \u00ed borginni.\u201c <a name=\"8\"><span class=\"versanumer_2007\">8<\/span><\/a> \u00c1 me\u00f0an \u00feeir voru a\u00f0 h\u00f6ggva var\u00f0 \u00e9g eftir, f\u00e9ll fram \u00e1 \u00e1sj\u00f3nu m\u00edna og hr\u00f3pa\u00f0i: \u201eDrottinn Gu\u00f0. \u00c6tlar \u00fe\u00fa a\u00f0 ey\u00f0a \u00f6llum \u00feeim \u00cdsraelsm\u00f6nnum sem eftir eru \u00feegar \u00fe\u00fa \u00fathellir logandi heift \u00feinni yfir Jer\u00fasalem?\u201c <a name=\"9\"><span class=\"versanumer_2007\">9<\/span><\/a> Hann sag\u00f0i vi\u00f0 mig: \u201eSynd \u00cdsraels og J\u00fada er afar mikil. Landi\u00f0 er or\u00f0i\u00f0 fullt af bl\u00f3\u00f0sekt og borgin full af rangl\u00e6ti \u00fev\u00ed a\u00f0 \u00edb\u00faarnir segja: Drottinn hefur yfirgefi\u00f0 landi\u00f0 svo a\u00f0 Drottinn s\u00e9r ekkert. <a name=\"10\"><span class=\"versanumer_2007\">10<\/span><\/a> \u00c9g vil \u00fev\u00ed heldur ekki l\u00edta \u00fe\u00e1 v\u00e6g\u00f0arauga e\u00f0a s\u00fdna \u00feeim miskunn: \u00c9g l\u00e6t breytni \u00feeirra koma \u00feeim \u00ed koll.\u201c<br \/> <a name=\"11\"><span class=\"versanumer_2007\">11<\/span><\/a> Ma\u00f0urinn, sem bar l\u00ednkl\u00e6\u00f0in og haf\u00f0i skriff\u00e6ri vi\u00f0 lend s\u00e9r, kom \u00fe\u00e1 og sag\u00f0i: \u201e\u00c9g hef gert \u00fea\u00f0 sem \u00fe\u00fa bau\u00f0st m\u00e9r.\u201c <\/p>\n","protected":false},"excerpt":{"rendered":"<p>Ey\u00f0ing borgarinnar 1 \u00dev\u00ed n\u00e6st hr\u00f3pa\u00f0i hann h\u00e1rri r\u00f6ddu \u00ed eyru m\u00e9r: \u201eRefsing borgarinnar n\u00e1lgast. S\u00e9rhver gr\u00edpi til ey\u00f0ingarvopns s\u00edns.\u201c 2 \u00de\u00e1 komu sex menn fr\u00e1 efra hli\u00f0inu sem sn\u00fdr \u00ed nor\u00f0ur. Hver \u00feeirra haf\u00f0i sleggju \u00ed hendi. Me\u00f0al \u00feeirra var ma\u00f0ur \u00ed l\u00ednkl\u00e6\u00f0um og haf\u00f0i hann skriff\u00e6ri vi\u00f0 mj\u00f6\u00f0m s\u00e9r. \u00deeir komu inn og t\u00f3ku s\u00e9r st\u00f6\u00f0u vi\u00f0 hli\u00f0ina \u00e1 eiraltarinu. 3 D\u00fdr\u00f0 Gu\u00f0s \u00cdsraels haf\u00f0i hafi\u00f0 sig fr\u00e1 ker\u00fabunum sem h\u00fan haf\u00f0i veri\u00f0 yfir og f\u00e6rt sig a\u00f0 \u00fer\u00f6skuldi h\u00fassins. \u00de\u00e1 hr\u00f3pa\u00f0i Drottinn til mannsins, sem bar l\u00ednkl\u00e6\u00f0in og haf\u00f0i skriff\u00e6ri vi\u00f0 mj\u00f6\u00f0m s\u00e9r, 4 og Drottinn sag\u00f0i <a href=\"https:\/\/biblian.is\/biblian\/esekiel-9-kafli\/\"> [&#8230;]<\/a><\/p>\n","protected":false},"author":1,"featured_media":0,"parent":0,"menu_order":0,"comment_status":"open","ping_status":"open","template":"bibliukaflar_NT.php","meta":{"footnotes":""},"class_list":["post-2428","page","type-page","status-publish","hentry"],"_links":{"self":[{"href":"https:\/\/biblian.is\/biblian\/wp-json\/wp\/v2\/pages\/2428","targetHints":{"allow":["GET"]}}],"collection":[{"href":"https:\/\/biblian.is\/biblian\/wp-json\/wp\/v2\/pages"}],"about":[{"href":"https:\/\/biblian.is\/biblian\/wp-json\/wp\/v2\/types\/page"}],"author":[{"embeddable":true,"href":"https:\/\/biblian.is\/biblian\/wp-json\/wp\/v2\/users\/1"}],"replies":[{"embeddable":true,"href":"https:\/\/biblian.is\/biblian\/wp-json\/wp\/v2\/comments?post=2428"}],"version-history":[{"count":0,"href":"https:\/\/biblian.is\/biblian\/wp-json\/wp\/v2\/pages\/2428\/revisions"}],"wp:attachment":[{"href":"https:\/\/biblian.is\/biblian\/wp-json\/wp\/v2\/media?parent=2428"}],"curies":[{"name":"wp","href":"https:\/\/api.w.org\/{rel}","templated":true}]}}