{"id":2427,"date":"2017-12-30T21:03:08","date_gmt":"2017-12-30T21:03:08","guid":{"rendered":"http:\/\/biblian.is\/biblian\/esek%c2%92el-8-kafli\/"},"modified":"2024-07-03T22:14:15","modified_gmt":"2024-07-03T22:14:15","slug":"esekiel-8-kafli","status":"publish","type":"page","link":"https:\/\/biblian.is\/biblian\/esekiel-8-kafli\/","title":{"rendered":"Esek\u00edel 8. kafli"},"content":{"rendered":"<h3 class=\"millifyrirsogn_2007\"> Andinn flytur sp\u00e1manninn til Jer\u00fasalem<\/h3>\n<p><a name=\"1\"><span class=\"versanumer_2007\">1<\/span><\/a> \u00c1 sj\u00f6tta \u00e1rinu, \u00e1 fimmta degi sj\u00f6tta m\u00e1na\u00f0ar, \u00feegar \u00e9g sat \u00ed h\u00fasi m\u00ednu og \u00f6ldungar J\u00fada s\u00e1tu frammi fyrir m\u00e9r, f\u00e9ll h\u00f6nd Drottins Gu\u00f0s \u00e1 mig. <a name=\"2\"><span class=\"versanumer_2007\">2<\/span><\/a> \u00c9g leit upp og s\u00e1 veru sem l\u00edktist manni. \u00dea\u00f0 sem virtust vera lendar hans og ni\u00f0ur \u00far var eldur en fr\u00e1 lendum hans og upp \u00e1 vi\u00f0 var sk\u00e6r lj\u00f3mi, l\u00edkur glj\u00e1andi hv\u00edtagulli. <a name=\"3\"><span class=\"versanumer_2007\">3<\/span><\/a> Hann r\u00e9tti \u00fea\u00f0 fram sem l\u00edktist hendi og greip \u00ed h\u00e1rbr\u00fask minn. \u00de\u00e1 h\u00f3f andinn mig upp milli himins og jar\u00f0ar og flutti mig til Jer\u00fasalem \u00ed gu\u00f0legum s\u00fdnum, a\u00f0 innganginum a\u00f0 innra hli\u00f0inu, sem sn\u00fdr \u00ed nor\u00f0ur, \u00fear sem mynd afbr\u00fd\u00f0innar er, sem vekur brennandi afbr\u00fd\u00f0i. <a name=\"4\"><span class=\"versanumer_2007\">4<\/span><\/a> \u00dear var d\u00fdr\u00f0 Gu\u00f0s \u00cdsraels og var alveg eins og s\u00fdnin sem \u00e9g haf\u00f0i s\u00e9\u00f0 \u00e1 sl\u00e9ttunni. <\/p>\n<h3 class=\"millifyrirsogn_2007\">Vanhelgun musterisins<\/h3>\n<p><a name=\"5\"><span class=\"versanumer_2007\">5<\/span><\/a> Hann sag\u00f0i vi\u00f0 mig: \u201eMannssonur, l\u00edttu upp og til nor\u00f0urs.\u201c \u00de\u00e1 leit \u00e9g til nor\u00f0urs og s\u00e1 a\u00f0 altari st\u00f3\u00f0 nor\u00f0an vi\u00f0 hli\u00f0i\u00f0 og var \u00feessi mynd afbr\u00fd\u00f0innar \u00ed innganginum. <a name=\"6\"><span class=\"versanumer_2007\">6<\/span><\/a> Hann sag\u00f0i vi\u00f0 mig: \u201eMannssonur, s\u00e9r\u00f0u hva\u00f0 \u00feeir hafast a\u00f0? \u00cdsraelsmenn fremja h\u00e9r \u00fe\u00e1 miklu sv\u00edvir\u00f0u a\u00f0 fjarl\u00e6gjast helgid\u00f3m minn.<span class=\"nedan_mal\" title=\" Annar lesh\u00e1ttur: \u2026 svo a\u00f0 \u00e9g yfirgefi helgid\u00f3m minn.\">[<\/span> En \u00fe\u00fa munt sj\u00e1 enn meiri sv\u00edvir\u00f0u.\u201c<br \/> <a name=\"7\"><span class=\"versanumer_2007\">7<\/span><\/a> Hann leiddi mig a\u00f0 inngangi forgar\u00f0sins og \u00feegar \u00e9g g\u00e6tti a\u00f0 s\u00e1 \u00e9g a\u00f0 gat var \u00e1 m\u00farveggnum. <a name=\"8\"><span class=\"versanumer_2007\">8<\/span><\/a> Hann sag\u00f0i vi\u00f0 mig: \u201eMannssonur, brj\u00f3ttu \u00fe\u00e9r lei\u00f0 gegnum m\u00farinn.\u201c \u00deegar \u00e9g braust gegnum m\u00farinn voru \u00fear dyr fyrir. <a name=\"9\"><span class=\"versanumer_2007\">9<\/span><\/a> Hann sag\u00f0i vi\u00f0 mig: \u201eFar\u00f0u inn og l\u00edttu \u00e1 hinar hryllilegu sv\u00edvir\u00f0ingar sem h\u00e9r eru framdar.\u201c <a name=\"10\"><span class=\"versanumer_2007\">10<\/span><\/a> \u00c9g f\u00f3r inn og lita\u00f0ist um og s\u00e1 a\u00f0 \u00fear voru alls konar myndir af skri\u00f0kvikindum og skepnum og \u00f6llum skur\u00f0go\u00f0um \u00cdsraelsmanna ristar \u00e1 allan m\u00farvegginn. <a name=\"11\"><span class=\"versanumer_2007\">11<\/span><\/a> Frammi fyrir \u00feeim st\u00f3\u00f0u sj\u00f6t\u00edu af \u00f6ldungum \u00cdsraels og \u00e1 me\u00f0al \u00feeirra Jaasanja Safansson. Hver \u00feeirra h\u00e9lt \u00e1 reykelsiskeri \u00ed hendi s\u00e9r og st\u00f3\u00f0 ilmandi reykelsism\u00f6kkur upp af \u00feeim.<br \/> <a name=\"12\"><span class=\"versanumer_2007\">12<\/span><\/a> Hann sag\u00f0i vi\u00f0 mig: \u201eS\u00e9r\u00f0u, mannssonur, hva\u00f0 \u00f6ldungar \u00cdsraels hafast a\u00f0 \u00ed myrkrinu, hver \u00ed sinni myndast\u00faku? \u00dev\u00ed a\u00f0 \u00feeir hugsa: Drottinn s\u00e9r okkur ekki, Drottinn hefur yfirgefi\u00f0 landi\u00f0.\u201c <a name=\"13\"><span class=\"versanumer_2007\">13<\/span><\/a> \u00de\u00e1 sag\u00f0i hann vi\u00f0 mig: \u201e\u00de\u00fa munt sj\u00e1 \u00fe\u00e1 fremja enn meiri sv\u00edvir\u00f0ingar.\u201c<br \/> <a name=\"14\"><span class=\"versanumer_2007\">14<\/span><\/a> \u00dev\u00ed n\u00e6st leiddi hann mig a\u00f0 inngangi nor\u00f0urhli\u00f0sins a\u00f0 h\u00fasi Drottins. \u00dear s\u00e1tu konur og gr\u00e9tu Tamm\u00fas.<span class=\"nedan_mal\" title=\" Tamm\u00fas var frj\u00f3semisgu\u00f0 sem gr\u00e1tinn var \u00feegar hann hvarf til undirheima.\">[<\/span> <a name=\"15\"><span class=\"versanumer_2007\">15<\/span><\/a> Og hann sag\u00f0i vi\u00f0 mig: \u201eS\u00e9r\u00f0u \u00feetta, mannssonur? En \u00fe\u00fa munt sj\u00e1 enn meiri sv\u00edvir\u00f0ingar en \u00feessar.\u201c<br \/> <a name=\"16\"><span class=\"versanumer_2007\">16<\/span><\/a> \u00dev\u00ed n\u00e6st leiddi hann mig \u00ed innri forgar\u00f0 h\u00fass Drottins. \u00dear vi\u00f0 innganginn \u00ed musteri Drottins voru um \u00fea\u00f0 bil tuttugu og fimm menn \u00e1 milli forsalarins og altarisins. \u00deeir sneru bakinu \u00ed musteri Drottins en andlitinu \u00ed austur og l\u00e9tu fallast til jar\u00f0ar og tilb\u00e1\u00f0u s\u00f3lina \u00ed austri. <a name=\"17\"><span class=\"versanumer_2007\">17<\/span><\/a> Hann sag\u00f0i vi\u00f0 mig: \u201eS\u00e9r\u00f0u \u00feetta, mannssonur? N\u00e6gir J\u00fadam\u00f6nnum ekki a\u00f0 hafa \u00fe\u00e6r sv\u00edvir\u00f0ingar \u00ed frammi sem \u00feeir fremja h\u00e9r, fylla landi\u00f0 ofbeldi og vekja rei\u00f0i m\u00edna hva\u00f0 eftir anna\u00f0? Auk \u00feessa halda \u00feeir svo v\u00ednvi\u00f0argrein a\u00f0 v\u00f6rum s\u00e9r. <a name=\"18\"><span class=\"versanumer_2007\">18<\/span><\/a> \u00c9g mun breg\u00f0ast vi\u00f0 \u00feessu af heift, \u00e9g mun ekki l\u00edta \u00fe\u00e1 v\u00e6g\u00f0arauga og ekki s\u00fdna \u00feeim miskunn. \u00de\u00f3 a\u00f0 \u00feeir hr\u00f3pi h\u00e1st\u00f6fum \u00ed eyru m\u00e9r mun \u00e9g ekki hlusta \u00e1 \u00fe\u00e1.\u201c<\/p>\n","protected":false},"excerpt":{"rendered":"<p>Andinn flytur sp\u00e1manninn til Jer\u00fasalem 1 \u00c1 sj\u00f6tta \u00e1rinu, \u00e1 fimmta degi sj\u00f6tta m\u00e1na\u00f0ar, \u00feegar \u00e9g sat \u00ed h\u00fasi m\u00ednu og \u00f6ldungar J\u00fada s\u00e1tu frammi fyrir m\u00e9r, f\u00e9ll h\u00f6nd Drottins Gu\u00f0s \u00e1 mig. 2 \u00c9g leit upp og s\u00e1 veru sem l\u00edktist manni. \u00dea\u00f0 sem virtust vera lendar hans og ni\u00f0ur \u00far var eldur en fr\u00e1 lendum hans og upp \u00e1 vi\u00f0 var sk\u00e6r lj\u00f3mi, l\u00edkur glj\u00e1andi hv\u00edtagulli. 3 Hann r\u00e9tti \u00fea\u00f0 fram sem l\u00edktist hendi og greip \u00ed h\u00e1rbr\u00fask minn. \u00de\u00e1 h\u00f3f andinn mig upp milli himins og jar\u00f0ar og flutti mig til Jer\u00fasalem \u00ed gu\u00f0legum s\u00fdnum, a\u00f0 innganginum <a href=\"https:\/\/biblian.is\/biblian\/esekiel-8-kafli\/\"> [&#8230;]<\/a><\/p>\n","protected":false},"author":1,"featured_media":0,"parent":0,"menu_order":0,"comment_status":"open","ping_status":"open","template":"bibliukaflar_NT.php","meta":{"footnotes":""},"class_list":["post-2427","page","type-page","status-publish","hentry"],"_links":{"self":[{"href":"https:\/\/biblian.is\/biblian\/wp-json\/wp\/v2\/pages\/2427","targetHints":{"allow":["GET"]}}],"collection":[{"href":"https:\/\/biblian.is\/biblian\/wp-json\/wp\/v2\/pages"}],"about":[{"href":"https:\/\/biblian.is\/biblian\/wp-json\/wp\/v2\/types\/page"}],"author":[{"embeddable":true,"href":"https:\/\/biblian.is\/biblian\/wp-json\/wp\/v2\/users\/1"}],"replies":[{"embeddable":true,"href":"https:\/\/biblian.is\/biblian\/wp-json\/wp\/v2\/comments?post=2427"}],"version-history":[{"count":0,"href":"https:\/\/biblian.is\/biblian\/wp-json\/wp\/v2\/pages\/2427\/revisions"}],"wp:attachment":[{"href":"https:\/\/biblian.is\/biblian\/wp-json\/wp\/v2\/media?parent=2427"}],"curies":[{"name":"wp","href":"https:\/\/api.w.org\/{rel}","templated":true}]}}