{"id":2426,"date":"2017-12-30T21:03:08","date_gmt":"2017-12-30T21:03:08","guid":{"rendered":"http:\/\/biblian.is\/biblian\/esek%c2%92el-7-kafli\/"},"modified":"2024-07-03T22:14:14","modified_gmt":"2024-07-03T22:14:14","slug":"esekiel-7-kafli","status":"publish","type":"page","link":"https:\/\/biblian.is\/biblian\/esekiel-7-kafli\/","title":{"rendered":"Esek\u00edel 7. kafli"},"content":{"rendered":"<h3 class=\"millifyrirsogn_2007\"> Endirinn kemur<\/h3>\n<p><a name=\"1\"><span class=\"versanumer_2007\">1<\/span><\/a> Or\u00f0 Drottins kom til m\u00edn: <br \/> <span class=\"ljodatexti\"> <a name=\"2\"><span class=\"versanumer_ljod\">2<\/span><\/a>Mannssonur, svo segir Drottinn Gu\u00f0 vi\u00f0 land \u00cdsraels:<br \/>Endir er kominn,<br \/>endirinn fyrir fj\u00f6gur horn heimsins.<br \/> <\/span> <span class=\"ljodatexti\"> <a name=\"3\"><span class=\"versanumer_ljod\">3<\/span><\/a>N\u00fa eru endalok \u00fe\u00edn komin,<br \/>\u00e9g sleppi lausri heift minni gegn \u00fe\u00e9r <br \/>og d\u00e6mi \u00feig samkv\u00e6mt heg\u00f0un \u00feinni<br \/>og launa \u00fe\u00e9r sv\u00edvir\u00f0ingar \u00fe\u00ednar.<br \/> <\/span> <span class=\"ljodatexti\"> <a name=\"4\"><span class=\"versanumer_ljod\">4<\/span><\/a>\u00c9g mun hvorki l\u00edta \u00feig v\u00e6g\u00f0arauga<br \/>n\u00e9 s\u00fdna \u00fe\u00e9r miskunn,<br \/>heldur mun \u00e9g launa \u00fe\u00e9r breytni \u00fe\u00edna<br \/>og sv\u00edvir\u00f0ingar \u00fe\u00ednar skulu vera mitt \u00e1 me\u00f0al \u00fe\u00edn.<br \/>\u00de\u00e1 skulu\u00f0 \u00fe\u00e9r skilja a\u00f0 \u00e9g er Drottinn.<br \/> <\/span> <span class=\"ljodatexti\"> <a name=\"5\"><span class=\"versanumer_ljod\">5<\/span><\/a>Svo segir Drottinn Gu\u00f0:<br \/>\u00d3g\u00e6fa \u00e1 \u00f3g\u00e6fu ofan, <br \/>h\u00fan er yfir dunin.<br \/> <\/span> <span class=\"ljodatexti\"> <a name=\"6\"><span class=\"versanumer_ljod\">6<\/span><\/a>Endir er kominn,<br \/>endalokin or\u00f0in,<br \/>endalokin komin yfir \u00feig.<br \/> <\/span> <span class=\"ljodatexti\"> <a name=\"7\"><span class=\"versanumer_ljod\">7<\/span><\/a>N\u00fa er komi\u00f0 a\u00f0 \u00fe\u00e9r,<br \/>\u00edb\u00fai landsins,<br \/>t\u00edminn er kominn,<br \/>dagurinn \u00ed n\u00e1nd.<br \/> <\/span> <span class=\"ljodatexti\"> <a name=\"8\"><span class=\"versanumer_ljod\">8<\/span><\/a>Br\u00e1tt \u00fathelli \u00e9g rei\u00f0i minni yfir \u00feig<br \/>og svala heift minni \u00e1 \u00fe\u00e9r.<br \/>\u00c9g mun d\u00e6ma \u00feig eftir breytni \u00feinni<br \/>og launa \u00fe\u00e9r sv\u00edvir\u00f0ingar \u00fe\u00ednar.<br \/> <\/span> <span class=\"ljodatexti\"> <a name=\"9\"><span class=\"versanumer_ljod\">9<\/span><\/a>\u00c9g mun hvorki l\u00edta \u00feig v\u00e6g\u00f0arauga<br \/>n\u00e9 s\u00fdna \u00fe\u00e9r miskunn<br \/>\u00fev\u00ed a\u00f0 \u00e9g mun launa \u00fe\u00e9r breytni \u00fe\u00edna<br \/>og sv\u00edvir\u00f0ingar \u00fe\u00ednar skulu vera mitt <br \/>\u00e1 me\u00f0al \u00fe\u00edn.<br \/>\u00de\u00e1 munu\u00f0 \u00fe\u00e9r skilja a\u00f0 \u00e9g, Drottinn, <br \/>er s\u00e1 sem sl\u00e6r.<br \/> <\/span> <span class=\"ljodatexti\"> <a name=\"10\"><span class=\"versanumer_ljod\">10<\/span><\/a>Dagurinn er kominn,<br \/>hann er kominn.<br \/>Endalokin komin,<br \/>rangl\u00e6ti\u00f0 bl\u00f3mstrar,<br \/>hrokinn vex,<br \/> <\/span> <span class=\"ljodatexti\"> <a name=\"11\"><span class=\"versanumer_ljod\">11<\/span><\/a>ofbeldi\u00f0 eykst,<br \/>ver\u00f0ur svipa gu\u00f0lausra.<br \/>Enginn \u00feeirra ver\u00f0ur eftir,<br \/>ekkert eftir af au\u00f0i \u00feeirra, <br \/>ekkert af vegsemd \u00feeirra og d\u00fdr\u00f0.<br \/> <\/span> <span class=\"ljodatexti\"> <a name=\"12\"><span class=\"versanumer_ljod\">12<\/span><\/a>T\u00edminn er kominn,<br \/>dagurinn \u00ed n\u00e1nd.<br \/>Kaupandinn gle\u00f0jist ekki,<br \/>og seljandinn syrgi ekki<br \/>\u00fev\u00ed a\u00f0 rei\u00f0i kemur yfir allan landsl\u00fd\u00f0. <br \/> <\/span> <span class=\"ljodatexti\"> <a name=\"13\"><span class=\"versanumer_ljod\">13<\/span><\/a>Seljandinn kemst ekki aftur til hins selda<br \/>\u00fe\u00f3 a\u00f0 b\u00e1\u00f0ir haldi l\u00edfi<br \/>\u00fev\u00ed a\u00f0 heiftin kemur yfir allan landsl\u00fd\u00f0,<br \/>h\u00fan sn\u00fdr ekki aftur,<br \/>og s\u00e1 sem lifir \u00ed synd sinni<br \/>mun ekki l\u00edfi halda. <span class=\"nedan_mal\" title=\" Textinn er spilltur og torskilinn.\">[<\/span> <br \/> <\/span> <span class=\"ljodatexti\"> <a name=\"14\"><span class=\"versanumer_ljod\">14<\/span><\/a>Horni\u00f0 er \u00feeytt,<br \/>allir herb\u00fanir<br \/>en enginn heldur til orrustu<br \/>\u00fev\u00ed a\u00f0 rei\u00f0i m\u00edn kemur yfir allan landsl\u00fd\u00f0. <br \/> <\/span> <span class=\"ljodatexti\"> <a name=\"15\"><span class=\"versanumer_ljod\">15<\/span><\/a>Sver\u00f0 er \u00fati fyrir,<br \/>inni dreps\u00f3tt og hungur.<br \/>S\u00e1 sem er \u00fati \u00e1 akri<br \/>skal falla fyrir sver\u00f0i.<br \/>S\u00e1 sem er inni \u00ed borginni<br \/>ver\u00f0ur hungri og dreps\u00f3tt a\u00f0 br\u00e1\u00f0. <br \/> <\/span> <span class=\"ljodatexti\"> <a name=\"16\"><span class=\"versanumer_ljod\">16<\/span><\/a>Komist nokkrir \u00feeirra undan<br \/>hafast \u00feeir vi\u00f0 \u00ed fj\u00f6llunum<br \/>eins og dalad\u00fafurnar,<br \/>\u00feeir munu allir deyja,<br \/>hver \u00feeirra vegna syndar sinnar. <br \/> <\/span> <span class=\"ljodatexti\"> <a name=\"17\"><span class=\"versanumer_ljod\">17<\/span><\/a>Allar hendur ver\u00f0a m\u00e1ttvana<br \/>og \u00f6ll kn\u00e9 kikna. <span class=\"nedan_mal\" title=\" Or\u00f0r\u00e9tt: \u00f6ll kn\u00e9 renna sundur sem vatn.\">[<\/span> <br \/> <\/span> <span class=\"ljodatexti\"> <a name=\"18\"><span class=\"versanumer_ljod\">18<\/span><\/a>\u00deeir gyr\u00f0a sig h\u00e6rusekk<br \/>og skelfingin hylur \u00fe\u00e1,<br \/>hvert andlit ro\u00f0nar af sk\u00f6mm<br \/>og hvert h\u00f6fu\u00f0 er nau\u00f0raka\u00f0.<br \/> <\/span> <span class=\"ljodatexti\"> <a name=\"19\"><span class=\"versanumer_ljod\">19<\/span><\/a>\u00deeir fleygja silfri s\u00ednu \u00e1 g\u00f6turnar,<br \/>gulli\u00f0 ver\u00f0ur a\u00f0 skarni.<br \/>Silfur \u00feeirra og gull f\u00e6r ekki bjarga\u00f0 \u00feeim<br \/>\u00e1 degi rei\u00f0i Drottins.<br \/>\u00deeir geta ekki satt hungur sitt,<br \/>ekki fyllt kvi\u00f0 sinn,<br \/>\u00fev\u00ed a\u00f0 \u00feetta var\u00f0 \u00feeim hr\u00f6sunarhella.<br \/> <\/span> <span class=\"ljodatexti\"> <a name=\"20\"><span class=\"versanumer_ljod\">20<\/span><\/a>\u00deeir hreyktu s\u00e9r af d\u00fdrm\u00e6tu skarti s\u00ednu<br \/>og ger\u00f0u s\u00e9r \u00far \u00fev\u00ed andstyggileg skur\u00f0go\u00f0<br \/>sem vekja vi\u00f0bj\u00f3\u00f0. <br \/>\u00dev\u00ed hef \u00e9g gert \u00feetta allt a\u00f0 skarni fyrir \u00feeim <br \/> <\/span> <span class=\"ljodatexti\"> <a name=\"21\"><span class=\"versanumer_ljod\">21<\/span><\/a>og sel \u00fea\u00f0 framandi m\u00f6nnum \u00ed hendur sem r\u00e1nsfeng<br \/>og hinum gu\u00f0lausu \u00e1 j\u00f6r\u00f0inni sem herfang,<br \/>\u00feeir munu vanhelga \u00fea\u00f0.<br \/> <\/span> <span class=\"ljodatexti\"> <a name=\"22\"><span class=\"versanumer_ljod\">22<\/span><\/a> \u00c9g mun sn\u00faa augliti m\u00ednu fr\u00e1 \u00feeim<br \/>og \u00feeir munu vanhelga fj\u00e1rsj\u00f3\u00f0 minn. <span class=\"nedan_mal\" title=\" \u00de.e. helgid\u00f3minn \u00ed Jer\u00fasalem.\">[<\/span> <br \/>R\u00e6ningjar munu brj\u00f3tast inn \u00ed hann,<br \/>vanhelga hann<br \/> <\/span> <span class=\"ljodatexti\"> <a name=\"23\"><span class=\"versanumer_ljod\">23<\/span><\/a> og vinna spellvirki<br \/>\u00fev\u00ed a\u00f0 landi\u00f0 er fullt af bl\u00f3\u00f0s\u00fathellingum<br \/>og borgin af ofbeldisverkum.<br \/> <\/span> <span class=\"ljodatexti\"> <a name=\"24\"><span class=\"versanumer_ljod\">24<\/span><\/a> \u00c9g mun stefna hinga\u00f0 verstu \u00fej\u00f3\u00f0um<br \/>sem munu kasta eign sinni \u00e1 h\u00fas \u00feeirra.<br \/>\u00c9g mun binda enda \u00e1 hroka hinna voldugu<br \/>og helgid\u00f3mar \u00feeirra ver\u00f0a vanhelga\u00f0ir.<br \/> <\/span> <span class=\"ljodatexti\"> <a name=\"25\"><span class=\"versanumer_ljod\">25<\/span><\/a> Skelfing kemur,<br \/>menn leita fri\u00f0ar \u00e1n \u00e1rangurs. <br \/> <\/span> <span class=\"ljodatexti\"> <a name=\"26\"><span class=\"versanumer_ljod\">26<\/span><\/a> \u00d3g\u00e6fa \u00e1 \u00f3g\u00e6fu ofan,<br \/>ein \u00f3t\u00ed\u00f0indin fylgja \u00f6\u00f0rum.<br \/>\u00deeir munu leita vitrunar hj\u00e1 sp\u00e1manni<br \/>en lei\u00f0s\u00f6gnin bregst prestinum<br \/>og r\u00e1\u00f0gj\u00f6fin \u00f6ldungunum.<br \/> <\/span> <span class=\"ljodatexti\"> <a name=\"27\"><span class=\"versanumer_ljod\">27<\/span><\/a> Konungurinn mun syrgja,<br \/>h\u00f6f\u00f0inginn kl\u00e6\u00f0ast skelfingu,<br \/>landsb\u00faum fallast hendur af \u00f3tta.<br \/>\u00c9g launa \u00feeim breytni \u00feeirra<br \/>og d\u00e6mi \u00fe\u00e1 eins og \u00feeir hafa d\u00e6mt<br \/>og \u00feeir skulu skilja a\u00f0 \u00e9g er Drottinn. <\/span> <\/p>\n","protected":false},"excerpt":{"rendered":"<p>Endirinn kemur 1 Or\u00f0 Drottins kom til m\u00edn: 2Mannssonur, svo segir Drottinn Gu\u00f0 vi\u00f0 land \u00cdsraels:Endir er kominn,endirinn fyrir fj\u00f6gur horn heimsins. 3N\u00fa eru endalok \u00fe\u00edn komin,\u00e9g sleppi lausri heift minni gegn \u00fe\u00e9r og d\u00e6mi \u00feig samkv\u00e6mt heg\u00f0un \u00feinniog launa \u00fe\u00e9r sv\u00edvir\u00f0ingar \u00fe\u00ednar. 4\u00c9g mun hvorki l\u00edta \u00feig v\u00e6g\u00f0araugan\u00e9 s\u00fdna \u00fe\u00e9r miskunn,heldur mun \u00e9g launa \u00fe\u00e9r breytni \u00fe\u00ednaog sv\u00edvir\u00f0ingar \u00fe\u00ednar skulu vera mitt \u00e1 me\u00f0al \u00fe\u00edn.\u00de\u00e1 skulu\u00f0 \u00fe\u00e9r skilja a\u00f0 \u00e9g er Drottinn. 5Svo segir Drottinn Gu\u00f0:\u00d3g\u00e6fa \u00e1 \u00f3g\u00e6fu ofan, h\u00fan er yfir dunin. 6Endir er kominn,endalokin or\u00f0in,endalokin komin yfir \u00feig. 7N\u00fa er komi\u00f0 a\u00f0 \u00fe\u00e9r,\u00edb\u00fai landsins,t\u00edminn er kominn,dagurinn \u00ed <a href=\"https:\/\/biblian.is\/biblian\/esekiel-7-kafli\/\"> [&#8230;]<\/a><\/p>\n","protected":false},"author":1,"featured_media":0,"parent":0,"menu_order":0,"comment_status":"open","ping_status":"open","template":"bibliukaflar_NT.php","meta":{"footnotes":""},"class_list":["post-2426","page","type-page","status-publish","hentry"],"_links":{"self":[{"href":"https:\/\/biblian.is\/biblian\/wp-json\/wp\/v2\/pages\/2426","targetHints":{"allow":["GET"]}}],"collection":[{"href":"https:\/\/biblian.is\/biblian\/wp-json\/wp\/v2\/pages"}],"about":[{"href":"https:\/\/biblian.is\/biblian\/wp-json\/wp\/v2\/types\/page"}],"author":[{"embeddable":true,"href":"https:\/\/biblian.is\/biblian\/wp-json\/wp\/v2\/users\/1"}],"replies":[{"embeddable":true,"href":"https:\/\/biblian.is\/biblian\/wp-json\/wp\/v2\/comments?post=2426"}],"version-history":[{"count":0,"href":"https:\/\/biblian.is\/biblian\/wp-json\/wp\/v2\/pages\/2426\/revisions"}],"wp:attachment":[{"href":"https:\/\/biblian.is\/biblian\/wp-json\/wp\/v2\/media?parent=2426"}],"curies":[{"name":"wp","href":"https:\/\/api.w.org\/{rel}","templated":true}]}}