{"id":2421,"date":"2017-12-30T21:03:08","date_gmt":"2017-12-30T21:03:08","guid":{"rendered":"http:\/\/biblian.is\/biblian\/esek%c2%92el-2-kafli\/"},"modified":"2024-07-03T22:14:08","modified_gmt":"2024-07-03T22:14:08","slug":"esekiel-2-kafli","status":"publish","type":"page","link":"https:\/\/biblian.is\/biblian\/esekiel-2-kafli\/","title":{"rendered":"Esek\u00edel 2. kafli"},"content":{"rendered":"<h3 class=\"millifyrirsogn_2007\"> K\u00f6llun sp\u00e1mannsins<\/h3>\n<p><a name=\"1\"><span class=\"versanumer_2007\">1<\/span><\/a> Hann sag\u00f0i vi\u00f0 mig: \u201eMannssonur, stattu \u00e1 f\u00e6tur og \u00e9g mun tala vi\u00f0 \u00feig.\u201c<br \/> <a name=\"2\"><span class=\"versanumer_2007\">2<\/span><\/a> \u00deegar hann tala\u00f0i til m\u00edn kom andi \u00ed mig sem reisti mig \u00e1 f\u00e6tur og \u00e9g hlusta\u00f0i \u00e1 \u00fea\u00f0 sem hann sag\u00f0i vi\u00f0 mig. <a name=\"3\"><span class=\"versanumer_2007\">3<\/span><\/a> Hann sag\u00f0i vi\u00f0 mig: \u201eMannssonur, \u00e9g sendi \u00feig til \u00cdsraelsmanna sem eru uppreisnargjarnir og hafa risi\u00f0 gegn m\u00e9r. \u00deeir og fe\u00f0ur \u00feeirra hafa broti\u00f0 gegn m\u00e9r allt til \u00feessa dags. <a name=\"4\"><span class=\"versanumer_2007\">4<\/span><\/a> \u00c9g sendi \u00feig til barna sem eru h\u00f6r\u00f0 \u00e1 svip og hafa forhert hjarta. \u00de\u00fa skalt segja vi\u00f0 \u00feau: Svo segir Drottinn Gu\u00f0. <a name=\"5\"><span class=\"versanumer_2007\">5<\/span><\/a> Hvort sem \u00feeir hlusta e\u00f0a neita a\u00f0 hlusta, \u00fev\u00ed a\u00f0 \u00feeir eru \u00fever\u00fa\u00f0ugt f\u00f3lk, skulu \u00feeir j\u00e1ta a\u00f0 sp\u00e1ma\u00f0ur hefur veri\u00f0 \u00e1 me\u00f0al \u00feeirra. <a name=\"6\"><span class=\"versanumer_2007\">6<\/span><\/a> En \u00fe\u00fa, mannssonur, skalt ekki \u00f3ttast \u00fe\u00e1 n\u00e9 hr\u00e6\u00f0ast or\u00f0 \u00feeirra \u00fe\u00f3 a\u00f0 \u00feyrnar umlyki \u00feig og \u00fe\u00fa sitjir \u00e1 spor\u00f0drekum. \u00de\u00fa skalt ekki \u00f3ttast or\u00f0 \u00feeirra og ekki hr\u00e6\u00f0ast fyrir augliti \u00feeirra \u00fev\u00ed a\u00f0 \u00feeir eru \u00fever\u00fa\u00f0ugir. <a name=\"7\"><span class=\"versanumer_2007\">7<\/span><\/a> \u00de\u00fa skalt flytja \u00feeim or\u00f0 m\u00edn hvort sem \u00feeir hlusta \u00e1 \u00feau e\u00f0a gefa \u00feeim engan gaum \u00fev\u00ed a\u00f0 \u00feeir eru \u00fever\u00fa\u00f0ugir. <a name=\"8\"><span class=\"versanumer_2007\">8<\/span><\/a> En \u00fe\u00fa, mannssonur, hl\u00fdddu \u00e1 \u00fea\u00f0 sem \u00e9g segi vi\u00f0 \u00feig. Vertu ekki \u00ferj\u00f3skur eins og \u00feetta \u00fever\u00fa\u00f0uga f\u00f3lk. Opna\u00f0u munn \u00feinn og et \u00fea\u00f0 sem \u00e9g f\u00e6 \u00fe\u00e9r.\u201c<br \/> <a name=\"9\"><span class=\"versanumer_2007\">9<\/span><\/a> \u00deegar \u00e9g leit upp s\u00e1 \u00e9g h\u00f6nd sem a\u00f0 m\u00e9r var r\u00e9tt og \u00ed henni var b\u00f3k. <a name=\"10\"><span class=\"versanumer_2007\">10<\/span><\/a> Hann rakti hana sundur fyrir m\u00e9r og \u00e1 hana voru ritu\u00f0, b\u00e6\u00f0i \u00e1 framhli\u00f0 hennar og bakhli\u00f0, harmakvein, andv\u00f6rp og kveinstafir.<\/p>\n","protected":false},"excerpt":{"rendered":"<p>K\u00f6llun sp\u00e1mannsins 1 Hann sag\u00f0i vi\u00f0 mig: \u201eMannssonur, stattu \u00e1 f\u00e6tur og \u00e9g mun tala vi\u00f0 \u00feig.\u201c 2 \u00deegar hann tala\u00f0i til m\u00edn kom andi \u00ed mig sem reisti mig \u00e1 f\u00e6tur og \u00e9g hlusta\u00f0i \u00e1 \u00fea\u00f0 sem hann sag\u00f0i vi\u00f0 mig. 3 Hann sag\u00f0i vi\u00f0 mig: \u201eMannssonur, \u00e9g sendi \u00feig til \u00cdsraelsmanna sem eru uppreisnargjarnir og hafa risi\u00f0 gegn m\u00e9r. \u00deeir og fe\u00f0ur \u00feeirra hafa broti\u00f0 gegn m\u00e9r allt til \u00feessa dags. 4 \u00c9g sendi \u00feig til barna sem eru h\u00f6r\u00f0 \u00e1 svip og hafa forhert hjarta. \u00de\u00fa skalt segja vi\u00f0 \u00feau: Svo segir Drottinn Gu\u00f0. 5 Hvort sem <a href=\"https:\/\/biblian.is\/biblian\/esekiel-2-kafli\/\"> [&#8230;]<\/a><\/p>\n","protected":false},"author":1,"featured_media":0,"parent":0,"menu_order":0,"comment_status":"open","ping_status":"open","template":"bibliukaflar_NT.php","meta":{"footnotes":""},"class_list":["post-2421","page","type-page","status-publish","hentry"],"_links":{"self":[{"href":"https:\/\/biblian.is\/biblian\/wp-json\/wp\/v2\/pages\/2421","targetHints":{"allow":["GET"]}}],"collection":[{"href":"https:\/\/biblian.is\/biblian\/wp-json\/wp\/v2\/pages"}],"about":[{"href":"https:\/\/biblian.is\/biblian\/wp-json\/wp\/v2\/types\/page"}],"author":[{"embeddable":true,"href":"https:\/\/biblian.is\/biblian\/wp-json\/wp\/v2\/users\/1"}],"replies":[{"embeddable":true,"href":"https:\/\/biblian.is\/biblian\/wp-json\/wp\/v2\/comments?post=2421"}],"version-history":[{"count":0,"href":"https:\/\/biblian.is\/biblian\/wp-json\/wp\/v2\/pages\/2421\/revisions"}],"wp:attachment":[{"href":"https:\/\/biblian.is\/biblian\/wp-json\/wp\/v2\/media?parent=2421"}],"curies":[{"name":"wp","href":"https:\/\/api.w.org\/{rel}","templated":true}]}}