{"id":2420,"date":"2017-12-30T21:03:08","date_gmt":"2017-12-30T21:03:08","guid":{"rendered":"http:\/\/biblian.is\/biblian\/esek%c2%92el-1-kafli\/"},"modified":"2024-07-03T22:14:06","modified_gmt":"2024-07-03T22:14:06","slug":"esekiel-1-kafli","status":"publish","type":"page","link":"https:\/\/biblian.is\/biblian\/esekiel-1-kafli\/","title":{"rendered":"Esek\u00edel 1. kafli"},"content":{"rendered":"<h3 class=\"millifyrirsogn_2007\"> K\u00f6llun Esek\u00edels<\/h3>\n<p><a name=\"1\"><span class=\"versanumer_2007\">1<\/span><\/a> \u00c1 fimmta degi fj\u00f3r\u00f0a m\u00e1na\u00f0ar \u00e1 \u00fer\u00edtugasta \u00e1rinu, \u00feegar \u00e9g dvaldist \u00e1 me\u00f0al \u00fatlaganna vi\u00f0 Kebarflj\u00f3t, opna\u00f0ist himinninn og \u00e9g s\u00e1 gu\u00f0d\u00f3mlegar s\u00fdnir. <a name=\"2\"><span class=\"versanumer_2007\">2<\/span><\/a> \u00c1 fimmta degi m\u00e1na\u00f0arins, \u00fea\u00f0 er a\u00f0 segja \u00e1 fimmta \u00e1ri eftir a\u00f0 J\u00f3jak\u00edn konungur haf\u00f0i veri\u00f0 rekinn \u00ed \u00fatleg\u00f0, <a name=\"3\"><span class=\"versanumer_2007\">3<\/span><\/a> kom or\u00f0 Drottins til Esek\u00edels B\u00fas\u00edsonar prests, \u00ed landi Kaldea vi\u00f0 Kebarflj\u00f3t og \u00fear kom h\u00f6nd Drottins yfir hann. <\/p>\n<h3 class=\"millifyrirsogn_2007\">D\u00fdr\u00f0 Drottins opinberu\u00f0<\/h3>\n<p><a name=\"4\"><span class=\"versanumer_2007\">4<\/span><\/a> \u00de\u00e1 s\u00e1 \u00e9g hvassvi\u00f0ri koma \u00far nor\u00f0ri, miki\u00f0 sk\u00fd og eldgl\u00e6ringar. Um \u00fea\u00f0 l\u00e9k lj\u00f3mi og \u00far honum mi\u00f0jum leiftra\u00f0i sem af hv\u00edtagulli. <a name=\"5\"><span class=\"versanumer_2007\">5<\/span><\/a> \u00dar lj\u00f3manum mi\u00f0jum birtist eitthva\u00f0 sem l\u00edktist fj\u00f3rum lifandi verum. \u00deannig litu \u00fe\u00e6r \u00fat: \u00c1 \u00feeim var mannsmynd <a name=\"6\"><span class=\"versanumer_2007\">6<\/span><\/a> en hver \u00feeirra haf\u00f0i fj\u00f6gur andlit og fj\u00f3ra v\u00e6ngi. <a name=\"7\"><span class=\"versanumer_2007\">7<\/span><\/a> F\u00f3tleggir \u00feeirra voru beinir og iljarnar eins og k\u00e1lfsklaufir og \u00feeir lj\u00f3mu\u00f0u eins og f\u00e6g\u00f0ur eir. <a name=\"8\"><span class=\"versanumer_2007\">8<\/span><\/a> \u00de\u00e6r h\u00f6f\u00f0u mannshendur undir v\u00e6ngjum s\u00ednum \u00e1 allar fj\u00f3rar hli\u00f0ar. Allar fj\u00f3rar h\u00f6f\u00f0u andlit og v\u00e6ngi <a name=\"9\"><span class=\"versanumer_2007\">9<\/span><\/a> og snertu v\u00e6ngir \u00feeirra hver annan og andlit \u00feeirra sneru beint fram \u00feegar \u00fe\u00e6r gengu beint af augum. <a name=\"10\"><span class=\"versanumer_2007\">10<\/span><\/a> Andlit \u00feeirra litu \u00feannig \u00fat: \u00de\u00e6r h\u00f6f\u00f0u mannsandlit sem sneri fram \u00e1 \u00f6llum fj\u00f3rum, allar fj\u00f3rar h\u00f6f\u00f0u lj\u00f3nsandlit h\u00e6gra megin og allar fj\u00f3rar nautsandlit vinstra megin og allar fj\u00f3rar h\u00f6f\u00f0u \u00fe\u00e6r arnarandlit sem sneri aftur. <a name=\"11\"><span class=\"versanumer_2007\">11<\/span><\/a> V\u00e6ngir \u00feeirra voru \u00feandir upp \u00e1 vi\u00f0. Hver \u00feeirra haf\u00f0i tvo v\u00e6ngi sem snertust og tvo v\u00e6ngi sem huldu l\u00edkama \u00feeirra. <a name=\"12\"><span class=\"versanumer_2007\">12<\/span><\/a> Hver um sig gekk beint af augum. \u00de\u00e6r gengu \u00feanga\u00f0 sem andinn vildi a\u00f0 \u00fe\u00e6r gengju og sneru s\u00e9r ekki vi\u00f0 \u00e1 g\u00f6ngu sinni. <a name=\"13\"><span class=\"versanumer_2007\">13<\/span><\/a> Verurnar voru \u00e1 a\u00f0 l\u00edta sem blossandi kolagl\u00f3\u00f0 og minntu \u00e1 kyndla og gengu leiftur \u00e1 milli veranna, leiftrandi blossar. <a name=\"14\"><span class=\"versanumer_2007\">14<\/span><\/a> Verurnar hlupu fram og aftur, l\u00edkastar eldingarleiftrum. <br \/> <a name=\"15\"><span class=\"versanumer_2007\">15<\/span><\/a> \u00deegar \u00e9g horf\u00f0i \u00e1 verurnar s\u00e1 \u00e9g eitt hj\u00f3l \u00e1 j\u00f6r\u00f0inni vi\u00f0 hli\u00f0ina \u00e1 hverri af verunum fj\u00f3rum. <a name=\"16\"><span class=\"versanumer_2007\">16<\/span><\/a> \u00deessi hj\u00f3l virtust vera ger\u00f0 \u00far lj\u00f3mandi kr\u00fds\u00f3l\u00edtsteini og \u00f6ll voru \u00feau eins a\u00f0 sj\u00e1. \u00deau voru \u00feannig ger\u00f0 a\u00f0 eitt virtist vera innan \u00ed \u00f6\u00f0ru. <a name=\"17\"><span class=\"versanumer_2007\">17<\/span><\/a> Hj\u00f3lin g\u00e1tu sn\u00faist \u00ed allar fj\u00f3rar \u00e1ttir \u00e1n \u00feess a\u00f0 breyta um stefnu \u00feegar \u00feau snerust. <a name=\"18\"><span class=\"versanumer_2007\">18<\/span><\/a> \u00c1 \u00feeim voru hj\u00f3lgjar\u00f0ir og s\u00e1 \u00e9g a\u00f0 allar fj\u00f3rar voru alsettar augum allt um kring. <a name=\"19\"><span class=\"versanumer_2007\">19<\/span><\/a> \u00deegar verurnar gengu snerust hj\u00f3lin vi\u00f0 hli\u00f0 \u00feeirra og \u00feegar verurnar h\u00f3fu sig upp fr\u00e1 j\u00f6r\u00f0inni h\u00f3fust hj\u00f3lin einnig. <a name=\"20\"><span class=\"versanumer_2007\">20<\/span><\/a> \u00de\u00e6r gengu \u00feanga\u00f0 sem andinn vildi a\u00f0 \u00fe\u00e6r gengju og hj\u00f3lin h\u00f3fust um lei\u00f0 og \u00fe\u00e6r \u00fev\u00ed a\u00f0 andi veranna var \u00ed hj\u00f3lunum. <a name=\"21\"><span class=\"versanumer_2007\">21<\/span><\/a> \u00deegar \u00fe\u00e6r gengu snerust \u00feau og \u00feegar \u00fe\u00e6r n\u00e1mu sta\u00f0ar sta\u00f0n\u00e6mdust \u00feau einnig og \u00feegar verurnar h\u00f3fu sig fr\u00e1 j\u00f6r\u00f0u lyftust hj\u00f3lin um lei\u00f0 og \u00fe\u00e6r \u00fev\u00ed a\u00f0 andi veranna var \u00ed hj\u00f3lunum.<br \/> <a name=\"22\"><span class=\"versanumer_2007\">22<\/span><\/a> Yfir h\u00f6f\u00f0um veranna var eitthva\u00f0 sem l\u00edktist hellu og lj\u00f3ma\u00f0i eins og \u00f3gnvekjandi kristall sem \u00feandist \u00fat yfir h\u00f6f\u00f0um \u00feeirra. <a name=\"23\"><span class=\"versanumer_2007\">23<\/span><\/a> Undir hellunni voru v\u00e6ngir \u00feeirra \u00feandir \u00fat svo a\u00f0 \u00feeir snertu hver annan og hver vera um sig haf\u00f0i tvo v\u00e6ngi sem huldu l\u00edkama hennar.<br \/> <a name=\"24\"><span class=\"versanumer_2007\">24<\/span><\/a> \u00deegar verurnar hreyf\u00f0u sig heyr\u00f0i \u00e9g \u00feytinn fr\u00e1 v\u00e6ngjum \u00feeirra. Hann l\u00edktist ni\u00f0 mikilla vatna, \u00ferumuraust Hins alm\u00e1ttka, h\u00e1um hr\u00f3pum og gn\u00fd fr\u00e1 herb\u00fa\u00f0um. En \u00feegar \u00fe\u00e6r n\u00e1mu sta\u00f0ar l\u00e9tu \u00fe\u00e6r v\u00e6ngina s\u00edga. <a name=\"25\"><span class=\"versanumer_2007\">25<\/span><\/a> Fyrir ofan helluna yfir h\u00f6f\u00f0um \u00feeirra heyr\u00f0ist \u00feytur en \u00feegar \u00fe\u00e6r sta\u00f0n\u00e6mdust l\u00e9tu \u00fe\u00e6r v\u00e6ngina s\u00edga.<br \/> <a name=\"26\"><span class=\"versanumer_2007\">26<\/span><\/a> Ofan vi\u00f0 helluna yfir h\u00f6f\u00f0um \u00feeirra var eitthva\u00f0 sem leit \u00fat eins og saf\u00edr, eitthva\u00f0 sem l\u00edktist h\u00e1s\u00e6ti og \u00ed \u00fev\u00ed sem l\u00edktist h\u00e1s\u00e6ti sat einhver sem virtist vera \u00ed mannsmynd. <a name=\"27\"><span class=\"versanumer_2007\">27<\/span><\/a> \u00c9g s\u00e1 a\u00f0 fr\u00e1 \u00fev\u00ed sem virtist vera lendar hans og upp \u00far var eitthva\u00f0 sem l\u00edktist gl\u00f3andi hv\u00edtagulli en fr\u00e1 lendum hans og ni\u00f0ur \u00far var hann sem eldur og lag\u00f0i sk\u00e6ran bjarma af allt umhverfis og fr\u00e1 honum stafa\u00f0i geislafl\u00f3\u00f0 <a name=\"28\"><span class=\"versanumer_2007\">28<\/span><\/a> l\u00edkast regnboga \u00ed sk\u00fdjum \u00e1 votvi\u00f0risdegi. \u00deannig var \u00edmynd d\u00fdr\u00f0ar Drottins \u00e1 a\u00f0 l\u00edta. \u00deegar \u00e9g s\u00e1 hana f\u00e9ll \u00e9g fram \u00e1 \u00e1sj\u00f3nu m\u00edna til jar\u00f0ar. \u00de\u00e1 heyr\u00f0i \u00e9g r\u00f6dd einhvers sem tala\u00f0i.<\/p>\n","protected":false},"excerpt":{"rendered":"<p>K\u00f6llun Esek\u00edels 1 \u00c1 fimmta degi fj\u00f3r\u00f0a m\u00e1na\u00f0ar \u00e1 \u00fer\u00edtugasta \u00e1rinu, \u00feegar \u00e9g dvaldist \u00e1 me\u00f0al \u00fatlaganna vi\u00f0 Kebarflj\u00f3t, opna\u00f0ist himinninn og \u00e9g s\u00e1 gu\u00f0d\u00f3mlegar s\u00fdnir. 2 \u00c1 fimmta degi m\u00e1na\u00f0arins, \u00fea\u00f0 er a\u00f0 segja \u00e1 fimmta \u00e1ri eftir a\u00f0 J\u00f3jak\u00edn konungur haf\u00f0i veri\u00f0 rekinn \u00ed \u00fatleg\u00f0, 3 kom or\u00f0 Drottins til Esek\u00edels B\u00fas\u00edsonar prests, \u00ed landi Kaldea vi\u00f0 Kebarflj\u00f3t og \u00fear kom h\u00f6nd Drottins yfir hann. D\u00fdr\u00f0 Drottins opinberu\u00f0 4 \u00de\u00e1 s\u00e1 \u00e9g hvassvi\u00f0ri koma \u00far nor\u00f0ri, miki\u00f0 sk\u00fd og eldgl\u00e6ringar. Um \u00fea\u00f0 l\u00e9k lj\u00f3mi og \u00far honum mi\u00f0jum leiftra\u00f0i sem af hv\u00edtagulli. 5 \u00dar lj\u00f3manum mi\u00f0jum birtist eitthva\u00f0 <a href=\"https:\/\/biblian.is\/biblian\/esekiel-1-kafli\/\"> [&#8230;]<\/a><\/p>\n","protected":false},"author":1,"featured_media":0,"parent":0,"menu_order":0,"comment_status":"open","ping_status":"open","template":"bibliukaflar_NT.php","meta":{"footnotes":""},"class_list":["post-2420","page","type-page","status-publish","hentry"],"_links":{"self":[{"href":"https:\/\/biblian.is\/biblian\/wp-json\/wp\/v2\/pages\/2420","targetHints":{"allow":["GET"]}}],"collection":[{"href":"https:\/\/biblian.is\/biblian\/wp-json\/wp\/v2\/pages"}],"about":[{"href":"https:\/\/biblian.is\/biblian\/wp-json\/wp\/v2\/types\/page"}],"author":[{"embeddable":true,"href":"https:\/\/biblian.is\/biblian\/wp-json\/wp\/v2\/users\/1"}],"replies":[{"embeddable":true,"href":"https:\/\/biblian.is\/biblian\/wp-json\/wp\/v2\/comments?post=2420"}],"version-history":[{"count":0,"href":"https:\/\/biblian.is\/biblian\/wp-json\/wp\/v2\/pages\/2420\/revisions"}],"wp:attachment":[{"href":"https:\/\/biblian.is\/biblian\/wp-json\/wp\/v2\/media?parent=2420"}],"curies":[{"name":"wp","href":"https:\/\/api.w.org\/{rel}","templated":true}]}}