{"id":2419,"date":"2017-12-30T21:03:08","date_gmt":"2017-12-30T21:03:08","guid":{"rendered":"http:\/\/biblian.is\/biblian\/harmlj%c2%97_in-5-kafli\/"},"modified":"2023-02-25T04:42:35","modified_gmt":"2023-02-25T04:42:35","slug":"harmljodin-5-kafli","status":"publish","type":"page","link":"https:\/\/biblian.is\/biblian\/harmljodin-5-kafli\/","title":{"rendered":"Harmlj\u00f3\u00f0in 5. kafli"},"content":{"rendered":"<h3 class=\"millifyrirsogn_2007\"> B\u00e6n um miskunn<\/h3>\n<p><span class=\"ljodatexti\"> <a name=\"1\"><span class=\"versanumer_ljod\">1<\/span><\/a>Minnstu \u00feess, Drottinn, hva\u00f0 hefur \u00e1 oss duni\u00f0,<br \/>l\u00edt \u00fe\u00fa \u00e1 og sj\u00e1 sm\u00e1n vora.<br \/> <\/span> <span class=\"ljodatexti\"> <a name=\"2\"><span class=\"versanumer_ljod\">2<\/span><\/a>Arfleif\u00f0 vor er komin \u00ed hendur framandi manna,<br \/>h\u00fasin \u00ed hendur \u00fatlendinga.<br \/> <\/span> <span class=\"ljodatexti\"> <a name=\"3\"><span class=\"versanumer_ljod\">3<\/span><\/a>V\u00e9r erum or\u00f0in muna\u00f0arlaus, f\u00f6\u00f0urlaus,<br \/>m\u00e6\u00f0ur vorar or\u00f0nar sem ekkjur.<br \/> <\/span> <span class=\"ljodatexti\"> <a name=\"4\"><span class=\"versanumer_ljod\">4<\/span><\/a>Vatni\u00f0 sem v\u00e9r drekkum ver\u00f0um v\u00e9r a\u00f0 kaupa,<br \/>vi\u00f0inn f\u00e1um v\u00e9r a\u00f0eins gegn borgun.<br \/> <\/span> <span class=\"ljodatexti\"> <a name=\"5\"><span class=\"versanumer_ljod\">5<\/span><\/a>Ofs\u00e6kjendur eru \u00e1 h\u00e6lum vorum,<br \/>\u00f6r\u00fereytt f\u00e1um v\u00e9r enga hv\u00edld.<br \/> <\/span> <span class=\"ljodatexti\"> <a name=\"6\"><span class=\"versanumer_ljod\">6<\/span><\/a>V\u00e9r gengum \u00ed bandalag vi\u00f0 Egyptaland<br \/>og Ass\u00fdr\u00edu <span class=\"nedan_mal\" title=\" Or\u00f0r\u00e9tt: Til Egyptalands og til Ass\u00fdr\u00edu r\u00e9ttum v\u00e9r h\u00f6ndina.\">[<\/span> til \u00feess a\u00f0 f\u00e1 matbj\u00f6rg.<br \/> <\/span> <span class=\"ljodatexti\"> <a name=\"7\"><span class=\"versanumer_ljod\">7<\/span><\/a>Fe\u00f0ur vorir syndgu\u00f0u, \u00feeir eru eigi framar til<br \/>en v\u00e9r berum sekt \u00feeirra.<br \/> <\/span> <span class=\"ljodatexti\"> <a name=\"8\"><span class=\"versanumer_ljod\">8<\/span><\/a>\u00der\u00e6lar drottna yfir oss,<br \/>enginn hr\u00edfur oss \u00far h\u00f6ndum \u00feeirra.<br \/> <\/span> <span class=\"ljodatexti\"> <a name=\"9\"><span class=\"versanumer_ljod\">9<\/span><\/a>V\u00e9r h\u00e6ttum l\u00edfinu vi\u00f0 a\u00f0 afla f\u00e6\u00f0u<br \/>s\u00f6kum sver\u00f0sins \u00ed ey\u00f0im\u00f6rkinni.<br \/> <\/span> <span class=\"ljodatexti\"> <a name=\"10\"><span class=\"versanumer_ljod\">10<\/span><\/a>H\u00f6rund vort er heitt eins og ofn<br \/>af hungurbruna.<br \/> <\/span> <span class=\"ljodatexti\"> <a name=\"11\"><span class=\"versanumer_ljod\">11<\/span><\/a>Konum er nau\u00f0ga\u00f0 \u00ed S\u00edon,<br \/>meyjum \u00ed borgum J\u00fada,<br \/> <\/span> <span class=\"ljodatexti\"> <a name=\"12\"><span class=\"versanumer_ljod\">12<\/span><\/a>h\u00f6f\u00f0ingjar gripnir og hengdir,<br \/>\u00f6ldungum engin vir\u00f0ing s\u00fdnd.<br \/> <\/span> <span class=\"ljodatexti\"> <a name=\"13\"><span class=\"versanumer_ljod\">13<\/span><\/a>\u00c6skumennirnir ver\u00f0a a\u00f0 \u00fer\u00e6la vi\u00f0 kv\u00f6rnina<br \/>og sveinarnir hrasa undir vi\u00f0arbyr\u00f0unum.<br \/> <\/span> <span class=\"ljodatexti\"> <a name=\"14\"><span class=\"versanumer_ljod\">14<\/span><\/a>\u00d6ldungarnir eru horfnir \u00far borgarhli\u00f0unum,<br \/>\u00e6skumennirnir fr\u00e1 strengleikum.<br \/> <\/span> <span class=\"ljodatexti\"> <a name=\"15\"><span class=\"versanumer_ljod\">15<\/span><\/a>F\u00f6gnu\u00f0ur hjartna vorra er horfinn,<br \/>gle\u00f0idans vor sn\u00fainn \u00ed sorg.<br \/> <\/span> <span class=\"ljodatexti\"> <a name=\"16\"><span class=\"versanumer_ljod\">16<\/span><\/a>K\u00f3r\u00f3nan er fallin af h\u00f6f\u00f0i voru,<br \/>vei oss, \u00fev\u00ed a\u00f0 v\u00e9r h\u00f6fum syndga\u00f0.<br \/> <\/span> <span class=\"ljodatexti\"> <a name=\"17\"><span class=\"versanumer_ljod\">17<\/span><\/a>S\u00f6kum \u00feessa er hjarta vort sj\u00fakt<br \/>og vegna \u00feessa eru augu vor d\u00f6pur,<br \/> <\/span> <span class=\"ljodatexti\"> <a name=\"18\"><span class=\"versanumer_ljod\">18<\/span><\/a>vegna S\u00edonarfjalls sem er \u00ed ey\u00f0i<br \/>og refir hlaupa n\u00fa um.<br \/> <\/span> <span class=\"ljodatexti\"> <a name=\"19\"><span class=\"versanumer_ljod\">19<\/span><\/a>\u00de\u00fa, Drottinn, r\u00edkir a\u00f0 eil\u00edfu,<br \/>h\u00e1s\u00e6ti \u00feitt stendur fr\u00e1 kyni til kyns.<br \/> <\/span> <span class=\"ljodatexti\"> <a name=\"20\"><span class=\"versanumer_ljod\">20<\/span><\/a>Hv\u00ed hefur \u00fe\u00fa gleymt oss me\u00f0 \u00f6llu,<br \/>yfirgefi\u00f0 oss svo lengi?<br \/> <\/span> <span class=\"ljodatexti\"> <a name=\"21\"><span class=\"versanumer_ljod\">21<\/span><\/a>Sn\u00fa \u00fe\u00fa oss til \u00fe\u00edn, Drottinn, \u00fe\u00e1 sn\u00faum v\u00e9r aftur,<br \/>endurn\u00fdja daga vora eins og til forna.<br \/> <\/span> <span class=\"ljodatexti\"> <a name=\"22\"><span class=\"versanumer_ljod\">22<\/span><\/a> E\u00f0a hefur \u00fe\u00fa hafna\u00f0 oss fyrir fullt og allt<br \/>og ert oss rei\u00f0ur \u00far \u00f6llu h\u00f3fi? <br \/> <\/span><\/p>\n","protected":false},"excerpt":{"rendered":"<p>B\u00e6n um miskunn 1Minnstu \u00feess, Drottinn, hva\u00f0 hefur \u00e1 oss duni\u00f0,l\u00edt \u00fe\u00fa \u00e1 og sj\u00e1 sm\u00e1n vora. 2Arfleif\u00f0 vor er komin \u00ed hendur framandi manna,h\u00fasin \u00ed hendur \u00fatlendinga. 3V\u00e9r erum or\u00f0in muna\u00f0arlaus, f\u00f6\u00f0urlaus,m\u00e6\u00f0ur vorar or\u00f0nar sem ekkjur. 4Vatni\u00f0 sem v\u00e9r drekkum ver\u00f0um v\u00e9r a\u00f0 kaupa,vi\u00f0inn f\u00e1um v\u00e9r a\u00f0eins gegn borgun. 5Ofs\u00e6kjendur eru \u00e1 h\u00e6lum vorum,\u00f6r\u00fereytt f\u00e1um v\u00e9r enga hv\u00edld. 6V\u00e9r gengum \u00ed bandalag vi\u00f0 Egyptalandog Ass\u00fdr\u00edu [ til \u00feess a\u00f0 f\u00e1 matbj\u00f6rg. 7Fe\u00f0ur vorir syndgu\u00f0u, \u00feeir eru eigi framar tilen v\u00e9r berum sekt \u00feeirra. 8\u00der\u00e6lar drottna yfir oss,enginn hr\u00edfur oss \u00far h\u00f6ndum \u00feeirra. 9V\u00e9r h\u00e6ttum l\u00edfinu vi\u00f0 a\u00f0 afla f\u00e6\u00f0us\u00f6kum <a href=\"https:\/\/biblian.is\/biblian\/harmljodin-5-kafli\/\"> [&#8230;]<\/a><\/p>\n","protected":false},"author":1,"featured_media":0,"parent":0,"menu_order":0,"comment_status":"open","ping_status":"open","template":"bibliukaflar_NT.php","meta":{"footnotes":""},"class_list":["post-2419","page","type-page","status-publish","hentry"],"_links":{"self":[{"href":"https:\/\/biblian.is\/biblian\/wp-json\/wp\/v2\/pages\/2419","targetHints":{"allow":["GET"]}}],"collection":[{"href":"https:\/\/biblian.is\/biblian\/wp-json\/wp\/v2\/pages"}],"about":[{"href":"https:\/\/biblian.is\/biblian\/wp-json\/wp\/v2\/types\/page"}],"author":[{"embeddable":true,"href":"https:\/\/biblian.is\/biblian\/wp-json\/wp\/v2\/users\/1"}],"replies":[{"embeddable":true,"href":"https:\/\/biblian.is\/biblian\/wp-json\/wp\/v2\/comments?post=2419"}],"version-history":[{"count":0,"href":"https:\/\/biblian.is\/biblian\/wp-json\/wp\/v2\/pages\/2419\/revisions"}],"wp:attachment":[{"href":"https:\/\/biblian.is\/biblian\/wp-json\/wp\/v2\/media?parent=2419"}],"curies":[{"name":"wp","href":"https:\/\/api.w.org\/{rel}","templated":true}]}}