{"id":2418,"date":"2017-12-30T21:03:08","date_gmt":"2017-12-30T21:03:08","guid":{"rendered":"http:\/\/biblian.is\/biblian\/harmlj%c2%97_in-4-kafli\/"},"modified":"2023-02-25T04:42:34","modified_gmt":"2023-02-25T04:42:34","slug":"harmljodin-4-kafli","status":"publish","type":"page","link":"https:\/\/biblian.is\/biblian\/harmljodin-4-kafli\/","title":{"rendered":"Harmlj\u00f3\u00f0in 4. kafli"},"content":{"rendered":"<h3 class=\"millifyrirsogn_2007\"> Jer\u00fasalem eftir fall borgarinnar<\/h3>\n<p><span class=\"ljodatexti\"> <a name=\"1\"><span class=\"versanumer_ljod\">1<\/span><\/a>Hversu blakkt er gulli\u00f0 or\u00f0i\u00f0,<br \/>umbreyttur m\u00e1lmurinn d\u00fdri,<br \/>helgum steinum er s\u00f3a\u00f0<br \/>\u00e1 \u00f6llum gatnam\u00f3tum.<br \/> <\/span> <span class=\"ljodatexti\"> <a name=\"2\"><span class=\"versanumer_ljod\">2<\/span><\/a>D\u00fdrm\u00e6tir synir S\u00edonar<br \/>voru jafnv\u00e6gir sk\u00edragulli,<br \/>n\u00fa eru \u00feeir lag\u00f0ir a\u00f0 j\u00f6fnu vi\u00f0 leirker,<br \/>handaverk leirkerasmi\u00f0s.<br \/> <\/span> <span class=\"ljodatexti\"> <a name=\"3\"><span class=\"versanumer_ljod\">3<\/span><\/a>Jafnvel sjakalarnir bj\u00f3\u00f0a j\u00fagri\u00f0<br \/>og gefa hvolpum s\u00ednum a\u00f0 sj\u00faga<br \/>en d\u00f3ttir \u00fej\u00f3\u00f0ar minnar er or\u00f0in har\u00f0brj\u00f3sta,<br \/>eins og str\u00fatarnir \u00ed ey\u00f0im\u00f6rkinni.<br \/> <\/span> <span class=\"ljodatexti\"> <a name=\"4\"><span class=\"versanumer_ljod\">4<\/span><\/a>Tunga brj\u00f3stmylkingsins lo\u00f0ir<br \/>vi\u00f0 g\u00f3minn af \u00feorsta,<br \/>b\u00f6rnin bi\u00f0ja um brau\u00f0<br \/>en enginn mi\u00f0lar \u00feeim neinu.<br \/> <\/span> <span class=\"ljodatexti\"> <a name=\"5\"><span class=\"versanumer_ljod\">5<\/span><\/a>\u00deeir sem \u00e1\u00f0ur neyttu kr\u00e1sa<br \/>\u00f6rmagnast n\u00fa \u00e1 str\u00e6tunum,<br \/>\u00feeir sem uppaldir voru \u00ed purpura<br \/>hafast n\u00fa vi\u00f0 \u00e1 sorphaugum.<br \/> <\/span> <span class=\"ljodatexti\"> <a name=\"6\"><span class=\"versanumer_ljod\">6<\/span><\/a>\u00dev\u00ed a\u00f0 refsing \u00fej\u00f3\u00f0ar minnar var \u00feyngri<br \/>en s\u00fa sem S\u00f3d\u00f3ma hlaut <span class=\"nedan_mal\" title=\" Or\u00f0r\u00e9tt: \u00dev\u00ed a\u00f0 refsing\/misgj\u00f6r\u00f0 \u00fej\u00f3\u00f0ar minnar var meiri en synd S\u00f3d\u00f3mu. \">[<\/span> <br \/>sem \u00e1 augabrag\u00f0i var l\u00f6g\u00f0 \u00ed r\u00fast<br \/>\u00e1n \u00feess a\u00f0 manna hendur k\u00e6mu \u00fear n\u00e6rri.<br \/> <\/span> <span class=\"ljodatexti\"> <a name=\"7\"><span class=\"versanumer_ljod\">7<\/span><\/a>H\u00f6f\u00f0ingjar hennar voru hreinni en mj\u00f6ll,<br \/>hv\u00edtari en mj\u00f3lk,<br \/>l\u00edkami \u00feeirra rau\u00f0ari en k\u00f3rallar,<br \/>\u00feeir voru \u00e1s\u00fdndum sem saf\u00edr.<br \/> <\/span> <span class=\"ljodatexti\"> <a name=\"8\"><span class=\"versanumer_ljod\">8<\/span><\/a>N\u00fa er \u00e1sj\u00f3na \u00feeirra svartari en s\u00f3t,<br \/>\u00feeir \u00feekkjast ekki \u00e1 str\u00e6tunum.<br \/>Skinni\u00f0 \u00e1 \u00feeim er skorpi\u00f0 a\u00f0 beinum,<br \/>\u00fea\u00f0 er \u00feurrt eins og tr\u00e9.<br \/> <\/span> <span class=\"ljodatexti\"> <a name=\"9\"><span class=\"versanumer_ljod\">9<\/span><\/a>\u00deeir sem f\u00e9llu fyrir sver\u00f0i voru s\u00e6lli<br \/>\u00feeim sem hungri\u00f0 felldi<br \/>og veslu\u00f0ust upp<br \/>af \u00fev\u00ed a\u00f0 enginn var akurgr\u00f3\u00f0inn.<br \/> <\/span> <span class=\"ljodatexti\"> <a name=\"10\"><span class=\"versanumer_ljod\">10<\/span><\/a>Hjartag\u00f3\u00f0ar konur su\u00f0u eigin hendi<br \/>b\u00f6rnin s\u00edn,<br \/>\u00feau ur\u00f0u \u00feeim til vi\u00f0urv\u00e6ris<br \/>\u00feegar \u00fej\u00f3\u00f0 minni var tort\u00edmt.<br \/> <\/span> <span class=\"ljodatexti\"> <a name=\"11\"><span class=\"versanumer_ljod\">11<\/span><\/a>Drottinn gaf heift sinni lausan tauminn,<br \/>\u00fathellti \u00e1kafri rei\u00f0i sinni,<br \/>kveikti eld \u00ed S\u00edon<br \/>sem brenndi hana til grunna.<br \/> <\/span> <span class=\"ljodatexti\"> <a name=\"12\"><span class=\"versanumer_ljod\">12<\/span><\/a>Konungar jar\u00f0ar hef\u00f0u ekki tr\u00faa\u00f0 \u00fev\u00ed,<br \/>n\u00e9 neinn af \u00edb\u00faum veraldar,<br \/>a\u00f0 fjandmenn og \u00f3vinir g\u00e6tu fari\u00f0 inn<br \/>um hli\u00f0 Jer\u00fasalem.<br \/> <\/span> <span class=\"ljodatexti\"> <a name=\"13\"><span class=\"versanumer_ljod\">13<\/span><\/a>\u00dea\u00f0 var s\u00f6kum synda sp\u00e1manna hennar<br \/>og misgj\u00f6r\u00f0a presta hennar<br \/>sem \u00fathelltu \u00ed borginni<br \/>bl\u00f3\u00f0i r\u00e9ttl\u00e1tra.<br \/> <\/span> <span class=\"ljodatexti\"> <a name=\"14\"><span class=\"versanumer_ljod\">14<\/span><\/a>Eins og blindir menn reika \u00feeir um str\u00e6tin<br \/>svo ata\u00f0ir bl\u00f3\u00f0i<br \/>a\u00f0 eigi m\u00e6tti neinn snerta kl\u00e6\u00f0i \u00feeirra.<br \/> <\/span> <span class=\"ljodatexti\"> <a name=\"15\"><span class=\"versanumer_ljod\">15<\/span><\/a>\u201eV\u00edki\u00f0 \u00far vegi, hann er \u00f3hreinn,\u201c hr\u00f3pu\u00f0u menn a\u00f0 \u00feeim,<br \/>\u201ev\u00edki\u00f0 \u00far vegi, v\u00edki\u00f0 \u00far vegi, snerti\u00f0 hann eigi!\u201c<br \/>\u00deegar \u00feeir fl\u00fdja og flakka um er sagt me\u00f0al hei\u00f0ingjanna:<br \/>\u201eH\u00e9r skulu \u00feeir eigi dveljast lengur.\u201c<br \/> <\/span> <span class=\"ljodatexti\"> <a name=\"16\"><span class=\"versanumer_ljod\">16<\/span><\/a>Drottinn hefur sj\u00e1lfur <span class=\"nedan_mal\" title=\" Or\u00f0r\u00e9tt: \u00c1sj\u00f3na\/auglit Drottins hefur \u2026\">[<\/span> tv\u00edstra\u00f0 \u00feeim,<br \/>hann l\u00edtur eigi framar vi\u00f0 \u00feeim.<br \/>Prestar <span class=\"nedan_mal\" title=\" Or\u00f0r\u00e9tt: \u00c1sj\u00f3na\/auglit presta \u2026\">[<\/span> eru einskis virtir<br \/>og gamalmennum ekki miskunna\u00f0.<br \/> <\/span> <span class=\"ljodatexti\"> <a name=\"17\"><span class=\"versanumer_ljod\">17<\/span><\/a>Augu vor \u00fereyttust af a\u00f0 stara s\u00edfellt<br \/>eftir hj\u00e1lp sem ekki kom.<br \/>Af sj\u00f3narh\u00f3l vorum m\u00e6ndum vi\u00f0<br \/>eftir \u00fej\u00f3\u00f0 sem ekki hj\u00e1lpar.<br \/> <\/span> <span class=\"ljodatexti\"> <a name=\"18\"><span class=\"versanumer_ljod\">18<\/span><\/a>Sl\u00f3\u00f0ir vorar voru raktar<br \/>svo a\u00f0 v\u00e9r g\u00e1tum ekki gengi\u00f0 eigin g\u00f6tur.<br \/>\u00dea\u00f0 lei\u00f0 a\u00f0 lokum, dagar vorir taldir,<br \/>endalok vor komu.<br \/> <\/span> <span class=\"ljodatexti\"> <a name=\"19\"><span class=\"versanumer_ljod\">19<\/span><\/a>Ofs\u00e6kjendur vorir voru l\u00e9ttf\u00e6rari<br \/>en ernirnir \u00ed loftinu,<br \/>\u00feeir eltu oss \u00e1 fj\u00f6llunum,<br \/>s\u00e1tu um oss \u00ed ey\u00f0im\u00f6rkinni.<br \/> <\/span> <span class=\"ljodatexti\"> <a name=\"20\"><span class=\"versanumer_ljod\">20<\/span><\/a>Drottins smur\u00f0i, l\u00edfsandi vor, <span class=\"nedan_mal\" title=\" Or\u00f0r\u00e9tt: andi nasa vorra.\">[<\/span> <br \/>var\u00f0 fanginn \u00ed gryfjum \u00feeirra &#8211;<br \/>hann sem vi\u00f0 s\u00f6g\u00f0um um: \u201e\u00cd skj\u00f3li hans <span class=\"nedan_mal\" title=\" Or\u00f0r\u00e9tt: \u00cd skugga hans.\">[<\/span> <br \/>skulum v\u00e9r lifa me\u00f0al \u00fej\u00f3\u00f0anna.\u201c<br \/> <\/span> <span class=\"ljodatexti\"> <a name=\"21\"><span class=\"versanumer_ljod\">21<\/span><\/a>Fagna \u00fe\u00fa og ver gl\u00f6\u00f0, d\u00f3ttirin Ed\u00f3m,<br \/>\u00fe\u00fa sem b\u00fdr\u00f0 \u00ed \u00daslandi:<br \/>Til \u00fe\u00edn mun og bikarinn koma,<br \/>\u00fe\u00fa munt ver\u00f0a drukkin og afhj\u00fapa nekt \u00fe\u00edna.<br \/> <\/span> <span class=\"ljodatexti\"> <a name=\"22\"><span class=\"versanumer_ljod\">22<\/span><\/a> Hegningin fyrir sekt \u00fe\u00edna er \u00e1 enda, d\u00f3ttirin S\u00edon,<br \/>aldrei framar mun hann gera \u00feig landr\u00e6ka.<br \/>Hann mun hegna \u00fe\u00e9r fyrir misgj\u00f6r\u00f0ir \u00fe\u00ednar, d\u00f3ttirin Ed\u00f3m,<br \/>afhj\u00fapa syndir \u00fe\u00ednar. <br \/> <\/span><\/p>\n","protected":false},"excerpt":{"rendered":"<p>Jer\u00fasalem eftir fall borgarinnar 1Hversu blakkt er gulli\u00f0 or\u00f0i\u00f0,umbreyttur m\u00e1lmurinn d\u00fdri,helgum steinum er s\u00f3a\u00f0\u00e1 \u00f6llum gatnam\u00f3tum. 2D\u00fdrm\u00e6tir synir S\u00edonarvoru jafnv\u00e6gir sk\u00edragulli,n\u00fa eru \u00feeir lag\u00f0ir a\u00f0 j\u00f6fnu vi\u00f0 leirker,handaverk leirkerasmi\u00f0s. 3Jafnvel sjakalarnir bj\u00f3\u00f0a j\u00fagri\u00f0og gefa hvolpum s\u00ednum a\u00f0 sj\u00fagaen d\u00f3ttir \u00fej\u00f3\u00f0ar minnar er or\u00f0in har\u00f0brj\u00f3sta,eins og str\u00fatarnir \u00ed ey\u00f0im\u00f6rkinni. 4Tunga brj\u00f3stmylkingsins lo\u00f0irvi\u00f0 g\u00f3minn af \u00feorsta,b\u00f6rnin bi\u00f0ja um brau\u00f0en enginn mi\u00f0lar \u00feeim neinu. 5\u00deeir sem \u00e1\u00f0ur neyttu kr\u00e1sa\u00f6rmagnast n\u00fa \u00e1 str\u00e6tunum,\u00feeir sem uppaldir voru \u00ed purpurahafast n\u00fa vi\u00f0 \u00e1 sorphaugum. 6\u00dev\u00ed a\u00f0 refsing \u00fej\u00f3\u00f0ar minnar var \u00feyngrien s\u00fa sem S\u00f3d\u00f3ma hlaut [ sem \u00e1 augabrag\u00f0i var l\u00f6g\u00f0 \u00ed r\u00fast\u00e1n \u00feess a\u00f0 manna <a href=\"https:\/\/biblian.is\/biblian\/harmljodin-4-kafli\/\"> [&#8230;]<\/a><\/p>\n","protected":false},"author":1,"featured_media":0,"parent":0,"menu_order":0,"comment_status":"open","ping_status":"open","template":"bibliukaflar_NT.php","meta":{"footnotes":""},"class_list":["post-2418","page","type-page","status-publish","hentry"],"_links":{"self":[{"href":"https:\/\/biblian.is\/biblian\/wp-json\/wp\/v2\/pages\/2418","targetHints":{"allow":["GET"]}}],"collection":[{"href":"https:\/\/biblian.is\/biblian\/wp-json\/wp\/v2\/pages"}],"about":[{"href":"https:\/\/biblian.is\/biblian\/wp-json\/wp\/v2\/types\/page"}],"author":[{"embeddable":true,"href":"https:\/\/biblian.is\/biblian\/wp-json\/wp\/v2\/users\/1"}],"replies":[{"embeddable":true,"href":"https:\/\/biblian.is\/biblian\/wp-json\/wp\/v2\/comments?post=2418"}],"version-history":[{"count":0,"href":"https:\/\/biblian.is\/biblian\/wp-json\/wp\/v2\/pages\/2418\/revisions"}],"wp:attachment":[{"href":"https:\/\/biblian.is\/biblian\/wp-json\/wp\/v2\/media?parent=2418"}],"curies":[{"name":"wp","href":"https:\/\/api.w.org\/{rel}","templated":true}]}}