{"id":2417,"date":"2017-12-30T21:03:03","date_gmt":"2017-12-30T21:03:03","guid":{"rendered":"http:\/\/biblian.is\/biblian\/harmlj%c2%97_in-3-kafli\/"},"modified":"2023-02-25T04:42:34","modified_gmt":"2023-02-25T04:42:34","slug":"harmljodin-3-kafli","status":"publish","type":"page","link":"https:\/\/biblian.is\/biblian\/harmljodin-3-kafli\/","title":{"rendered":"Harmlj\u00f3\u00f0in 3. kafli"},"content":{"rendered":"<h3 class=\"millifyrirsogn_2007\"> Hegning, i\u00f0run, von<\/h3>\n<p><span class=\"ljodatexti\"> <a name=\"1\"><span class=\"versanumer_ljod\">1<\/span><\/a>\u00c9g er ma\u00f0urinn sem hefur \u00fej\u00e1\u00f0st undir rei\u00f0isvipu hans.<br \/> <\/span> <span class=\"ljodatexti\"> <a name=\"2\"><span class=\"versanumer_ljod\">2<\/span><\/a>Mig hefur hann hraki\u00f0 burt, <br \/>\u00fat \u00ed myrkur og ni\u00f0dimmu.<br \/> <\/span> <span class=\"ljodatexti\"> <a name=\"3\"><span class=\"versanumer_ljod\">3<\/span><\/a>Gegn m\u00e9r sn\u00fdr hann hendi sinni<br \/>\u00e1n afl\u00e1ts allan daginn.<br \/> <\/span> <span class=\"ljodatexti\"> <a name=\"4\"><span class=\"versanumer_ljod\">4<\/span><\/a>Hann hefur t\u00e1lga\u00f0 af m\u00e9r hold og h\u00f6rund<br \/>og muli\u00f0 bein m\u00edn.<br \/> <\/span> <span class=\"ljodatexti\"> <a name=\"5\"><span class=\"versanumer_ljod\">5<\/span><\/a>Beiskju og m\u00e6\u00f0u<br \/>hefur hann hla\u00f0i\u00f0 upp \u00ed kringum mig,<br \/> <\/span> <span class=\"ljodatexti\"> <a name=\"6\"><span class=\"versanumer_ljod\">6<\/span><\/a>hneppt mig \u00ed myrkur<br \/>eins og \u00fe\u00e1 sem d\u00e1nir eru fyrir l\u00f6ngu.<br \/> <\/span> <span class=\"ljodatexti\"> <a name=\"7\"><span class=\"versanumer_ljod\">7<\/span><\/a>Hann hefur m\u00fara\u00f0 mig inni svo a\u00f0 \u00e9g kemst ekki \u00fat,<br \/>lagt \u00e1 mig \u00feunga fj\u00f6tra.<br \/> <\/span> <span class=\"ljodatexti\"> <a name=\"8\"><span class=\"versanumer_ljod\">8<\/span><\/a>\u00de\u00f3tt \u00e9g hr\u00f3pi og kalli \u00e1 hj\u00e1lp<br \/>hafnar hann b\u00e6n minni.<br \/> <\/span> <span class=\"ljodatexti\"> <a name=\"9\"><span class=\"versanumer_ljod\">9<\/span><\/a>Hann hefur loka\u00f0 vegum m\u00ednum me\u00f0 h\u00f6ggnum steinum,<br \/>gert stigu m\u00edna torf\u00e6ra.<br \/> <\/span> <span class=\"ljodatexti\"> <a name=\"10\"><span class=\"versanumer_ljod\">10<\/span><\/a>Hann sat um mig eins og bj\u00f6rn um br\u00e1\u00f0,<br \/>eins og lj\u00f3n \u00ed launs\u00e1tri.<br \/> <\/span> <span class=\"ljodatexti\"> <a name=\"11\"><span class=\"versanumer_ljod\">11<\/span><\/a>Hann leiddi mig afvega og t\u00e6tti mig sundur,<br \/>hann ger\u00f0i \u00fat af vi\u00f0 mig.<br \/> <\/span> <span class=\"ljodatexti\"> <a name=\"12\"><span class=\"versanumer_ljod\">12<\/span><\/a>Hann spennti boga sinn og stillti m\u00e9r upp<br \/>sem skotmarki fyrir \u00f6rina.<br \/> <\/span> <span class=\"ljodatexti\"> <a name=\"13\"><span class=\"versanumer_ljod\">13<\/span><\/a>Hann n\u00edsti n\u00fdru m\u00edn<br \/>me\u00f0 sonum \u00f6rvam\u00e6lis s\u00edns.<br \/> <\/span> <span class=\"ljodatexti\"> <a name=\"14\"><span class=\"versanumer_ljod\">14<\/span><\/a>\u00c9g var\u00f0 allri \u00fej\u00f3\u00f0 minni a\u00f0 athl\u00e6gi,<br \/>h\u00fan syngur um mig h\u00e1\u00f0kv\u00e6\u00f0i li\u00f0langan daginn.<br \/> <\/span> <span class=\"ljodatexti\"> <a name=\"15\"><span class=\"versanumer_ljod\">15<\/span><\/a>Hann metta\u00f0i mig beiskum jurtum,<br \/>gaf m\u00e9r malurt a\u00f0 drekka,<br \/> <\/span> <span class=\"ljodatexti\"> <a name=\"16\"><span class=\"versanumer_ljod\">16<\/span><\/a>l\u00e9t mig bry\u00f0ja m\u00f6l<br \/>og \u00fer\u00fdsti m\u00e9r \u00ed dufti\u00f0.<br \/> <\/span> <span class=\"ljodatexti\"> <a name=\"17\"><span class=\"versanumer_ljod\">17<\/span><\/a>\u00de\u00fa hefur r\u00e6nt mig fri\u00f0i,<br \/>\u00e9g veit ekki lengur hva\u00f0 hamingja er<br \/> <\/span> <span class=\"ljodatexti\"> <a name=\"18\"><span class=\"versanumer_ljod\">18<\/span><\/a>og segi: \u201eAllur \u00fer\u00f3ttur er m\u00e9r horfinn<br \/>og brostin von m\u00edn til Drottins.\u201c<br \/> <\/span> <span class=\"ljodatexti\"> <a name=\"19\"><span class=\"versanumer_ljod\">19<\/span><\/a>Minnstu ney\u00f0ar minnar og hrakninga,<br \/>malurtarinnar og eitursins.<br \/> <\/span> <span class=\"ljodatexti\"> <a name=\"20\"><span class=\"versanumer_ljod\">20<\/span><\/a>S\u00e1l m\u00edn hugsar s\u00edfellt um \u00feetta<br \/>og er d\u00f6pur \u00ed brj\u00f3sti m\u00e9r. <\/span> <\/p>\n<h3 class=\"millifyrirsogn_2007\">Miskunn Gu\u00f0s varir<\/h3>\n<p><span class=\"ljodatexti\"> <a name=\"21\"><span class=\"versanumer_ljod\">21<\/span><\/a>En \u00feetta vil \u00e9g hugfesta<br \/>og \u00feess vegna vona \u00e9g:<br \/> <\/span> <span class=\"ljodatexti\"> <a name=\"22\"><span class=\"versanumer_ljod\">22<\/span><\/a> N\u00e1\u00f0 Drottins er ekki \u00ferotin,<br \/>miskunn hans ekki \u00e1 enda,<br \/> <\/span> <span class=\"ljodatexti\"> <a name=\"23\"><span class=\"versanumer_ljod\">23<\/span><\/a> h\u00fan er n\u00fd \u00e1 hverjum morgni,<br \/>mikil er tr\u00fafesti \u00fe\u00edn.<br \/> <\/span> <span class=\"ljodatexti\"> <a name=\"24\"><span class=\"versanumer_ljod\">24<\/span><\/a> Drottinn er hlutdeild m\u00edn, segir s\u00e1l m\u00edn,<br \/>\u00feess vegna vona \u00e9g \u00e1 hann.<br \/> <\/span> <span class=\"ljodatexti\"> <a name=\"25\"><span class=\"versanumer_ljod\">25<\/span><\/a> G\u00f3\u00f0ur er Drottinn \u00feeim er \u00e1 hann vona<br \/>og \u00feeim manni er til hans leitar.<br \/> <\/span> <span class=\"ljodatexti\"> <a name=\"26\"><span class=\"versanumer_ljod\">26<\/span><\/a> Gott er a\u00f0 b\u00ed\u00f0a hlj\u00f3\u00f0ur<br \/>eftir hj\u00e1lp Drottins.<br \/> <\/span> <span class=\"ljodatexti\"> <a name=\"27\"><span class=\"versanumer_ljod\">27<\/span><\/a> Gott er fyrir manninn <br \/>a\u00f0 bera ok \u00ed \u00e6sku.<br \/> <\/span> <span class=\"ljodatexti\"> <a name=\"28\"><span class=\"versanumer_ljod\">28<\/span><\/a> Hann sitji einn og hlj\u00f3\u00f0ur<br \/>\u00feegar Drottinn hefur lagt \u00fea\u00f0 \u00e1 hann.<br \/> <\/span> <span class=\"ljodatexti\"> <a name=\"29\"><span class=\"versanumer_ljod\">29<\/span><\/a> Hann liggi me\u00f0 munninn vi\u00f0 j\u00f6r\u00f0u,<br \/>vera m\u00e1 a\u00f0 enn s\u00e9 von,<br \/> <\/span> <span class=\"ljodatexti\"> <a name=\"30\"><span class=\"versanumer_ljod\">30<\/span><\/a> hann bj\u00f3\u00f0i \u00feeim vangann sem sl\u00e6r hann,<br \/>l\u00e1ti metta sig sm\u00e1n.<br \/> <\/span> <span class=\"ljodatexti\"> <a name=\"31\"><span class=\"versanumer_ljod\">31<\/span><\/a> \u00dev\u00ed a\u00f0 ekki \u00fatsk\u00fafar Drottinn<br \/>um alla eil\u00edf\u00f0.<br \/> <\/span> <span class=\"ljodatexti\"> <a name=\"32\"><span class=\"versanumer_ljod\">32<\/span><\/a> \u00de\u00f3tt hann valdi harmi miskunnar hann<br \/>af mikilli n\u00e1\u00f0 sinni.<br \/> <\/span> <span class=\"ljodatexti\"> <a name=\"33\"><span class=\"versanumer_ljod\">33<\/span><\/a> \u00dev\u00ed a\u00f0 viljandi hrj\u00e1ir hann ekki<br \/>n\u00e9 hrellir mannanna b\u00f6rn.<br \/> <\/span> <span class=\"ljodatexti\"> <a name=\"34\"><span class=\"versanumer_ljod\">34<\/span><\/a> A\u00f0 tro\u00f0a undir f\u00f3tum<br \/>alla bandingja landsins,<br \/> <\/span> <span class=\"ljodatexti\"> <a name=\"35\"><span class=\"versanumer_ljod\">35<\/span><\/a> a\u00f0 halla r\u00e9tti manns<br \/>fyrir augliti Hins h\u00e6sta,<br \/> <\/span> <span class=\"ljodatexti\"> <a name=\"36\"><span class=\"versanumer_ljod\">36<\/span><\/a> a\u00f0 beita mann rangl\u00e6ti \u00ed m\u00e1li hans,<br \/>skyldi Drottinn ekki sj\u00e1 \u00fea\u00f0?<br \/> <\/span> <span class=\"ljodatexti\"> <a name=\"37\"><span class=\"versanumer_ljod\">37<\/span><\/a> Hver er s\u00e1 sem bau\u00f0 og \u00fea\u00f0 var\u00f0<br \/>\u00e1n \u00feess a\u00f0 Drottinn hafi \u00e1kve\u00f0i\u00f0 \u00fea\u00f0?<br \/> <\/span> <span class=\"ljodatexti\"> <a name=\"38\"><span class=\"versanumer_ljod\">38<\/span><\/a> Gengur ekki fram af munni Hins h\u00e6sta<br \/>b\u00e6\u00f0i g\u00e6fa og \u00f3g\u00e6fa?<br \/> <\/span> <span class=\"ljodatexti\"> <a name=\"39\"><span class=\"versanumer_ljod\">39<\/span><\/a> Hv\u00ed skyldi nokkur lifandi ma\u00f0ur kvarta<br \/>sem refsa\u00f0 er fyrir syndir s\u00ednar?<br \/> <\/span> <span class=\"ljodatexti\"> <a name=\"40\"><span class=\"versanumer_ljod\">40<\/span><\/a> Ranns\u00f6kum breytni vora og pr\u00f3fum<br \/>og sn\u00faum aftur til Drottins.<br \/> <\/span> <span class=\"ljodatexti\"> <a name=\"41\"><span class=\"versanumer_ljod\">41<\/span><\/a> F\u00f3rnum hjarta og h\u00f6ndum<br \/>til Gu\u00f0s \u00ed himninum.<br \/> <\/span> <span class=\"ljodatexti\"> <a name=\"42\"><span class=\"versanumer_ljod\">42<\/span><\/a> V\u00e9r h\u00f6fum syndga\u00f0 og veri\u00f0 \u00f3hl\u00fd\u00f0nir,<br \/>\u00fe\u00fa hefur ekki fyrirgefi\u00f0,<br \/> <\/span> <span class=\"ljodatexti\"> <a name=\"43\"><span class=\"versanumer_ljod\">43<\/span><\/a> \u00fe\u00fa sveipa\u00f0ir \u00feig rei\u00f0i, ofs\u00f3ttir oss<br \/>og deyddir v\u00e6g\u00f0arlaust.<br \/> <\/span> <span class=\"ljodatexti\"> <a name=\"44\"><span class=\"versanumer_ljod\">44<\/span><\/a> \u00de\u00fa sveipa\u00f0ir \u00feig sk\u00fdi<br \/>svo a\u00f0 engin b\u00e6n kemst \u00ed gegn.<br \/> <\/span> <span class=\"ljodatexti\"> <a name=\"45\"><span class=\"versanumer_ljod\">45<\/span><\/a> \u00de\u00fa ger\u00f0ir oss a\u00f0 skarni og sorpi<br \/>\u00e1 me\u00f0al \u00fej\u00f3\u00f0anna.<br \/> <\/span> <span class=\"ljodatexti\"> <a name=\"46\"><span class=\"versanumer_ljod\">46<\/span><\/a> Allir \u00f3vinir vorir<br \/>glenntu upp gini\u00f0.<br \/> <\/span> <span class=\"ljodatexti\"> <a name=\"47\"><span class=\"versanumer_ljod\">47<\/span><\/a> Geigur og gildra ur\u00f0u hlutskipti vort,<br \/>ey\u00f0ing og tort\u00edming.<br \/> <\/span> <span class=\"ljodatexti\"> <a name=\"48\"><span class=\"versanumer_ljod\">48<\/span><\/a> T\u00e1ral\u00e6kir streyma af augum m\u00e9r<br \/>\u00fev\u00ed a\u00f0 \u00fej\u00f3\u00f0 minni er tort\u00edmt.<br \/> <\/span> <span class=\"ljodatexti\"> <a name=\"49\"><span class=\"versanumer_ljod\">49<\/span><\/a> Hv\u00edldarlaust flj\u00f3ta augu m\u00edn \u00ed t\u00e1rum<br \/>\u00e1n \u00feess a\u00f0 hl\u00e9 ver\u00f0i \u00e1,<br \/> <\/span> <span class=\"ljodatexti\"> <a name=\"50\"><span class=\"versanumer_ljod\">50<\/span><\/a> uns Drottinn l\u00edtur ni\u00f0ur af himnum<br \/>og horfir \u00e1.<br \/> <\/span> <span class=\"ljodatexti\"> <a name=\"51\"><span class=\"versanumer_ljod\">51<\/span><\/a> \u00dea\u00f0 sem auga mitt l\u00edtur kvelur mig<br \/>vegna allra d\u00e6tra borgar minnar.<br \/> <\/span> <span class=\"ljodatexti\"> <a name=\"52\"><span class=\"versanumer_ljod\">52<\/span><\/a> \u00deeir sem voru \u00f3vinir m\u00ednir \u00e1n tilefnis<br \/>hafa elt mig eins og fugl.<br \/> <\/span> <span class=\"ljodatexti\"> <a name=\"53\"><span class=\"versanumer_ljod\">53<\/span><\/a> \u00deeir reyndu a\u00f0 granda m\u00e9r \u00ed gryfju<br \/>og k\u00f6stu\u00f0u steinum \u00e1 mig.<br \/> <\/span> <span class=\"ljodatexti\"> <a name=\"54\"><span class=\"versanumer_ljod\">54<\/span><\/a> Vatn fl\u00f3\u00f0i yfir h\u00f6fu\u00f0 mitt,<br \/>\u00e9g hugsa\u00f0i: \u201e\u00dea\u00f0 er \u00fati um mig.\u201c<br \/> <\/span> <span class=\"ljodatexti\"> <a name=\"55\"><span class=\"versanumer_ljod\">55<\/span><\/a> \u00c9g \u00e1kalla\u00f0i nafn \u00feitt, Drottinn,<br \/>\u00far dj\u00fapi gryfjunnar.<br \/> <\/span> <span class=\"ljodatexti\"> <a name=\"56\"><span class=\"versanumer_ljod\">56<\/span><\/a> \u00de\u00fa heyr\u00f0ir hr\u00f3p mitt: \u201eByrg ekki eyra \u00feitt<br \/>fyrir \u00e1kalli m\u00ednu um hj\u00e1lp.\u201c<br \/> <\/span> <span class=\"ljodatexti\"> <a name=\"57\"><span class=\"versanumer_ljod\">57<\/span><\/a> \u00de\u00fa n\u00e1lga\u00f0ist mig \u00feegar \u00e9g hr\u00f3pa\u00f0i til \u00fe\u00edn,<br \/>sag\u00f0ir: \u201e\u00d3ttast ekki!\u201c<br \/> <\/span> <span class=\"ljodatexti\"> <a name=\"58\"><span class=\"versanumer_ljod\">58<\/span><\/a> \u00de\u00fa var\u00f0ir, Drottinn, m\u00e1lsta\u00f0 minn,<br \/>leystir l\u00edf mitt.<br \/> <\/span> <span class=\"ljodatexti\"> <a name=\"59\"><span class=\"versanumer_ljod\">59<\/span><\/a> \u00de\u00fa hefur, Drottinn, s\u00e9\u00f0 \u00f3r\u00e9ttinn sem \u00e9g er beittur,<br \/>r\u00e9tt \u00fe\u00fa hlut minn.<br \/> <\/span> <span class=\"ljodatexti\"> <a name=\"60\"><span class=\"versanumer_ljod\">60<\/span><\/a> \u00de\u00fa hefur s\u00e9\u00f0 hefndar\u00feorsta \u00feeirra,<br \/>allt r\u00e1\u00f0abrugg \u00feeirra gegn m\u00e9r,<br \/> <\/span> <span class=\"ljodatexti\"> <a name=\"61\"><span class=\"versanumer_ljod\">61<\/span><\/a> \u00fe\u00fa hefur heyrt h\u00e1\u00f0syr\u00f0i \u00feeirra, Drottinn,<br \/>allt r\u00e1\u00f0abrugg \u00feeirra gegn m\u00e9r,<br \/> <\/span> <span class=\"ljodatexti\"> <a name=\"62\"><span class=\"versanumer_ljod\">62<\/span><\/a> s\u00edfellt hlj\u00f3\u00f0skraf andst\u00e6\u00f0inga minna<br \/>og r\u00e1\u00f0ager\u00f0ir \u00feeirra gegn m\u00e9r.<br \/> <\/span> <span class=\"ljodatexti\"> <a name=\"63\"><span class=\"versanumer_ljod\">63<\/span><\/a> Sj\u00e1 \u00fe\u00fa, hvort sem \u00feeir sitja e\u00f0a standa<br \/>kve\u00f0a \u00feeir h\u00e1\u00f0kv\u00e6\u00f0i um mig.<br \/> <\/span> <span class=\"ljodatexti\"> <a name=\"64\"><span class=\"versanumer_ljod\">64<\/span><\/a> Endurgjald \u00feeim, Drottinn,<br \/>eins og \u00feeir hafa til unni\u00f0.<br \/> <\/span> <span class=\"ljodatexti\"> <a name=\"65\"><span class=\"versanumer_ljod\">65<\/span><\/a> Legg hulu yfir hjarta \u00feeirra,<br \/>b\u00f6lvan \u00fe\u00edn komi yfir \u00fe\u00e1.<br \/> <\/span> <span class=\"ljodatexti\"> <a name=\"66\"><span class=\"versanumer_ljod\">66<\/span><\/a> Ofs\u00e6ktu \u00fe\u00e1 \u00ed rei\u00f0i og afm\u00e1 \u00fe\u00e1<br \/>undan himni Drottins.<br \/> <\/span><\/p>\n","protected":false},"excerpt":{"rendered":"<p>Hegning, i\u00f0run, von 1\u00c9g er ma\u00f0urinn sem hefur \u00fej\u00e1\u00f0st undir rei\u00f0isvipu hans. 2Mig hefur hann hraki\u00f0 burt, \u00fat \u00ed myrkur og ni\u00f0dimmu. 3Gegn m\u00e9r sn\u00fdr hann hendi sinni\u00e1n afl\u00e1ts allan daginn. 4Hann hefur t\u00e1lga\u00f0 af m\u00e9r hold og h\u00f6rundog muli\u00f0 bein m\u00edn. 5Beiskju og m\u00e6\u00f0uhefur hann hla\u00f0i\u00f0 upp \u00ed kringum mig, 6hneppt mig \u00ed myrkureins og \u00fe\u00e1 sem d\u00e1nir eru fyrir l\u00f6ngu. 7Hann hefur m\u00fara\u00f0 mig inni svo a\u00f0 \u00e9g kemst ekki \u00fat,lagt \u00e1 mig \u00feunga fj\u00f6tra. 8\u00de\u00f3tt \u00e9g hr\u00f3pi og kalli \u00e1 hj\u00e1lphafnar hann b\u00e6n minni. 9Hann hefur loka\u00f0 vegum m\u00ednum me\u00f0 h\u00f6ggnum steinum,gert stigu m\u00edna torf\u00e6ra. 10Hann sat <a href=\"https:\/\/biblian.is\/biblian\/harmljodin-3-kafli\/\"> [&#8230;]<\/a><\/p>\n","protected":false},"author":1,"featured_media":0,"parent":0,"menu_order":0,"comment_status":"open","ping_status":"open","template":"bibliukaflar_NT.php","meta":{"footnotes":""},"class_list":["post-2417","page","type-page","status-publish","hentry"],"_links":{"self":[{"href":"https:\/\/biblian.is\/biblian\/wp-json\/wp\/v2\/pages\/2417","targetHints":{"allow":["GET"]}}],"collection":[{"href":"https:\/\/biblian.is\/biblian\/wp-json\/wp\/v2\/pages"}],"about":[{"href":"https:\/\/biblian.is\/biblian\/wp-json\/wp\/v2\/types\/page"}],"author":[{"embeddable":true,"href":"https:\/\/biblian.is\/biblian\/wp-json\/wp\/v2\/users\/1"}],"replies":[{"embeddable":true,"href":"https:\/\/biblian.is\/biblian\/wp-json\/wp\/v2\/comments?post=2417"}],"version-history":[{"count":0,"href":"https:\/\/biblian.is\/biblian\/wp-json\/wp\/v2\/pages\/2417\/revisions"}],"wp:attachment":[{"href":"https:\/\/biblian.is\/biblian\/wp-json\/wp\/v2\/media?parent=2417"}],"curies":[{"name":"wp","href":"https:\/\/api.w.org\/{rel}","templated":true}]}}