{"id":2416,"date":"2017-12-30T21:03:03","date_gmt":"2017-12-30T21:03:03","guid":{"rendered":"http:\/\/biblian.is\/biblian\/harmlj%c2%97_in-2-kafli\/"},"modified":"2023-02-25T04:42:34","modified_gmt":"2023-02-25T04:42:34","slug":"harmljodin-2-kafli","status":"publish","type":"page","link":"https:\/\/biblian.is\/biblian\/harmljodin-2-kafli\/","title":{"rendered":"Harmlj\u00f3\u00f0in 2. kafli"},"content":{"rendered":"<h3 class=\"millifyrirsogn_2007\"> Drottinn hegnir Jer\u00fasalem<\/h3>\n<p><span class=\"ljodatexti\"> <a name=\"1\"><span class=\"versanumer_ljod\">1<\/span><\/a>Hv\u00edl\u00edkum sorta hefur Drottinn \u00ed rei\u00f0i sinni<br \/>huli\u00f0 d\u00f3tturina S\u00edon.<br \/>Fr\u00e1 himni varpa\u00f0i hann til jar\u00f0ar<br \/>vegsemd \u00cdsraels<br \/>og minntist ekki f\u00f3tskarar sinnar<br \/>\u00e1 degi rei\u00f0i sinnar.<br \/> <\/span> <span class=\"ljodatexti\"> <a name=\"2\"><span class=\"versanumer_ljod\">2<\/span><\/a>V\u00e6g\u00f0arlaust eyddi Drottinn<br \/>\u00f6llum dvalarst\u00f6\u00f0um Jakobs,<br \/>reif ni\u00f0ur \u00ed br\u00e6\u00f0i sinni<br \/>v\u00edgi J\u00fadad\u00f3ttur<br \/>og jafna\u00f0i \u00feau vi\u00f0 j\u00f6r\u00f0u.<br \/>Hann svipti r\u00edki\u00f0 s\u00e6md,<br \/>og r\u00e1\u00f0amenn \u00feess.<br \/> <\/span> <span class=\"ljodatexti\"> <a name=\"3\"><span class=\"versanumer_ljod\">3<\/span><\/a>\u00cd brennandi rei\u00f0i hj\u00f3 hann af<br \/>\u00f6ll horn \u00cdsraels,<br \/>dr\u00f3 a\u00f0 s\u00e9r h\u00e6gri h\u00f6ndina<br \/>er \u00f3vinirnir n\u00e1lgu\u00f0ust<br \/>og brann \u00ed Jakobi eins og b\u00e1l<br \/>sem ey\u00f0ir \u00f6llu umhverfis.<br \/> <\/span> <span class=\"ljodatexti\"> <a name=\"4\"><span class=\"versanumer_ljod\">4<\/span><\/a>Hann spennti boga sinn eins og \u00f3vinur,<br \/>me\u00f0 styrkri h\u00e6gri hendi,<br \/>og drap eins og fjandma\u00f0ur<br \/>allt sem auganu var yndi<br \/>\u00ed tjaldi d\u00f3tturinnar S\u00edonar.<br \/>Hann \u00fathellti heift sinni eins og eldi.<br \/> <\/span> <span class=\"ljodatexti\"> <a name=\"5\"><span class=\"versanumer_ljod\">5<\/span><\/a>Drottinn kom fram sem \u00f3vinur,<br \/>eyddi \u00cdsrael,<br \/>lag\u00f0i hallir hans \u00ed r\u00fast<br \/>og braut ni\u00f0ur virki hans.<br \/>Hrygg\u00f0 og harmi<br \/>olli hann J\u00fadad\u00f3ttur.<br \/> <\/span> <span class=\"ljodatexti\"> <a name=\"6\"><span class=\"versanumer_ljod\">6<\/span><\/a>Hann ger\u00f0i tjaldb\u00fa\u00f0 s\u00edna a\u00f0 moldarflagi,<br \/>umturna\u00f0i samkomusta\u00f0 s\u00ednum.<br \/>Drottinn l\u00e9t hv\u00edldardaga og h\u00e1t\u00ed\u00f0ir<br \/>gleymast \u00ed S\u00edon<br \/>og \u00fatsk\u00fafa\u00f0i \u00ed \u00e1kafri rei\u00f0i sinni<br \/>konungi og prestum.<br \/> <\/span> <span class=\"ljodatexti\"> <a name=\"7\"><span class=\"versanumer_ljod\">7<\/span><\/a>Drottinn hefur hafna\u00f0 altari s\u00ednu,<br \/>afneita\u00f0 helgid\u00f3mi s\u00ednum,<br \/>ofurselt \u00ed \u00f3vina hendur<br \/>hallarm\u00fara hennar.<br \/>\u00deeir l\u00e9tu \u00f3p glymja \u00ed musteri Drottins<br \/>eins og \u00e1 h\u00e1t\u00ed\u00f0ardegi.<br \/> <\/span> <span class=\"ljodatexti\"> <a name=\"8\"><span class=\"versanumer_ljod\">8<\/span><\/a>Drottinn haf\u00f0i \u00e1sett s\u00e9r a\u00f0 ey\u00f0a<br \/>m\u00far d\u00f3tturinnar S\u00edonar.<br \/>Hann \u00feandi m\u00e6lisn\u00faru, <br \/>aftra\u00f0i ekki hendi sinni fr\u00e1 \u00fev\u00ed a\u00f0 ey\u00f0a,<br \/>sl\u00f3 varnarvirki og m\u00far harmi,<br \/>saman \u00f6rmagnast \u00feau.<br \/> <\/span> <span class=\"ljodatexti\"> <a name=\"9\"><span class=\"versanumer_ljod\">9<\/span><\/a>Hli\u00f0 hennar eru sokkin \u00ed j\u00f6r\u00f0u,<br \/>hann \u00f3n\u00fdtti og braut slagbranda hennar.<br \/>Konungur hennar og r\u00e1\u00f0amenn eru me\u00f0al hei\u00f0ingjanna,<br \/>\u00e1n lei\u00f0sagnar,<br \/>og sp\u00e1menn hennar f\u00e1 engar<br \/>vitranir fr\u00e1 Drottni.<br \/> <\/span> <span class=\"ljodatexti\"> <a name=\"10\"><span class=\"versanumer_ljod\">10<\/span><\/a>\u00d6ldungar d\u00f3tturinnar S\u00edonar<br \/>sitja \u00fe\u00f6glir \u00e1 j\u00f6r\u00f0inni.<br \/>\u00deeir hafa ausi\u00f0 mold yfir h\u00f6fu\u00f0 s\u00edn,<br \/>og gyrt sig h\u00e6rusekk.<br \/>Meyjar Jer\u00fasalem<br \/>hneig\u00f0u h\u00f6fu\u00f0 a\u00f0 j\u00f6r\u00f0u.<br \/> <\/span> <span class=\"ljodatexti\"> <a name=\"11\"><span class=\"versanumer_ljod\">11<\/span><\/a>Augu m\u00edn daprast af gr\u00e1ti,<br \/>\u00e9g \u00f3lga hi\u00f0 innra<br \/>og galli m\u00ednu er \u00fathellt \u00e1 j\u00f6r\u00f0ina<br \/>s\u00f6kum tort\u00edmingar d\u00f3tturinnar, \u00fej\u00f3\u00f0ar <span class=\"nedan_mal\" title=\" Or\u00f0r\u00e9tt: d\u00f3ttur \u00fej\u00f3\u00f0ar.\">[<\/span> minnar,<br \/>b\u00f6rn og brj\u00f3stmylkingar hn\u00edga magn\u00ferota ni\u00f0ur<br \/>\u00e1 str\u00e6tum borgarinnar.<br \/> <\/span> <span class=\"ljodatexti\"> <a name=\"12\"><span class=\"versanumer_ljod\">12<\/span><\/a>\u00deau segja vi\u00f0 m\u00e6\u00f0ur s\u00ednar:<br \/>\u201eHvar er korn og v\u00edn?\u201c<br \/>\u00fear sem \u00feau hn\u00edga m\u00e1ttvana ni\u00f0ur eins og hels\u00e1rir menn<br \/>\u00e1 str\u00e6tum borgarinnar.<br \/>\u00deau gefa upp \u00f6ndina<br \/>\u00ed fa\u00f0mi m\u00e6\u00f0ra sinna.<br \/> <\/span> <span class=\"ljodatexti\"> <a name=\"13\"><span class=\"versanumer_ljod\">13<\/span><\/a>Hvernig get \u00e9g hughreyst \u00feig, vi\u00f0 hva\u00f0 l\u00edkt \u00fe\u00e9r,<br \/>d\u00f3ttirin Jer\u00fasalem?<br \/>Hverju \u00e1 \u00e9g a\u00f0 jafna vi\u00f0 \u00feig til a\u00f0 hugga \u00feig,<br \/>m\u00e6rin S\u00edonard\u00f3ttir?<br \/>S\u00e1r \u00feitt er st\u00f3rt eins og hafi\u00f0,<br \/>hver g\u00e6ti l\u00e6kna\u00f0 \u00feig?<br \/> <\/span> <span class=\"ljodatexti\"> <a name=\"14\"><span class=\"versanumer_ljod\">14<\/span><\/a>S\u00fdnir sp\u00e1manna \u00feinna um \u00feig<br \/>voru t\u00e1l og blekking.<br \/>\u00deeir afhj\u00fapu\u00f0u ekki misgj\u00f6r\u00f0 \u00fe\u00edna<br \/>til \u00feess a\u00f0 sn\u00faa vi\u00f0 h\u00f6gum \u00fe\u00ednum<br \/>heldur birtu \u00fe\u00e9r sp\u00e1r<br \/>sem voru t\u00e1l og ginningar.<br \/> <\/span> <span class=\"ljodatexti\"> <a name=\"15\"><span class=\"versanumer_ljod\">15<\/span><\/a>Allir sem fram hj\u00e1 fara<br \/>skella saman l\u00f3fum,<br \/>fussa <span class=\"nedan_mal\" title=\" Or\u00f0r\u00e9tt: bl\u00edstra.\">[<\/span> og hrista h\u00f6fu\u00f0i\u00f0<br \/>yfir d\u00f3tturinni Jer\u00fasalem:<br \/>\u201eEr \u00feetta borgin, hin alfagra,<br \/>yndi gervallrar jar\u00f0ar?\u201c<br \/> <\/span> <span class=\"ljodatexti\"> <a name=\"16\"><span class=\"versanumer_ljod\">16<\/span><\/a>Allir \u00f3vinir \u00fe\u00ednir<br \/>glenna upp gini\u00f0 gegn \u00fe\u00e9r,<br \/>fussa og gn\u00edsta t\u00f6nnum<br \/>og segja: \u201eV\u00e9r h\u00f6fum afm\u00e1\u00f0 hana!<br \/>\u00deetta er dagurinn lang\u00fer\u00e1\u00f0i,<br \/>v\u00e9r lif\u00f0um \u00fea\u00f0 a\u00f0 sj\u00e1 hann!\u201c<br \/> <\/span> <span class=\"ljodatexti\"> <a name=\"17\"><span class=\"versanumer_ljod\">17<\/span><\/a>Drottinn hefur gert \u00fea\u00f0 sem hann \u00e1setti s\u00e9r,<br \/>l\u00e1ti\u00f0 \u00fea\u00f0 r\u00e6tast<br \/>sem hann vara\u00f0i vi\u00f0 for\u00f0um daga.<br \/>V\u00e6g\u00f0arlaust hefur hann rifi\u00f0 ni\u00f0ur,<br \/>l\u00e1ti\u00f0 \u00f3vinina hlakka yfir \u00fe\u00e9r<br \/>og hafi\u00f0 horn fjandmanna \u00feinna.<br \/> <\/span> <span class=\"ljodatexti\"> <a name=\"18\"><span class=\"versanumer_ljod\">18<\/span><\/a>Hr\u00f3pa h\u00e1tt til Drottins,<br \/>\u00fe\u00fa m\u00e6rin, d\u00f3ttir S\u00edonar.<br \/>L\u00e1t t\u00e1rin renna eins og l\u00e6k<br \/>dag og n\u00f3tt,<br \/>unn \u00fe\u00e9r engrar hv\u00edldar,<br \/>l\u00e1t auga \u00feitt ekki hv\u00edlast.<br \/> <\/span> <span class=\"ljodatexti\"> <a name=\"19\"><span class=\"versanumer_ljod\">19<\/span><\/a>R\u00eds \u00e1 f\u00e6tur! Kveina um n\u00e6tur<br \/>vi\u00f0 upphaf hverrar v\u00f6ku.<br \/>\u00dathell hjarta \u00fe\u00ednu eins og vatni<br \/>frammi fyrir augliti Drottins,<br \/>f\u00f3rna h\u00f6ndum til hans<br \/>fyrir l\u00edfi barna \u00feinna<br \/>sem hn\u00edga ni\u00f0ur magn\u00ferota af hungri<br \/>\u00e1 \u00f6llum gatnam\u00f3tum.<br \/> <\/span> <span class=\"ljodatexti\"> <a name=\"20\"><span class=\"versanumer_ljod\">20<\/span><\/a>Sj\u00e1, Drottinn, og hygg a\u00f0<br \/>hvern \u00fe\u00fa hefur leiki\u00f0 \u00feannig.<br \/>Eiga konur a\u00f0 eta afkv\u00e6mi s\u00edn,<br \/>b\u00f6rnin sem \u00fe\u00e6r bera \u00e1 \u00f6rmum?<br \/>\u00c1 a\u00f0 myr\u00f0a presta og sp\u00e1menn<br \/>\u00ed helgid\u00f3mi Drottins?<br \/> <\/span> <span class=\"ljodatexti\"> <a name=\"21\"><span class=\"versanumer_ljod\">21<\/span><\/a>Ungir og aldnir<br \/>liggja vegnir \u00e1 str\u00e6tunum,<br \/>sveinar og \u00f6ldungar.<br \/>Meyjar m\u00ednar og \u00e6skumenn<br \/>f\u00e9llu fyrir sver\u00f0i.<br \/>\u00de\u00fa r\u00e9\u00f0st \u00feeim bana \u00e1 rei\u00f0idegi \u00fe\u00ednum,<br \/>sl\u00e1tra\u00f0ir v\u00e6g\u00f0arlaust.<br \/> <\/span> <span class=\"ljodatexti\"> <a name=\"22\"><span class=\"versanumer_ljod\">22<\/span><\/a> Eins og \u00fe\u00fa kvaddir til h\u00e1t\u00ed\u00f0a<br \/>stefndir \u00fe\u00fa \u00f3gnum a\u00f0 m\u00e9r hva\u00f0an\u00e6va.<br \/>Enginn komst undan og lif\u00f0i af<br \/>\u00e1 rei\u00f0idegi Drottins.<br \/>\u00de\u00e1 sem \u00e9g bar \u00e1 \u00f6rmum og \u00f3l \u00f6nn fyrir<br \/>hefur \u00f3vinur minn afm\u00e1\u00f0. <\/span> <\/p>\n","protected":false},"excerpt":{"rendered":"<p>Drottinn hegnir Jer\u00fasalem 1Hv\u00edl\u00edkum sorta hefur Drottinn \u00ed rei\u00f0i sinnihuli\u00f0 d\u00f3tturina S\u00edon.Fr\u00e1 himni varpa\u00f0i hann til jar\u00f0arvegsemd \u00cdsraelsog minntist ekki f\u00f3tskarar sinnar\u00e1 degi rei\u00f0i sinnar. 2V\u00e6g\u00f0arlaust eyddi Drottinn\u00f6llum dvalarst\u00f6\u00f0um Jakobs,reif ni\u00f0ur \u00ed br\u00e6\u00f0i sinniv\u00edgi J\u00fadad\u00f3tturog jafna\u00f0i \u00feau vi\u00f0 j\u00f6r\u00f0u.Hann svipti r\u00edki\u00f0 s\u00e6md,og r\u00e1\u00f0amenn \u00feess. 3\u00cd brennandi rei\u00f0i hj\u00f3 hann af\u00f6ll horn \u00cdsraels,dr\u00f3 a\u00f0 s\u00e9r h\u00e6gri h\u00f6ndinaer \u00f3vinirnir n\u00e1lgu\u00f0ustog brann \u00ed Jakobi eins og b\u00e1lsem ey\u00f0ir \u00f6llu umhverfis. 4Hann spennti boga sinn eins og \u00f3vinur,me\u00f0 styrkri h\u00e6gri hendi,og drap eins og fjandma\u00f0urallt sem auganu var yndi\u00ed tjaldi d\u00f3tturinnar S\u00edonar.Hann \u00fathellti heift sinni eins og eldi. 5Drottinn kom fram sem \u00f3vinur,eyddi \u00cdsrael,lag\u00f0i <a href=\"https:\/\/biblian.is\/biblian\/harmljodin-2-kafli\/\"> [&#8230;]<\/a><\/p>\n","protected":false},"author":1,"featured_media":0,"parent":0,"menu_order":0,"comment_status":"open","ping_status":"open","template":"bibliukaflar_NT.php","meta":{"footnotes":""},"class_list":["post-2416","page","type-page","status-publish","hentry"],"_links":{"self":[{"href":"https:\/\/biblian.is\/biblian\/wp-json\/wp\/v2\/pages\/2416","targetHints":{"allow":["GET"]}}],"collection":[{"href":"https:\/\/biblian.is\/biblian\/wp-json\/wp\/v2\/pages"}],"about":[{"href":"https:\/\/biblian.is\/biblian\/wp-json\/wp\/v2\/types\/page"}],"author":[{"embeddable":true,"href":"https:\/\/biblian.is\/biblian\/wp-json\/wp\/v2\/users\/1"}],"replies":[{"embeddable":true,"href":"https:\/\/biblian.is\/biblian\/wp-json\/wp\/v2\/comments?post=2416"}],"version-history":[{"count":0,"href":"https:\/\/biblian.is\/biblian\/wp-json\/wp\/v2\/pages\/2416\/revisions"}],"wp:attachment":[{"href":"https:\/\/biblian.is\/biblian\/wp-json\/wp\/v2\/media?parent=2416"}],"curies":[{"name":"wp","href":"https:\/\/api.w.org\/{rel}","templated":true}]}}