{"id":2414,"date":"2017-12-30T21:03:03","date_gmt":"2017-12-30T21:03:03","guid":{"rendered":"http:\/\/biblian.is\/biblian\/jerem%c2%92a-52-kafli\/"},"modified":"2024-07-03T12:50:14","modified_gmt":"2024-07-03T12:50:14","slug":"jeremia-52-kafli","status":"publish","type":"page","link":"https:\/\/biblian.is\/biblian\/jeremia-52-kafli\/","title":{"rendered":"Jerem\u00eda 52. kafli"},"content":{"rendered":"<h2 class=\"millifyrirsogn_2007\"> Vi\u00f0auki <\/h2>\n<h3 class=\"millifyrirsogn_2007\">Fall Jer\u00fasalem<\/h3>\n<p><a name=\"1\"><span class=\"versanumer_2007\">1<\/span><\/a> Sedek\u00eda var tuttugu og eins \u00e1rs \u00feegar hann var\u00f0 konungur og r\u00edkti \u00ed Jer\u00fasalem ellefu \u00e1r. M\u00f3\u00f0ir hans h\u00e9t Ham\u00fatal Jerem\u00edad\u00f3ttir fr\u00e1 L\u00edbna. <a name=\"2\"><span class=\"versanumer_2007\">2<\/span><\/a> Hann ger\u00f0i \u00fea\u00f0 sem illt var \u00ed augum Drottins eins og J\u00f3jak\u00edm. <a name=\"3\"><span class=\"versanumer_2007\">3<\/span><\/a> Vegna rei\u00f0i Drottins f\u00f3r \u00feannig fyrir Jer\u00fasalem og J\u00fada og \u00fear kom a\u00f0 hann rak \u00feau fr\u00e1 augliti s\u00ednu. <br \/>Sedek\u00eda ger\u00f0i uppreisn gegn konunginum \u00ed Bab\u00fdlon. <a name=\"4\"><span class=\"versanumer_2007\">4<\/span><\/a> \u00c1 n\u00edunda stj\u00f3rnar\u00e1ri Sedek\u00eda bar svo vi\u00f0 \u00e1 t\u00edunda degi t\u00edunda m\u00e1na\u00f0ar a\u00f0 Neb\u00fakadresar, konungur \u00ed Bab\u00fdlon, kom til Jer\u00fasalem me\u00f0 allan her sinn og settist um hana. \u00deeir reistu virki til \u00e1r\u00e1sa umhverfis hana <a name=\"5\"><span class=\"versanumer_2007\">5<\/span><\/a> og var borgin umsetin til ellefta stj\u00f3rnar\u00e1rs Sedek\u00eda konungs. <a name=\"6\"><span class=\"versanumer_2007\">6<\/span><\/a> \u00c1 n\u00edunda degi \u00ed fj\u00f3r\u00f0a m\u00e1nu\u00f0inum, \u00feegar hungursney\u00f0in var or\u00f0in mikil \u00ed borginni og enga f\u00e6\u00f0u a\u00f0 hafa handa \u00edb\u00faunum, <a name=\"7\"><span class=\"versanumer_2007\">7<\/span><\/a> var borgarm\u00farinn rofinn. Um n\u00f3ttina fl\u00fd\u00f0u allir vopnf\u00e6rir menn gegnum hli\u00f0i\u00f0 milli m\u00faranna tveggja gegnt gar\u00f0i konungsins. T\u00f3kst \u00feeim og konungi a\u00f0 fl\u00fdja \u00fe\u00f3 a\u00f0 Kaldear umkringdu borgina og h\u00e9ldu \u00ed \u00e1tt til Arabasl\u00e9ttunnar. <a name=\"8\"><span class=\"versanumer_2007\">8<\/span><\/a> En hermenn Kaldea veittu konungi eftirf\u00f6r og n\u00e1\u00f0u honum \u00e1 Jer\u00edk\u00f3sl\u00e9ttunni. \u00de\u00e1 haf\u00f0i allur her hans yfirgefi\u00f0 hann og tv\u00edstrast. <br \/> <a name=\"9\"><span class=\"versanumer_2007\">9<\/span><\/a> \u00deeir t\u00f3ku konunginn og f\u00f3ru me\u00f0 hann til Bab\u00fdlon\u00edukonungs \u00ed Ribla \u00ed Hamath\u00e9ra\u00f0i sem kva\u00f0 upp d\u00f3m yfir honum. <a name=\"10\"><span class=\"versanumer_2007\">10<\/span><\/a> Bab\u00fdlon\u00edukonungur l\u00e9t h\u00e1lsh\u00f6ggva syni Sedek\u00eda fyrir augum hans. Hann l\u00e9t einnig h\u00e1lsh\u00f6ggva alla h\u00f6f\u00f0ingja J\u00fada \u00ed Ribla. <a name=\"11\"><span class=\"versanumer_2007\">11<\/span><\/a> Hann l\u00e9t stinga augun \u00far Sedek\u00eda og setja hann \u00ed hlekki. \u00dev\u00ed n\u00e6st l\u00e9t konungurinn \u00ed Bab\u00fdlon flytja hann til Bab\u00fdlonar og haf\u00f0i hann \u00ed haldi til dau\u00f0adags. <\/p>\n<h3 class=\"millifyrirsogn_2007\">H\u00fas Drottins lagt \u00ed r\u00fast<\/h3>\n<p><a name=\"12\"><span class=\"versanumer_2007\">12<\/span><\/a> \u00c1 t\u00edunda degi fimmta m\u00e1na\u00f0ar, \u00e1 n\u00edtj\u00e1nda stj\u00f3rnar\u00e1ri Neb\u00fakadresars Bab\u00fdlon\u00edukonungs, kom til Jer\u00fasalem Neb\u00fasaradan, foringi l\u00edfvar\u00f0arins, sem \u00fej\u00f3na\u00f0i konunginum. <a name=\"13\"><span class=\"versanumer_2007\">13<\/span><\/a> Hann lag\u00f0i eld a\u00f0 h\u00fasi Drottins, h\u00fasi konungs og \u00f6llum \u00f6\u00f0rum h\u00fasum \u00ed Jer\u00fasalem. Hann brenndi \u00f6ll vegleg h\u00fas. <a name=\"14\"><span class=\"versanumer_2007\">14<\/span><\/a> Hermenn Kaldea, sem foringi l\u00edfvar\u00f0arins stj\u00f3rna\u00f0i, rifu ni\u00f0ur m\u00farana umhverfis Jer\u00fasalem. <a name=\"15\"><span class=\"versanumer_2007\">15<\/span><\/a> Neb\u00fasaradan l\u00edfvar\u00f0arforingi flutti \u00ed \u00fatleg\u00f0 \u00fe\u00e1 sem eftir voru \u00ed borginni \u00e1samt li\u00f0hlaupunum sem gengi\u00f0 h\u00f6f\u00f0u konungi Bab\u00fdlonar \u00e1 h\u00f6nd og \u00fe\u00e1 sem eftir voru af handverksm\u00f6nnunum. <a name=\"16\"><span class=\"versanumer_2007\">16<\/span><\/a> Neb\u00fasaradan l\u00edfvar\u00f0arforingi skildi a\u00f0eins eftir nokkra f\u00e1t\u00e6klinga til a\u00f0 erja v\u00edngar\u00f0a og akra.<br \/> <a name=\"17\"><span class=\"versanumer_2007\">17<\/span><\/a> Eirs\u00falurnar \u00ed h\u00fasi Drottins, vagngrindurnar og eirhafi\u00f0 \u00ed h\u00fasi Drottins brutu Kaldear \u00ed sundur og fluttu eirinn til Bab\u00fdlonar. <a name=\"18\"><span class=\"versanumer_2007\">18<\/span><\/a> \u00deeir t\u00f3ku me\u00f0 s\u00e9r kerin, sk\u00f3flurnar, skarb\u00edtana, sk\u00e1larnar og \u00f6ll eir\u00e1h\u00f6ldin sem notu\u00f0 voru vi\u00f0 gu\u00f0s\u00fej\u00f3nustuna. <a name=\"19\"><span class=\"versanumer_2007\">19<\/span><\/a> Foringi l\u00edfvar\u00f0arins t\u00f3k einnig katlana, eldp\u00f6nnurnar, sk\u00e1larnar, pottana, lj\u00f3sastikurnar, bollana og kerin, allt sem var \u00far gulli og silfri. <a name=\"20\"><span class=\"versanumer_2007\">20<\/span><\/a> S\u00falurnar tv\u00e6r, hafi\u00f0 \u00e1samt t\u00f3lf nautum \u00far eir undir \u00fev\u00ed og vagngrindurnar, sem Sal\u00f3mon konungur haf\u00f0i l\u00e1ti\u00f0 gera fyrir h\u00fas Drottins, allt var \u00fea\u00f0 gert \u00far svo miklum eir a\u00f0 \u00fea\u00f0 var\u00f0 ekki vegi\u00f0. <a name=\"21\"><span class=\"versanumer_2007\">21<\/span><\/a> \u00d6nnur s\u00falan var \u00e1tj\u00e1n \u00e1lnir \u00e1 h\u00e6\u00f0 og t\u00f3lf \u00e1lna langan \u00fer\u00e1\u00f0 \u00feurfti til \u00feess a\u00f0 n\u00e1 utan um hana. H\u00fan var fj\u00f6gurra fingra \u00feykk og hol a\u00f0 innan. <a name=\"22\"><span class=\"versanumer_2007\">22<\/span><\/a> Ofan \u00e1 henni var s\u00falnah\u00f6fu\u00f0 \u00far eir, fimm \u00e1lnir \u00e1 h\u00e6\u00f0. Net me\u00f0 granateplum var umhverfis s\u00falnah\u00f6fu\u00f0i\u00f0. Allt \u00feetta var \u00far eir. Hin s\u00falan var eins. <a name=\"23\"><span class=\"versanumer_2007\">23<\/span><\/a> Granateplin, sem h\u00e9ngu laus, voru n\u00edut\u00edu og sex, alls voru hundra\u00f0 granatepli allt umhverfis \u00e1 netinu.<br \/> <a name=\"24\"><span class=\"versanumer_2007\">24<\/span><\/a> Foringi l\u00edfvar\u00f0arins t\u00f3k einnig Seraja yfirprest til fanga, Sefan\u00eda prest, sem n\u00e6st honum gekk, og hli\u00f0ver\u00f0ina \u00ferj\u00e1. <a name=\"25\"><span class=\"versanumer_2007\">25<\/span><\/a> \u00dar borginni t\u00f3k hann hir\u00f0mann \u00feann sem haf\u00f0i eftirlit me\u00f0 herm\u00f6nnunum, sj\u00f6 af n\u00e1nustu \u00fej\u00f3num konungs sem enn voru \u00ed borginni, ritara hersh\u00f6f\u00f0ingjans sem anna\u00f0ist herkva\u00f0ningu og sext\u00edu al\u00fe\u00fd\u00f0umenn sem enn voru \u00ed borginni. <a name=\"26\"><span class=\"versanumer_2007\">26<\/span><\/a> Neb\u00fasaradan l\u00edfvar\u00f0arforingi t\u00f3k \u00fe\u00e1 h\u00f6ndum og f\u00f3r me\u00f0 \u00fe\u00e1 til Ribla til konungsins \u00ed Bab\u00fdlon. <a name=\"27\"><span class=\"versanumer_2007\">27<\/span><\/a> Konungur l\u00e9t h\u00f6ggva \u00fe\u00e1 til bana \u00ed Ribla \u00ed Hamath\u00e9ra\u00f0i. \u00deannig voru \u00edb\u00faar J\u00fada fluttir \u00ed \u00fatleg\u00f0 \u00far landi s\u00ednu.<br \/> <a name=\"28\"><span class=\"versanumer_2007\">28<\/span><\/a> \u00deetta er fj\u00f6ldi \u00feess f\u00f3lks sem Neb\u00fakadresar l\u00e9t flytja \u00ed \u00fatleg\u00f0: \u00c1 sj\u00f6unda stj\u00f3rnar\u00e1ri hans 3023 J\u00fadamenn, <a name=\"29\"><span class=\"versanumer_2007\">29<\/span><\/a> \u00e1 \u00e1tj\u00e1nda \u00e1ri Neb\u00fakadresars 832 menn fr\u00e1 Jer\u00fasalem, <a name=\"30\"><span class=\"versanumer_2007\">30<\/span><\/a> \u00e1 tuttugasta og \u00feri\u00f0ja stj\u00f3rnar\u00e1ri Neb\u00fakadresars flutti Neb\u00fasaradan l\u00edfvar\u00f0arforingi 745 J\u00fadamenn \u00ed \u00fatleg\u00f0. Alls voru \u00feetta 4600 manns.<\/p>\n<h3 class=\"millifyrirsogn_2007\">J\u00f3jak\u00edn n\u00e1\u00f0a\u00f0ur<\/h3>\n<p><a name=\"31\"><span class=\"versanumer_2007\">31<\/span><\/a> \u00c1 \u00fer\u00edtugasta og sj\u00f6unda \u00fatleg\u00f0ar\u00e1ri J\u00f3jak\u00edns J\u00fadakonungs, \u00e1 tuttugasta og fimmta degi \u00ed t\u00f3lfta m\u00e1nu\u00f0i, \u00e1ri\u00f0 sem Ev\u00edl Merodak var\u00f0 konungur \u00ed Bab\u00fdlon, n\u00e1\u00f0a\u00f0i hann J\u00f3jak\u00edn J\u00fadakonung og sleppti honum \u00far fangelsinu. <a name=\"32\"><span class=\"versanumer_2007\">32<\/span><\/a> Hann s\u00fdndi honum velvild og v\u00edsa\u00f0i honum til s\u00e6tis ofar hinum konungunum sem voru hj\u00e1 honum \u00ed Bab\u00fdlon. <a name=\"33\"><span class=\"versanumer_2007\">33<\/span><\/a> J\u00f3jak\u00edn \u00feurfti ekki a\u00f0 bera fangab\u00faning framar og \u00fea\u00f0 sem hann \u00e1tti \u00f3lifa\u00f0 sat hann til bor\u00f0s me\u00f0 konungi. <a name=\"34\"><span class=\"versanumer_2007\">34<\/span><\/a> Me\u00f0an hann lif\u00f0i veitti konungur J\u00f3jak\u00edn reglulega \u00fea\u00f0 sem hann \u00feurfti s\u00e9r til daglegs vi\u00f0urv\u00e6ris. <\/p>\n","protected":false},"excerpt":{"rendered":"<p>Vi\u00f0auki Fall Jer\u00fasalem 1 Sedek\u00eda var tuttugu og eins \u00e1rs \u00feegar hann var\u00f0 konungur og r\u00edkti \u00ed Jer\u00fasalem ellefu \u00e1r. M\u00f3\u00f0ir hans h\u00e9t Ham\u00fatal Jerem\u00edad\u00f3ttir fr\u00e1 L\u00edbna. 2 Hann ger\u00f0i \u00fea\u00f0 sem illt var \u00ed augum Drottins eins og J\u00f3jak\u00edm. 3 Vegna rei\u00f0i Drottins f\u00f3r \u00feannig fyrir Jer\u00fasalem og J\u00fada og \u00fear kom a\u00f0 hann rak \u00feau fr\u00e1 augliti s\u00ednu. Sedek\u00eda ger\u00f0i uppreisn gegn konunginum \u00ed Bab\u00fdlon. 4 \u00c1 n\u00edunda stj\u00f3rnar\u00e1ri Sedek\u00eda bar svo vi\u00f0 \u00e1 t\u00edunda degi t\u00edunda m\u00e1na\u00f0ar a\u00f0 Neb\u00fakadresar, konungur \u00ed Bab\u00fdlon, kom til Jer\u00fasalem me\u00f0 allan her sinn og settist um hana. \u00deeir reistu virki til <a href=\"https:\/\/biblian.is\/biblian\/jeremia-52-kafli\/\"> [&#8230;]<\/a><\/p>\n","protected":false},"author":1,"featured_media":0,"parent":0,"menu_order":0,"comment_status":"open","ping_status":"open","template":"bibliukaflar_NT.php","meta":{"footnotes":""},"class_list":["post-2414","page","type-page","status-publish","hentry"],"_links":{"self":[{"href":"https:\/\/biblian.is\/biblian\/wp-json\/wp\/v2\/pages\/2414","targetHints":{"allow":["GET"]}}],"collection":[{"href":"https:\/\/biblian.is\/biblian\/wp-json\/wp\/v2\/pages"}],"about":[{"href":"https:\/\/biblian.is\/biblian\/wp-json\/wp\/v2\/types\/page"}],"author":[{"embeddable":true,"href":"https:\/\/biblian.is\/biblian\/wp-json\/wp\/v2\/users\/1"}],"replies":[{"embeddable":true,"href":"https:\/\/biblian.is\/biblian\/wp-json\/wp\/v2\/comments?post=2414"}],"version-history":[{"count":0,"href":"https:\/\/biblian.is\/biblian\/wp-json\/wp\/v2\/pages\/2414\/revisions"}],"wp:attachment":[{"href":"https:\/\/biblian.is\/biblian\/wp-json\/wp\/v2\/media?parent=2414"}],"curies":[{"name":"wp","href":"https:\/\/api.w.org\/{rel}","templated":true}]}}